{"id":99987,"date":"2026-04-21T18:29:24","date_gmt":"2026-04-21T17:29:24","guid":{"rendered":"https:\/\/shoponlinedz.com\/?post_type=product&#038;p=99987"},"modified":"2026-04-21T18:29:25","modified_gmt":"2026-04-21T17:29:25","slug":"voiture-electrique-speed-drift-avec-telecommande-%d8%b3%d9%8a%d8%a7%d8%b1%d8%a9-%d9%84%d9%84%d8%a7%d9%86%d8%ac%d8%b1%d8%a7%d9%81-%d8%a7%d9%84%d8%b3%d8%b1%d9%8a%d8%b9-%d9%85%d8%b9-%d8%ac%d9%87%d8%a7","status":"publish","type":"product","link":"https:\/\/shoponlinedz.com\/en\/product\/voiture-electrique-speed-drift-avec-telecommande-%d8%b3%d9%8a%d8%a7%d8%b1%d8%a9-%d9%84%d9%84%d8%a7%d9%86%d8%ac%d8%b1%d8%a7%d9%81-%d8%a7%d9%84%d8%b3%d8%b1%d9%8a%d8%b9-%d9%85%d8%b9-%d8%ac%d9%87%d8%a7\/","title":{"rendered":"Voiture \u00e9lectrique Speed Drift avec T\u00e9l\u00e9commande &#8211; \u0633\u064a\u0627\u0631\u0629 \u0644\u0644\u0627\u0646\u062c\u0631\u0627\u0641 \u0627\u0644\u0633\u0631\u064a\u0639 \u0645\u0639 \u062c\u0647\u0627\u0632 \u062a\u062d\u0643\u0645 \u0639\u0646 \u0628\u0639\u062f"},"content":{"rendered":"<p>&nbsp;<\/p>\n<figure class=\"attachment attachment--preview\" data-trix-attachment=\"{&quot;contentType&quot;:&quot;image&quot;,&quot;height&quot;:1024,&quot;url&quot;:&quot;https:\/\/pub-bfdc1913c5ba4512972387b8d080956f.r2.dev\/products\/images\/1776329980707_orej8d26_drift-car-1.jpg&quot;,&quot;width&quot;:1024}\" data-trix-content-type=\"image\"><img decoding=\"async\" src=\"https:\/\/pub-bfdc1913c5ba4512972387b8d080956f.r2.dev\/products\/images\/1776329980707_orej8d26_drift-car-1.jpg\" width=\"1024\" height=\"1024\" \/><figcaption class=\"attachment__caption\"><\/figcaption><\/figure>\n<figure class=\"attachment attachment--preview\" data-trix-attachment=\"{&quot;contentType&quot;:&quot;image&quot;,&quot;height&quot;:1024,&quot;url&quot;:&quot;https:\/\/pub-bfdc1913c5ba4512972387b8d080956f.r2.dev\/products\/images\/1776329979545_l5okdw9z_drift-car-2.jpg&quot;,&quot;width&quot;:1024}\" data-trix-content-type=\"image\"><img decoding=\"async\" src=\"https:\/\/pub-bfdc1913c5ba4512972387b8d080956f.r2.dev\/products\/images\/1776329979545_l5okdw9z_drift-car-2.jpg\" width=\"1024\" height=\"1024\" \/><figcaption class=\"attachment__caption\"><\/figcaption><\/figure>\n<figure class=\"attachment attachment--preview\" data-trix-attachment=\"{&quot;contentType&quot;:&quot;image&quot;,&quot;height&quot;:1024,&quot;url&quot;:&quot;https:\/\/pub-bfdc1913c5ba4512972387b8d080956f.r2.dev\/products\/images\/1776329979707_6lnne6s7_drift-car-3.jpg&quot;,&quot;width&quot;:1024}\" data-trix-content-type=\"image\"><img decoding=\"async\" src=\"https:\/\/pub-bfdc1913c5ba4512972387b8d080956f.r2.dev\/products\/images\/1776329979707_6lnne6s7_drift-car-3.jpg\" width=\"1024\" height=\"1024\" \/><figcaption class=\"attachment__caption\"><\/figcaption><\/figure>\n<figure class=\"attachment attachment--preview\" data-trix-attachment=\"{&quot;contentType&quot;:&quot;image&quot;,&quot;height&quot;:1024,&quot;url&quot;:&quot;https:\/\/pub-bfdc1913c5ba4512972387b8d080956f.r2.dev\/products\/images\/1776329981705_qf0tzqqk_drift-car-4.jpg&quot;,&quot;width&quot;:1024}\" data-trix-content-type=\"image\"><img decoding=\"async\" src=\"https:\/\/pub-bfdc1913c5ba4512972387b8d080956f.r2.dev\/products\/images\/1776329981705_qf0tzqqk_drift-car-4.jpg\" width=\"1024\" height=\"1024\" \/><figcaption class=\"attachment__caption\"><\/figcaption><\/figure>","protected":false},"excerpt":{"rendered":"<p dir=\"rtl\">\u0639\u0634 \u062a\u062c\u0631\u0628\u0629 \u0627\u0644\u0625\u062b\u0627\u0631\u0629 \u0648\u0627\u0644\u0633\u0631\u0639\u0629 \u0645\u0639 \u0633\u064a\u0627\u0631\u0629 <strong>&#8220;\u0633\u0628\u064a\u062f-\u062f\u0631\u064a\u0641\u062a&#8221;<\/strong> \u0627\u0644\u0627\u062d\u062a\u0631\u0627\u0641\u064a\u0629! \u062a\u062a\u0645\u064a\u0632 \u0647\u0630\u0647 \u0627\u0644\u0633\u064a\u0627\u0631\u0629 \u0628\u062a\u0635\u0645\u064a\u0645\u0647\u0627 \u0627\u0644\u0631\u064a\u0627\u0636\u064a \u0627\u0644\u0643\u0644\u0627\u0633\u064a\u0643\u064a \u0628\u0627\u0644\u0644\u0648\u0646 \u0627\u0644\u0623\u0633\u0648\u062f \u0627\u0644\u0645\u0644\u0643\u064a\u060c \u0648\u0647\u064a \u0645\u0635\u0645\u0645\u0629 \u062e\u0635\u064a\u0635\u0627\u064b \u0644\u062a\u0646\u0641\u064a\u0630 \u0645\u0646\u0627\u0648\u0631\u0627\u062a \u0627\u0644\u0627\u0646\u0632\u0644\u0627\u0642 (Drift) \u0628\u062f\u0642\u0629 \u0639\u0627\u0644\u064a\u0629. \u0645\u0627 \u064a\u062c\u0639\u0644\u0647\u0627 \u0627\u0644\u0645\u0646\u062a\u062c \u0627\u0644\u0623\u0643\u062b\u0631 \u062a\u0633\u0644\u064a\u0629 \u0641\u064a \u0645\u062a\u062c\u0631\u0646\u0627 \u0647\u0648 \u0646\u0638\u0627\u0645 \u0627\u0644\u062a\u062d\u0643\u0645 \u0627\u0644\u0644\u0627\u0633\u0644\u0643\u064a \u0627\u0644\u0645\u062a\u0637\u0648\u0631 \u0627\u0644\u0630\u064a \u064a\u0636\u0645\u0646 \u0627\u0633\u062a\u062c\u0627\u0628\u0629 \u0641\u0648\u0631\u064a\u0629 \u062f\u0648\u0646 \u062a\u062f\u0627\u062e\u0644\u060c \u0645\u0645\u0627 \u064a\u0648\u0641\u0631 \u062a\u062c\u0631\u0628\u0629 \u0642\u064a\u0627\u062f\u0629 \u0648\u0627\u0642\u0639\u064a\u0629 \u0648\u0645\u0645\u062a\u0639\u0629 \u0644\u0644\u0623\u0637\u0641\u0627\u0644 \u0648\u0627\u0644\u0643\u0628\u0627\u0631 \u0639\u0644\u0649 \u062d\u062f \u0633\u0648\u0627\u0621.<\/p>\n<h3 dir=\"rtl\"><strong>\u0627\u0644\u0645\u0645\u064a\u0632\u0627\u062a:<\/strong><\/h3>\n<ul dir=\"rtl\">\n<li><strong>\u062a\u0635\u0645\u064a\u0645 \u0631\u064a\u0627\u0636\u064a \u0641\u062e\u0645:<\/strong> \u0647\u064a\u0643\u0644 \u0623\u0633\u0648\u062f \u0645\u0639 \u062a\u0641\u0627\u0635\u064a\u0644 \u0643\u0631\u0648\u0645\u064a\u0629 \u0648\u0625\u0637\u0627\u0631\u0627\u062a \u0631\u064a\u0627\u0636\u064a\u0629 \u0628\u0627\u0631\u0632\u0629 \u062a\u0645\u0646\u062d\u0647\u0627 \u0645\u0638\u0647\u0631\u0627\u064b \u0647\u062c\u0648\u0645\u064a\u0627\u064b.<\/li>\n<li><strong>\u0646\u0638\u0627\u0645 \u062a\u062d\u0643\u0645 \u0627\u062d\u062a\u0631\u0627\u0641\u064a:<\/strong> \u062c\u0647\u0627\u0632 \u062a\u062d\u0643\u0645 \u0630\u0643\u064a \u0628\u062a\u0631\u062f\u062f <strong>2.4GHz<\/strong> \u064a\u0633\u0645\u062d \u0628\u0627\u0644\u062a\u062d\u0643\u0645 \u0627\u0644\u0643\u0627\u0645\u0644 \u0641\u064a \u0627\u0644\u0627\u062a\u062c\u0627\u0647\u0627\u062a \u0648\u0627\u0644\u0633\u0631\u0639\u0629 \u0648\u0627\u0644\u0645\u0646\u0627\u0648\u0631\u0627\u062a \u0627\u0644\u0635\u0639\u0628\u0629.<\/li>\n<li><strong>\u0642\u062f\u0631\u0629 \u0639\u0644\u0649 &#8220;\u0627\u0644\u062f\u0631\u064a\u0641\u062a&#8221;:<\/strong> \u0625\u0637\u0627\u0631\u0627\u062a \u0648\u0646\u0638\u0627\u0645 \u062a\u0639\u0644\u064a\u0642 \u0645\u062e\u0635\u0635\u064a\u0646 \u0644\u0644\u0627\u0646\u0632\u0644\u0627\u0642 \u0627\u0644\u0633\u0644\u0633 \u0639\u0644\u0649 \u062c\u0645\u064a\u0639 \u0627\u0644\u0623\u0633\u0637\u062d .<\/li>\n<li><strong>\u062c\u0627\u0647\u0632\u0629 \u0644\u0644\u0633\u0628\u0627\u0642:<\/strong> \u062a\u0623\u062a\u064a \u0641\u064a \u0639\u0644\u0628\u0629 \u0639\u0631\u0636 \u0623\u0646\u064a\u0642\u0629\u060c \u0645\u0645\u0627 \u064a\u062c\u0639\u0644\u0647\u0627 \u0647\u062f\u064a\u0629 \u0645\u062b\u0627\u0644\u064a\u0629 \u0644\u0645\u062d\u0628\u064a \u0627\u0644\u0633\u064a\u0627\u0631\u0627\u062a \u0641\u064a \u0627\u0644\u062c\u0632\u0627\u0626\u0631.<\/li>\n<li>\u0627\u0644\u0623\u0628\u0639\u0627\u062f : 22x10cm.<\/li>\n<\/ul>","protected":false},"featured_media":99996,"comment_status":"open","ping_status":"closed","template":"","meta":[],"product_brand":[],"product_cat":[2470,2463],"product_tag":[],"class_list":{"0":"post-99987","1":"product","2":"type-product","3":"status-publish","4":"has-post-thumbnail","6":"product_cat-accessoires","7":"product_cat-electronique","9":"first","10":"instock","11":"taxable","12":"shipping-taxable","13":"purchasable","14":"product-type-simple"},"jetpack_sharing_enabled":true,"_links":{"self":[{"href":"https:\/\/shoponlinedz.com\/en\/wp-json\/wp\/v2\/product\/99987","targetHints":{"allow":["GET"]}}],"collection":[{"href":"https:\/\/shoponlinedz.com\/en\/wp-json\/wp\/v2\/product"}],"about":[{"href":"https:\/\/shoponlinedz.com\/en\/wp-json\/wp\/v2\/types\/product"}],"replies":[{"embeddable":true,"href":"https:\/\/shoponlinedz.com\/en\/wp-json\/wp\/v2\/comments?post=99987"}],"version-history":[{"count":0,"href":"https:\/\/shoponlinedz.com\/en\/wp-json\/wp\/v2\/product\/99987\/revisions"}],"wp:featuredmedia":[{"embeddable":true,"href":"https:\/\/shoponlinedz.com\/en\/wp-json\/wp\/v2\/media\/99996"}],"wp:attachment":[{"href":"https:\/\/shoponlinedz.com\/en\/wp-json\/wp\/v2\/media?parent=99987"}],"wp:term":[{"taxonomy":"product_brand","embeddable":true,"href":"https:\/\/shoponlinedz.com\/en\/wp-json\/wp\/v2\/product_brand?post=99987"},{"taxonomy":"product_cat","embeddable":true,"href":"https:\/\/shoponlinedz.com\/en\/wp-json\/wp\/v2\/product_cat?post=99987"},{"taxonomy":"product_tag","embeddable":true,"href":"https:\/\/shoponlinedz.com\/en\/wp-json\/wp\/v2\/product_tag?post=99987"}],"curies":[{"name":"wp","href":"https:\/\/api.w.org\/{rel}","templated":true}]}}