{"id":99731,"date":"2026-04-15T22:45:50","date_gmt":"2026-04-15T21:45:50","guid":{"rendered":"https:\/\/shoponlinedz.com\/?post_type=product&#038;p=99731"},"modified":"2026-04-15T22:45:50","modified_gmt":"2026-04-15T21:45:50","slug":"gonfleur-de-pneus-portable-sans-fil-avec-manometre-arret-automatique-et-lumiere-led-%d8%ac%d9%87%d8%a7%d8%b2-%d8%b6%d8%ba%d8%b7-%d8%a7%d9%84%d8%b9%d8%ac%d9%84%d8%a7%d8%aa-%d9%85%d8%ad%d9%85%d9%88","status":"publish","type":"product","link":"https:\/\/shoponlinedz.com\/en\/product\/gonfleur-de-pneus-portable-sans-fil-avec-manometre-arret-automatique-et-lumiere-led-%d8%ac%d9%87%d8%a7%d8%b2-%d8%b6%d8%ba%d8%b7-%d8%a7%d9%84%d8%b9%d8%ac%d9%84%d8%a7%d8%aa-%d9%85%d8%ad%d9%85%d9%88\/","title":{"rendered":"Gonfleur de pneus portable sans fil avec manom\u00e8tre, arr\u00eat automatique et lumi\u00e8re LED &#8211; \u062c\u0647\u0627\u0632 \u0636\u063a\u0637 \u0627\u0644\u0639\u062c\u0644\u0627\u062a \u0645\u062d\u0645\u0648\u0644"},"content":{"rendered":"<p>&nbsp;<\/p>\n<figure class=\"attachment attachment--preview\" data-trix-attachment=\"{&quot;contentType&quot;:&quot;image&quot;,&quot;height&quot;:1000,&quot;url&quot;:&quot;https:\/\/pub-bfdc1913c5ba4512972387b8d080956f.r2.dev\/products\/images\/1776178305717_on0lgaux_portable_cordless_car_tyre_pump1_1000x.webp&quot;,&quot;width&quot;:1000}\" data-trix-content-type=\"image\"><img decoding=\"async\" src=\"https:\/\/pub-bfdc1913c5ba4512972387b8d080956f.r2.dev\/products\/images\/1776178305717_on0lgaux_portable_cordless_car_tyre_pump1_1000x.webp\" width=\"1000\" height=\"1000\" \/><figcaption class=\"attachment__caption\"><\/figcaption><\/figure>\n<figure class=\"attachment attachment--preview\" data-trix-attachment=\"{&quot;contentType&quot;:&quot;image&quot;,&quot;height&quot;:1000,&quot;url&quot;:&quot;https:\/\/pub-bfdc1913c5ba4512972387b8d080956f.r2.dev\/products\/images\/1776178305658_zh6evjm9_portable_cordless_car_tyre_pump2_1000x.webp&quot;,&quot;width&quot;:1000}\" data-trix-content-type=\"image\"><img decoding=\"async\" src=\"https:\/\/pub-bfdc1913c5ba4512972387b8d080956f.r2.dev\/products\/images\/1776178305658_zh6evjm9_portable_cordless_car_tyre_pump2_1000x.webp\" width=\"1000\" height=\"1000\" \/><figcaption class=\"attachment__caption\"><\/figcaption><\/figure>\n<figure class=\"attachment attachment--preview\" data-trix-attachment=\"{&quot;contentType&quot;:&quot;image&quot;,&quot;height&quot;:1000,&quot;url&quot;:&quot;https:\/\/pub-bfdc1913c5ba4512972387b8d080956f.r2.dev\/products\/images\/1776178304798_vej1p6np_portable_cordless_car_tyre_pump3_1000x.webp&quot;,&quot;width&quot;:1000}\" data-trix-content-type=\"image\"><img decoding=\"async\" src=\"https:\/\/pub-bfdc1913c5ba4512972387b8d080956f.r2.dev\/products\/images\/1776178304798_vej1p6np_portable_cordless_car_tyre_pump3_1000x.webp\" width=\"1000\" height=\"1000\" \/><figcaption class=\"attachment__caption\"><\/figcaption><\/figure>\n<figure class=\"attachment attachment--preview\" data-trix-attachment=\"{&quot;contentType&quot;:&quot;image&quot;,&quot;height&quot;:1000,&quot;url&quot;:&quot;https:\/\/pub-bfdc1913c5ba4512972387b8d080956f.r2.dev\/products\/images\/1776178307417_janch3o6_portable_cordless_car_tyre_pump4_1000x.webp&quot;,&quot;width&quot;:1000}\" data-trix-content-type=\"image\"><img decoding=\"async\" src=\"https:\/\/pub-bfdc1913c5ba4512972387b8d080956f.r2.dev\/products\/images\/1776178307417_janch3o6_portable_cordless_car_tyre_pump4_1000x.webp\" width=\"1000\" height=\"1000\" \/><figcaption class=\"attachment__caption\"><\/figcaption><\/figure>\n<figure class=\"attachment attachment--preview\" data-trix-attachment=\"{&quot;contentType&quot;:&quot;image&quot;,&quot;height&quot;:1000,&quot;url&quot;:&quot;https:\/\/pub-bfdc1913c5ba4512972387b8d080956f.r2.dev\/products\/images\/1776178307399_a5467emd_portable_cordless_car_tyre_pump5_1000x.webp&quot;,&quot;width&quot;:1000}\" data-trix-content-type=\"image\"><img decoding=\"async\" src=\"https:\/\/pub-bfdc1913c5ba4512972387b8d080956f.r2.dev\/products\/images\/1776178307399_a5467emd_portable_cordless_car_tyre_pump5_1000x.webp\" width=\"1000\" height=\"1000\" \/><figcaption class=\"attachment__caption\"><\/figcaption><\/figure>\n<figure class=\"attachment attachment--preview\" data-trix-attachment=\"{&quot;contentType&quot;:&quot;image&quot;,&quot;height&quot;:1000,&quot;url&quot;:&quot;https:\/\/pub-bfdc1913c5ba4512972387b8d080956f.r2.dev\/products\/images\/1776178307399_6i9dam4p_portable_cordless_car_tyre_pump6_1000x.webp&quot;,&quot;width&quot;:1000}\" data-trix-content-type=\"image\"><img decoding=\"async\" src=\"https:\/\/pub-bfdc1913c5ba4512972387b8d080956f.r2.dev\/products\/images\/1776178307399_6i9dam4p_portable_cordless_car_tyre_pump6_1000x.webp\" width=\"1000\" height=\"1000\" \/><figcaption class=\"attachment__caption\"><\/figcaption><\/figure>\n<figure class=\"attachment attachment--preview\" data-trix-attachment=\"{&quot;contentType&quot;:&quot;image&quot;,&quot;height&quot;:1500,&quot;url&quot;:&quot;https:\/\/pub-bfdc1913c5ba4512972387b8d080956f.r2.dev\/products\/images\/1776178312640_4npe3zil_portable_cordless_car_tyre_pump7_1000x.webp&quot;,&quot;width&quot;:969}\" data-trix-content-type=\"image\"><img decoding=\"async\" src=\"https:\/\/pub-bfdc1913c5ba4512972387b8d080956f.r2.dev\/products\/images\/1776178312640_4npe3zil_portable_cordless_car_tyre_pump7_1000x.webp\" width=\"969\" height=\"1500\" \/><figcaption class=\"attachment__caption\"><\/figcaption><\/figure>\n<figure class=\"attachment attachment--preview\" data-trix-attachment=\"{&quot;contentType&quot;:&quot;image&quot;,&quot;height&quot;:1500,&quot;url&quot;:&quot;https:\/\/pub-bfdc1913c5ba4512972387b8d080956f.r2.dev\/products\/images\/1776178312659_l5tyrqhy_portable_cordless_car_tyre_pump8_1000x.webp&quot;,&quot;width&quot;:939}\" data-trix-content-type=\"image\"><img decoding=\"async\" src=\"https:\/\/pub-bfdc1913c5ba4512972387b8d080956f.r2.dev\/products\/images\/1776178312659_l5tyrqhy_portable_cordless_car_tyre_pump8_1000x.webp\" width=\"939\" height=\"1500\" \/><figcaption class=\"attachment__caption\"><\/figcaption><\/figure>","protected":false},"excerpt":{"rendered":"<ul dir=\"rtl\">\n<li><strong><span dir=\"auto\">\u0634\u0641\u0627\u0637 \u0648\u0646\u0641\u062e &#8220;\u0625\u0643\u0633\u062a\u0631\u0627-\u0641\u0627\u0633\u062a&#8221;:<\/span><\/strong><span dir=\"auto\"> \u0628\u0636\u063a\u0637 \u064a\u0635\u0644 \u0625\u0644\u0649 <\/span><strong><span dir=\"auto\">150 \u0631\u0637\u0644 \u0644\u0643\u0644 \u0628\u0648\u0635\u0629 \u0645\u0631\u0628\u0639\u0629<\/span><\/strong><span dir=\"auto\"> \u060c \u064a\u0646\u0647\u064a \u0647\u0630\u0627 \u0627\u0644\u062c\u0647\u0627\u0632 \u0627\u0646\u062a\u0638\u0627\u0631\u064b\u0627 \u0644\u0644\u0627\u0646\u062a\u0638\u0627\u0631 \u0639\u0644\u0649 \u0627\u0644\u0637\u0631\u064a\u0642\u060c \u0645\u0632\u062f\u0648\u062c \u0641\u064a \u0646\u0641\u062e \u0623\u0646\u0648\u0627\u0639 \u0645\u062e\u062a\u0644\u0641\u0629 \u0645\u0646 \u0627\u0644\u0625\u0637\u0627\u0631\u0627\u062a.<\/span><\/li>\n<li><strong><span dir=\"auto\">&#8220;Smart-Stop&#8221; (\u0627\u0644\u062a\u0648\u0642\u0641 \u0627\u0644\u0630\u0643\u064a):<\/span><\/strong><span dir=\"auto\"> \u0645\u0641\u062a\u0627\u062d \u0625\u0636\u0627\u0621\u0629 LED \u0627\u0644\u0636\u063a\u0637 \u0647\u0648 \u00b10.5 \u0631\u0637\u0644 \u0644\u0643\u0644 \u0628\u0648\u0635\u0629 \u0645\u0631\u0628\u0639\u0629 \u0644\u0644\u0633\u0645\u0627\u062d \u0628\u062a\u062f\u0641\u0642 \u0627\u0644\u0645\u064a\u0627\u0647. \u0639\u0645\u0644\u064a\u0629 \u0627\u0644\u0634\u0631\u0627\u0621.<\/span><\/li>\n<li><strong><span dir=\"auto\">\u0628\u0637\u0627\u0631\u064a\u0629 &#8220;\u0647\u0627\u064a \u0643\u0627\u0628\u0627\u0633\u064a\u062a\u064a&#8221; 4000 \u0645\u0644\u0644\u064a \u0623\u0645\u0628\u064a\u0631:<\/span><\/strong><span dir=\"auto\"> \u062a\u0639\u0645\u0644 \u0644\u0627\u0633\u0644\u0643\u064a\u0627\u064b \u0628\u0627\u0644\u0643\u0627\u0645\u0644 \u0628\u0637\u0627\u0631\u064a\u062a\u0647 \u0627\u0644\u0642\u0648\u064a\u0629\u060c \u0645\u0645\u0627 \u064a\u062a\u064a\u062d \u0644\u0643 \u0627\u0633\u062a\u062e\u062f\u0627\u0645\u0647\u0627 \u0641\u064a \u0645\u062c\u0627\u0644 \u0627\u0644\u0637\u0628 \u0627\u0644\u0628\u064a\u0637\u0631\u064a \u0627\u0644\u0646\u0627\u0626\u064a\u0629 \u0628\u0639\u064a\u062f\u0627\u064b \u0639\u0646 \u0645\u0642\u0627\u0628\u0633 \u0627\u0644\u0643\u0647\u0631\u0628\u0627\u0621.<\/span><\/li>\n<li><strong><span dir=\"auto\">4 \u0643\u0644\u0645\u0627\u062a + \u0643\u0644\u0645\u0627\u062a:<\/span><\/strong><span dir=\"auto\"> \u0643\u0644\u0645\u0627\u062a \u0648\u0643\u0644\u0645\u0627\u062a\u060c \u062f\u0631\u0627\u062c\u0629 \u0646\u0627\u0631\u064a\u0629\u060c \u0648\u0627\u0644\u0643\u0631\u0627\u062a \u0627\u0644\u0631\u064a\u0627\u0636\u064a\u0629\u060c \u0645\u0639 \u0625\u0645\u0643\u0627\u0646\u064a\u0629 \u0636\u0628\u0637 \u062f\u0642\u064a\u0642\u0629 \u0628\u064a\u0646 3 \u0625\u0644\u0649 150 \u0631\u0637\u0644 \u0644\u0643\u0644 \u0628\u0648\u0635\u0629 \u0645\u0631\u0628\u0639\u0629.<\/span><\/li>\n<li><strong><span dir=\"auto\">\u062c\u0647\u0627\u0632 \u0637\u0648\u0627\u0631\u0626 <\/span><\/strong><span dir=\"auto\"><strong>3 \u0641\u064a 1:<\/strong> 1 . 2. <\/span><strong><span dir=\"auto\">\u0627\u0644\u0627\u062a\u0635\u0627\u0644:<\/span><\/strong><span dir=\"auto\"> \u064a\u062a\u0645 \u062f\u0639\u0645 \u0627\u062a\u0635\u0627\u0644 USB-C. 3. <\/span><strong><span dir=\"auto\">SOS:<\/span><\/strong><span dir=\"auto\"> \u0645\u0641\u062a\u0627\u062d \u0625\u0636\u0627\u0621\u0629 LED (\u0625\u0636\u0627\u0621\u0629 LED) (\u0625\u0636\u0627\u0621\u0629 LED) \u0627\u0644\u0645\u0633\u0627\u0639\u062f\u0629.<\/span><\/li>\n<li><strong><span dir=\"auto\">\u062a\u0635\u0645\u064a\u0645 &#8220;\u0623\u0644\u062a\u0631\u0627 \u0643\u0648\u0645\u0628\u0627\u0643\u062a&#8221;:<\/span><\/strong><span dir=\"auto\"> \u0628\u0623\u0628\u0639\u0627\u062f ( <\/span><strong><span dir=\"auto\">13.4 \u00d7 6.6 \u00d7 5 \u0633\u0645<\/span><\/strong><span dir=\"auto\"> ) \u0641\u0642\u0637\u060c \u064a\u0646\u062f\u0645\u062c \u0628\u0633\u0647\u0648\u0644\u0629 \u0641\u064a \u0627\u0644\u062c\u064a\u0628 \u0623\u0648 \u062d\u0642\u064a\u0628\u0629 \u0627\u0644\u0638\u0647\u0631\u060c \u0645\u0645\u0627 \u064a\u062c\u0639\u0644 \u0627\u0644\u0633\u064a\u0627\u0631\u0629 \u062a\u0631\u064a\u062d\u0643 \u0646\u0647\u0627\u0626\u064a\u0627\u064b \u0641\u064a \u0643\u0644 \u0627\u0644\u0633\u0641\u0631\u0627\u062a.<\/span><\/li>\n<li><strong><span dir=\"auto\">\u062a\u062a\u0648\u0627\u0641\u0642 \u0645\u0639:<\/span><\/strong><span dir=\"auto\"> \u062a\u0623\u062a\u064a \u0645\u0639 \u0645\u062c\u0645\u0648\u0639\u0629 \u0643\u0627\u0645\u0644\u0629 \u0645\u0646 \u0627\u0644\u0645\u062d\u0648\u0644\u0627\u062a (Presta\/Schrader\/Dunlop) \u0644\u0646\u0641\u062e \u0643\u0644 \u0634\u064a\u0621 \u0645\u0646 \u0634\u0627\u062d\u0646\u0627\u062a \u0627\u0644\u0646\u0642\u0644 \u0627\u0644\u0635\u063a\u064a\u0631\u0629 \u0625\u0644\u0649 \u0627\u0644\u064a\u0648\u063a\u0627 \u0648\u0623\u0637\u0648\u0627\u0642 \u0627\u0644\u0633\u0628\u0627\u062d\u0629.<\/span><\/li>\n<\/ul>\n<h3 dir=\"rtl\"><strong><span dir=\"auto\">\u0627\u0644\u0645\u0648\u0627\u0635\u0641\u0627\u062a \u0627\u0644\u062a\u0642\u0646\u064a\u0629:<\/span><\/strong><\/h3>\n<ul dir=\"rtl\">\n<li><strong><span dir=\"auto\">\u0627\u0644\u0639\u0644\u0627\u0645\u0629 \u0627\u0644\u062a\u062c\u0627\u0631\u064a\u0629:<\/span><\/strong><span dir=\"auto\"> \u0645\u0627\u0628\u0627\u0633\u0648.<\/span><\/li>\n<li><strong><span dir=\"auto\">\u0627\u0644\u0636\u063a\u0637 \u0627\u0644\u062b\u0627\u0646\u064a:<\/span><\/strong><span dir=\"auto\"> 150 \u0631\u0637\u0644 \u0644\u0643\u0644 \u0628\u0648\u0635\u0629 \u0645\u0631\u0628\u0639\u0629.<\/span><\/li>\n<li><strong><span dir=\"auto\">\u0627\u0644\u0637\u0627\u0642\u0629:<\/span><\/strong><span dir=\"auto\"> 4000 \u0645\u0644\u0644\u064a \u0623\u0645\u0628\u064a\u0631 (\u0645\u062a\u0648\u0627\u0641\u0642 \u0645\u0639 USB-C).<\/span><\/li>\n<li><strong><span dir=\"auto\">\u062a\u062f\u0641\u0642 \u0627\u0644\u0647\u0648\u0627\u0621:<\/span><\/strong><span dir=\"auto\"> 20 \u0644\u062a\u0631\/\u062f\u0642\u064a\u0642\u0629.<\/span><\/li>\n<li><strong><span dir=\"auto\">\u0627\u0644\u062d\u062c\u0645:<\/span><\/strong><span dir=\"auto\"> 13.4 \u00d7 6.6 \u00d7 5 \u0633\u0645 | <\/span><strong><span dir=\"auto\">\u0627\u0644\u0648\u0632\u0646:<\/span><\/strong><span dir=\"auto\"> \u062e\u0641\u064a\u0641 \u062c\u062f\u0627\u064b \u0648\u0645\u062d\u0645\u0648\u0644.<\/span><\/li>\n<li><strong><span dir=\"auto\">\u0627\u0644\u0648\u062d\u062f\u0627\u062a:<\/span><\/strong><span dir=\"auto\"> PSI\u060c BAR\u060c KPA\u060c \u0643\u062c\u0645\/\u0633\u0645\u00b2<\/span><\/li>\n<\/ul>","protected":false},"featured_media":99742,"comment_status":"open","ping_status":"closed","template":"","meta":[],"product_brand":[],"product_cat":[2458],"product_tag":[],"class_list":{"0":"post-99731","1":"product","2":"type-product","3":"status-publish","4":"has-post-thumbnail","6":"product_cat-accessoires-auto-moto","8":"first","9":"instock","10":"taxable","11":"shipping-taxable","12":"purchasable","13":"product-type-simple"},"jetpack_sharing_enabled":true,"_links":{"self":[{"href":"https:\/\/shoponlinedz.com\/en\/wp-json\/wp\/v2\/product\/99731","targetHints":{"allow":["GET"]}}],"collection":[{"href":"https:\/\/shoponlinedz.com\/en\/wp-json\/wp\/v2\/product"}],"about":[{"href":"https:\/\/shoponlinedz.com\/en\/wp-json\/wp\/v2\/types\/product"}],"replies":[{"embeddable":true,"href":"https:\/\/shoponlinedz.com\/en\/wp-json\/wp\/v2\/comments?post=99731"}],"version-history":[{"count":1,"href":"https:\/\/shoponlinedz.com\/en\/wp-json\/wp\/v2\/product\/99731\/revisions"}],"predecessor-version":[{"id":99747,"href":"https:\/\/shoponlinedz.com\/en\/wp-json\/wp\/v2\/product\/99731\/revisions\/99747"}],"wp:featuredmedia":[{"embeddable":true,"href":"https:\/\/shoponlinedz.com\/en\/wp-json\/wp\/v2\/media\/99742"}],"wp:attachment":[{"href":"https:\/\/shoponlinedz.com\/en\/wp-json\/wp\/v2\/media?parent=99731"}],"wp:term":[{"taxonomy":"product_brand","embeddable":true,"href":"https:\/\/shoponlinedz.com\/en\/wp-json\/wp\/v2\/product_brand?post=99731"},{"taxonomy":"product_cat","embeddable":true,"href":"https:\/\/shoponlinedz.com\/en\/wp-json\/wp\/v2\/product_cat?post=99731"},{"taxonomy":"product_tag","embeddable":true,"href":"https:\/\/shoponlinedz.com\/en\/wp-json\/wp\/v2\/product_tag?post=99731"}],"curies":[{"name":"wp","href":"https:\/\/api.w.org\/{rel}","templated":true}]}}