{"id":99516,"date":"2026-04-14T22:20:50","date_gmt":"2026-04-14T21:20:50","guid":{"rendered":"https:\/\/shoponlinedz.com\/?post_type=product&#038;p=99516"},"modified":"2026-04-14T22:20:50","modified_gmt":"2026-04-14T21:20:50","slug":"kit-de-reparation-des-rayures-pour-voitures-3in1-cire-de-polissage-pate-a-polir-pour-la-carrosserie-nettoyant-pour-peinture-%d8%b7%d9%82%d9%85-%d8%a5%d8%b5%d9%84%d8%a7%d8%ad-%d8%ae%d8%af%d9%88","status":"publish","type":"product","link":"https:\/\/shoponlinedz.com\/en\/product\/kit-de-reparation-des-rayures-pour-voitures-3in1-cire-de-polissage-pate-a-polir-pour-la-carrosserie-nettoyant-pour-peinture-%d8%b7%d9%82%d9%85-%d8%a5%d8%b5%d9%84%d8%a7%d8%ad-%d8%ae%d8%af%d9%88\/","title":{"rendered":"Kit de r\u00e9paration des rayures pour voitures 3in1 cire de polissage + p\u00e2te \u00e0 polir pour la carrosserie + nettoyant pour peinture &#8211; \u0637\u0642\u0645 \u0625\u0635\u0644\u0627\u062d \u062e\u062f\u0648\u0634 \u0627\u0644\u0633\u064a\u0627\u0631\u0627\u062a"},"content":{"rendered":"<h3 dir=\"rtl\"><\/h3>\n<figure class=\"attachment attachment--preview\" data-trix-attachment=\"{&quot;contentType&quot;:&quot;image&quot;,&quot;height&quot;:1000,&quot;url&quot;:&quot;https:\/\/pub-bfdc1913c5ba4512972387b8d080956f.r2.dev\/products\/images\/1776000763604_1cph3jwm_65dssdfsdf.png&quot;,&quot;width&quot;:1000}\" data-trix-content-type=\"image\"><img decoding=\"async\" src=\"https:\/\/pub-bfdc1913c5ba4512972387b8d080956f.r2.dev\/products\/images\/1776000763604_1cph3jwm_65dssdfsdf.png\" width=\"1000\" height=\"1000\" \/><figcaption class=\"attachment__caption\"><\/figcaption><\/figure>\n<figure class=\"attachment attachment--preview\" data-trix-attachment=\"{&quot;contentType&quot;:&quot;image&quot;,&quot;height&quot;:1000,&quot;url&quot;:&quot;https:\/\/pub-bfdc1913c5ba4512972387b8d080956f.r2.dev\/products\/images\/1776000766181_5ym0favo_sdfsdf545qsdfs21f.png&quot;,&quot;width&quot;:1000}\" data-trix-content-type=\"image\"><img decoding=\"async\" src=\"https:\/\/pub-bfdc1913c5ba4512972387b8d080956f.r2.dev\/products\/images\/1776000766181_5ym0favo_sdfsdf545qsdfs21f.png\" width=\"1000\" height=\"1000\" \/><figcaption class=\"attachment__caption\"><\/figcaption><\/figure>\n<figure class=\"attachment attachment--preview\" data-trix-attachment=\"{&quot;contentType&quot;:&quot;image&quot;,&quot;height&quot;:1000,&quot;url&quot;:&quot;https:\/\/pub-bfdc1913c5ba4512972387b8d080956f.r2.dev\/products\/images\/1776000760793_tkl175yp_65s4d6fs321d3f2.png&quot;,&quot;width&quot;:1000}\" data-trix-content-type=\"image\"><img decoding=\"async\" src=\"https:\/\/pub-bfdc1913c5ba4512972387b8d080956f.r2.dev\/products\/images\/1776000760793_tkl175yp_65s4d6fs321d3f2.png\" width=\"1000\" height=\"1000\" \/><figcaption class=\"attachment__caption\"><\/figcaption><\/figure>\n<figure class=\"attachment attachment--preview\" data-trix-attachment=\"{&quot;contentType&quot;:&quot;image&quot;,&quot;height&quot;:1000,&quot;url&quot;:&quot;https:\/\/pub-bfdc1913c5ba4512972387b8d080956f.r2.dev\/products\/images\/1776000766186_y5yh8txg_87s65df3s1.png&quot;,&quot;width&quot;:1000}\" data-trix-content-type=\"image\"><img decoding=\"async\" src=\"https:\/\/pub-bfdc1913c5ba4512972387b8d080956f.r2.dev\/products\/images\/1776000766186_y5yh8txg_87s65df3s1.png\" width=\"1000\" height=\"1000\" \/><figcaption class=\"attachment__caption\"><\/figcaption><\/figure>\n<figure class=\"attachment attachment--preview\" data-trix-attachment=\"{&quot;contentType&quot;:&quot;image&quot;,&quot;height&quot;:1000,&quot;url&quot;:&quot;https:\/\/pub-bfdc1913c5ba4512972387b8d080956f.r2.dev\/products\/images\/1776000764880_mnevwyf7_321sd6f8574s98.png&quot;,&quot;width&quot;:1000}\" data-trix-content-type=\"image\"><img decoding=\"async\" src=\"https:\/\/pub-bfdc1913c5ba4512972387b8d080956f.r2.dev\/products\/images\/1776000764880_mnevwyf7_321sd6f8574s98.png\" width=\"1000\" height=\"1000\" \/><figcaption class=\"attachment__caption\"><\/figcaption><\/figure>\n<figure class=\"attachment attachment--preview\" data-trix-attachment=\"{&quot;contentType&quot;:&quot;image&quot;,&quot;height&quot;:1000,&quot;url&quot;:&quot;https:\/\/pub-bfdc1913c5ba4512972387b8d080956f.r2.dev\/products\/images\/1776000762861_29hkr6cg_6s54df23.png&quot;,&quot;width&quot;:1000}\" data-trix-content-type=\"image\"><img decoding=\"async\" src=\"https:\/\/pub-bfdc1913c5ba4512972387b8d080956f.r2.dev\/products\/images\/1776000762861_29hkr6cg_6s54df23.png\" width=\"1000\" height=\"1000\" \/><figcaption class=\"attachment__caption\"><\/figcaption><\/figure>\n<figure class=\"attachment attachment--preview\" data-trix-attachment=\"{&quot;contentType&quot;:&quot;image&quot;,&quot;height&quot;:1000,&quot;url&quot;:&quot;https:\/\/pub-bfdc1913c5ba4512972387b8d080956f.r2.dev\/products\/images\/1776000762884_tvs3ssxp_32sdf3246sdf.png&quot;,&quot;width&quot;:1000}\" data-trix-content-type=\"image\"><img decoding=\"async\" src=\"https:\/\/pub-bfdc1913c5ba4512972387b8d080956f.r2.dev\/products\/images\/1776000762884_tvs3ssxp_32sdf3246sdf.png\" width=\"1000\" height=\"1000\" \/><figcaption class=\"attachment__caption\"><\/figcaption><\/figure>\n<figure class=\"attachment attachment--preview\" data-trix-attachment=\"{&quot;contentType&quot;:&quot;image&quot;,&quot;height&quot;:1000,&quot;url&quot;:&quot;https:\/\/pub-bfdc1913c5ba4512972387b8d080956f.r2.dev\/products\/images\/1776000767560_tbs9n9ot_zerzer785.png&quot;,&quot;width&quot;:1000}\" data-trix-content-type=\"image\"><img decoding=\"async\" src=\"https:\/\/pub-bfdc1913c5ba4512972387b8d080956f.r2.dev\/products\/images\/1776000767560_tbs9n9ot_zerzer785.png\" width=\"1000\" height=\"1000\" \/><figcaption class=\"attachment__caption\"><\/figcaption><\/figure>\n<figure class=\"attachment attachment--preview\" data-trix-attachment=\"{&quot;contentType&quot;:&quot;image&quot;,&quot;height&quot;:1000,&quot;url&quot;:&quot;https:\/\/pub-bfdc1913c5ba4512972387b8d080956f.r2.dev\/products\/images\/1776000760798_iztbg3wt_654sdf87s8d4f.png&quot;,&quot;width&quot;:1000}\" data-trix-content-type=\"image\"><img decoding=\"async\" src=\"https:\/\/pub-bfdc1913c5ba4512972387b8d080956f.r2.dev\/products\/images\/1776000760798_iztbg3wt_654sdf87s8d4f.png\" width=\"1000\" height=\"1000\" \/><figcaption class=\"attachment__caption\"><\/figcaption><\/figure>\n<figure class=\"attachment attachment--preview\" data-trix-attachment=\"{&quot;contentType&quot;:&quot;image&quot;,&quot;height&quot;:1000,&quot;url&quot;:&quot;https:\/\/pub-bfdc1913c5ba4512972387b8d080956f.r2.dev\/products\/images\/1776000764889_41c5jk1f_6s54df21s3d2f.png&quot;,&quot;width&quot;:1000}\" data-trix-content-type=\"image\"><img decoding=\"async\" src=\"https:\/\/pub-bfdc1913c5ba4512972387b8d080956f.r2.dev\/products\/images\/1776000764889_41c5jk1f_6s54df21s3d2f.png\" width=\"1000\" height=\"1000\" \/><figcaption class=\"attachment__caption\"><\/figcaption><\/figure>\n<figure class=\"attachment attachment--preview\" data-trix-attachment=\"{&quot;contentType&quot;:&quot;image&quot;,&quot;height&quot;:1000,&quot;url&quot;:&quot;https:\/\/pub-bfdc1913c5ba4512972387b8d080956f.r2.dev\/products\/images\/1776000764872_mfdnj14h_64sdf32s1df.png&quot;,&quot;width&quot;:1000}\" data-trix-content-type=\"image\"><img decoding=\"async\" src=\"https:\/\/pub-bfdc1913c5ba4512972387b8d080956f.r2.dev\/products\/images\/1776000764872_mfdnj14h_64sdf32s1df.png\" width=\"1000\" height=\"1000\" \/><figcaption class=\"attachment__caption\"><\/figcaption><\/figure>\n<figure class=\"attachment attachment--preview\" data-trix-attachment=\"{&quot;contentType&quot;:&quot;image&quot;,&quot;height&quot;:1000,&quot;url&quot;:&quot;https:\/\/pub-bfdc1913c5ba4512972387b8d080956f.r2.dev\/products\/images\/1776000766184_oqbrlew1_864s6d5s65d4f.png&quot;,&quot;width&quot;:1000}\" data-trix-content-type=\"image\"><img decoding=\"async\" src=\"https:\/\/pub-bfdc1913c5ba4512972387b8d080956f.r2.dev\/products\/images\/1776000766184_oqbrlew1_864s6d5s65d4f.png\" width=\"1000\" height=\"1000\" \/><figcaption class=\"attachment__caption\"><\/figcaption><\/figure>\n<figure class=\"attachment attachment--preview\" data-trix-attachment=\"{&quot;contentType&quot;:&quot;image&quot;,&quot;height&quot;:1000,&quot;url&quot;:&quot;https:\/\/pub-bfdc1913c5ba4512972387b8d080956f.r2.dev\/products\/images\/1776000767552_bd1z2qf9_ssdd.png&quot;,&quot;width&quot;:1000}\" data-trix-content-type=\"image\"><img decoding=\"async\" src=\"https:\/\/pub-bfdc1913c5ba4512972387b8d080956f.r2.dev\/products\/images\/1776000767552_bd1z2qf9_ssdd.png\" width=\"1000\" height=\"1000\" \/><figcaption class=\"attachment__caption\"><\/figcaption><\/figure>\n<figure class=\"attachment attachment--preview\" data-trix-attachment=\"{&quot;contentType&quot;:&quot;image&quot;,&quot;height&quot;:1000,&quot;url&quot;:&quot;https:\/\/pub-bfdc1913c5ba4512972387b8d080956f.r2.dev\/products\/images\/1776000761538_p1djoydh_654sd6f5s3df.png&quot;,&quot;width&quot;:1000}\" data-trix-content-type=\"image\"><img decoding=\"async\" src=\"https:\/\/pub-bfdc1913c5ba4512972387b8d080956f.r2.dev\/products\/images\/1776000761538_p1djoydh_654sd6f5s3df.png\" width=\"1000\" height=\"1000\" \/><figcaption class=\"attachment__caption\"><\/figcaption><\/figure>","protected":false},"excerpt":{"rendered":"<p dir=\"rtl\">\ud83d\udd25 <strong>\u0648\u062f\u0651\u0639 \u062e\u062f\u0648\u0634 \u0633\u064a\u0627\u0631\u062a\u0643 \u0628\u0633\u0647\u0648\u0644\u0629\u2026 \u0648\u0627\u0633\u062a\u0631\u062c\u0639 \u0644\u0645\u0639\u0627\u0646\u0647\u0627 \u0643\u0623\u0646\u0647\u0627 \u062c\u062f\u064a\u062f\u0629!<\/strong><\/p>\n<p dir=\"rtl\">\u0647\u0644 \u062a\u0639\u0627\u0646\u064a \u0645\u0646 \u062e\u062f\u0648\u0634 \u062e\u0641\u064a\u0641\u0629 \u062a\u064f\u0641\u0633\u062f \u0645\u0638\u0647\u0631 \u0633\u064a\u0627\u0631\u062a\u0643\u061f<br \/>\n\u0645\u0639 <strong>\u0645\u0639\u062c\u0648\u0646 \u0625\u0635\u0644\u0627\u062d \u0627\u0644\u0637\u0644\u0627\u0621 \u0627\u0644\u0627\u062d\u062a\u0631\u0627\u0641\u064a<\/strong>\u060c \u0627\u0644\u062d\u0644 \u0623\u0635\u0628\u062d \u0628\u064a\u0646 \u064a\u062f\u064a\u0643 \u0641\u064a \u062f\u0642\u0627\u0626\u0642 \u0641\u0642\u0637!<\/p>\n<p dir=\"rtl\">\u2728 <strong>\u0644\u0645\u0627\u0630\u0627 \u0647\u0630\u0627 \u0627\u0644\u0645\u0646\u062a\u062c \u0647\u0648 \u0627\u0644\u062e\u064a\u0627\u0631 \u0627\u0644\u0623\u0641\u0636\u0644\u061f<\/strong><\/p>\n<p dir=\"rtl\">\u2714\ufe0f <strong>\u0625\u0632\u0627\u0644\u0629 \u0641\u0639\u0627\u0644\u0629 \u0644\u0644\u062e\u062f\u0648\u0634<\/strong><br \/>\n\u064a\u0642\u0636\u064a \u0639\u0644\u0649 \u0627\u0644\u062e\u062f\u0648\u0634 \u0627\u0644\u0633\u0637\u062d\u064a\u0629 \u0648\u0627\u0644\u0639\u064a\u0648\u0628 \u0627\u0644\u0628\u0633\u064a\u0637\u0629 \u0628\u0633\u0631\u0639\u0629 \u0648\u0633\u0647\u0648\u0644\u0629.<\/p>\n<p dir=\"rtl\">\u2714\ufe0f <strong>\u062d\u0645\u0627\u064a\u0629 \u0645\u0636\u0627\u0639\u0641\u0629 \u0644\u0644\u0637\u0644\u0627\u0621<\/strong><br \/>\n\u062a\u0631\u0643\u064a\u0628\u0629 \u0645\u062a\u0637\u0648\u0631\u0629 \u0628\u062e\u0635\u0627\u0626\u0635 \u0645\u0636\u0627\u062f\u0629 \u0644\u0644\u062e\u062f\u0648\u0634 \u062a\u062d\u0627\u0641\u0638 \u0639\u0644\u0649 \u0637\u0644\u0627\u0621 \u0633\u064a\u0627\u0631\u062a\u0643 \u0644\u0641\u062a\u0631\u0629 \u0623\u0637\u0648\u0644.<\/p>\n<p dir=\"rtl\">\u2714\ufe0f <strong>\u0644\u0645\u0639\u0627\u0646 \u0627\u062d\u062a\u0631\u0627\u0641\u064a \u0645\u062b\u0644 \u0627\u0644\u0648\u0643\u0627\u0644\u0629<\/strong><br \/>\n\u064a\u0645\u0646\u062d \u0633\u064a\u0627\u0631\u062a\u0643 \u0645\u0638\u0647\u0631\u064b\u0627 \u0644\u0627\u0645\u0639\u064b\u0627 \u0648\u0646\u0638\u064a\u0641\u064b\u0627 \u0628\u0641\u0636\u0644 \u062a\u0623\u062b\u064a\u0631 \u0627\u0644\u062a\u0644\u0645\u064a\u0639 \u0627\u0644\u0645\u062a\u0642\u062f\u0645.<\/p>\n<p dir=\"rtl\">\u2714\ufe0f <strong>3 \u0641\u064a 1: \u0625\u0635\u0644\u0627\u062d + \u062a\u0644\u0645\u064a\u0639 + \u062d\u0645\u0627\u064a\u0629<\/strong><br \/>\n\u064a\u062c\u0645\u0639 \u0628\u064a\u0646 \u062e\u0635\u0627\u0626\u0635 \u0627\u0644\u0625\u0635\u0644\u0627\u062d \u0648\u0627\u0644\u0634\u0645\u0639 \u0627\u0644\u0648\u0627\u0642\u064a \u0641\u064a \u0645\u0646\u062a\u062c \u0648\u0627\u062d\u062f.<\/p>\n<p dir=\"rtl\">\u2714\ufe0f <strong>\u0633\u0647\u0644 \u0627\u0644\u0627\u0633\u062a\u062e\u062f\u0627\u0645 \u0641\u064a \u0627\u0644\u0645\u0646\u0632\u0644<\/strong><br \/>\n\u0644\u0627 \u062a\u062d\u062a\u0627\u062c \u0625\u0644\u0649 \u062e\u0628\u0631\u0629 \u0623\u0648 \u0645\u0639\u062f\u0627\u062a \u062e\u0627\u0635\u0629 \u2013 \u0641\u0642\u0637 \u062f\u0642\u0627\u0626\u0642 \u0648\u0633\u062a\u0631\u0649 \u0627\u0644\u0641\u0631\u0642!<\/p>\n<p dir=\"rtl\">\ud83d\udee0\ufe0f <strong>\u0637\u0631\u064a\u0642\u0629 \u0627\u0644\u0627\u0633\u062a\u062e\u062f\u0627\u0645:<\/strong><\/p>\n<p dir=\"rtl\">1\ufe0f\u20e3 \u0646\u0638\u0641 \u0633\u0637\u062d \u0627\u0644\u0633\u064a\u0627\u0631\u0629 \u062c\u064a\u062f\u064b\u0627 \u0648\u0627\u062a\u0631\u0643\u0647 \u062d\u062a\u0649 \u064a\u062c\u0641 \u062a\u0645\u0627\u0645\u064b\u0627<br \/>\n2\ufe0f\u20e3 \u0636\u0639 \u0643\u0645\u064a\u0629 \u0635\u063a\u064a\u0631\u0629 \u0645\u0646 \u0627\u0644\u0645\u0639\u062c\u0648\u0646 \u0639\u0644\u0649 \u0627\u0644\u0625\u0633\u0641\u0646\u062c\u0629<br \/>\n3\ufe0f\u20e3 \u0642\u0645 \u0628\u062a\u0644\u0645\u064a\u0639 \u0627\u0644\u0645\u0646\u0637\u0642\u0629 \u0627\u0644\u0645\u062e\u062f\u0648\u0634\u0629 \u0628\u062d\u0631\u0643\u0627\u062a \u062f\u0627\u0626\u0631\u064a\u0629<br \/>\n4\ufe0f\u20e3 \u0627\u0633\u062a\u0645\u0631 \u062d\u062a\u0649 \u062a\u062e\u062a\u0641\u064a \u0627\u0644\u062e\u062f\u0648\u0634 \u0623\u0648 \u062a\u0642\u0644 \u0628\u0634\u0643\u0644 \u0648\u0627\u0636\u062d<br \/>\n5\ufe0f\u20e3 \u0627\u0645\u0633\u062d \u0628\u0642\u0637\u0639\u0629 \u0642\u0645\u0627\u0634 \u062c\u0627\u0641\u0629 \u0644\u0644\u062d\u0635\u0648\u0644 \u0639\u0644\u0649 \u0644\u0645\u0633\u0629 \u0646\u0647\u0627\u0626\u064a\u0629 \u0631\u0627\u0626\u0639\u0629<\/p>\n<p dir=\"rtl\">\ud83d\udce6 <strong>\u0645\u0648\u0627\u0635\u0641\u0627\u062a \u0627\u0644\u0645\u0646\u062a\u062c:<\/strong><\/p>\n<p dir=\"rtl\">\u2022 \u0627\u0644\u0627\u0633\u0645: \u0645\u0639\u062c\u0648\u0646 \u0625\u0635\u0644\u0627\u062d \u0637\u0644\u0627\u0621 \u0627\u0644\u0633\u064a\u0627\u0631\u0627\u062a<br \/>\n\u2022 \u0627\u0644\u0633\u0639\u0629: 15 \u063a\u0631\u0627\u0645<br \/>\n\u2022 \u0627\u0644\u0645\u0643\u0648\u0646\u0627\u062a: \u0645\u0648\u0627\u062f \u0643\u0627\u0634\u0637\u0629 + \u0639\u0648\u0627\u0645\u0644 \u062a\u0646\u0638\u064a\u0641 + \u0645\u0648\u0627\u062f \u062a\u0639\u0628\u0626\u0629<br \/>\n\u2022 \u0627\u0644\u0627\u0633\u062a\u062e\u062f\u0627\u0645: \u0625\u0632\u0627\u0644\u0629 \u0627\u0644\u062e\u062f\u0648\u0634 \u0627\u0644\u062e\u0641\u064a\u0641\u0629 + \u062a\u0644\u0645\u064a\u0639 + \u062a\u0646\u0638\u064a\u0641<\/p>\n<p dir=\"rtl\">\ud83d\udce6 <strong>\u0645\u062d\u062a\u0648\u064a\u0627\u062a \u0627\u0644\u0639\u0644\u0628\u0629:<\/strong><br \/>\n\u2714\ufe0f \u0645\u0639\u062c\u0648\u0646 \u0625\u0635\u0644\u0627\u062d (15\u063a)<br \/>\n\u2714\ufe0f \u0641\u0631\u0634\u0627\u0629 \u0645\u062e\u0635\u0635\u0629 \u0644\u0644\u062a\u0637\u0628\u064a\u0642<\/p>\n<p dir=\"rtl\">\u26a0\ufe0f <strong>\u0646\u0635\u0627\u0626\u062d \u0645\u0647\u0645\u0629:<\/strong><\/p>\n<p dir=\"rtl\">\u2022 \u064a\u064f\u0641\u0636\u0644 \u0627\u0644\u0627\u0633\u062a\u062e\u062f\u0627\u0645 \u0641\u064a \u0645\u0643\u0627\u0646 \u062c\u064a\u062f \u0627\u0644\u062a\u0647\u0648\u064a\u0629<br \/>\n\u2022 \u0644\u0627 \u062a\u0636\u063a\u0637 \u0628\u0642\u0648\u0629 \u0632\u0627\u0626\u062f\u0629 \u0623\u062b\u0646\u0627\u0621 \u0627\u0644\u062a\u0644\u0645\u064a\u0639<br \/>\n\u2022 \u062c\u0631\u0651\u0628 \u0627\u0644\u0645\u0646\u062a\u062c \u0623\u0648\u0644\u0627\u064b \u0639\u0644\u0649 \u062c\u0632\u0621 \u0635\u063a\u064a\u0631 \u063a\u064a\u0631 \u0638\u0627\u0647\u0631<br \/>\n\u2022 \u0644\u0644\u062e\u062f\u0648\u0634 \u0627\u0644\u0639\u0645\u064a\u0642\u0629\u060c \u0642\u062f \u062a\u062d\u062a\u0627\u062c \u0625\u0644\u0649 \u062d\u0644\u0648\u0644 \u0625\u0636\u0627\u0641\u064a\u0629<\/p>\n<p dir=\"rtl\">\ud83d\ude97 <strong>\u0627\u0633\u062a\u0631\u062c\u0639 \u0623\u0646\u0627\u0642\u0629 \u0633\u064a\u0627\u0631\u062a\u0643 \u0627\u0644\u0622\u0646 \u0628\u062f\u0648\u0646 \u062a\u0643\u0627\u0644\u064a\u0641 \u0628\u0627\u0647\u0638\u0629!<\/strong><\/p>","protected":false},"featured_media":99529,"comment_status":"open","ping_status":"closed","template":"","meta":[],"product_brand":[],"product_cat":[2458],"product_tag":[],"class_list":{"0":"post-99516","1":"product","2":"type-product","3":"status-publish","4":"has-post-thumbnail","6":"product_cat-accessoires-auto-moto","8":"first","9":"instock","10":"taxable","11":"shipping-taxable","12":"purchasable","13":"product-type-simple"},"jetpack_sharing_enabled":true,"_links":{"self":[{"href":"https:\/\/shoponlinedz.com\/en\/wp-json\/wp\/v2\/product\/99516","targetHints":{"allow":["GET"]}}],"collection":[{"href":"https:\/\/shoponlinedz.com\/en\/wp-json\/wp\/v2\/product"}],"about":[{"href":"https:\/\/shoponlinedz.com\/en\/wp-json\/wp\/v2\/types\/product"}],"replies":[{"embeddable":true,"href":"https:\/\/shoponlinedz.com\/en\/wp-json\/wp\/v2\/comments?post=99516"}],"version-history":[{"count":0,"href":"https:\/\/shoponlinedz.com\/en\/wp-json\/wp\/v2\/product\/99516\/revisions"}],"wp:featuredmedia":[{"embeddable":true,"href":"https:\/\/shoponlinedz.com\/en\/wp-json\/wp\/v2\/media\/99529"}],"wp:attachment":[{"href":"https:\/\/shoponlinedz.com\/en\/wp-json\/wp\/v2\/media?parent=99516"}],"wp:term":[{"taxonomy":"product_brand","embeddable":true,"href":"https:\/\/shoponlinedz.com\/en\/wp-json\/wp\/v2\/product_brand?post=99516"},{"taxonomy":"product_cat","embeddable":true,"href":"https:\/\/shoponlinedz.com\/en\/wp-json\/wp\/v2\/product_cat?post=99516"},{"taxonomy":"product_tag","embeddable":true,"href":"https:\/\/shoponlinedz.com\/en\/wp-json\/wp\/v2\/product_tag?post=99516"}],"curies":[{"name":"wp","href":"https:\/\/api.w.org\/{rel}","templated":true}]}}