{"id":99504,"date":"2026-04-14T22:17:07","date_gmt":"2026-04-14T21:17:07","guid":{"rendered":"https:\/\/shoponlinedz.com\/?post_type=product&#038;p=99504"},"modified":"2026-04-14T22:17:07","modified_gmt":"2026-04-14T21:17:07","slug":"porte-gobelet-boisson-avec-support-de-telephone-etagere-de-rangement-%d8%ad%d8%a7%d9%85%d9%84-%d8%a3%d9%83%d9%88%d8%a7%d8%a8-%d9%84%d9%84%d9%85%d8%b4%d8%b1%d9%88%d8%a8%d8%a7%d8%aa-%d9%85%d8%b9","status":"publish","type":"product","link":"https:\/\/shoponlinedz.com\/en\/product\/porte-gobelet-boisson-avec-support-de-telephone-etagere-de-rangement-%d8%ad%d8%a7%d9%85%d9%84-%d8%a3%d9%83%d9%88%d8%a7%d8%a8-%d9%84%d9%84%d9%85%d8%b4%d8%b1%d9%88%d8%a8%d8%a7%d8%aa-%d9%85%d8%b9\/","title":{"rendered":"Porte-gobelet boisson, avec Support de t\u00e9l\u00e9phone, \u00c9tag\u00e8re de rangement &#8211; \u062d\u0627\u0645\u0644 \u0623\u0643\u0648\u0627\u0628 \u0644\u0644\u0645\u0634\u0631\u0648\u0628\u0627\u062a \u0645\u0639 \u062d\u0627\u0645\u0644 \u0644\u0644\u0647\u0627\u062a\u0641"},"content":{"rendered":"<h3 dir=\"rtl\"><\/h3>\n<figure class=\"attachment attachment--preview\" data-trix-attachment=\"{&quot;contentType&quot;:&quot;image&quot;,&quot;height&quot;:1000,&quot;url&quot;:&quot;https:\/\/pub-bfdc1913c5ba4512972387b8d080956f.r2.dev\/products\/images\/1775999082843_27692n6j_imgi_62_s-l1600.webp&quot;,&quot;width&quot;:1000}\" data-trix-content-type=\"image\"><img decoding=\"async\" src=\"https:\/\/pub-bfdc1913c5ba4512972387b8d080956f.r2.dev\/products\/images\/1775999082843_27692n6j_imgi_62_s-l1600.webp\" width=\"1000\" height=\"1000\" \/><figcaption class=\"attachment__caption\"><\/figcaption><\/figure>\n<figure class=\"attachment attachment--preview\" data-trix-attachment=\"{&quot;contentType&quot;:&quot;image&quot;,&quot;height&quot;:1000,&quot;url&quot;:&quot;https:\/\/pub-bfdc1913c5ba4512972387b8d080956f.r2.dev\/products\/images\/1775999080979_zcg6fj0q_imgi_61_s-l1600.webp&quot;,&quot;width&quot;:1000}\" data-trix-content-type=\"image\"><img decoding=\"async\" src=\"https:\/\/pub-bfdc1913c5ba4512972387b8d080956f.r2.dev\/products\/images\/1775999080979_zcg6fj0q_imgi_61_s-l1600.webp\" width=\"1000\" height=\"1000\" \/><figcaption class=\"attachment__caption\"><\/figcaption><\/figure>\n<figure class=\"attachment attachment--preview\" data-trix-attachment=\"{&quot;contentType&quot;:&quot;image&quot;,&quot;height&quot;:1000,&quot;url&quot;:&quot;https:\/\/pub-bfdc1913c5ba4512972387b8d080956f.r2.dev\/products\/images\/1775999082008_1cs9220l_imgi_58_s-l1600.webp&quot;,&quot;width&quot;:1000}\" data-trix-content-type=\"image\"><img decoding=\"async\" src=\"https:\/\/pub-bfdc1913c5ba4512972387b8d080956f.r2.dev\/products\/images\/1775999082008_1cs9220l_imgi_58_s-l1600.webp\" width=\"1000\" height=\"1000\" \/><figcaption class=\"attachment__caption\"><\/figcaption><\/figure>\n<figure class=\"attachment attachment--preview\" data-trix-attachment=\"{&quot;contentType&quot;:&quot;image&quot;,&quot;height&quot;:800,&quot;url&quot;:&quot;https:\/\/pub-bfdc1913c5ba4512972387b8d080956f.r2.dev\/products\/images\/1775999080928_qnunwsa9_imgi_60_s-l1600.webp&quot;,&quot;width&quot;:800}\" data-trix-content-type=\"image\"><img decoding=\"async\" src=\"https:\/\/pub-bfdc1913c5ba4512972387b8d080956f.r2.dev\/products\/images\/1775999080928_qnunwsa9_imgi_60_s-l1600.webp\" width=\"800\" height=\"800\" \/><figcaption class=\"attachment__caption\"><\/figcaption><\/figure>\n<figure class=\"attachment attachment--preview\" data-trix-attachment=\"{&quot;contentType&quot;:&quot;image&quot;,&quot;height&quot;:1000,&quot;url&quot;:&quot;https:\/\/pub-bfdc1913c5ba4512972387b8d080956f.r2.dev\/products\/images\/1775999083678_3u1aoo5n_imgi_63_s-l1600.webp&quot;,&quot;width&quot;:1000}\" data-trix-content-type=\"image\"><img decoding=\"async\" src=\"https:\/\/pub-bfdc1913c5ba4512972387b8d080956f.r2.dev\/products\/images\/1775999083678_3u1aoo5n_imgi_63_s-l1600.webp\" width=\"1000\" height=\"1000\" \/><figcaption class=\"attachment__caption\"><\/figcaption><\/figure>\n<figure class=\"attachment attachment--preview\" data-trix-attachment=\"{&quot;contentType&quot;:&quot;image&quot;,&quot;height&quot;:1000,&quot;url&quot;:&quot;https:\/\/pub-bfdc1913c5ba4512972387b8d080956f.r2.dev\/products\/images\/1775999082831_yjucatj9_imgi_64_s-l1600.webp&quot;,&quot;width&quot;:1000}\" data-trix-content-type=\"image\"><img decoding=\"async\" src=\"https:\/\/pub-bfdc1913c5ba4512972387b8d080956f.r2.dev\/products\/images\/1775999082831_yjucatj9_imgi_64_s-l1600.webp\" width=\"1000\" height=\"1000\" \/><figcaption class=\"attachment__caption\"><\/figcaption><\/figure>\n<figure class=\"attachment attachment--preview\" data-trix-attachment=\"{&quot;contentType&quot;:&quot;image&quot;,&quot;height&quot;:1464,&quot;url&quot;:&quot;https:\/\/pub-bfdc1913c5ba4512972387b8d080956f.r2.dev\/products\/images\/1775999084659_4wg45idb_imgi_157_s-l1600.jpg&quot;,&quot;width&quot;:1500}\" data-trix-content-type=\"image\"><img decoding=\"async\" src=\"https:\/\/pub-bfdc1913c5ba4512972387b8d080956f.r2.dev\/products\/images\/1775999084659_4wg45idb_imgi_157_s-l1600.jpg\" width=\"1500\" height=\"1464\" \/><figcaption class=\"attachment__caption\"><\/figcaption><\/figure>\n<figure class=\"attachment attachment--preview\" data-trix-attachment=\"{&quot;contentType&quot;:&quot;image&quot;,&quot;height&quot;:1000,&quot;url&quot;:&quot;https:\/\/pub-bfdc1913c5ba4512972387b8d080956f.r2.dev\/products\/images\/1775999084610_laj6sguz_imgi_158_s-l1600.jpg&quot;,&quot;width&quot;:1000}\" data-trix-content-type=\"image\"><img decoding=\"async\" src=\"https:\/\/pub-bfdc1913c5ba4512972387b8d080956f.r2.dev\/products\/images\/1775999084610_laj6sguz_imgi_158_s-l1600.jpg\" width=\"1000\" height=\"1000\" \/><figcaption class=\"attachment__caption\"><\/figcaption><\/figure>\n<figure class=\"attachment attachment--preview\" data-trix-attachment=\"{&quot;contentType&quot;:&quot;image&quot;,&quot;height&quot;:1000,&quot;url&quot;:&quot;https:\/\/pub-bfdc1913c5ba4512972387b8d080956f.r2.dev\/products\/images\/1775999084661_5pfniy35_imgi_159_s-l1600.jpg&quot;,&quot;width&quot;:1000}\" data-trix-content-type=\"image\"><img decoding=\"async\" src=\"https:\/\/pub-bfdc1913c5ba4512972387b8d080956f.r2.dev\/products\/images\/1775999084661_5pfniy35_imgi_159_s-l1600.jpg\" width=\"1000\" height=\"1000\" \/><figcaption class=\"attachment__caption\"><\/figcaption><\/figure>\n<figure class=\"attachment attachment--preview\" data-trix-attachment=\"{&quot;contentType&quot;:&quot;image&quot;,&quot;height&quot;:1000,&quot;url&quot;:&quot;https:\/\/pub-bfdc1913c5ba4512972387b8d080956f.r2.dev\/products\/images\/1775999085633_5qdsosko_imgi_160_s-l1600.jpg&quot;,&quot;width&quot;:1000}\" data-trix-content-type=\"image\"><img decoding=\"async\" src=\"https:\/\/pub-bfdc1913c5ba4512972387b8d080956f.r2.dev\/products\/images\/1775999085633_5qdsosko_imgi_160_s-l1600.jpg\" width=\"1000\" height=\"1000\" \/><figcaption class=\"attachment__caption\"><\/figcaption><\/figure>\n<figure class=\"attachment attachment--preview\" data-trix-attachment=\"{&quot;contentType&quot;:&quot;image&quot;,&quot;height&quot;:1000,&quot;url&quot;:&quot;https:\/\/pub-bfdc1913c5ba4512972387b8d080956f.r2.dev\/products\/images\/1775999085629_rcdbp4yb_imgi_161_s-l1600.jpg&quot;,&quot;width&quot;:1000}\" data-trix-content-type=\"image\"><img decoding=\"async\" src=\"https:\/\/pub-bfdc1913c5ba4512972387b8d080956f.r2.dev\/products\/images\/1775999085629_rcdbp4yb_imgi_161_s-l1600.jpg\" width=\"1000\" height=\"1000\" \/><figcaption class=\"attachment__caption\"><\/figcaption><\/figure>","protected":false},"excerpt":{"rendered":"<p dir=\"rtl\">\ud83d\ude97\u2728 <strong>\u0646\u0638\u0651\u0645 \u0633\u064a\u0627\u0631\u062a\u0643 \u0628\u0630\u0643\u0627\u0621\u2026 \u0648\u062e\u0644\u0651\u064a \u0643\u0644 \u0634\u064a\u0621 \u0641\u064a \u0645\u062a\u0646\u0627\u0648\u0644 \u064a\u062f\u0643!<\/strong><\/p>\n<p dir=\"rtl\">\u0647\u0644 \u062a\u0639\u0627\u0646\u064a \u0645\u0646 \u0627\u0644\u0641\u0648\u0636\u0649 \u062f\u0627\u062e\u0644 \u0633\u064a\u0627\u0631\u062a\u0643\u061f<br \/>\n\u0645\u0641\u0627\u062a\u064a\u062d\u060c \u0647\u0627\u062a\u0641\u060c \u0623\u0643\u0648\u0627\u0628\u2026 \u0643\u0644 \u0634\u064a\u0621 \u064a\u0636\u064a\u0639\u061f \ud83e\udd2f<\/p>\n<p dir=\"rtl\">\ud83d\udd27 \u0627\u0644\u062d\u0644 \u0628\u0633\u064a\u0637 \u0648\u0639\u0645\u0644\u064a:<br \/>\n<strong>\u0639\u0644\u0628\u0629 \u062a\u062e\u0632\u064a\u0646 \u062c\u0627\u0646\u0628\u064a\u0629 \u0644\u0644\u0633\u064a\u0627\u0631\u0629 \u0645\u062a\u0639\u062f\u062f\u0629 \u0627\u0644\u0648\u0638\u0627\u0626\u0641<\/strong><\/p>\n<p dir=\"rtl\">\ud83d\udd25 <strong>\u0645\u0645\u064a\u0632\u0627\u062a \u0631\u0627\u062d \u062a\u063a\u064a\u0651\u0631 \u062a\u062c\u0631\u0628\u062a\u0643 \u0641\u064a \u0627\u0644\u0642\u064a\u0627\u062f\u0629:<\/strong><\/p>\n<p dir=\"rtl\">\u2705 <strong>\u062a\u0646\u0638\u064a\u0645 \u0645\u062b\u0627\u0644\u064a 3 \u0641\u064a 1<\/strong><br \/>\n\u062d\u0627\u0645\u0644 \u0647\u0627\u062a\u0641 + \u062d\u0627\u0645\u0644 \u0623\u0643\u0648\u0627\u0628 + \u0635\u0646\u062f\u0648\u0642 \u062a\u062e\u0632\u064a\u0646 \u0644\u0643\u0644 \u0623\u063a\u0631\u0627\u0636\u0643 \u0627\u0644\u0635\u063a\u064a\u0631\u0629 (\u0645\u0641\u0627\u062a\u064a\u062d\u060c \u0633\u0645\u0627\u0639\u0627\u062a\u060c \u0628\u0637\u0627\u0642\u0627\u062a&#8230;)<\/p>\n<p dir=\"rtl\">\u2705 <strong>\u062c\u0648\u062f\u0629 \u0642\u0648\u064a\u0629 \u062a\u062f\u0648\u0645<\/strong><br \/>\n\u0645\u0635\u0646\u0648\u0639\u0629 \u0645\u0646 \u0628\u0644\u0627\u0633\u062a\u064a\u0643 ABS \u0639\u0627\u0644\u064a \u0627\u0644\u062c\u0648\u062f\u0629<br \/>\n\u2714\ufe0f \u0645\u0642\u0627\u0648\u0645\u0629 \u0644\u0644\u0643\u0633\u0631<br \/>\n\u2714\ufe0f \u0644\u0627 \u062a\u0646\u0632\u0644\u0642<br \/>\n\u2714\ufe0f \u0644\u0627 \u062a\u062e\u062f\u0634 \u0633\u064a\u0627\u0631\u062a\u0643<\/p>\n<p dir=\"rtl\">\u2705 <strong>\u062a\u0631\u0643\u064a\u0628 \u0633\u0647\u0644 \u0641\u064a \u062b\u0648\u0627\u0646\u064a<\/strong><br \/>\n\u0628\u062f\u0648\u0646 \u0623\u062f\u0648\u0627\u062a! \u0641\u0642\u0637 \u062b\u0628\u0651\u062a\u0647\u0627 \u0641\u064a \u0646\u0627\u0641\u0630\u0629 \u0627\u0644\u0633\u064a\u0627\u0631\u0629 \u0648\u0627\u0646\u062a\u0647\u0649<br \/>\n\ud83d\udeab \u0644\u0627 \u062a\u0639\u064a\u0642 \u0641\u062a\u062d \u0648\u063a\u0644\u0642 \u0627\u0644\u0646\u0627\u0641\u0630\u0629<\/p>\n<p dir=\"rtl\">\u2705 <strong>\u0641\u062a\u062d\u0629 \u0634\u062d\u0646 \u0630\u0643\u064a\u0629 \ud83d\udd0c<\/strong><br \/>\n\u0627\u0634\u062d\u0646 \u0647\u0627\u062a\u0641\u0643 \u0628\u0633\u0647\u0648\u0644\u0629 \u0648\u0647\u0648 \u0641\u064a \u0645\u0643\u0627\u0646\u0647 \u0628\u062f\u0648\u0646 \u0641\u0648\u0636\u0649<\/p>\n<p dir=\"rtl\">\ud83d\udca1 <strong>\u0645\u062b\u0627\u0644\u064a\u0629 \u0644\u0643\u0644 \u0627\u0644\u0633\u064a\u0627\u0631\u0627\u062a<\/strong><br \/>\n\ud83d\ude99 \u0633\u064a\u062f\u0627\u0646 | \ud83d\ude97 \u0633\u064a\u0627\u0631\u0627\u062a \u0639\u0627\u0626\u0644\u064a\u0629 | \ud83d\ude90 \u0634\u0627\u062d\u0646\u0627\u062a<\/p>\n<p dir=\"rtl\">\ud83c\udf81 <strong>\u0647\u062f\u064a\u0629 \u0631\u0627\u0626\u0639\u0629 \u0644\u0643\u0644 \u0633\u0627\u0626\u0642<\/strong><br \/>\n\u0633\u0648\u0627\u0621 \u0644\u0643 \u0623\u0648 \u0644\u0623\u0635\u062f\u0642\u0627\u0626\u0643 \u0648\u0639\u0627\u0626\u0644\u062a\u0643 \u2014 \u0631\u0627\u062d\u0629 + \u062a\u0646\u0638\u064a\u0645 + \u0623\u0646\u0627\u0642\u0629<\/p>\n<p dir=\"rtl\">\ud83d\udce6 <strong>\u0645\u062d\u062a\u0648\u064a\u0627\u062a \u0627\u0644\u0639\u0644\u0628\u0629:<\/strong><br \/>\n\u2714\ufe0f 1 \u00d7 \u0635\u0646\u062f\u0648\u0642 \u062a\u062e\u0632\u064a\u0646 \u0644\u0644\u0633\u064a\u0627\u0631\u0629<\/p>","protected":false},"featured_media":99506,"comment_status":"open","ping_status":"closed","template":"","meta":[],"product_brand":[],"product_cat":[2458],"product_tag":[],"class_list":{"0":"post-99504","1":"product","2":"type-product","3":"status-publish","4":"has-post-thumbnail","6":"product_cat-accessoires-auto-moto","8":"first","9":"instock","10":"taxable","11":"shipping-taxable","12":"purchasable","13":"product-type-simple"},"jetpack_sharing_enabled":true,"_links":{"self":[{"href":"https:\/\/shoponlinedz.com\/en\/wp-json\/wp\/v2\/product\/99504","targetHints":{"allow":["GET"]}}],"collection":[{"href":"https:\/\/shoponlinedz.com\/en\/wp-json\/wp\/v2\/product"}],"about":[{"href":"https:\/\/shoponlinedz.com\/en\/wp-json\/wp\/v2\/types\/product"}],"replies":[{"embeddable":true,"href":"https:\/\/shoponlinedz.com\/en\/wp-json\/wp\/v2\/comments?post=99504"}],"version-history":[{"count":0,"href":"https:\/\/shoponlinedz.com\/en\/wp-json\/wp\/v2\/product\/99504\/revisions"}],"wp:featuredmedia":[{"embeddable":true,"href":"https:\/\/shoponlinedz.com\/en\/wp-json\/wp\/v2\/media\/99506"}],"wp:attachment":[{"href":"https:\/\/shoponlinedz.com\/en\/wp-json\/wp\/v2\/media?parent=99504"}],"wp:term":[{"taxonomy":"product_brand","embeddable":true,"href":"https:\/\/shoponlinedz.com\/en\/wp-json\/wp\/v2\/product_brand?post=99504"},{"taxonomy":"product_cat","embeddable":true,"href":"https:\/\/shoponlinedz.com\/en\/wp-json\/wp\/v2\/product_cat?post=99504"},{"taxonomy":"product_tag","embeddable":true,"href":"https:\/\/shoponlinedz.com\/en\/wp-json\/wp\/v2\/product_tag?post=99504"}],"curies":[{"name":"wp","href":"https:\/\/api.w.org\/{rel}","templated":true}]}}