{"id":99492,"date":"2026-04-14T22:13:07","date_gmt":"2026-04-14T21:13:07","guid":{"rendered":"https:\/\/shoponlinedz.com\/?post_type=product&#038;p=99492"},"modified":"2026-04-14T22:13:08","modified_gmt":"2026-04-14T21:13:08","slug":"jeu-de-flechettes-magnetique-avec-cible-enroulable-et-suspendue-avec-6-flechettes-incluses-%d9%84%d8%b9%d8%a8%d8%a9-%d8%b1%d9%85%d9%8a-%d8%a7%d9%84%d8%b3%d9%87%d8%a7%d9%85","status":"publish","type":"product","link":"https:\/\/shoponlinedz.com\/en\/product\/jeu-de-flechettes-magnetique-avec-cible-enroulable-et-suspendue-avec-6-flechettes-incluses-%d9%84%d8%b9%d8%a8%d8%a9-%d8%b1%d9%85%d9%8a-%d8%a7%d9%84%d8%b3%d9%87%d8%a7%d9%85\/","title":{"rendered":"Jeu de fl\u00e9chettes magn\u00e9tique avec cible enroulable et suspendue avec 6 fl\u00e9chettes incluses &#8211; \u0644\u0639\u0628\u0629 \u0631\u0645\u064a \u0627\u0644\u0633\u0647\u0627\u0645"},"content":{"rendered":"<p>&nbsp;<\/p>\n<figure class=\"attachment attachment--preview\" data-trix-attachment=\"{&quot;contentType&quot;:&quot;image&quot;,&quot;height&quot;:1500,&quot;url&quot;:&quot;https:\/\/pub-bfdc1913c5ba4512972387b8d080956f.r2.dev\/products\/images\/1775996557801_d3x6uyiv_71bigonusol._sl1500_.jpg&quot;,&quot;width&quot;:1500}\" data-trix-content-type=\"image\"><img decoding=\"async\" src=\"https:\/\/pub-bfdc1913c5ba4512972387b8d080956f.r2.dev\/products\/images\/1775996557801_d3x6uyiv_71bigonusol._sl1500_.jpg\" width=\"1500\" height=\"1500\" \/><figcaption class=\"attachment__caption\"><\/figcaption><\/figure>\n<figure class=\"attachment attachment--preview\" data-trix-attachment=\"{&quot;contentType&quot;:&quot;image&quot;,&quot;height&quot;:1500,&quot;url&quot;:&quot;https:\/\/pub-bfdc1913c5ba4512972387b8d080956f.r2.dev\/products\/images\/1775996556877_yd8jy82d_71munhslrnl._sl1500_.jpg&quot;,&quot;width&quot;:1500}\" data-trix-content-type=\"image\"><img decoding=\"async\" src=\"https:\/\/pub-bfdc1913c5ba4512972387b8d080956f.r2.dev\/products\/images\/1775996556877_yd8jy82d_71munhslrnl._sl1500_.jpg\" width=\"1500\" height=\"1500\" \/><figcaption class=\"attachment__caption\"><\/figcaption><\/figure>\n<figure class=\"attachment attachment--preview\" data-trix-attachment=\"{&quot;contentType&quot;:&quot;image&quot;,&quot;height&quot;:1500,&quot;url&quot;:&quot;https:\/\/pub-bfdc1913c5ba4512972387b8d080956f.r2.dev\/products\/images\/1775996556959_hk73cvkf_71otc-jadcl._sl1500_.jpg&quot;,&quot;width&quot;:1500}\" data-trix-content-type=\"image\"><img decoding=\"async\" src=\"https:\/\/pub-bfdc1913c5ba4512972387b8d080956f.r2.dev\/products\/images\/1775996556959_hk73cvkf_71otc-jadcl._sl1500_.jpg\" width=\"1500\" height=\"1500\" \/><figcaption class=\"attachment__caption\"><\/figcaption><\/figure>\n<figure class=\"attachment attachment--preview\" data-trix-attachment=\"{&quot;contentType&quot;:&quot;image&quot;,&quot;height&quot;:1303,&quot;url&quot;:&quot;https:\/\/pub-bfdc1913c5ba4512972387b8d080956f.r2.dev\/products\/images\/1775996559663_zta29ode_71v4sdwn6dl._ac_sl1500_.jpg&quot;,&quot;width&quot;:1425}\" data-trix-content-type=\"image\"><img decoding=\"async\" src=\"https:\/\/pub-bfdc1913c5ba4512972387b8d080956f.r2.dev\/products\/images\/1775996559663_zta29ode_71v4sdwn6dl._ac_sl1500_.jpg\" width=\"1425\" height=\"1303\" \/><figcaption class=\"attachment__caption\"><\/figcaption><\/figure>\n<figure class=\"attachment attachment--preview\" data-trix-attachment=\"{&quot;contentType&quot;:&quot;image&quot;,&quot;height&quot;:1500,&quot;url&quot;:&quot;https:\/\/pub-bfdc1913c5ba4512972387b8d080956f.r2.dev\/products\/images\/1775996559671_81np1y1w_71vczvqgojl._sl1500_.jpg&quot;,&quot;width&quot;:1500}\" data-trix-content-type=\"image\"><img decoding=\"async\" src=\"https:\/\/pub-bfdc1913c5ba4512972387b8d080956f.r2.dev\/products\/images\/1775996559671_81np1y1w_71vczvqgojl._sl1500_.jpg\" width=\"1500\" height=\"1500\" \/><figcaption class=\"attachment__caption\"><\/figcaption><\/figure>\n<figure class=\"attachment attachment--preview\" data-trix-attachment=\"{&quot;contentType&quot;:&quot;image&quot;,&quot;height&quot;:1363,&quot;url&quot;:&quot;https:\/\/pub-bfdc1913c5ba4512972387b8d080956f.r2.dev\/products\/images\/1775996560484_6sh9ml3v_81fthoj-nll._sl1500_.jpg&quot;,&quot;width&quot;:1500}\" data-trix-content-type=\"image\"><img decoding=\"async\" src=\"https:\/\/pub-bfdc1913c5ba4512972387b8d080956f.r2.dev\/products\/images\/1775996560484_6sh9ml3v_81fthoj-nll._sl1500_.jpg\" width=\"1500\" height=\"1363\" \/><figcaption class=\"attachment__caption\"><\/figcaption><\/figure>\n<figure class=\"attachment attachment--preview\" data-trix-attachment=\"{&quot;contentType&quot;:&quot;image&quot;,&quot;height&quot;:1500,&quot;url&quot;:&quot;https:\/\/pub-bfdc1913c5ba4512972387b8d080956f.r2.dev\/products\/images\/1775996562868_g8iumvq5_712qsn2z9il._ac_sl1500_.jpg&quot;,&quot;width&quot;:1500}\" data-trix-content-type=\"image\"><img decoding=\"async\" src=\"https:\/\/pub-bfdc1913c5ba4512972387b8d080956f.r2.dev\/products\/images\/1775996562868_g8iumvq5_712qsn2z9il._ac_sl1500_.jpg\" width=\"1500\" height=\"1500\" \/><figcaption class=\"attachment__caption\"><\/figcaption><\/figure>","protected":false},"excerpt":{"rendered":"<ul dir=\"rtl\">\n<li><strong>\u0623\u0645\u0627\u0646 &#8220;\u062a\u0648\u062a\u0627\u0644-\u0633\u064a\u0641&#8221; (100%):<\/strong>\u00a0\u0633\u0647\u0627\u0645 \u0645\u063a\u0646\u0627\u0637\u064a\u0633\u064a\u0629 \u0642\u0648\u064a\u0629 \u062c\u062f\u0627\u064b \u062a\u0644\u062a\u0635\u0642 \u0628\u0627\u0644\u0644\u0648\u062d\u0629 \u0641\u0648\u0631\u0627\u064b \u062f\u0648\u0646 \u0627\u0644\u062d\u0627\u062c\u0629 \u0644\u0625\u0628\u0631 \u062d\u0627\u062f\u0629\u060c \u0645\u0645\u0627 \u064a\u062c\u0639\u0644\u0647\u0627 \u0622\u0645\u0646\u0629 \u062a\u0645\u0627\u0645\u0627\u064b \u0644\u0644\u0623\u0637\u0641\u0627\u0644 \u0645\u0646 \u062c\u0645\u064a\u0639 \u0627\u0644\u0623\u0639\u0645\u0627\u0631 \u0648\u0644\u0623\u062b\u0627\u062b \u0627\u0644\u0645\u0646\u0632\u0644.<\/li>\n<li><strong>\u062a\u0635\u0645\u064a\u0645 &#8220;\u062f\u0628\u0644-\u0641\u064a\u0633&#8221; \u0627\u0644\u0645\u0632\u062f\u0648\u062c:<\/strong>\u00a0\u0644\u0648\u062d\u0629 \u0643\u0628\u064a\u0631\u0629 (<strong>40x30cm<\/strong>) \u0642\u0627\u0628\u0644\u0629 \u0644\u0644\u0642\u0644\u0628\u060c \u062a\u0645\u0646\u062d\u0643 \u0644\u0639\u0628\u062a\u064a\u0646 \u0641\u064a \u062c\u0647\u0627\u0632 \u0648\u0627\u062d\u062f \u0644\u062a\u063a\u064a\u064a\u0631 \u0646\u0645\u0637 \u0627\u0644\u062a\u062d\u062f\u064a \u0648\u0642\u062a\u0645\u0627 \u062a\u0634\u0627\u0621.<\/li>\n<li><strong>\u062e\u0627\u0645\u0629 &#8220;\u0628\u0631\u064a\u0645\u064a\u0648\u0645 \u0641\u0644\u0641\u064a\u062a&#8221;:<\/strong>\u00a0\u0645\u0635\u0646\u0648\u0639\u0629 \u0645\u0646 \u0646\u0633\u064a\u062c \u0645\u062e\u0645\u0644\u064a \u0639\u0627\u0644\u064a \u0627\u0644\u062c\u0648\u062f\u0629 \u064a\u062f\u0648\u0645 \u0637\u0648\u064a\u0644\u0627\u064b\u060c \u0645\u0639 \u0645\u063a\u0646\u0627\u0637\u064a\u0633\u0627\u062a &#8220;\u0646\u064a\u0648\u062f\u064a\u0645\u064a\u0648\u0645&#8221; \u0642\u0648\u064a\u0629 \u062a\u0636\u0645\u0646 \u0639\u062f\u0645 \u0633\u0642\u0648\u0637 \u0627\u0644\u0633\u0647\u0627\u0645 \u0639\u0646\u062f \u0627\u0644\u0627\u0631\u062a\u0637\u0627\u0645 \u0628\u0627\u0644\u0644\u0648\u062d\u0629.<\/li>\n<li><strong>\u0641\u0648\u0627\u0626\u062f \u0635\u062d\u064a\u0629 \u0648\u0631\u064a\u0627\u0636\u064a\u0629:<\/strong>\u00a0\u062a\u0633\u0627\u0639\u062f \u0627\u0644\u0644\u0639\u0628\u0629 \u0641\u064a \u062a\u062d\u0633\u064a\u0646 \u0627\u0644\u062a\u0631\u0643\u064a\u0632\u060c \u062a\u062e\u0641\u064a\u0641 \u0625\u062c\u0647\u0627\u062f \u0627\u0644\u0639\u064a\u0646 \u0628\u0639\u062f \u0627\u0644\u0639\u0645\u0644 \u0627\u0644\u0637\u0648\u064a\u0644\u060c \u0648\u062a\u0646\u0645\u064a\u0629 \u0627\u0644\u0645\u0647\u0627\u0631\u0627\u062a \u0627\u0644\u062d\u0631\u0643\u064a\u0629 \u0648\u0627\u0644\u062f\u0642\u0629 \u0644\u062f\u0649 \u0627\u0644\u0645\u0631\u0627\u0647\u0642\u064a\u0646.<\/li>\n<li><strong>\u0633\u0647\u0648\u0644\u0629 \u0627\u0644\u062a\u062e\u0632\u064a\u0646 \u0648\u0627\u0644\u062d\u0645\u0644:<\/strong>\u00a0\u062a\u0635\u0645\u064a\u0645 &#8220;\u0631\u0648\u0644-\u0623\u0628&#8221; (Roll-up) \u064a\u0633\u0645\u062d \u0644\u0643 \u0628\u0644\u0641 \u0627\u0644\u0644\u0648\u062d\u0629 \u0648\u0648\u0636\u0639\u0647\u0627 \u0641\u064a \u062d\u0642\u064a\u0628\u062a\u0643 \u0644\u062a\u0623\u062e\u0630 \u0627\u0644\u0645\u0631\u062d \u0645\u0639\u0643 \u0641\u064a \u0627\u0644\u0646\u0632\u0647\u0627\u062a\u060c \u0627\u0644\u0645\u0643\u062a\u0628\u060c \u0623\u0648 \u062d\u0641\u0644\u0627\u062a \u0623\u0639\u064a\u0627\u062f \u0627\u0644\u0645\u064a\u0644\u0627\u062f.<\/li>\n<\/ul>\n<h3 dir=\"rtl\"><strong>\u0627\u0644\u0645\u0648\u0627\u0635\u0641\u0627\u062a \u0627\u0644\u062a\u0642\u0646\u064a\u0629:<\/strong><\/h3>\n<ul dir=\"rtl\">\n<li><strong>\u0627\u0644\u0623\u0628\u0639\u0627\u062f:<\/strong>\u00a0<strong>40x30cm<\/strong>.<\/li>\n<li><strong>\u0627\u0644\u0645\u0627\u062f\u0629:<\/strong>\u00a0\u0645\u062e\u0645\u0644 \u0645\u062a\u064a\u0646 + \u0645\u063a\u0646\u0627\u0637\u064a\u0633\u0627\u062a \u0639\u0627\u0644\u064a\u0629 \u0627\u0644\u0642\u0648\u0629.<\/li>\n<li><strong>\u0645\u062d\u062a\u0648\u064a\u0627\u062a \u0627\u0644\u0637\u0642\u0645:<\/strong>\u00a0\u0644\u0648\u062d\u0629 \u0648\u062c\u0647\u064a\u0646\u060c 3 \u0633\u0647\u0627\u0645 \u062d\u0645\u0631\u0627\u0621\u060c 3 \u0633\u0647\u0627\u0645 \u0635\u0641\u0631\u0627\u0621\u060c \u06482 \u0639\u0635\u0627\u0628\u0629 \u0639\u064a\u0646.<\/li>\n<li><strong>\u0646\u0648\u0639 \u0627\u0644\u0627\u0633\u062a\u062e\u062f\u0627\u0645:<\/strong>\u00a0\u062f\u0627\u062e\u0644\u064a (\u0645\u0646\u0632\u0644\/\u0645\u0643\u062a\u0628) \u0648\u062e\u0627\u0631\u062c\u064a (\u062a\u062e\u064a\u064a\u0645\/\u062d\u062f\u064a\u0642\u0629).<\/li>\n<\/ul>","protected":false},"featured_media":99498,"comment_status":"open","ping_status":"closed","template":"","meta":[],"product_brand":[],"product_cat":[2459],"product_tag":[],"class_list":{"0":"post-99492","1":"product","2":"type-product","3":"status-publish","4":"has-post-thumbnail","6":"product_cat-jouet-gaming","8":"first","9":"instock","10":"taxable","11":"shipping-taxable","12":"purchasable","13":"product-type-simple"},"jetpack_sharing_enabled":true,"_links":{"self":[{"href":"https:\/\/shoponlinedz.com\/en\/wp-json\/wp\/v2\/product\/99492","targetHints":{"allow":["GET"]}}],"collection":[{"href":"https:\/\/shoponlinedz.com\/en\/wp-json\/wp\/v2\/product"}],"about":[{"href":"https:\/\/shoponlinedz.com\/en\/wp-json\/wp\/v2\/types\/product"}],"replies":[{"embeddable":true,"href":"https:\/\/shoponlinedz.com\/en\/wp-json\/wp\/v2\/comments?post=99492"}],"version-history":[{"count":0,"href":"https:\/\/shoponlinedz.com\/en\/wp-json\/wp\/v2\/product\/99492\/revisions"}],"wp:featuredmedia":[{"embeddable":true,"href":"https:\/\/shoponlinedz.com\/en\/wp-json\/wp\/v2\/media\/99498"}],"wp:attachment":[{"href":"https:\/\/shoponlinedz.com\/en\/wp-json\/wp\/v2\/media?parent=99492"}],"wp:term":[{"taxonomy":"product_brand","embeddable":true,"href":"https:\/\/shoponlinedz.com\/en\/wp-json\/wp\/v2\/product_brand?post=99492"},{"taxonomy":"product_cat","embeddable":true,"href":"https:\/\/shoponlinedz.com\/en\/wp-json\/wp\/v2\/product_cat?post=99492"},{"taxonomy":"product_tag","embeddable":true,"href":"https:\/\/shoponlinedz.com\/en\/wp-json\/wp\/v2\/product_tag?post=99492"}],"curies":[{"name":"wp","href":"https:\/\/api.w.org\/{rel}","templated":true}]}}