{"id":99480,"date":"2026-04-14T22:10:17","date_gmt":"2026-04-14T21:10:17","guid":{"rendered":"https:\/\/shoponlinedz.com\/?post_type=product&#038;p=99480"},"modified":"2026-04-14T22:10:17","modified_gmt":"2026-04-14T21:10:17","slug":"bassinet-berceau-lit-a-bascule-avec-tapis-2en1-sons-et-vibrations-pour-bebe-%d8%b3%d8%b1%d9%8a%d8%b1-%d8%a3%d8%b7%d9%81%d8%a7%d9%84-%d9%87%d8%b2%d8%a7%d8%b2-%d9%85%d8%b9-%d8%ad%d8%b5%d9%8a%d8%b1","status":"publish","type":"product","link":"https:\/\/shoponlinedz.com\/en\/product\/bassinet-berceau-lit-a-bascule-avec-tapis-2en1-sons-et-vibrations-pour-bebe-%d8%b3%d8%b1%d9%8a%d8%b1-%d8%a3%d8%b7%d9%81%d8%a7%d9%84-%d9%87%d8%b2%d8%a7%d8%b2-%d9%85%d8%b9-%d8%ad%d8%b5%d9%8a%d8%b1\/","title":{"rendered":"Bassinet Berceau, Lit \u00e0 bascule avec tapis 2en1, sons et vibrations pour B\u00e9b\u00e9 &#8211; \u0633\u0631\u064a\u0631 \u0623\u0637\u0641\u0627\u0644 \u0647\u0632\u0627\u0632 \u0645\u0639 \u062d\u0635\u064a\u0631\u0629"},"content":{"rendered":"<h3 dir=\"rtl\"><\/h3>\n<figure class=\"attachment attachment--preview\" data-trix-attachment=\"{&quot;contentType&quot;:&quot;image&quot;,&quot;height&quot;:800,&quot;url&quot;:&quot;https:\/\/pub-bfdc1913c5ba4512972387b8d080956f.r2.dev\/products\/images\/1775993714729_wgbnjw4k_5247sd.png&quot;,&quot;width&quot;:800}\" data-trix-content-type=\"image\"><img decoding=\"async\" src=\"https:\/\/pub-bfdc1913c5ba4512972387b8d080956f.r2.dev\/products\/images\/1775993714729_wgbnjw4k_5247sd.png\" width=\"800\" height=\"800\" \/><figcaption class=\"attachment__caption\"><\/figcaption><\/figure>\n<figure class=\"attachment attachment--preview\" data-trix-attachment=\"{&quot;contentType&quot;:&quot;image&quot;,&quot;height&quot;:800,&quot;url&quot;:&quot;https:\/\/pub-bfdc1913c5ba4512972387b8d080956f.r2.dev\/products\/images\/1775993714731_4ev0ak6w_ert87er2t1.png&quot;,&quot;width&quot;:800}\" data-trix-content-type=\"image\"><img decoding=\"async\" src=\"https:\/\/pub-bfdc1913c5ba4512972387b8d080956f.r2.dev\/products\/images\/1775993714731_4ev0ak6w_ert87er2t1.png\" width=\"800\" height=\"800\" \/><figcaption class=\"attachment__caption\"><\/figcaption><\/figure>\n<figure class=\"attachment attachment--preview\" data-trix-attachment=\"{&quot;contentType&quot;:&quot;image&quot;,&quot;height&quot;:800,&quot;url&quot;:&quot;https:\/\/pub-bfdc1913c5ba4512972387b8d080956f.r2.dev\/products\/images\/1775993714737_4mbvhpes_sdfsdf--q.png&quot;,&quot;width&quot;:800}\" data-trix-content-type=\"image\"><img decoding=\"async\" src=\"https:\/\/pub-bfdc1913c5ba4512972387b8d080956f.r2.dev\/products\/images\/1775993714737_4mbvhpes_sdfsdf--q.png\" width=\"800\" height=\"800\" \/><figcaption class=\"attachment__caption\"><\/figcaption><\/figure>\n<figure class=\"attachment attachment--preview\" data-trix-attachment=\"{&quot;contentType&quot;:&quot;image&quot;,&quot;height&quot;:800,&quot;url&quot;:&quot;https:\/\/pub-bfdc1913c5ba4512972387b8d080956f.r2.dev\/products\/images\/1775993713535_536ktr88_54se7f.png&quot;,&quot;width&quot;:800}\" data-trix-content-type=\"image\"><img decoding=\"async\" src=\"https:\/\/pub-bfdc1913c5ba4512972387b8d080956f.r2.dev\/products\/images\/1775993713535_536ktr88_54se7f.png\" width=\"800\" height=\"800\" \/><figcaption class=\"attachment__caption\"><\/figcaption><\/figure>\n<figure class=\"attachment attachment--preview\" data-trix-attachment=\"{&quot;contentType&quot;:&quot;image&quot;,&quot;height&quot;:800,&quot;url&quot;:&quot;https:\/\/pub-bfdc1913c5ba4512972387b8d080956f.r2.dev\/products\/images\/1775993712999_0qf3p5uw_241ze5rsd5fg4.png&quot;,&quot;width&quot;:800}\" data-trix-content-type=\"image\"><img decoding=\"async\" src=\"https:\/\/pub-bfdc1913c5ba4512972387b8d080956f.r2.dev\/products\/images\/1775993712999_0qf3p5uw_241ze5rsd5fg4.png\" width=\"800\" height=\"800\" \/><figcaption class=\"attachment__caption\"><\/figcaption><\/figure>\n<figure class=\"attachment attachment--preview\" data-trix-attachment=\"{&quot;contentType&quot;:&quot;image&quot;,&quot;height&quot;:800,&quot;url&quot;:&quot;https:\/\/pub-bfdc1913c5ba4512972387b8d080956f.r2.dev\/products\/images\/1775993716025_rumyrg0y_t-l-chargement.png&quot;,&quot;width&quot;:800}\" data-trix-content-type=\"image\"><img decoding=\"async\" src=\"https:\/\/pub-bfdc1913c5ba4512972387b8d080956f.r2.dev\/products\/images\/1775993716025_rumyrg0y_t-l-chargement.png\" width=\"800\" height=\"800\" \/><figcaption class=\"attachment__caption\"><\/figcaption><\/figure>\n<figure class=\"attachment attachment--preview\" data-trix-attachment=\"{&quot;contentType&quot;:&quot;image&quot;,&quot;height&quot;:800,&quot;url&quot;:&quot;https:\/\/pub-bfdc1913c5ba4512972387b8d080956f.r2.dev\/products\/images\/1775993713587_5igxlbq1_54d5f8g7.png&quot;,&quot;width&quot;:800}\" data-trix-content-type=\"image\"><img decoding=\"async\" src=\"https:\/\/pub-bfdc1913c5ba4512972387b8d080956f.r2.dev\/products\/images\/1775993713587_5igxlbq1_54d5f8g7.png\" width=\"800\" height=\"800\" \/><\/figure>","protected":false},"excerpt":{"rendered":"<p dir=\"rtl\">\ud83c\udf38\u00a0<strong>\u0631\u0627\u062d\u0629 \u0637\u0641\u0644\u0643\u2026 \u0641\u064a \u0623\u064a \u0648\u0642\u062a \u0648\u0623\u064a \u0645\u0643\u0627\u0646!<\/strong>\u00a0\ud83c\udf38<br \/>\n\ud83d\udc76\u00a0<strong>\u0633\u0631\u064a\u0631 \u0623\u0637\u0641\u0627\u0644 \u0647\u0632\u0627\u0632 2 \u0641\u064a 1 \u0645\u0639 \u0628\u0633\u0627\u0637 + \u0623\u0635\u0648\u0627\u062a \u0648\u0627\u0647\u062a\u0632\u0627\u0632\u0627\u062a \u0645\u0647\u062f\u0651\u0626\u0629<\/strong><\/p>\n<p dir=\"rtl\">\u0627\u0645\u0646\u062d\u064a \u0637\u0641\u0644\u0643 \u0646\u0648\u0645\u064b\u0627 \u0647\u0627\u062f\u0626\u064b\u0627 \u0648\u062a\u062c\u0631\u0628\u0629 \u0644\u0639\u0628 \u0645\u0645\u062a\u0639\u0629 \u0641\u064a \u0646\u0641\u0633 \u0627\u0644\u0648\u0642\u062a \ud83d\udc96<br \/>\n\u0645\u0646\u062a\u062c \u0630\u0643\u064a \u064a\u062c\u0645\u0639 \u0628\u064a\u0646 \u0627\u0644\u0631\u0627\u062d\u0629\u060c \u0627\u0644\u0623\u0645\u0627\u0646 \u0648\u0627\u0644\u062a\u0631\u0641\u064a\u0647 \u0641\u064a \u062a\u0635\u0645\u064a\u0645 \u0648\u0627\u062d\u062f \u0639\u0645\u0644\u064a!<\/p>\n<p dir=\"rtl\">\u2728\u00a0<strong>3 \u0648\u0638\u0627\u0626\u0641 \u0641\u064a \u0645\u0646\u062a\u062c \u0648\u0627\u062d\u062f:<\/strong><br \/>\n\ud83d\udecf\ufe0f \u0633\u0631\u064a\u0631 \u0645\u0631\u064a\u062d \u0644\u0644\u0646\u0648\u0645<br \/>\n\ud83c\udfa0 \u0647\u0632\u0627\u0632 \u0644\u0644\u0627\u0633\u062a\u0631\u062e\u0627\u0621<br \/>\n\ud83e\uddf8 \u0628\u0633\u0627\u0637 \u0645\u0631\u064a\u062d \u0644\u0644\u0639\u0628 \u0639\u0644\u0649 \u0627\u0644\u0623\u0631\u0636<\/p>\n<p dir=\"rtl\">\ud83c\udf19\u00a0<strong>\u0646\u0648\u0645 \u0647\u0627\u062f\u0626 \u0628\u062f\u0648\u0646 \u0625\u0632\u0639\u0627\u062c<\/strong><br \/>\n\u0645\u0632\u0648\u0651\u062f \u0628\u0623\u0635\u0648\u0627\u062a \u0645\u0647\u062f\u0651\u0626\u0629 \u0648\u0627\u0647\u062a\u0632\u0627\u0632\u0627\u062a \u062e\u0641\u064a\u0641\u0629 \u062a\u0633\u0627\u0639\u062f \u0637\u0641\u0644\u0643 \u0639\u0644\u0649 \u0627\u0644\u0646\u0648\u0645 \u0628\u0633\u0631\u0639\u0629 \u0648\u0631\u0627\u062d\u0629 \ud83d\ude34<\/p>\n<p dir=\"rtl\">\ud83d\udee1\ufe0f\u00a0<strong>\u062d\u0645\u0627\u064a\u0629 \u0643\u0627\u0645\u0644\u0629 \u0644\u0637\u0641\u0644\u0643<\/strong><br \/>\n\u063a\u0637\u0627\u0621 \u0639\u0644\u0648\u064a \u0628\u0633\u062d\u0627\u0628 + \u0646\u0627\u0645\u0648\u0633\u064a\u0629 \u0645\u0632\u062f\u0648\u062c\u0629 \u062a\u0645\u0646\u0639 \u0627\u0644\u062d\u0634\u0631\u0627\u062a \u0648\u062a\u062d\u0645\u064a \u0637\u0641\u0644\u0643 \u0641\u064a \u0627\u0644\u062f\u0627\u062e\u0644 \u0648\u0627\u0644\u062e\u0627\u0631\u062c \ud83c\udf3f<\/p>\n<p dir=\"rtl\">\ud83c\udf2c\ufe0f\u00a0<strong>\u062a\u0647\u0648\u064a\u0629 \u0645\u062b\u0627\u0644\u064a\u0629 \u0637\u0648\u0627\u0644 \u0627\u0644\u0648\u0642\u062a<\/strong><br \/>\n\u062c\u0648\u0627\u0646\u0628 \u0634\u0628\u0643\u064a\u0629 \u062a\u0633\u0645\u062d \u0628\u0645\u0631\u0648\u0631 \u0627\u0644\u0647\u0648\u0627\u0621 \u0644\u0644\u062d\u0641\u0627\u0638 \u0639\u0644\u0649 \u0631\u0627\u062d\u0629 \u0637\u0641\u0644\u0643<\/p>\n<p dir=\"rtl\">\ud83c\udfb6\u00a0<strong>\u062a\u0633\u0644\u064a\u0629 \u0648\u062a\u0646\u0645\u064a\u0629 \u0627\u0644\u062d\u0648\u0627\u0633<\/strong><br \/>\n\u0642\u0648\u0633 \u0623\u0644\u0639\u0627\u0628 \u0642\u0627\u0628\u0644 \u0644\u0644\u0625\u0632\u0627\u0644\u0629 \u0645\u0639 \u062f\u0645\u0649 \u0644\u0637\u064a\u0641\u0629 (\u0623\u0633\u062f \ud83e\udd81 \u0648\u0632\u0631\u0627\u0641\u0629 \ud83e\udd92) \u0644\u062a\u062d\u0641\u064a\u0632 \u062d\u0648\u0627\u0633 \u0627\u0644\u0637\u0641\u0644 \u0648\u062a\u0648\u0641\u064a\u0631 \u0645\u062a\u0639\u0629 \u0645\u0633\u062a\u0645\u0631\u0629<\/p>\n<p dir=\"rtl\">\ud83d\udd04\u00a0<strong>\u062a\u062d\u0648\u064a\u0644 \u0633\u0647\u0644 \u0648\u0633\u0631\u064a\u0639<\/strong><br \/>\n\u064a\u0645\u0643\u0646\u0643 \u062a\u062d\u0648\u064a\u0644\u0647 \u0645\u0646 \u0647\u0632\u0627\u0632 \u0625\u0644\u0649 \u0633\u0631\u064a\u0631 \u062b\u0627\u0628\u062a \u0628\u0633\u0647\u0648\u0644\u0629 \u0639\u0628\u0631 \u0641\u062a\u062d \u0627\u0644\u0623\u0631\u062c\u0644 \u2014 \u0623\u0645\u0627\u0646 \u0648\u062b\u0628\u0627\u062a \u0639\u0627\u0644\u064a \ud83d\udd12<\/p>\n<p dir=\"rtl\">\ud83e\uddf8\u00a0<strong>\u062a\u0635\u0645\u064a\u0645 \u0639\u0645\u0644\u064a \u0648\u0630\u0643\u064a<\/strong><br \/>\n\u2714\ufe0f \u0645\u0633\u0627\u062d\u0629 \u062a\u062e\u0632\u064a\u0646 \u0633\u0641\u0644\u064a\u0629 \u0644\u0623\u063a\u0631\u0627\u0636 \u0627\u0644\u0637\u0641\u0644<br \/>\n\u2714\ufe0f \u062e\u0641\u064a\u0641 \u0648\u0633\u0647\u0644 \u0627\u0644\u062d\u0645\u0644 \u0648\u0627\u0644\u062a\u0646\u0642\u0644<br \/>\n\u2714\ufe0f \u064a\u064f\u0637\u0648\u0649 \u0628\u0633\u0647\u0648\u0644\u0629 \u0644\u064a\u0635\u0628\u062d \u0635\u063a\u064a\u0631 \u0627\u0644\u062d\u062c\u0645 \u0648\u0645\u062b\u0627\u0644\u064a \u0644\u0644\u0633\u0641\u0631<\/p>\n<p dir=\"rtl\">\ud83c\udf1e\u00a0<strong>\u0645\u062b\u0627\u0644\u064a \u062f\u0627\u062e\u0644 \u0648\u062e\u0627\u0631\u062c \u0627\u0644\u0645\u0646\u0632\u0644<\/strong><br \/>\n\u0627\u0644\u0645\u0638\u0644\u0629 \u0627\u0644\u0645\u0632\u062f\u0648\u062c\u0629 \u062a\u062d\u0645\u064a \u0637\u0641\u0644\u0643 \u0645\u0646 \u0627\u0644\u0634\u0645\u0633\u060c \u0644\u064a\u0628\u0642\u0649 \u0645\u0631\u062a\u0627\u062d\u064b\u0627 \u0623\u064a\u0646\u0645\u0627 \u0643\u0646\u062a\u0650 \u2600\ufe0f<\/p>\n<p dir=\"rtl\">\ud83d\udccf\u00a0<strong>\u0627\u0644\u0645\u0648\u0627\u0635\u0641\u0627\u062a:<\/strong><br \/>\n\u2714\ufe0f \u0627\u0644\u0623\u0628\u0639\u0627\u062f: 85 \u00d7 70 \u00d7 50 \u0633\u0645<br \/>\n\u2714\ufe0f \u064a\u0639\u0645\u0644 \u0628\u0627\u0644\u0628\u0637\u0627\u0631\u064a\u0629 (\u063a\u064a\u0631 \u0645\u0631\u0641\u0642\u0629)<br \/>\n\u2714\ufe0f \u0644\u0648\u0646 \u0648\u0631\u062f\u064a \u062c\u0630\u0627\u0628 \u064a\u0646\u0627\u0633\u0628 \u063a\u0631\u0641\u0629 \u0627\u0644\u0637\u0641\u0644<br \/>\n\u2714\ufe0f \u0645\u0648\u0627\u062f \u0639\u0627\u0644\u064a\u0629 \u0627\u0644\u062c\u0648\u062f\u0629 + \u0647\u064a\u0643\u0644 \u0645\u062a\u064a\u0646 \u0648\u0622\u0645\u0646<\/p>\n<p dir=\"rtl\">\ud83d\udd25\u00a0<strong>\u0644\u0645\u0627\u0630\u0627 \u0647\u0630\u0627 \u0627\u0644\u0645\u0646\u062a\u062c \u0647\u0648 \u0627\u0644\u062e\u064a\u0627\u0631 \u0627\u0644\u0623\u0641\u0636\u0644\u061f<\/strong><br \/>\n\u2714\ufe0f \u0631\u0627\u062d\u0629 + \u0644\u0639\u0628 + \u0623\u0645\u0627\u0646 \u0641\u064a \u0645\u0646\u062a\u062c \u0648\u0627\u062d\u062f<br \/>\n\u2714\ufe0f \u0645\u0646\u0627\u0633\u0628 \u0645\u0646\u0630 \u0627\u0644\u0648\u0644\u0627\u062f\u0629<br \/>\n\u2714\ufe0f \u062a\u0635\u0645\u064a\u0645 \u0645\u062f\u0645\u062c \u0644\u0627 \u064a\u0623\u062e\u0630 \u0645\u0633\u0627\u062d\u0629<br \/>\n\u2714\ufe0f \u0645\u062b\u0627\u0644\u064a \u0644\u0644\u0627\u0633\u062a\u062e\u062f\u0627\u0645 \u0627\u0644\u064a\u0648\u0645\u064a \u0623\u0648 \u0623\u062b\u0646\u0627\u0621 \u0627\u0644\u0633\u0641\u0631<\/p>","protected":false},"featured_media":99485,"comment_status":"open","ping_status":"closed","template":"","meta":[],"product_brand":[],"product_cat":[2467],"product_tag":[],"class_list":{"0":"post-99480","1":"product","2":"type-product","3":"status-publish","4":"has-post-thumbnail","6":"product_cat-maternite","8":"first","9":"instock","10":"taxable","11":"shipping-taxable","12":"purchasable","13":"product-type-simple"},"jetpack_sharing_enabled":true,"_links":{"self":[{"href":"https:\/\/shoponlinedz.com\/en\/wp-json\/wp\/v2\/product\/99480","targetHints":{"allow":["GET"]}}],"collection":[{"href":"https:\/\/shoponlinedz.com\/en\/wp-json\/wp\/v2\/product"}],"about":[{"href":"https:\/\/shoponlinedz.com\/en\/wp-json\/wp\/v2\/types\/product"}],"replies":[{"embeddable":true,"href":"https:\/\/shoponlinedz.com\/en\/wp-json\/wp\/v2\/comments?post=99480"}],"version-history":[{"count":0,"href":"https:\/\/shoponlinedz.com\/en\/wp-json\/wp\/v2\/product\/99480\/revisions"}],"wp:featuredmedia":[{"embeddable":true,"href":"https:\/\/shoponlinedz.com\/en\/wp-json\/wp\/v2\/media\/99485"}],"wp:attachment":[{"href":"https:\/\/shoponlinedz.com\/en\/wp-json\/wp\/v2\/media?parent=99480"}],"wp:term":[{"taxonomy":"product_brand","embeddable":true,"href":"https:\/\/shoponlinedz.com\/en\/wp-json\/wp\/v2\/product_brand?post=99480"},{"taxonomy":"product_cat","embeddable":true,"href":"https:\/\/shoponlinedz.com\/en\/wp-json\/wp\/v2\/product_cat?post=99480"},{"taxonomy":"product_tag","embeddable":true,"href":"https:\/\/shoponlinedz.com\/en\/wp-json\/wp\/v2\/product_tag?post=99480"}],"curies":[{"name":"wp","href":"https:\/\/api.w.org\/{rel}","templated":true}]}}