{"id":99133,"date":"2026-04-08T22:19:49","date_gmt":"2026-04-08T21:19:49","guid":{"rendered":"https:\/\/shoponlinedz.com\/?post_type=product&#038;p=99133"},"modified":"2026-04-11T22:43:39","modified_gmt":"2026-04-11T21:43:39","slug":"oreiller-cervical-dappui-tete-de-voiture-en-mousse-a-memoire-de-forme-%d9%88%d8%b3%d8%a7%d8%af%d8%a9-%d8%b9%d9%86%d9%82-%d9%81%d9%8a-%d8%a7%d9%84%d8%b3%d9%8a%d8%a7%d8%b1%d8%a9","status":"publish","type":"product","link":"https:\/\/shoponlinedz.com\/en\/product\/oreiller-cervical-dappui-tete-de-voiture-en-mousse-a-memoire-de-forme-%d9%88%d8%b3%d8%a7%d8%af%d8%a9-%d8%b9%d9%86%d9%82-%d9%81%d9%8a-%d8%a7%d9%84%d8%b3%d9%8a%d8%a7%d8%b1%d8%a9\/","title":{"rendered":"Oreiller cervical d&#8217;appui-t\u00eate de voiture en mousse \u00e0 m\u00e9moire de forme &#8211; \u0648\u0633\u0627\u062f\u0629 \u0639\u0646\u0642 \u0641\u064a \u0627\u0644\u0633\u064a\u0627\u0631\u0629"},"content":{"rendered":"<p>&nbsp;<\/p>\n<figure class=\"attachment attachment--preview\" data-trix-attachment=\"{&quot;contentType&quot;:&quot;image&quot;,&quot;height&quot;:1500,&quot;url&quot;:&quot;https:\/\/pub-bfdc1913c5ba4512972387b8d080956f.r2.dev\/products\/images\/1775638646135_ia5bmbic_71-vdbym92l._ac_sl1500_.jpg&quot;,&quot;width&quot;:1500}\" data-trix-content-type=\"image\"><img decoding=\"async\" src=\"https:\/\/pub-bfdc1913c5ba4512972387b8d080956f.r2.dev\/products\/images\/1775638646135_ia5bmbic_71-vdbym92l._ac_sl1500_.jpg\" width=\"1500\" height=\"1500\" \/><figcaption class=\"attachment__caption\"><\/figcaption><\/figure>\n<figure class=\"attachment attachment--preview\" data-trix-attachment=\"{&quot;contentType&quot;:&quot;image&quot;,&quot;height&quot;:1500,&quot;url&quot;:&quot;https:\/\/pub-bfdc1913c5ba4512972387b8d080956f.r2.dev\/products\/images\/1775638647109_d0456zhl_71euzqqlsfl._ac_sl1500_.jpg&quot;,&quot;width&quot;:1500}\" data-trix-content-type=\"image\"><img decoding=\"async\" src=\"https:\/\/pub-bfdc1913c5ba4512972387b8d080956f.r2.dev\/products\/images\/1775638647109_d0456zhl_71euzqqlsfl._ac_sl1500_.jpg\" width=\"1500\" height=\"1500\" \/><figcaption class=\"attachment__caption\"><\/figcaption><\/figure>\n<figure class=\"attachment attachment--preview\" data-trix-attachment=\"{&quot;contentType&quot;:&quot;image&quot;,&quot;height&quot;:1441,&quot;url&quot;:&quot;https:\/\/pub-bfdc1913c5ba4512972387b8d080956f.r2.dev\/products\/images\/1775638647225_tcersvye_71uwa7y9yal._ac_sl1500_.jpg&quot;,&quot;width&quot;:1500}\" data-trix-content-type=\"image\"><img decoding=\"async\" src=\"https:\/\/pub-bfdc1913c5ba4512972387b8d080956f.r2.dev\/products\/images\/1775638647225_tcersvye_71uwa7y9yal._ac_sl1500_.jpg\" width=\"1500\" height=\"1441\" \/><figcaption class=\"attachment__caption\"><\/figcaption><\/figure>\n<figure class=\"attachment attachment--preview\" data-trix-attachment=\"{&quot;contentType&quot;:&quot;image&quot;,&quot;height&quot;:1500,&quot;url&quot;:&quot;https:\/\/pub-bfdc1913c5ba4512972387b8d080956f.r2.dev\/products\/images\/1775638648359_ubcj2iyg_71w0hzwxzbl._ac_sl1500_.jpg&quot;,&quot;width&quot;:1500}\" data-trix-content-type=\"image\"><img decoding=\"async\" src=\"https:\/\/pub-bfdc1913c5ba4512972387b8d080956f.r2.dev\/products\/images\/1775638648359_ubcj2iyg_71w0hzwxzbl._ac_sl1500_.jpg\" width=\"1500\" height=\"1500\" \/><figcaption class=\"attachment__caption\"><\/figcaption><\/figure>\n<figure class=\"attachment attachment--preview\" data-trix-attachment=\"{&quot;contentType&quot;:&quot;image&quot;,&quot;height&quot;:1500,&quot;url&quot;:&quot;https:\/\/pub-bfdc1913c5ba4512972387b8d080956f.r2.dev\/products\/images\/1775638648363_0h56c6r1_81f4ozf1v8l._ac_sl1500_.jpg&quot;,&quot;width&quot;:1500}\" data-trix-content-type=\"image\"><img decoding=\"async\" src=\"https:\/\/pub-bfdc1913c5ba4512972387b8d080956f.r2.dev\/products\/images\/1775638648363_0h56c6r1_81f4ozf1v8l._ac_sl1500_.jpg\" width=\"1500\" height=\"1500\" \/><figcaption class=\"attachment__caption\"><\/figcaption><\/figure>\n<figure class=\"attachment attachment--preview\" data-trix-attachment=\"{&quot;contentType&quot;:&quot;image&quot;,&quot;height&quot;:1500,&quot;url&quot;:&quot;https:\/\/pub-bfdc1913c5ba4512972387b8d080956f.r2.dev\/products\/images\/1775638648364_qjeh1ab8_81o6sglncul._ac_sl1500_.jpg&quot;,&quot;width&quot;:1500}\" data-trix-content-type=\"image\"><img decoding=\"async\" src=\"https:\/\/pub-bfdc1913c5ba4512972387b8d080956f.r2.dev\/products\/images\/1775638648364_qjeh1ab8_81o6sglncul._ac_sl1500_.jpg\" width=\"1500\" height=\"1500\" \/><figcaption class=\"attachment__caption\"><\/figcaption><\/figure>","protected":false},"excerpt":{"rendered":"<ul dir=\"rtl\">\n<li><strong>\u062d\u0645\u0627\u064a\u0629 &#8220;\u0633\u064a\u0631\u0641\u064a\u0643\u0627\u0644&#8221; \u0627\u0644\u0645\u062a\u0643\u0627\u0645\u0644\u0629:<\/strong> \u064a\u062f\u0639\u0645 \u0628\u0641\u0639\u0627\u0644\u064a\u0629 \u0627\u0644\u0631\u0623\u0633 \u0648\u0627\u0644\u0639\u0646\u0642 \u0648\u0627\u0644\u0623\u0643\u062a\u0627\u0641\u060c \u0645\u0645\u0627 \u064a\u0633\u0627\u0639\u062f \u0641\u064a \u0627\u0644\u062d\u0641\u0627\u0638 \u0639\u0644\u0649 \u0627\u0644\u0634\u0643\u0644 \u0627\u0644\u0637\u0628\u064a\u0639\u064a \u0644\u0644\u0641\u0642\u0631\u0627\u062a \u0627\u0644\u0639\u0646\u0642\u064a\u0629 \u0648\u064a\u0632\u064a\u062f \u0645\u0646 \u0645\u0633\u062a\u0648\u0649 \u0627\u0644\u0623\u0645\u0627\u0646 \u0648\u0627\u0644\u0631\u0627\u062d\u0629 \u0623\u062b\u0646\u0627\u0621 \u0627\u0644\u0642\u064a\u0627\u062f\u0629.<\/li>\n<li><strong>\u0631\u063a\u0648\u0629 \u0627\u0644\u0630\u0627\u0643\u0631\u0629 (Memory Foam) \u0627\u0644\u0641\u0627\u062e\u0631\u0629:<\/strong> \u062d\u0634\u0648\u0629 \u062f\u0627\u062e\u0644\u064a\u0629 \u0645\u062a\u0637\u0648\u0631\u0629 \u062a\u0648\u0641\u0631 \u0631\u0627\u062d\u0629 \u0627\u0633\u062a\u062b\u0646\u0627\u0626\u064a\u0629 \u0645\u0639 \u0645\u064a\u0632\u0629 \u0627\u0644\u0627\u0631\u062a\u062f\u0627\u062f \u0627\u0644\u0628\u0637\u064a\u0621 (Slow Rebounce)\u060c \u0645\u0645\u0627 \u064a\u0636\u0645\u0646 \u0639\u062f\u0645 \u062a\u0634\u0648\u0647 \u0627\u0644\u0645\u0633\u0646\u062f \u062d\u062a\u0649 \u0645\u0639 \u0627\u0644\u0627\u0633\u062a\u062e\u062f\u0627\u0645 \u0627\u0644\u064a\u0648\u0645\u064a \u0627\u0644\u0645\u0643\u062b\u0641.<\/li>\n<li><strong>\u063a\u0637\u0627\u0621 &#8220;\u0623\u0648\u0644-\u0633\u064a\u0632\u0648\u0646\u0632&#8221; (All-Seasons):<\/strong> \u0645\u0635\u0646\u0648\u0639 \u0645\u0646 \u0646\u0633\u064a\u062c \u0645\u0633\u0627\u0645\u064a \u064a\u0633\u0645\u062d \u0628\u0645\u0631\u0648\u0631 \u0627\u0644\u0647\u0648\u0627\u0621\u060c \u0645\u0645\u0627 \u064a\u062c\u0639\u0644\u0647 \u0645\u0631\u064a\u062d\u0627\u064b \u0648\u0628\u0627\u0631\u062f\u0627\u064b \u0641\u064a \u0627\u0644\u0635\u064a\u0641 \u0648\u062f\u0627\u0641\u0626\u0627\u064b \u0641\u064a \u0627\u0644\u0634\u062a\u0627\u0621\u060c \u0644\u064a\u0646\u0627\u0633\u0628 \u0645\u0646\u0627\u062e \u0627\u0644\u062c\u0632\u0627\u0626\u0631 \u0627\u0644\u0645\u062a\u063a\u064a\u0631.<\/li>\n<li><strong>\u0646\u0638\u0627\u0645 &#8220;\u0625\u064a\u0632\u064a-\u0648\u0627\u0634&#8221; \u0644\u0644\u062a\u0646\u0638\u064a\u0641:<\/strong> \u0645\u0632\u0648\u062f \u0628\u0633\u062d\u0627\u0628 (\u0633\u0646\u0633\u0644\u0629) \u062e\u0644\u0641\u064a \u0645\u062e\u0641\u064a \u064a\u062a\u064a\u062d \u0644\u0643 \u0641\u0643 \u0627\u0644\u063a\u0637\u0627\u0621 \u0627\u0644\u062e\u0627\u0631\u062c\u064a \u0648\u063a\u0633\u0644\u0647 \u0628\u0633\u0647\u0648\u0644\u0629 \u0644\u0644\u062d\u0641\u0627\u0638 \u0639\u0644\u0649 \u0646\u0638\u0627\u0641\u0629 \u0648\u0627\u0646\u062a\u0639\u0627\u0634 \u0633\u064a\u0627\u0631\u062a\u0643 \u062f\u0627\u0626\u0645\u0627\u064b.<\/li>\n<li><strong>\u062a\u0648\u0627\u0641\u0642 &#8220;\u064a\u0648\u0646\u064a\u0641\u0631\u0633\u0627\u0644&#8221; \u0634\u0627\u0645\u0644:<\/strong> \u062d\u0632\u0627\u0645 \u0645\u0637\u0627\u0637\u064a \u0645\u0632\u0648\u062f \u0628\u0645\u0634\u0628\u0643 (Buckle) \u0642\u0627\u0628\u0644 \u0644\u0644\u062a\u0639\u062f\u064a\u0644 \u064a\u0636\u0645\u0646 \u062b\u0628\u0627\u062a \u0627\u0644\u0645\u0633\u0646\u062f \u0639\u0644\u0649 \u0645\u0639\u0638\u0645 \u0623\u0646\u0648\u0627\u0639 \u0645\u0642\u0627\u0639\u062f \u0627\u0644\u0633\u064a\u0627\u0631\u0627\u062a \u0648\u0627\u0644\u0634\u0627\u062d\u0646\u0627\u062a \u062f\u0648\u0646 \u0627\u0646\u0632\u0644\u0627\u0642.<\/li>\n<li><strong>\u0645\u062a\u0639\u062f\u062f \u0627\u0644\u0627\u0633\u062a\u062e\u062f\u0627\u0645\u0627\u062a:<\/strong> \u0644\u0627 \u064a\u0642\u062a\u0635\u0631 \u0627\u0633\u062a\u062e\u062f\u0627\u0645\u0647 \u0639\u0644\u0649 \u0627\u0644\u0633\u064a\u0627\u0631\u0629 \u0641\u0642\u0637\u060c \u0628\u0644 \u0647\u0648 \u0631\u0641\u064a\u0642 \u0645\u062b\u0627\u0644\u064a \u0644\u0644\u0643\u0631\u0627\u0633\u064a \u0627\u0644\u0645\u0643\u062a\u0628\u064a\u0629 \u0644\u062a\u062c\u0646\u0628 \u0622\u0644\u0627\u0645 \u0627\u0644\u0631\u0642\u0628\u0629 \u0623\u062b\u0646\u0627\u0621 \u0627\u0644\u0639\u0645\u0644 \u0627\u0644\u0637\u0648\u064a\u0644.<\/li>\n<\/ul>\n<h3 dir=\"rtl\"><strong>\u0627\u0644\u0645\u0648\u0627\u0635\u0641\u0627\u062a \u0627\u0644\u062a\u0642\u0646\u064a\u0629:<\/strong><\/h3>\n<ul dir=\"rtl\">\n<li><strong>\u0627\u0644\u062d\u0634\u0648\u0629:<\/strong> \u0631\u063a\u0648\u0629 \u0627\u0644\u0630\u0627\u0643\u0631\u0629 (Memory Foam) \u0639\u0627\u0644\u064a\u0629 \u0627\u0644\u0643\u062b\u0627\u0641\u0629.<\/li>\n<li><strong>\u0627\u0644\u063a\u0637\u0627\u0621:<\/strong> \u0646\u0633\u064a\u062c \u0645\u0633\u0627\u0645\u064a (Breathable Fabric) \u0642\u0627\u0628\u0644 \u0644\u0644\u0625\u0632\u0627\u0644\u0629.<\/li>\n<li><strong>\u0627\u0644\u0623\u0645\u0627\u0646:<\/strong> \u062d\u0632\u0627\u0645 \u062a\u062b\u0628\u064a\u062a \u0642\u0627\u0628\u0644 \u0644\u0644\u062a\u0639\u062f\u064a\u0644 \u0648\u0645\u0634\u0628\u0643 \u0642\u0648\u064a.<\/li>\n<li><strong>\u0627\u0644\u062a\u0635\u0645\u064a\u0645:<\/strong> \u0625\u0631\u063a\u0648\u0646\u0648\u0645\u064a\u0643 \u064a\u062f\u0639\u0645 \u0627\u0644\u0641\u0642\u0631\u0627\u062a \u0648\u0627\u0644\u0623\u0643\u062a\u0627\u0641.<\/li>\n<li><strong>\u0627\u0644\u0639\u0646\u0627\u064a\u0629:<\/strong> \u0627\u0644\u063a\u0637\u0627\u0621 \u0642\u0627\u0628\u0644 \u0644\u0644\u063a\u0633\u0644 (\u0644\u0627 \u062a\u063a\u0633\u0644 \u0627\u0644\u0631\u063a\u0648\u0629 \u0627\u0644\u062f\u0627\u062e\u0644\u064a\u0629).<\/li>\n<\/ul>","protected":false},"featured_media":99135,"comment_status":"open","ping_status":"closed","template":"","meta":[],"product_brand":[],"product_cat":[2458],"product_tag":[],"class_list":{"0":"post-99133","1":"product","2":"type-product","3":"status-publish","4":"has-post-thumbnail","6":"product_cat-accessoires-auto-moto","8":"first","9":"instock","10":"taxable","11":"shipping-taxable","12":"purchasable","13":"product-type-simple"},"jetpack_sharing_enabled":true,"_links":{"self":[{"href":"https:\/\/shoponlinedz.com\/en\/wp-json\/wp\/v2\/product\/99133","targetHints":{"allow":["GET"]}}],"collection":[{"href":"https:\/\/shoponlinedz.com\/en\/wp-json\/wp\/v2\/product"}],"about":[{"href":"https:\/\/shoponlinedz.com\/en\/wp-json\/wp\/v2\/types\/product"}],"replies":[{"embeddable":true,"href":"https:\/\/shoponlinedz.com\/en\/wp-json\/wp\/v2\/comments?post=99133"}],"version-history":[{"count":0,"href":"https:\/\/shoponlinedz.com\/en\/wp-json\/wp\/v2\/product\/99133\/revisions"}],"wp:featuredmedia":[{"embeddable":true,"href":"https:\/\/shoponlinedz.com\/en\/wp-json\/wp\/v2\/media\/99135"}],"wp:attachment":[{"href":"https:\/\/shoponlinedz.com\/en\/wp-json\/wp\/v2\/media?parent=99133"}],"wp:term":[{"taxonomy":"product_brand","embeddable":true,"href":"https:\/\/shoponlinedz.com\/en\/wp-json\/wp\/v2\/product_brand?post=99133"},{"taxonomy":"product_cat","embeddable":true,"href":"https:\/\/shoponlinedz.com\/en\/wp-json\/wp\/v2\/product_cat?post=99133"},{"taxonomy":"product_tag","embeddable":true,"href":"https:\/\/shoponlinedz.com\/en\/wp-json\/wp\/v2\/product_tag?post=99133"}],"curies":[{"name":"wp","href":"https:\/\/api.w.org\/{rel}","templated":true}]}}