{"id":98856,"date":"2026-04-04T21:30:10","date_gmt":"2026-04-04T20:30:10","guid":{"rendered":"https:\/\/shoponlinedz.com\/?post_type=product&#038;p=98856"},"modified":"2026-04-11T22:22:12","modified_gmt":"2026-04-11T21:22:12","slug":"lampe-de-chevet-meduse-a-degrade-rgb-avec-tentacules-animes-%d9%85%d8%b5%d8%a8%d8%a7%d8%ad-%d9%82%d9%86%d8%af%d9%8a%d9%84-%d8%a7%d9%84%d8%a8%d8%ad%d8%b1","status":"publish","type":"product","link":"https:\/\/shoponlinedz.com\/en\/product\/lampe-de-chevet-meduse-a-degrade-rgb-avec-tentacules-animes-%d9%85%d8%b5%d8%a8%d8%a7%d8%ad-%d9%82%d9%86%d8%af%d9%8a%d9%84-%d8%a7%d9%84%d8%a8%d8%ad%d8%b1\/","title":{"rendered":"Lampe de chevet m\u00e9duse \u00e0 d\u00e9grad\u00e9 RGB avec tentacules anim\u00e9s &#8211; \u0645\u0635\u0628\u0627\u062d \u0642\u0646\u062f\u064a\u0644 \u0627\u0644\u0628\u062d\u0631"},"content":{"rendered":"<figure class=\"attachment attachment--preview\" data-trix-attachment=\"{&quot;contentType&quot;:&quot;image&quot;,&quot;height&quot;:1000,&quot;url&quot;:&quot;https:\/\/pub-bfdc1913c5ba4512972387b8d080956f.r2.dev\/products\/images\/1775135117268_b9o1ayts_s-l1600--15-.webp&quot;,&quot;width&quot;:1000}\" data-trix-content-type=\"image\"><img decoding=\"async\" src=\"https:\/\/pub-bfdc1913c5ba4512972387b8d080956f.r2.dev\/products\/images\/1775135117268_b9o1ayts_s-l1600--15-.webp\" width=\"1000\" height=\"1000\" \/><figcaption class=\"attachment__caption\"><\/figcaption><\/figure>\n<figure class=\"attachment attachment--preview\" data-trix-attachment=\"{&quot;contentType&quot;:&quot;image&quot;,&quot;height&quot;:1280,&quot;url&quot;:&quot;https:\/\/pub-bfdc1913c5ba4512972387b8d080956f.r2.dev\/products\/images\/1775135117357_3sewu23e_71najp1lqfl._sl1280_.jpg&quot;,&quot;width&quot;:1280}\" data-trix-content-type=\"image\"><img decoding=\"async\" src=\"https:\/\/pub-bfdc1913c5ba4512972387b8d080956f.r2.dev\/products\/images\/1775135117357_3sewu23e_71najp1lqfl._sl1280_.jpg\" width=\"1280\" height=\"1280\" \/><figcaption class=\"attachment__caption\"><\/figcaption><\/figure>\n<figure class=\"attachment attachment--preview\" data-trix-attachment=\"{&quot;contentType&quot;:&quot;image&quot;,&quot;height&quot;:1272,&quot;url&quot;:&quot;https:\/\/pub-bfdc1913c5ba4512972387b8d080956f.r2.dev\/products\/images\/1775135117321_6j2tlsu0_61gnfkuexcl._sl1280_.jpg&quot;,&quot;width&quot;:1280}\" data-trix-content-type=\"image\"><img decoding=\"async\" src=\"https:\/\/pub-bfdc1913c5ba4512972387b8d080956f.r2.dev\/products\/images\/1775135117321_6j2tlsu0_61gnfkuexcl._sl1280_.jpg\" width=\"1280\" height=\"1272\" \/><figcaption class=\"attachment__caption\"><\/figcaption><\/figure>\n<figure class=\"attachment attachment--preview\" data-trix-attachment=\"{&quot;contentType&quot;:&quot;image&quot;,&quot;height&quot;:1500,&quot;url&quot;:&quot;https:\/\/pub-bfdc1913c5ba4512972387b8d080956f.r2.dev\/products\/images\/1775135121468_t3gghsed_71s0au7zqnl._ac_sl1500_.jpg&quot;,&quot;width&quot;:1500}\" data-trix-content-type=\"image\"><img decoding=\"async\" src=\"https:\/\/pub-bfdc1913c5ba4512972387b8d080956f.r2.dev\/products\/images\/1775135121468_t3gghsed_71s0au7zqnl._ac_sl1500_.jpg\" width=\"1500\" height=\"1500\" \/><figcaption class=\"attachment__caption\"><\/figcaption><\/figure>\n<figure class=\"attachment attachment--preview\" data-trix-attachment=\"{&quot;contentType&quot;:&quot;image&quot;,&quot;height&quot;:1500,&quot;url&quot;:&quot;https:\/\/pub-bfdc1913c5ba4512972387b8d080956f.r2.dev\/products\/images\/1775135121653_90uvdam8_710vd0svuil._ac_sl1500_.jpg&quot;,&quot;width&quot;:1500}\" data-trix-content-type=\"image\"><img decoding=\"async\" src=\"https:\/\/pub-bfdc1913c5ba4512972387b8d080956f.r2.dev\/products\/images\/1775135121653_90uvdam8_710vd0svuil._ac_sl1500_.jpg\" width=\"1500\" height=\"1500\" \/><figcaption class=\"attachment__caption\"><\/figcaption><\/figure>\n<figure class=\"attachment attachment--preview\" data-trix-attachment=\"{&quot;contentType&quot;:&quot;image&quot;,&quot;height&quot;:1500,&quot;url&quot;:&quot;https:\/\/pub-bfdc1913c5ba4512972387b8d080956f.r2.dev\/products\/images\/1775135121679_maqbcm1t_71pl7weg1bl._ac_sl1500_.jpg&quot;,&quot;width&quot;:1500}\" data-trix-content-type=\"image\"><img decoding=\"async\" src=\"https:\/\/pub-bfdc1913c5ba4512972387b8d080956f.r2.dev\/products\/images\/1775135121679_maqbcm1t_71pl7weg1bl._ac_sl1500_.jpg\" width=\"1500\" height=\"1500\" \/><figcaption class=\"attachment__caption\"><\/figcaption><\/figure>\n<figure class=\"attachment attachment--preview\" data-trix-attachment=\"{&quot;contentType&quot;:&quot;image&quot;,&quot;height&quot;:1500,&quot;url&quot;:&quot;https:\/\/pub-bfdc1913c5ba4512972387b8d080956f.r2.dev\/products\/images\/1775135134498_3117wa2l_81zjzbqdohl._ac_sl1500_.jpg&quot;,&quot;width&quot;:1500}\" data-trix-content-type=\"image\"><img decoding=\"async\" src=\"https:\/\/pub-bfdc1913c5ba4512972387b8d080956f.r2.dev\/products\/images\/1775135134498_3117wa2l_81zjzbqdohl._ac_sl1500_.jpg\" width=\"1500\" height=\"1500\" \/><figcaption class=\"attachment__caption\"><\/figcaption><\/figure>\n<figure class=\"attachment attachment--preview\" data-trix-attachment=\"{&quot;contentType&quot;:&quot;image&quot;,&quot;height&quot;:1500,&quot;url&quot;:&quot;https:\/\/pub-bfdc1913c5ba4512972387b8d080956f.r2.dev\/products\/images\/1775135134602_9joxtx2b_71ejrwttokl._ac_sl1500_.jpg&quot;,&quot;width&quot;:1500}\" data-trix-content-type=\"image\"><img decoding=\"async\" src=\"https:\/\/pub-bfdc1913c5ba4512972387b8d080956f.r2.dev\/products\/images\/1775135134602_9joxtx2b_71ejrwttokl._ac_sl1500_.jpg\" width=\"1500\" height=\"1500\" \/><figcaption class=\"attachment__caption\"><\/figcaption><\/figure>\n<figure class=\"attachment attachment--preview\" data-trix-attachment=\"{&quot;contentType&quot;:&quot;image&quot;,&quot;height&quot;:1500,&quot;url&quot;:&quot;https:\/\/pub-bfdc1913c5ba4512972387b8d080956f.r2.dev\/products\/images\/1775135134548_kh8smapd_71n8i-6ylhl._ac_sl1500_.jpg&quot;,&quot;width&quot;:1500}\" data-trix-content-type=\"image\"><img decoding=\"async\" src=\"https:\/\/pub-bfdc1913c5ba4512972387b8d080956f.r2.dev\/products\/images\/1775135134548_kh8smapd_71n8i-6ylhl._ac_sl1500_.jpg\" width=\"1500\" height=\"1500\" \/><figcaption class=\"attachment__caption\"><\/figcaption><\/figure>\n<figure class=\"attachment attachment--preview\" data-trix-attachment=\"{&quot;contentType&quot;:&quot;image&quot;,&quot;height&quot;:1471,&quot;url&quot;:&quot;https:\/\/pub-bfdc1913c5ba4512972387b8d080956f.r2.dev\/products\/images\/1775135144221_xfeec4z1_61to729k-cl._ac_sl1500_.jpg&quot;,&quot;width&quot;:1455}\" data-trix-content-type=\"image\"><img decoding=\"async\" src=\"https:\/\/pub-bfdc1913c5ba4512972387b8d080956f.r2.dev\/products\/images\/1775135144221_xfeec4z1_61to729k-cl._ac_sl1500_.jpg\" width=\"1455\" height=\"1471\" \/><figcaption class=\"attachment__caption\"><\/figcaption><\/figure>","protected":false},"excerpt":{"rendered":"<ul dir=\"rtl\">\n<li><strong>\u062a\u0643\u0646\u0648\u0644\u0648\u062c\u064a\u0627 &#8220;\u062f\u064a\u0646\u0627\u0645\u064a\u0643-\u0645\u0648\u0641\u0645\u0646\u062a&#8221;:<\/strong>\u00a0\u064a\u062a\u0645\u064a\u0632 \u0628\u0640 9 \u0623\u0637\u0631\u0627\u0641 \u0645\u0631\u0646\u0629 \u062a\u062f\u0648\u0631 \u0628\u0630\u0643\u0627\u0621 \u0644\u062a\u062d\u0627\u0643\u064a \u062a\u0645\u0627\u064a\u0644 \u0642\u0646\u062f\u064a\u0644 \u0627\u0644\u0628\u062d\u0631 \u0641\u064a \u0627\u0644\u0645\u062d\u064a\u0637\u060c \u0645\u0645\u0627 \u064a\u0648\u0641\u0631 \u062a\u062c\u0631\u0628\u0629 \u0628\u0635\u0631\u064a\u0629 \u0645\u0631\u064a\u062d\u0629 \u0644\u0644\u0623\u0639\u0635\u0627\u0628 \u062a\u0633\u0627\u0639\u062f \u0639\u0644\u0649 \u0627\u0644\u0627\u0633\u062a\u0631\u062e\u0627\u0621.<\/li>\n<li><strong>\u0627\u0644\u0648\u0636\u0639 \u0627\u0644\u062b\u0646\u0627\u0626\u064a \u0627\u0644\u0645\u0628\u062a\u0643\u0631 (Dual-Mode):<\/strong>\n<ul>\n<li><strong>\u0627\u0644\u0648\u0636\u0639 \u0627\u0644\u062a\u0644\u0642\u0627\u0626\u064a:<\/strong>\u00a0\u0644\u062d\u0631\u0643\u0629 \u0645\u0633\u062a\u0645\u0631\u0629 \u0648\u0647\u0627\u062f\u0626\u0629 \u0645\u062b\u0627\u0644\u064a\u0629 \u0644\u0644\u0646\u0648\u0645 \u0623\u0648 \u0627\u0644\u0642\u0631\u0627\u0621\u0629.<\/li>\n<li><strong>\u0648\u0636\u0639 \u0627\u0644\u0645\u0648\u0633\u064a\u0642\u0649:<\/strong>\u00a0\u062d\u064a\u062b &#8220;\u064a\u0631\u0642\u0635&#8221; \u0627\u0644\u0645\u0635\u0628\u0627\u062d \u0648\u062a\u062a\u063a\u064a\u0631 \u0623\u0644\u0648\u0627\u0646\u0647 \u062a\u0632\u0627\u0645\u0646\u0627\u064b \u0645\u0639 \u0627\u0644\u0623\u0635\u0648\u0627\u062a \u0627\u0644\u0645\u062d\u064a\u0637\u0629\u060c \u0645\u0645\u0627 \u064a\u062c\u0639\u0644\u0647 \u0646\u062c\u0645 \u0627\u0644\u062c\u0644\u0633\u0627\u062a \u0648\u0627\u0644\u062d\u0641\u0644\u0627\u062a.<\/li>\n<\/ul>\n<\/li>\n<li><strong>\u0637\u0627\u0642\u0629 &#8220;\u062a\u0634\u0627\u0631\u062c\u064a\u0628\u0644&#8221; \u0645\u0631\u0646\u0629:<\/strong>\u00a0\u0645\u0632\u0648\u062f \u0628\u0628\u0637\u0627\u0631\u064a\u0629 \u0644\u064a\u062b\u064a\u0648\u0645\u00a0<strong>1000mAh<\/strong>\u00a0\u0648\u0634\u062d\u0646 \u0633\u0631\u064a\u0639 \u0639\u0628\u0631 \u0645\u0646\u0641\u0630\u00a0<strong>Type-C<\/strong>\u061b \u064a\u0634\u062d\u0646 \u0641\u064a 1.5 \u0633\u0627\u0639\u0629 \u0641\u0642\u0637 \u0644\u064a\u0639\u0637\u064a\u0643 3 \u0633\u0627\u0639\u0627\u062a \u0645\u0646 \u0627\u0644\u0633\u062d\u0631 \u0627\u0644\u0645\u062a\u0648\u0627\u0635\u0644 \u0628\u062f\u0648\u0646 \u0623\u0633\u0644\u0627\u0643.<\/li>\n<li><strong>\u0625\u0636\u0627\u0621\u0629 \u062d\u0633\u064a\u0629 &#8220;\u0633\u064a\u0646\u0633\u0648\u0631\u064a&#8221; (Sensory Light):<\/strong>\u00a0\u0623\u0644\u0648\u0627\u0646 LED \u0645\u0628\u0647\u0631\u0629 \u0648\u0645\u062a\u063a\u064a\u0631\u0629 \u062a\u0633\u0627\u0647\u0645 \u0641\u064a \u062a\u062d\u0633\u064a\u0646 \u0627\u0644\u062d\u0627\u0644\u0629 \u0627\u0644\u0645\u0632\u0627\u062c\u064a\u0629 \u0648\u062a\u0648\u0641\u064a\u0631 \u0625\u0636\u0627\u0621\u0629 \u0645\u062d\u064a\u0637\u064a\u0629 (Mood Lamp) \u062f\u0627\u0641\u0626\u0629 \u0648\u0645\u0631\u064a\u062d\u0629 \u0644\u0644\u0639\u064a\u0646.<\/li>\n<li><strong>\u062a\u0635\u0645\u064a\u0645 &#8220;\u0633\u064a\u0641-\u0625\u064a\u062f\u062c&#8221; \u0648\u0622\u0645\u0646:<\/strong>\u00a0\u0645\u0635\u0645\u0645 \u0628\u062d\u0648\u0627\u0641 \u0646\u0627\u0639\u0645\u0629 \u0648\u0645\u0648\u0627\u062f \u0622\u0645\u0646\u0629 \u062a\u0645\u0627\u0645\u0627\u064b \u0644\u0644\u0623\u0637\u0641\u0627\u0644\u060c \u0648\u064a\u0645\u0643\u0646 \u0627\u0633\u062a\u062e\u062f\u0627\u0645\u0647 \u0643\u0645\u0635\u0628\u0627\u062d \u0637\u0627\u0648\u0644\u0629 \u0623\u0648 \u062a\u0639\u0644\u064a\u0642\u0647 \u0644\u064a\u0636\u0641\u064a \u0644\u0645\u0633\u0629 \u0641\u0646\u064a\u0629 \u0641\u0631\u064a\u062f\u0629 \u0639\u0644\u0649 \u0627\u0644\u0645\u0643\u0627\u0646.<\/li>\n<li><strong>\u0627\u0633\u062a\u062e\u062f\u0627\u0645\u0627\u062a &#8220;\u0645\u0627\u0644\u062a\u064a-\u0628\u0644\u064a\u0633&#8221;:<\/strong>\u00a0\u0628\u0641\u0636\u0644 \u062e\u0641\u062a\u0647 \u0648\u0634\u062d\u0646\u0647\u060c \u064a\u0639\u062a\u0628\u0631 \u0645\u062b\u0627\u0644\u064a\u0627\u064b \u0644\u063a\u0631\u0641 \u0627\u0644\u0646\u0648\u0645\u060c \u0627\u0644\u0645\u0643\u0627\u062a\u0628\u060c \u0631\u062d\u0644\u0627\u062a \u0627\u0644\u062a\u062e\u064a\u064a\u0645\u060c \u0623\u0648 \u062d\u062a\u0649 \u0643\u062f\u064a\u0643\u0648\u0631 \u0644\u0640 &#8220;\u0645\u062d\u0644\u0627\u062a \u0627\u0644\u0634\u0627\u064a&#8221; \u0648\u0627\u0644\u0645\u0642\u0627\u0647\u064a \u0627\u0644\u0634\u0628\u0627\u0628\u064a\u0629.<\/li>\n<\/ul>\n<h3 dir=\"rtl\"><strong>\u0627\u0644\u0645\u0648\u0627\u0635\u0641\u0627\u062a \u0627\u0644\u062a\u0642\u0646\u064a\u0629:<\/strong><\/h3>\n<ul dir=\"rtl\">\n<li><strong>\u0627\u0644\u0628\u0637\u0627\u0631\u064a\u0629:<\/strong>\u00a01000mAh (\u0644\u064a\u062b\u064a\u0648\u0645 \u0642\u0627\u0628\u0644\u0629 \u0644\u0644\u0634\u062d\u0646).<\/li>\n<li><strong>\u0645\u0646\u0641\u0630 \u0627\u0644\u0634\u062d\u0646:<\/strong>\u00a0Type-C (\u0634\u062d\u0646 \u0633\u0631\u064a\u0639).<\/li>\n<li><strong>\u0648\u0642\u062a \u0627\u0644\u0634\u062d\u0646\/\u0627\u0644\u0639\u0645\u0644:<\/strong>\u00a01.5 \u0633\u0627\u0639\u0629 \u0634\u062d\u0646 \/ 3 \u0633\u0627\u0639\u0627\u062a \u0639\u0645\u0644.<\/li>\n<li><strong>\u0639\u062f\u062f \u0627\u0644\u0645\u062c\u0633\u0627\u062a:<\/strong>\u00a09 \u0645\u062c\u0633\u0627\u062a \u0645\u062a\u062d\u0631\u0643\u0629.<\/li>\n<li><strong>\u0627\u0644\u0623\u0646\u0645\u0627\u0637:<\/strong>\u00a0\u0648\u0636\u0639 \u062a\u0644\u0642\u0627\u0626\u064a + \u0648\u0636\u0639 \u062a\u0641\u0627\u0639\u0644 \u0645\u0639 \u0627\u0644\u0635\u0648\u062a.<\/li>\n<li><strong>\u0627\u0644\u0627\u0633\u062a\u062e\u062f\u0627\u0645:<\/strong>\u00a0\u0625\u0636\u0627\u0621\u0629 \u0644\u064a\u0644\u064a\u0629\u060c \u062f\u064a\u0643\u0648\u0631 \u062a\u0641\u0627\u0639\u0644\u064a\u060c \u0648\u0647\u062f\u0627\u064a\u0627.<\/li>\n<\/ul>","protected":false},"featured_media":98862,"comment_status":"open","ping_status":"closed","template":"","meta":[],"product_brand":[],"product_cat":[2460],"product_tag":[],"class_list":{"0":"post-98856","1":"product","2":"type-product","3":"status-publish","4":"has-post-thumbnail","6":"product_cat-decoration","8":"first","9":"instock","10":"taxable","11":"shipping-taxable","12":"purchasable","13":"product-type-simple"},"jetpack_sharing_enabled":true,"_links":{"self":[{"href":"https:\/\/shoponlinedz.com\/en\/wp-json\/wp\/v2\/product\/98856","targetHints":{"allow":["GET"]}}],"collection":[{"href":"https:\/\/shoponlinedz.com\/en\/wp-json\/wp\/v2\/product"}],"about":[{"href":"https:\/\/shoponlinedz.com\/en\/wp-json\/wp\/v2\/types\/product"}],"replies":[{"embeddable":true,"href":"https:\/\/shoponlinedz.com\/en\/wp-json\/wp\/v2\/comments?post=98856"}],"version-history":[{"count":0,"href":"https:\/\/shoponlinedz.com\/en\/wp-json\/wp\/v2\/product\/98856\/revisions"}],"wp:featuredmedia":[{"embeddable":true,"href":"https:\/\/shoponlinedz.com\/en\/wp-json\/wp\/v2\/media\/98862"}],"wp:attachment":[{"href":"https:\/\/shoponlinedz.com\/en\/wp-json\/wp\/v2\/media?parent=98856"}],"wp:term":[{"taxonomy":"product_brand","embeddable":true,"href":"https:\/\/shoponlinedz.com\/en\/wp-json\/wp\/v2\/product_brand?post=98856"},{"taxonomy":"product_cat","embeddable":true,"href":"https:\/\/shoponlinedz.com\/en\/wp-json\/wp\/v2\/product_cat?post=98856"},{"taxonomy":"product_tag","embeddable":true,"href":"https:\/\/shoponlinedz.com\/en\/wp-json\/wp\/v2\/product_tag?post=98856"}],"curies":[{"name":"wp","href":"https:\/\/api.w.org\/{rel}","templated":true}]}}