{"id":98702,"date":"2026-04-03T19:16:20","date_gmt":"2026-04-03T18:16:20","guid":{"rendered":"https:\/\/shoponlinedz.com\/?post_type=product&#038;p=98702"},"modified":"2026-04-11T22:05:04","modified_gmt":"2026-04-11T21:05:04","slug":"chargeur-de-voiture-a-3-ports-avec-cable-de-charge-3-en-1-integre-lightning-type-c-micro-usb-%d8%b4%d8%a7%d8%ad%d9%86-%d8%b3%d9%8a%d8%a7%d8%b1%d8%a9","status":"publish","type":"product","link":"https:\/\/shoponlinedz.com\/en\/product\/chargeur-de-voiture-a-3-ports-avec-cable-de-charge-3-en-1-integre-lightning-type-c-micro-usb-%d8%b4%d8%a7%d8%ad%d9%86-%d8%b3%d9%8a%d8%a7%d8%b1%d8%a9\/","title":{"rendered":"Chargeur de voiture \u00e0 3 ports avec c\u00e2ble de charge 3 en 1 int\u00e9gr\u00e9 (Lightning\/Type-C\/Micro USB) &#8211; \u0634\u0627\u062d\u0646 \u0633\u064a\u0627\u0631\u0629"},"content":{"rendered":"<h3 dir=\"rtl\"><\/h3>\n<figure class=\"attachment attachment--preview\" data-trix-attachment=\"{&quot;contentType&quot;:&quot;image&quot;,&quot;height&quot;:1500,&quot;url&quot;:&quot;https:\/\/pub-bfdc1913c5ba4512972387b8d080956f.r2.dev\/products\/images\/1775036738207_zi5w7vlt_71bxf2vezvl._sl1500_.jpg&quot;,&quot;width&quot;:1500}\" data-trix-content-type=\"image\"><img decoding=\"async\" src=\"https:\/\/pub-bfdc1913c5ba4512972387b8d080956f.r2.dev\/products\/images\/1775036738207_zi5w7vlt_71bxf2vezvl._sl1500_.jpg\" width=\"1500\" height=\"1500\" \/><figcaption class=\"attachment__caption\"><\/figcaption><\/figure>\n<figure class=\"attachment attachment--preview\" data-trix-attachment=\"{&quot;contentType&quot;:&quot;image&quot;,&quot;height&quot;:1500,&quot;url&quot;:&quot;https:\/\/pub-bfdc1913c5ba4512972387b8d080956f.r2.dev\/products\/images\/1775036739023_r79pvhdf_71dqw5fv2hl._sl1500_.jpg&quot;,&quot;width&quot;:1500}\" data-trix-content-type=\"image\"><img decoding=\"async\" src=\"https:\/\/pub-bfdc1913c5ba4512972387b8d080956f.r2.dev\/products\/images\/1775036739023_r79pvhdf_71dqw5fv2hl._sl1500_.jpg\" width=\"1500\" height=\"1500\" \/><figcaption class=\"attachment__caption\"><\/figcaption><\/figure>\n<figure class=\"attachment attachment--preview\" data-trix-attachment=\"{&quot;contentType&quot;:&quot;image&quot;,&quot;height&quot;:1500,&quot;url&quot;:&quot;https:\/\/pub-bfdc1913c5ba4512972387b8d080956f.r2.dev\/products\/images\/1775036739030_78h9iqec_71d-sq3yg9l._sl1500_.jpg&quot;,&quot;width&quot;:1500}\" data-trix-content-type=\"image\"><img decoding=\"async\" src=\"https:\/\/pub-bfdc1913c5ba4512972387b8d080956f.r2.dev\/products\/images\/1775036739030_78h9iqec_71d-sq3yg9l._sl1500_.jpg\" width=\"1500\" height=\"1500\" \/><figcaption class=\"attachment__caption\"><\/figcaption><\/figure>\n<figure class=\"attachment attachment--preview\" data-trix-attachment=\"{&quot;contentType&quot;:&quot;image&quot;,&quot;height&quot;:1500,&quot;url&quot;:&quot;https:\/\/pub-bfdc1913c5ba4512972387b8d080956f.r2.dev\/products\/images\/1775036740871_z77ke37f_71bktazelrl._sl1500_.jpg&quot;,&quot;width&quot;:1500}\" data-trix-content-type=\"image\"><img decoding=\"async\" src=\"https:\/\/pub-bfdc1913c5ba4512972387b8d080956f.r2.dev\/products\/images\/1775036740871_z77ke37f_71bktazelrl._sl1500_.jpg\" width=\"1500\" height=\"1500\" \/><figcaption class=\"attachment__caption\"><\/figcaption><\/figure>\n<figure class=\"attachment attachment--preview\" data-trix-attachment=\"{&quot;contentType&quot;:&quot;image&quot;,&quot;height&quot;:1500,&quot;url&quot;:&quot;https:\/\/pub-bfdc1913c5ba4512972387b8d080956f.r2.dev\/products\/images\/1775036740945_h4tn0af0_61qjpzb6eil._sl1500_.jpg&quot;,&quot;width&quot;:1500}\" data-trix-content-type=\"image\"><img decoding=\"async\" src=\"https:\/\/pub-bfdc1913c5ba4512972387b8d080956f.r2.dev\/products\/images\/1775036740945_h4tn0af0_61qjpzb6eil._sl1500_.jpg\" width=\"1500\" height=\"1500\" \/><figcaption class=\"attachment__caption\"><\/figcaption><\/figure>\n<figure class=\"attachment attachment--preview\" data-trix-attachment=\"{&quot;contentType&quot;:&quot;image&quot;,&quot;height&quot;:1500,&quot;url&quot;:&quot;https:\/\/pub-bfdc1913c5ba4512972387b8d080956f.r2.dev\/products\/images\/1775036740887_slz50a2a_61w7xfmjxgl._sl1500_.jpg&quot;,&quot;width&quot;:1500}\" data-trix-content-type=\"image\"><img decoding=\"async\" src=\"https:\/\/pub-bfdc1913c5ba4512972387b8d080956f.r2.dev\/products\/images\/1775036740887_slz50a2a_61w7xfmjxgl._sl1500_.jpg\" width=\"1500\" height=\"1500\" \/><figcaption class=\"attachment__caption\"><\/figcaption><\/figure>\n<figure class=\"attachment attachment--preview\" data-trix-attachment=\"{&quot;contentType&quot;:&quot;image&quot;,&quot;height&quot;:1500,&quot;url&quot;:&quot;https:\/\/pub-bfdc1913c5ba4512972387b8d080956f.r2.dev\/products\/images\/1775036742558_hzj3rn17_71kxbcvlfdl._sl1500_.jpg&quot;,&quot;width&quot;:1500}\" data-trix-content-type=\"image\"><img decoding=\"async\" src=\"https:\/\/pub-bfdc1913c5ba4512972387b8d080956f.r2.dev\/products\/images\/1775036742558_hzj3rn17_71kxbcvlfdl._sl1500_.jpg\" width=\"1500\" height=\"1500\" \/><figcaption class=\"attachment__caption\"><\/figcaption><\/figure>\n<figure class=\"attachment attachment--preview\" data-trix-attachment=\"{&quot;contentType&quot;:&quot;image&quot;,&quot;height&quot;:1500,&quot;url&quot;:&quot;https:\/\/pub-bfdc1913c5ba4512972387b8d080956f.r2.dev\/products\/images\/1775036742555_gmm9nxz6_71vqtl30uil._sl1500_.jpg&quot;,&quot;width&quot;:1500}\" data-trix-content-type=\"image\"><img decoding=\"async\" src=\"https:\/\/pub-bfdc1913c5ba4512972387b8d080956f.r2.dev\/products\/images\/1775036742555_gmm9nxz6_71vqtl30uil._sl1500_.jpg\" width=\"1500\" height=\"1500\" \/><figcaption class=\"attachment__caption\"><\/figcaption><\/figure>\n<figure class=\"attachment attachment--preview\" data-trix-attachment=\"{&quot;contentType&quot;:&quot;image&quot;,&quot;height&quot;:1500,&quot;url&quot;:&quot;https:\/\/pub-bfdc1913c5ba4512972387b8d080956f.r2.dev\/products\/images\/1775036742553_m7mmdfi8_71ijtn-dqrl._sl1500_.jpg&quot;,&quot;width&quot;:1500}\" data-trix-content-type=\"image\"><img decoding=\"async\" src=\"https:\/\/pub-bfdc1913c5ba4512972387b8d080956f.r2.dev\/products\/images\/1775036742553_m7mmdfi8_71ijtn-dqrl._sl1500_.jpg\" width=\"1500\" height=\"1500\" \/><figcaption class=\"attachment__caption\"><\/figcaption><\/figure>\n<figure class=\"attachment attachment--preview\" data-trix-attachment=\"{&quot;contentType&quot;:&quot;image&quot;,&quot;height&quot;:1500,&quot;url&quot;:&quot;https:\/\/pub-bfdc1913c5ba4512972387b8d080956f.r2.dev\/products\/images\/1775036744583_09algceq_car-48w-cnc.jpg&quot;,&quot;width&quot;:1500}\" data-trix-content-type=\"image\"><img decoding=\"async\" src=\"https:\/\/pub-bfdc1913c5ba4512972387b8d080956f.r2.dev\/products\/images\/1775036744583_09algceq_car-48w-cnc.jpg\" width=\"1500\" height=\"1500\" \/><figcaption class=\"attachment__caption\"><\/figcaption><\/figure>\n<figure class=\"attachment attachment--preview\" data-trix-attachment=\"{&quot;contentType&quot;:&quot;image&quot;,&quot;height&quot;:1500,&quot;url&quot;:&quot;https:\/\/pub-bfdc1913c5ba4512972387b8d080956f.r2.dev\/products\/images\/1775036744568_cxdqfnuc_716kzzi9lzl._sl1500_.jpg&quot;,&quot;width&quot;:1500}\" data-trix-content-type=\"image\"><img decoding=\"async\" src=\"https:\/\/pub-bfdc1913c5ba4512972387b8d080956f.r2.dev\/products\/images\/1775036744568_cxdqfnuc_716kzzi9lzl._sl1500_.jpg\" width=\"1500\" height=\"1500\" \/><figcaption class=\"attachment__caption\"><\/figcaption><\/figure>\n<figure class=\"attachment attachment--preview\" data-trix-attachment=\"{&quot;contentType&quot;:&quot;image&quot;,&quot;height&quot;:1500,&quot;url&quot;:&quot;https:\/\/pub-bfdc1913c5ba4512972387b8d080956f.r2.dev\/products\/images\/1775036744593_hktghxpk_61lwobiozsl._sl1500_.jpg&quot;,&quot;width&quot;:1500}\" data-trix-content-type=\"image\"><img decoding=\"async\" src=\"https:\/\/pub-bfdc1913c5ba4512972387b8d080956f.r2.dev\/products\/images\/1775036744593_hktghxpk_61lwobiozsl._sl1500_.jpg\" width=\"1500\" height=\"1500\" \/><figcaption class=\"attachment__caption\"><\/figcaption><\/figure>","protected":false},"excerpt":{"rendered":"<ul dir=\"rtl\">\n<li><strong>\u062b\u0644\u0627\u062b\u064a \u0627\u0644\u0645\u0646\u0627\u0641\u0630 &#8220;\u0647\u0627\u064a-\u0633\u0628\u064a\u062f&#8221;:<\/strong>\u00a0\u064a\u062d\u062a\u0648\u064a \u0639\u0644\u0649 \u0645\u0646\u0641\u0630\u00a0<strong>Type-C (PD)<\/strong>\u00a0\u0641\u0627\u0626\u0642 \u0627\u0644\u0633\u0631\u0639\u0629 \u0648\u0645\u0646\u0641\u0630\u064a\u0646\u00a0<strong>USB-A<\/strong>\u00a0\u0628\u0642\u0648\u0629 3.1 \u0623\u0645\u0628\u064a\u0631 \u0644\u0643\u0644 \u0645\u0646\u0647\u0645\u0627\u060c \u0645\u0645\u0627 \u064a\u062a\u064a\u062d \u0634\u062d\u0646 3 \u0623\u062c\u0647\u0632\u0629 (\u0647\u0627\u062a\u0641\u060c \u062a\u0627\u0628\u0644\u062a\u060c \u0648\u0643\u0627\u0645\u064a\u0631\u0627 \u0633\u064a\u0627\u0631\u0629) \u0641\u064a \u0646\u0641\u0633 \u0627\u0644\u0648\u0642\u062a \u062f\u0648\u0646 \u0636\u0639\u0641 \u0641\u064a \u0627\u0644\u0623\u062f\u0627\u0621.<\/li>\n<li><strong>\u0642\u0648\u0629 \u062c\u0628\u0627\u0631\u0629 48 \u0648\u0627\u0637:<\/strong>\u00a0\u0628\u0641\u0636\u0644 \u062a\u0643\u0646\u0648\u0644\u0648\u062c\u064a\u0627 \u0627\u0644\u0634\u062d\u0646 \u0627\u0644\u0630\u0643\u064a\u060c \u064a\u0648\u0641\u0631 \u0637\u0627\u0642\u0629 \u0625\u062c\u0645\u0627\u0644\u064a\u0629 \u062a\u0635\u0644 \u0625\u0644\u0649\u00a0<strong>48W<\/strong>\u060c \u0645\u0645\u0627 \u064a\u062c\u0639\u0644\u0647 \u0645\u062a\u0648\u0627\u0641\u0642\u0627\u064b \u062a\u0645\u0627\u0645\u0627\u064b \u0645\u0639 \u0623\u062d\u062f\u062b \u0623\u062c\u0647\u0632\u0629\u00a0<strong>iPhone 17<\/strong>\u00a0\u0648\u0633\u0644\u0633\u0644\u0629\u00a0<strong>Samsung Galaxy<\/strong>\u00a0\u0627\u0644\u062d\u062f\u064a\u062b\u0629.<\/li>\n<li><strong>\u0643\u0627\u0628\u0644 3-\u0641\u064a-1 &#8220;\u064a\u0648\u0646\u064a\u0641\u0631\u0633\u0627\u0644&#8221;:<\/strong>\u00a0\u064a\u0623\u062a\u064a \u0645\u062c\u0627\u0646\u0627\u064b \u0645\u0639 \u0643\u0627\u0628\u0644 \u0645\u062a\u0639\u062f\u062f \u0627\u0644\u0631\u0624\u0648\u0633 (Lightning \u0644\u0644\u0645\u0624\u064a\u0641\u0648\u0646\u060c USB-C \u0644\u0644\u0623\u062c\u0647\u0632\u0629 \u0627\u0644\u062d\u062f\u064a\u062b\u0629\u060c \u0648Micro-USB \u0644\u0644\u0623\u062c\u0647\u0632\u0629 \u0627\u0644\u062a\u0642\u0644\u064a\u062f\u064a\u0629)\u060c \u0644\u064a\u0643\u0648\u0646 \u0627\u0644\u062d\u0644 \u0627\u0644\u0634\u0627\u0645\u0644 \u0644\u0643\u0644 \u0623\u0641\u0631\u0627\u062f \u0627\u0644\u0639\u0627\u0626\u0644\u0629.<\/li>\n<li><strong>\u0625\u0636\u0627\u0621\u0629 RGB \u0627\u0644\u0630\u0643\u064a\u0629:<\/strong>\u00a0\u062d\u0644\u0642\u0629 \u0625\u0636\u0627\u0621\u0629 LED \u0645\u062a\u063a\u064a\u0631\u0629 \u0627\u0644\u0623\u0644\u0648\u0627\u0646 \u062a\u0636\u064a\u0641 \u062c\u0648\u0627\u064b \u062d\u064a\u0648\u064a\u0627\u064b \u0644\u0644\u0633\u064a\u0627\u0631\u0629 \u0648\u062a\u0633\u0627\u0639\u062f\u0643 \u0639\u0644\u0649 \u062a\u0648\u0635\u064a\u0644 \u0627\u0644\u0623\u0633\u0644\u0627\u0643 \u0644\u064a\u0644\u0627\u064b \u0628\u0644\u0645\u062d \u0627\u0644\u0628\u0635\u0631 \u062f\u0648\u0646 \u062a\u0634\u062a\u064a\u062a \u0627\u0646\u062a\u0628\u0627\u0647\u0643 \u0639\u0646 \u0627\u0644\u0637\u0631\u064a\u0642.<\/li>\n<li><strong>\u062a\u0648\u0627\u0641\u0642 \u0645\u0637\u0644\u0642 &#8220;\u0641\u0648\u0644\u062a-\u0645\u0627\u0643\u0633&#8221;:<\/strong>\u00a0\u064a\u0639\u0645\u0644 \u0628\u0643\u0641\u0627\u0621\u0629 \u0639\u0644\u0649 \u0646\u0638\u0627\u0645\u00a0<strong>12V<\/strong>\u00a0(\u0627\u0644\u0633\u064a\u0627\u0631\u0627\u062a \u0627\u0644\u0635\u063a\u064a\u0631\u0629 \u0648\u0627\u0644\u0640 SUV) \u0648\u0646\u0638\u0627\u0645\u00a0<strong>24V<\/strong>\u00a0(\u0627\u0644\u0634\u0627\u062d\u0646\u0627\u062a \u0627\u0644\u0643\u0628\u064a\u0631\u0629 \u0648\u0627\u0644\u0645\u0642\u0637\u0648\u0631\u0627\u062a)\u060c \u0645\u0645\u0627 \u064a\u062c\u0639\u0644\u0647 \u0642\u0637\u0639\u0629 \u0644\u0627 \u063a\u0646\u0649 \u0639\u0646\u0647\u0627 \u0644\u0623\u064a \u0633\u0627\u0626\u0642.<\/li>\n<li><strong>\u062d\u0645\u0627\u064a\u0629 &#8220;\u0633\u064a\u0641-\u062a\u0634\u0627\u0631\u062c&#8221;:<\/strong>\u00a0\u0645\u0632\u0648\u062f \u0628\u062e\u0635\u0627\u0626\u0635 \u0623\u0645\u0627\u0646 \u0645\u062a\u0642\u062f\u0645\u0629 \u0636\u062f \u0627\u0644\u062d\u0631\u0627\u0631\u0629 \u0627\u0644\u0632\u0627\u0626\u062f\u0629\u060c \u0627\u0644\u0634\u062d\u0646 \u0627\u0644\u0632\u0627\u0626\u062f\u060c \u0648\u0627\u0644\u062a\u0645\u0627\u0633 \u0627\u0644\u0643\u0647\u0631\u0628\u0627\u0626\u064a\u060c \u0644\u062d\u0645\u0627\u064a\u0629 \u0628\u0637\u0627\u0631\u064a\u0629 \u0647\u0627\u062a\u0641\u0643 \u0627\u0644\u063a\u0627\u0644\u064a\u0629.<\/li>\n<\/ul>\n<h3 dir=\"rtl\"><strong>\u0627\u0644\u0645\u0648\u0627\u0635\u0641\u0627\u062a \u0627\u0644\u062a\u0642\u0646\u064a\u0629:<\/strong><\/h3>\n<ul dir=\"rtl\">\n<li><strong>\u0625\u062c\u0645\u0627\u0644\u064a \u0627\u0644\u0637\u0627\u0642\u0629:<\/strong>\u00a048 \u0648\u0627\u0637 (48W).<\/li>\n<li><strong>\u0627\u0644\u0645\u0646\u0627\u0641\u0630:<\/strong>\u00a01x Type-C PD + 2x USB-A (3.1A).<\/li>\n<li><strong>\u0627\u0644\u062a\u0642\u0646\u064a\u0627\u062a \u0627\u0644\u0645\u062f\u0639\u0648\u0645\u0629:<\/strong>\u00a0Power Delivery (PD) &amp; Quick Charge (QC).<\/li>\n<li><strong>\u0627\u0644\u0625\u0636\u0627\u0621\u0629:<\/strong>\u00a0LED RGB \u0645\u062a\u063a\u064a\u0631\u0629 \u0627\u0644\u0623\u0644\u0648\u0627\u0646.<\/li>\n<li><strong>\u0627\u0644\u0643\u0627\u0628\u0644 \u0627\u0644\u0645\u062f\u0631\u062c:<\/strong>\u00a03 \u0641\u064a 1 (Lightning, Type-C, Micro-USB).<\/li>\n<li><strong>\u0627\u0644\u062c\u0647\u062f:<\/strong>\u00a0\u0645\u062a\u0648\u0627\u0641\u0642 \u0645\u0639 12 \u0641\u0648\u0644\u062a \u0648 24 \u0641\u0648\u0644\u062a.<\/li>\n<\/ul>","protected":false},"featured_media":98712,"comment_status":"open","ping_status":"closed","template":"","meta":[],"product_brand":[],"product_cat":[2458],"product_tag":[],"class_list":{"0":"post-98702","1":"product","2":"type-product","3":"status-publish","4":"has-post-thumbnail","6":"product_cat-accessoires-auto-moto","8":"first","9":"instock","10":"taxable","11":"shipping-taxable","12":"purchasable","13":"product-type-simple"},"jetpack_sharing_enabled":true,"_links":{"self":[{"href":"https:\/\/shoponlinedz.com\/en\/wp-json\/wp\/v2\/product\/98702","targetHints":{"allow":["GET"]}}],"collection":[{"href":"https:\/\/shoponlinedz.com\/en\/wp-json\/wp\/v2\/product"}],"about":[{"href":"https:\/\/shoponlinedz.com\/en\/wp-json\/wp\/v2\/types\/product"}],"replies":[{"embeddable":true,"href":"https:\/\/shoponlinedz.com\/en\/wp-json\/wp\/v2\/comments?post=98702"}],"version-history":[{"count":0,"href":"https:\/\/shoponlinedz.com\/en\/wp-json\/wp\/v2\/product\/98702\/revisions"}],"wp:featuredmedia":[{"embeddable":true,"href":"https:\/\/shoponlinedz.com\/en\/wp-json\/wp\/v2\/media\/98712"}],"wp:attachment":[{"href":"https:\/\/shoponlinedz.com\/en\/wp-json\/wp\/v2\/media?parent=98702"}],"wp:term":[{"taxonomy":"product_brand","embeddable":true,"href":"https:\/\/shoponlinedz.com\/en\/wp-json\/wp\/v2\/product_brand?post=98702"},{"taxonomy":"product_cat","embeddable":true,"href":"https:\/\/shoponlinedz.com\/en\/wp-json\/wp\/v2\/product_cat?post=98702"},{"taxonomy":"product_tag","embeddable":true,"href":"https:\/\/shoponlinedz.com\/en\/wp-json\/wp\/v2\/product_tag?post=98702"}],"curies":[{"name":"wp","href":"https:\/\/api.w.org\/{rel}","templated":true}]}}