{"id":98149,"date":"2026-03-24T23:52:05","date_gmt":"2026-03-24T22:52:05","guid":{"rendered":"https:\/\/shoponlinedz.com\/?post_type=product&#038;p=98149"},"modified":"2026-04-16T05:28:48","modified_gmt":"2026-04-16T04:28:48","slug":"kit-de-creation-de-contenu-5-en-1-double-eclairage-avec-microphone-haute-definition-%d8%b7%d9%82%d9%85-%d8%b5%d9%86%d8%a7%d8%b9%d8%a9-%d8%a7%d9%84%d9%85%d8%ad%d8%aa%d9%88%d9%89-5-%d9%81%d9%8a-1","status":"publish","type":"product","link":"https:\/\/shoponlinedz.com\/en\/product\/kit-de-creation-de-contenu-5-en-1-double-eclairage-avec-microphone-haute-definition-%d8%b7%d9%82%d9%85-%d8%b5%d9%86%d8%a7%d8%b9%d8%a9-%d8%a7%d9%84%d9%85%d8%ad%d8%aa%d9%88%d9%89-5-%d9%81%d9%8a-1\/","title":{"rendered":"Kit de cr\u00e9ation de contenu 5 en 1 double \u00e9clairage avec microphone haute d\u00e9finition &#8211; \u0637\u0642\u0645 \u0635\u0646\u0627\u0639\u0629 \u0627\u0644\u0645\u062d\u062a\u0648\u0649 5 \u0641\u064a 1"},"content":{"rendered":"<ul dir=\"rtl\">\n<li>\n<figure class=\"attachment attachment--preview\" data-trix-attachment=\"{&quot;contentType&quot;:&quot;image&quot;,&quot;height&quot;:1080,&quot;url&quot;:&quot;https:\/\/pub-bfdc1913c5ba4512972387b8d080956f.r2.dev\/products\/images\/1774358562912_4rswlv8d_pk-778-1.jpg&quot;,&quot;width&quot;:1080}\" data-trix-content-type=\"image\"><img decoding=\"async\" class=\"aligncenter\" src=\"https:\/\/pub-bfdc1913c5ba4512972387b8d080956f.r2.dev\/products\/images\/1774358562912_4rswlv8d_pk-778-1.jpg\" width=\"1080\" height=\"1080\" \/><figcaption class=\"attachment__caption\"><\/figcaption><\/figure>\n<figure class=\"attachment attachment--preview\" data-trix-attachment=\"{&quot;contentType&quot;:&quot;image&quot;,&quot;height&quot;:1080,&quot;url&quot;:&quot;https:\/\/pub-bfdc1913c5ba4512972387b8d080956f.r2.dev\/products\/images\/1774358562026_s3b273pu_pk-778-2.jpg&quot;,&quot;width&quot;:1080}\" data-trix-content-type=\"image\"><img decoding=\"async\" src=\"https:\/\/pub-bfdc1913c5ba4512972387b8d080956f.r2.dev\/products\/images\/1774358562026_s3b273pu_pk-778-2.jpg\" width=\"1080\" height=\"1080\" \/><figcaption class=\"attachment__caption\"><\/figcaption><\/figure>\n<figure class=\"attachment attachment--preview\" data-trix-attachment=\"{&quot;contentType&quot;:&quot;image&quot;,&quot;height&quot;:1080,&quot;url&quot;:&quot;https:\/\/pub-bfdc1913c5ba4512972387b8d080956f.r2.dev\/products\/images\/1774358562028_dawci15z_pk-778-3.jpg&quot;,&quot;width&quot;:1080}\" data-trix-content-type=\"image\"><img decoding=\"async\" src=\"https:\/\/pub-bfdc1913c5ba4512972387b8d080956f.r2.dev\/products\/images\/1774358562028_dawci15z_pk-778-3.jpg\" width=\"1080\" height=\"1080\" \/><figcaption class=\"attachment__caption\"><\/figcaption><\/figure>\n<figure class=\"attachment attachment--preview\" data-trix-attachment=\"{&quot;contentType&quot;:&quot;image&quot;,&quot;height&quot;:1080,&quot;url&quot;:&quot;https:\/\/pub-bfdc1913c5ba4512972387b8d080956f.r2.dev\/products\/images\/1774358564021_jdho6myy_pk-778-4.jpg&quot;,&quot;width&quot;:1080}\" data-trix-content-type=\"image\"><img decoding=\"async\" src=\"https:\/\/pub-bfdc1913c5ba4512972387b8d080956f.r2.dev\/products\/images\/1774358564021_jdho6myy_pk-778-4.jpg\" width=\"1080\" height=\"1080\" \/><figcaption class=\"attachment__caption\"><\/figcaption><\/figure>\n<figure class=\"attachment attachment--preview\" data-trix-attachment=\"{&quot;contentType&quot;:&quot;image&quot;,&quot;height&quot;:1080,&quot;url&quot;:&quot;https:\/\/pub-bfdc1913c5ba4512972387b8d080956f.r2.dev\/products\/images\/1774358563996_vvh9d7qa_pk-778-5.jpg&quot;,&quot;width&quot;:1080}\" data-trix-content-type=\"image\"><img decoding=\"async\" src=\"https:\/\/pub-bfdc1913c5ba4512972387b8d080956f.r2.dev\/products\/images\/1774358563996_vvh9d7qa_pk-778-5.jpg\" width=\"1080\" height=\"1080\" \/><figcaption class=\"attachment__caption\"><\/figcaption><\/figure>\n<figure class=\"attachment attachment--preview\" data-trix-attachment=\"{&quot;contentType&quot;:&quot;image&quot;,&quot;height&quot;:1080,&quot;url&quot;:&quot;https:\/\/pub-bfdc1913c5ba4512972387b8d080956f.r2.dev\/products\/images\/1774358563942_2qqczvbk_pk-778-6.jpg&quot;,&quot;width&quot;:1080}\" data-trix-content-type=\"image\"><img decoding=\"async\" src=\"https:\/\/pub-bfdc1913c5ba4512972387b8d080956f.r2.dev\/products\/images\/1774358563942_2qqczvbk_pk-778-6.jpg\" width=\"1080\" height=\"1080\" \/><figcaption class=\"attachment__caption\"><\/figcaption><\/figure>\n<figure class=\"attachment attachment--preview\" data-trix-attachment=\"{&quot;contentType&quot;:&quot;image&quot;,&quot;height&quot;:1080,&quot;url&quot;:&quot;https:\/\/pub-bfdc1913c5ba4512972387b8d080956f.r2.dev\/products\/images\/1774358565149_zz7kd0oy_pk-778-7.jpg&quot;,&quot;width&quot;:1080}\" data-trix-content-type=\"image\"><img decoding=\"async\" src=\"https:\/\/pub-bfdc1913c5ba4512972387b8d080956f.r2.dev\/products\/images\/1774358565149_zz7kd0oy_pk-778-7.jpg\" width=\"1080\" height=\"1080\" \/><figcaption class=\"attachment__caption\"><\/figcaption><\/figure>\n<figure class=\"attachment attachment--preview\" data-trix-attachment=\"{&quot;contentType&quot;:&quot;image&quot;,&quot;height&quot;:750,&quot;url&quot;:&quot;https:\/\/pub-bfdc1913c5ba4512972387b8d080956f.r2.dev\/products\/images\/1774358565169_3imtmsjz_pk-778-8.webp&quot;,&quot;width&quot;:750}\" data-trix-content-type=\"image\"><img decoding=\"async\" src=\"https:\/\/pub-bfdc1913c5ba4512972387b8d080956f.r2.dev\/products\/images\/1774358565169_3imtmsjz_pk-778-8.webp\" width=\"750\" height=\"750\" \/><figcaption class=\"attachment__caption\"><\/figcaption><\/figure>\n<figure class=\"attachment attachment--preview\" data-trix-attachment=\"{&quot;contentType&quot;:&quot;image&quot;,&quot;height&quot;:750,&quot;url&quot;:&quot;https:\/\/pub-bfdc1913c5ba4512972387b8d080956f.r2.dev\/products\/images\/1774358565126_d8ze3rae_pk-778-9.webp&quot;,&quot;width&quot;:750}\" data-trix-content-type=\"image\"><img decoding=\"async\" src=\"https:\/\/pub-bfdc1913c5ba4512972387b8d080956f.r2.dev\/products\/images\/1774358565126_d8ze3rae_pk-778-9.webp\" width=\"750\" height=\"750\" \/><figcaption class=\"attachment__caption\"><\/figcaption><\/figure>\n<figure class=\"attachment attachment--preview\" data-trix-attachment=\"{&quot;contentType&quot;:&quot;image&quot;,&quot;height&quot;:750,&quot;url&quot;:&quot;https:\/\/pub-bfdc1913c5ba4512972387b8d080956f.r2.dev\/products\/images\/1774358566150_p566pqlf_pk-778-10.webp&quot;,&quot;width&quot;:750}\" data-trix-content-type=\"image\"><img decoding=\"async\" src=\"https:\/\/pub-bfdc1913c5ba4512972387b8d080956f.r2.dev\/products\/images\/1774358566150_p566pqlf_pk-778-10.webp\" width=\"750\" height=\"750\" \/><figcaption class=\"attachment__caption\"><\/figcaption><\/figure>\n<figure class=\"attachment attachment--preview\" data-trix-attachment=\"{&quot;contentType&quot;:&quot;image&quot;,&quot;height&quot;:750,&quot;url&quot;:&quot;https:\/\/pub-bfdc1913c5ba4512972387b8d080956f.r2.dev\/products\/images\/1774358566126_uy5giptr_pk-778-11.webp&quot;,&quot;width&quot;:750}\" data-trix-content-type=\"image\"><img decoding=\"async\" src=\"https:\/\/pub-bfdc1913c5ba4512972387b8d080956f.r2.dev\/products\/images\/1774358566126_uy5giptr_pk-778-11.webp\" width=\"750\" height=\"750\" \/><figcaption class=\"attachment__caption\"><\/figcaption><\/figure>\n<figure class=\"attachment attachment--preview\" data-trix-attachment=\"{&quot;contentType&quot;:&quot;image&quot;,&quot;height&quot;:700,&quot;url&quot;:&quot;https:\/\/pub-bfdc1913c5ba4512972387b8d080956f.r2.dev\/products\/images\/1774358566132_7fpji1x4_pk-778-12.webp&quot;,&quot;width&quot;:750}\" data-trix-content-type=\"image\"><img decoding=\"async\" src=\"https:\/\/pub-bfdc1913c5ba4512972387b8d080956f.r2.dev\/products\/images\/1774358566132_7fpji1x4_pk-778-12.webp\" width=\"750\" height=\"700\" \/><figcaption class=\"attachment__caption\"><\/figcaption><\/figure>\n<\/li>\n<\/ul>","protected":false},"excerpt":{"rendered":"<ul dir=\"rtl\">\n<li><strong>\u0646\u0638\u0627\u0645 \u0627\u0644\u0625\u0636\u0627\u0621\u0629 \u0627\u0644\u062b\u0646\u0627\u0626\u064a (Dual LED):<\/strong>\u00a0\u0645\u0632\u0648\u062f \u0628\u0640\u00a0<strong>2 \u0643\u0634\u0627\u0641 LED \u0628\u0642\u0648\u0629 7 \u0648\u0627\u0637<\/strong>\u00a0\u0644\u0643\u0644 \u0645\u0646\u0647\u0645\u0627\u060c \u0645\u0639 \u0645\u0633\u062a\u0648\u064a\u0627\u062a \u0633\u0637\u0648\u0639 \u0642\u0627\u0628\u0644\u0629 \u0644\u0644\u062a\u0639\u062f\u064a\u0644 \u0644\u0636\u0645\u0627\u0646 \u0625\u0636\u0627\u0621\u0629 \u0648\u062c\u0647\u0643 \u0628\u0648\u0636\u0648\u062d \u0648\u0627\u062d\u062a\u0631\u0627\u0641\u064a\u0629 \u062d\u062a\u0649 \u0641\u064a \u0623\u062d\u0644\u0643 \u0627\u0644\u0638\u0631\u0648\u0641.<\/li>\n<li><strong>\u0645\u0627\u064a\u0643\u0631\u0648\u0641\u0648\u0646 &#8220;\u0643\u0631\u064a\u0633\u062a\u0627\u0644-\u0643\u0627\u0628\u062a\u0634\u0631&#8221;:<\/strong>\u00a0\u0645\u064a\u0643\u0631\u0648\u0641\u0648\u0646 \u0627\u062a\u062c\u0627\u0647\u064a \u0639\u0627\u0644\u064a \u0627\u0644\u062d\u0633\u0627\u0633\u064a\u0629 (3.5mm) \u064a\u0631\u0643\u0632 \u0639\u0644\u0649 \u0635\u0648\u062a\u0643 \u0641\u0642\u0637 \u0648\u064a\u0642\u0644\u0644 \u0645\u0646 \u0636\u062c\u064a\u062c \u0627\u0644\u0631\u064a\u0627\u062d \u0648\u0627\u0644\u0633\u064a\u0627\u0631\u0627\u062a\u060c \u0645\u0645\u0627 \u064a\u0645\u0646\u062d\u0643 \u0635\u0648\u062a\u0627\u064b \u0625\u0630\u0627\u0639\u064a\u0627\u064b \u0646\u0642\u064a\u0627\u064b.<\/li>\n<li><strong>\u062b\u0628\u0627\u062a &#8220;\u0633\u064a\u0646\u0645\u0627\u0626\u064a&#8221;:<\/strong>\u00a0\u064a\u0623\u062a\u064a \u0645\u0639 &#8220;\u062a\u0631\u0627\u064a\u0628\u0648\u062f&#8221; \u0645\u064a\u0646\u064a \u0645\u062a\u064a\u0646 \u0648\u0642\u0628\u0636\u0629 \u0647\u0627\u062a\u0641 \u0645\u062d\u0643\u0645\u0629 \u062a\u0645\u0646\u0639 \u0627\u0647\u062a\u0632\u0627\u0632 \u0627\u0644\u0635\u0648\u0631\u0629\u060c \u0645\u0645\u0627 \u064a\u0633\u0645\u062d \u0644\u0643 \u0628\u062a\u0635\u0648\u064a\u0631 \u0644\u0642\u0637\u0627\u062a \u062b\u0627\u0628\u062a\u0629 \u0648\u0645\u0631\u064a\u062d\u0629 \u0644\u0644\u0639\u064a\u0646 \u0623\u062b\u0646\u0627\u0621 \u0627\u0644\u062d\u0631\u0643\u0629.<\/li>\n<li><strong>\u062a\u062d\u0643\u0645 \u0639\u0646 \u0628\u064f\u0639\u062f (BT Remote):<\/strong>\u00a0\u064a\u062a\u0636\u0645\u0646 \u062c\u0647\u0627\u0632 \u062a\u062d\u0643\u0645 \u0644\u0627\u0633\u0644\u0643\u064a \u0639\u0628\u0631 \u0627\u0644\u0628\u0644\u0648\u062a\u0648\u062b \u0644\u0627\u0644\u062a\u0642\u0627\u0637 \u0627\u0644\u0635\u0648\u0631 \u0648\u0628\u062f\u0621 \u062a\u0633\u062c\u064a\u0644 \u0627\u0644\u0641\u064a\u062f\u064a\u0648 \u0645\u0646 \u0645\u0633\u0627\u0641\u0629 \u0628\u0639\u064a\u062f\u0629 \u062f\u0648\u0646 \u0627\u0644\u062d\u0627\u062c\u0629 \u0644\u0644\u0645\u0633 \u0627\u0644\u0647\u0627\u062a\u0641.<\/li>\n<li><strong>\u062a\u0648\u0627\u0641\u0642 \u0634\u0627\u0645\u0644 \u0648\u062e\u0641\u0629 \u0648\u0632\u0646:<\/strong>\u00a0\u0645\u0635\u0645\u0645 \u0644\u064a\u0631\u0643\u0628 \u0639\u0644\u0649 \u062c\u0645\u064a\u0639 \u0623\u0646\u0648\u0627\u0639 \u0627\u0644\u0647\u0648\u0627\u062a\u0641 \u0627\u0644\u0630\u0643\u064a\u0629 (\u0622\u064a\u0641\u0648\u0646 \u0648\u0623\u0646\u062f\u0631\u0648\u064a\u062f)\u060c \u0648\u0628\u0648\u0632\u0646 \u062e\u0641\u064a\u0641 \u062c\u062f\u0627\u064b \u064a\u062c\u0639\u0644\u0647 \u0631\u0641\u064a\u0642\u0643 \u0627\u0644\u062f\u0627\u0626\u0645 \u0641\u064a \u0627\u0644\u0633\u0641\u0631 \u0648\u0627\u0644\u0631\u062d\u0644\u0627\u062a.<\/li>\n<li><strong>\u062a\u0639\u062f\u062f \u0632\u0648\u0627\u064a\u0627 \u0627\u0644\u062a\u0635\u0648\u064a\u0631:<\/strong>\u00a0\u0627\u0644\u062d\u0627\u0645\u0644 \u0648\u0627\u0644\u0645\u0634\u0628\u0643 \u0645\u0631\u0646\u0627\u0646 \u0644\u0644\u063a\u0627\u064a\u0629\u060c \u0645\u0645\u0627 \u064a\u062a\u064a\u062d \u0644\u0643 \u0627\u0644\u062a\u0635\u0648\u064a\u0631 \u0628\u0648\u0636\u0639\u064a\u0627\u062a \u0623\u0641\u0642\u064a\u0629 (\u0644\u0644\u064a\u0648\u062a\u064a\u0648\u0628) \u0623\u0648 \u0639\u0645\u0648\u062f\u064a\u0629 (\u0644\u0644\u062a\u064a\u0643 \u062a\u0648\u0643 \u0648\u0627\u0644\u0631\u064a\u0644\u0632) \u0628\u0643\u0644 \u0633\u0647\u0648\u0644\u0629.<\/li>\n<\/ul>\n<h3 dir=\"rtl\"><strong>\u0645\u062d\u062a\u0648\u064a\u0627\u062a \u0627\u0644\u0639\u0644\u0628\u0629 (Package Includes):<\/strong><\/h3>\n<ul dir=\"rtl\">\n<li><strong>1 \u00d7<\/strong>\u00a0\u062d\u0627\u0645\u0644 \u0647\u0627\u062a\u0641 \u0627\u062d\u062a\u0631\u0627\u0641\u064a (Phone Bracket).<\/li>\n<li><strong>2 \u00d7<\/strong>\u00a0\u0645\u0635\u0627\u0628\u064a\u062d LED \u0628\u0642\u0648\u0629 7 \u0648\u0627\u0637 (\u0644\u0625\u0636\u0627\u0621\u0629 \u0645\u062a\u0648\u0627\u0632\u0646\u0629 \u0645\u0646 \u0627\u0644\u0637\u0631\u0641\u064a\u0646).<\/li>\n<li><strong>1 \u00d7<\/strong>\u00a0\u0645\u064a\u0643\u0631\u0648\u0641\u0648\u0646 \u0639\u0627\u0644\u064a \u0627\u0644\u062c\u0648\u062f\u0629 (\u0645\u0646\u0641\u0630 3.5 \u0645\u0644\u0645).<\/li>\n<li><strong>1 \u00d7<\/strong>\u00a0\u062a\u0631\u0627\u064a\u0628\u0648\u062f \u0635\u063a\u064a\u0631 (Mini Tripod) \u062b\u0627\u0628\u062a.<\/li>\n<li><strong>1 \u00d7<\/strong>\u00a0\u0631\u064a\u0645\u0648\u062a \u0643\u0646\u062a\u0631\u0648\u0644 \u0628\u0644\u0648\u062a\u0648\u062b (BT Remote).<\/li>\n<\/ul>","protected":false},"featured_media":98156,"comment_status":"open","ping_status":"closed","template":"","meta":[],"product_brand":[],"product_cat":[2463],"product_tag":[],"class_list":{"0":"post-98149","1":"product","2":"type-product","3":"status-publish","4":"has-post-thumbnail","6":"product_cat-electronique","8":"first","9":"outofstock","10":"taxable","11":"shipping-taxable","12":"purchasable","13":"product-type-simple"},"jetpack_sharing_enabled":true,"_links":{"self":[{"href":"https:\/\/shoponlinedz.com\/en\/wp-json\/wp\/v2\/product\/98149","targetHints":{"allow":["GET"]}}],"collection":[{"href":"https:\/\/shoponlinedz.com\/en\/wp-json\/wp\/v2\/product"}],"about":[{"href":"https:\/\/shoponlinedz.com\/en\/wp-json\/wp\/v2\/types\/product"}],"replies":[{"embeddable":true,"href":"https:\/\/shoponlinedz.com\/en\/wp-json\/wp\/v2\/comments?post=98149"}],"version-history":[{"count":1,"href":"https:\/\/shoponlinedz.com\/en\/wp-json\/wp\/v2\/product\/98149\/revisions"}],"predecessor-version":[{"id":99842,"href":"https:\/\/shoponlinedz.com\/en\/wp-json\/wp\/v2\/product\/98149\/revisions\/99842"}],"wp:featuredmedia":[{"embeddable":true,"href":"https:\/\/shoponlinedz.com\/en\/wp-json\/wp\/v2\/media\/98156"}],"wp:attachment":[{"href":"https:\/\/shoponlinedz.com\/en\/wp-json\/wp\/v2\/media?parent=98149"}],"wp:term":[{"taxonomy":"product_brand","embeddable":true,"href":"https:\/\/shoponlinedz.com\/en\/wp-json\/wp\/v2\/product_brand?post=98149"},{"taxonomy":"product_cat","embeddable":true,"href":"https:\/\/shoponlinedz.com\/en\/wp-json\/wp\/v2\/product_cat?post=98149"},{"taxonomy":"product_tag","embeddable":true,"href":"https:\/\/shoponlinedz.com\/en\/wp-json\/wp\/v2\/product_tag?post=98149"}],"curies":[{"name":"wp","href":"https:\/\/api.w.org\/{rel}","templated":true}]}}