{"id":97865,"date":"2026-03-20T20:30:32","date_gmt":"2026-03-20T19:30:32","guid":{"rendered":"https:\/\/shoponlinedz.com\/product\/lampe-torche-a-clip-pour-chapeau-a-haute-luminosite-avec-base-magnetique-%d9%85%d8%b5%d8%a8%d8%a7%d8%ad-%d9%85%d8%ba%d9%86%d8%a7%d8%b7%d9%8a%d8%b3%d9%8a-%d8%b9%d8%a7%d9%84%d9%8a-%d8%a7%d9%84\/"},"modified":"2026-03-20T20:30:44","modified_gmt":"2026-03-20T19:30:44","slug":"lampe-torche-a-clip-pour-chapeau-a-haute-luminosite-avec-base-magnetique-%d9%85%d8%b5%d8%a8%d8%a7%d8%ad-%d9%85%d8%ba%d9%86%d8%a7%d8%b7%d9%8a%d8%b3%d9%8a-%d8%b9%d8%a7%d9%84%d9%8a-%d8%a7%d9%84","status":"publish","type":"product","link":"https:\/\/shoponlinedz.com\/en\/product\/lampe-torche-a-clip-pour-chapeau-a-haute-luminosite-avec-base-magnetique-%d9%85%d8%b5%d8%a8%d8%a7%d8%ad-%d9%85%d8%ba%d9%86%d8%a7%d8%b7%d9%8a%d8%b3%d9%8a-%d8%b9%d8%a7%d9%84%d9%8a-%d8%a7%d9%84\/","title":{"rendered":"Lampe torche \u00e0 clip pour chapeau \u00e0 haute luminosit\u00e9 avec base magn\u00e9tique \u2013 \u0645\u0635\u0628\u0627\u062d \u0645\u063a\u0646\u0627\u0637\u064a\u0633\u064a \u0639\u0627\u0644\u064a \u0627\u0644\u0633\u0637\u0648\u0639"},"content":{"rendered":"<figure class=\"attachment attachment--preview\" data-trix-attachment=\"{&quot;contentType&quot;:&quot;image&quot;,&quot;height&quot;:1024,&quot;url&quot;:&quot;https:\/\/sawa9ly.app\/storage\/68553\/Flashlight-Casquette-cnc-1.jpg&quot;,&quot;width&quot;:1024}\" data-trix-content-type=\"image\"><img decoding=\"async\" class=\"aligncenter\" src=\"https:\/\/sawa9ly.app\/storage\/68553\/Flashlight-Casquette-cnc-1.jpg\" width=\"1024\" height=\"1024\" \/><figcaption class=\"attachment__caption\"><\/figcaption><\/figure>\n<figure class=\"attachment attachment--preview\" data-trix-attachment=\"{&quot;contentType&quot;:&quot;image&quot;,&quot;height&quot;:1024,&quot;url&quot;:&quot;https:\/\/sawa9ly.app\/storage\/68554\/Flashlight-Casquette-4-1.jpg&quot;,&quot;width&quot;:1024}\" data-trix-content-type=\"image\"><img decoding=\"async\" class=\"aligncenter\" src=\"https:\/\/sawa9ly.app\/storage\/68554\/Flashlight-Casquette-4-1.jpg\" width=\"1024\" height=\"1024\" \/><figcaption class=\"attachment__caption\"><\/figcaption><\/figure>\n<figure class=\"attachment attachment--preview\" data-trix-attachment=\"{&quot;contentType&quot;:&quot;image&quot;,&quot;height&quot;:1024,&quot;url&quot;:&quot;https:\/\/sawa9ly.app\/storage\/68555\/Flashlight-Casquette-8.jpg&quot;,&quot;width&quot;:1024}\" data-trix-content-type=\"image\"><img decoding=\"async\" class=\"aligncenter\" src=\"https:\/\/sawa9ly.app\/storage\/68555\/Flashlight-Casquette-8.jpg\" width=\"1024\" height=\"1024\" \/><figcaption class=\"attachment__caption\"><\/figcaption><\/figure>\n<figure class=\"attachment attachment--preview\" data-trix-attachment=\"{&quot;contentType&quot;:&quot;image&quot;,&quot;height&quot;:1024,&quot;url&quot;:&quot;https:\/\/sawa9ly.app\/storage\/68556\/Flashlight-Casquette-7.jpg&quot;,&quot;width&quot;:1024}\" data-trix-content-type=\"image\"><img decoding=\"async\" class=\"aligncenter\" src=\"https:\/\/sawa9ly.app\/storage\/68556\/Flashlight-Casquette-7.jpg\" width=\"1024\" height=\"1024\" \/><figcaption class=\"attachment__caption\"><\/figcaption><\/figure>\n<figure class=\"attachment attachment--preview\" data-trix-attachment=\"{&quot;contentType&quot;:&quot;image&quot;,&quot;height&quot;:1024,&quot;url&quot;:&quot;https:\/\/sawa9ly.app\/storage\/68557\/Flashlight-Casquette-6.jpg&quot;,&quot;width&quot;:1024}\" data-trix-content-type=\"image\"><img decoding=\"async\" class=\"aligncenter\" src=\"https:\/\/sawa9ly.app\/storage\/68557\/Flashlight-Casquette-6.jpg\" width=\"1024\" height=\"1024\" \/><figcaption class=\"attachment__caption\"><\/figcaption><\/figure>\n<p style=\"text-align: center;\">","protected":false},"excerpt":{"rendered":"<p>\ud83d\udd26 \u0643\u0634\u0627\u0641 LED + COB \u0628\u0642\u0648\u0629 800 \u0644\u0648\u0645\u0646\u0625\u0636\u0627\u0621\u0629 \u0642\u0648\u064a\u0629 \u0644\u0644\u0637\u0648\u0627\u0631\u0626 \u0648\u0627\u0644\u0645\u063a\u0627\u0645\u0631\u0627\u062a \ud83d\udca1\u0633\u0637\u0648\u0639 800 \u0644\u0648\u0645\u0646 \u064a\u062e\u062a\u0631\u0642 \u0627\u0644\u0638\u0644\u0627\u0645\u0636\u0648\u0621 \u0623\u0645\u0627\u0645\u064a \u0645\u0631\u0643\u0632 + \u0636\u0648\u0621 \u062c\u0627\u0646\u0628\u064a \u0648\u0627\u0633\u0639\u0631\u0623\u0633 \u062f\u0648\u0651\u0627\u0631 90\u00b0 \u0644\u0645\u0631\u0648\u0646\u0629 \u0623\u0643\u0628\u06317 \u0623\u0648\u0636\u0627\u0639 \u0625\u0636\u0627\u0621\u0629 \ud83d\udea8 \u0628\u0645\u0627 \u0641\u064a\u0647\u0627 \u0627\u0644\u0623\u062d\u0645\u0631\/\u0627\u0644\u0623\u0632\u0631\u0642 \u0648\u0627\u0644\u0648\u0645\u064a\u0636 \u0644\u0644\u062a\u062d\u0630\u064a\u0631.\u0639\u0645\u0644\u064a \u0648\u0645\u062a\u0639\u062f\u062f \u0627\u0644\u0627\u0633\u062a\u062e\u062f\u0627\u0645 \ud83d\udd0b\u0628\u0637\u0627\u0631\u064a\u0629 1200mAh \u062a\u062f\u0648\u0645 +10 \u0633\u0627\u0639\u0627\u062a\u064a\u0634\u062d\u0646 \u0627\u0644\u0647\u0627\u062a\u0641 \u0639\u0646\u062f \u0627\u0644\u062d\u0627\u062c\u0629\u0642\u0627\u0639\u062f\u0629 \u0645\u063a\u0646\u0627\u0637\u064a\u0633\u064a\u0629 + \u0645\u0634\u0628\u0643 \u062a\u062b\u0628\u064a\u062a\u0645\u0642\u0627\u0648\u0645 \u0644\u0644\u0645\u0627\u0621 \ud83c\udf27\ufe0f \u0645\u062b\u0627\u0644\u064a \u0644\u0644\u0637\u0648\u0627\u0631\u0626\u060c \u0627\u0644\u062a\u062e\u064a\u064a\u0645 \u0648\u0623\u0639\u0645\u0627\u0644 \u0627\u0644\u0635\u064a\u0627\u0646\u0629.<\/p>","protected":false},"featured_media":97864,"comment_status":"open","ping_status":"closed","template":"","meta":[],"product_brand":[],"product_cat":[2464],"product_tag":[],"class_list":{"0":"post-97865","1":"product","2":"type-product","3":"status-publish","4":"has-post-thumbnail","6":"product_cat-camping-et-randonnee","8":"first","9":"instock","10":"taxable","11":"shipping-taxable","12":"purchasable","13":"product-type-simple"},"jetpack_sharing_enabled":true,"_links":{"self":[{"href":"https:\/\/shoponlinedz.com\/en\/wp-json\/wp\/v2\/product\/97865","targetHints":{"allow":["GET"]}}],"collection":[{"href":"https:\/\/shoponlinedz.com\/en\/wp-json\/wp\/v2\/product"}],"about":[{"href":"https:\/\/shoponlinedz.com\/en\/wp-json\/wp\/v2\/types\/product"}],"replies":[{"embeddable":true,"href":"https:\/\/shoponlinedz.com\/en\/wp-json\/wp\/v2\/comments?post=97865"}],"version-history":[{"count":0,"href":"https:\/\/shoponlinedz.com\/en\/wp-json\/wp\/v2\/product\/97865\/revisions"}],"wp:featuredmedia":[{"embeddable":true,"href":"https:\/\/shoponlinedz.com\/en\/wp-json\/wp\/v2\/media\/97864"}],"wp:attachment":[{"href":"https:\/\/shoponlinedz.com\/en\/wp-json\/wp\/v2\/media?parent=97865"}],"wp:term":[{"taxonomy":"product_brand","embeddable":true,"href":"https:\/\/shoponlinedz.com\/en\/wp-json\/wp\/v2\/product_brand?post=97865"},{"taxonomy":"product_cat","embeddable":true,"href":"https:\/\/shoponlinedz.com\/en\/wp-json\/wp\/v2\/product_cat?post=97865"},{"taxonomy":"product_tag","embeddable":true,"href":"https:\/\/shoponlinedz.com\/en\/wp-json\/wp\/v2\/product_tag?post=97865"}],"curies":[{"name":"wp","href":"https:\/\/api.w.org\/{rel}","templated":true}]}}