{"id":97612,"date":"2026-03-20T20:24:55","date_gmt":"2026-03-20T19:24:55","guid":{"rendered":"https:\/\/shoponlinedz.com\/product\/appareil-a-raviolis-2-en-1-moule-a-empanadas-avec-outils-de-pression-pour-la-pate-%d8%a3%d8%af%d8%a7%d8%a9-%d8%aa%d8%ad%d8%b6%d9%8a%d8%b1-%d8%b9%d8%ac%d9%8a%d9%86%d8%a9-%d8%a7%d9%84%d9%85%d9%85\/"},"modified":"2026-03-20T20:25:10","modified_gmt":"2026-03-20T19:25:10","slug":"appareil-a-raviolis-2-en-1-moule-a-empanadas-avec-outils-de-pression-pour-la-pate-%d8%a3%d8%af%d8%a7%d8%a9-%d8%aa%d8%ad%d8%b6%d9%8a%d8%b1-%d8%b9%d8%ac%d9%8a%d9%86%d8%a9-%d8%a7%d9%84%d9%85%d9%85","status":"publish","type":"product","link":"https:\/\/shoponlinedz.com\/en\/product\/appareil-a-raviolis-2-en-1-moule-a-empanadas-avec-outils-de-pression-pour-la-pate-%d8%a3%d8%af%d8%a7%d8%a9-%d8%aa%d8%ad%d8%b6%d9%8a%d8%b1-%d8%b9%d8%ac%d9%8a%d9%86%d8%a9-%d8%a7%d9%84%d9%85%d9%85\/","title":{"rendered":"Appareil \u00e0 raviolis 2 en 1 moule \u00e0 empanadas avec outils de pression pour la p\u00e2te &#8211; \u0623\u062f\u0627\u0629 \u062a\u062d\u0636\u064a\u0631 \u0639\u062c\u064a\u0646\u0629 \u0627\u0644\u0645\u0645\u0644\u062d\u0627\u062a"},"content":{"rendered":"<figure class=\"attachment attachment--preview\" data-trix-attachment=\"{&quot;contentType&quot;:&quot;image&quot;,&quot;height&quot;:1024,&quot;url&quot;:&quot;https:\/\/sawa9ly.app\/storage\/69063\/dumpling-maker-cnc.jpg&quot;,&quot;width&quot;:1024}\" data-trix-content-type=\"image\"><img decoding=\"async\" class=\"aligncenter\" src=\"https:\/\/sawa9ly.app\/storage\/69063\/dumpling-maker-cnc.jpg\" width=\"1024\" height=\"1024\" \/><figcaption class=\"attachment__caption\"><\/figcaption><\/figure>\n<figure class=\"attachment attachment--preview\" data-trix-attachment=\"{&quot;contentType&quot;:&quot;image&quot;,&quot;height&quot;:1024,&quot;url&quot;:&quot;https:\/\/sawa9ly.app\/storage\/69064\/dumpling-maker-11.jpg&quot;,&quot;width&quot;:1024}\" data-trix-content-type=\"image\"><img decoding=\"async\" class=\"aligncenter\" src=\"https:\/\/sawa9ly.app\/storage\/69064\/dumpling-maker-11.jpg\" width=\"1024\" height=\"1024\" \/><figcaption class=\"attachment__caption\"><\/figcaption><\/figure>\n<figure class=\"attachment attachment--preview\" data-trix-attachment=\"{&quot;contentType&quot;:&quot;image&quot;,&quot;height&quot;:1024,&quot;url&quot;:&quot;https:\/\/sawa9ly.app\/storage\/69065\/dumpling-maker-10.jpg&quot;,&quot;width&quot;:1024}\" data-trix-content-type=\"image\"><img decoding=\"async\" class=\"aligncenter\" src=\"https:\/\/sawa9ly.app\/storage\/69065\/dumpling-maker-10.jpg\" width=\"1024\" height=\"1024\" \/><figcaption class=\"attachment__caption\"><\/figcaption><\/figure>\n<figure class=\"attachment attachment--preview\" data-trix-attachment=\"{&quot;contentType&quot;:&quot;image&quot;,&quot;height&quot;:1024,&quot;url&quot;:&quot;https:\/\/sawa9ly.app\/storage\/69066\/dumpling-maker-9.jpg&quot;,&quot;width&quot;:1024}\" data-trix-content-type=\"image\"><img decoding=\"async\" class=\"aligncenter\" src=\"https:\/\/sawa9ly.app\/storage\/69066\/dumpling-maker-9.jpg\" width=\"1024\" height=\"1024\" \/><figcaption class=\"attachment__caption\"><\/figcaption><\/figure>\n<figure class=\"attachment attachment--preview\" data-trix-attachment=\"{&quot;contentType&quot;:&quot;image&quot;,&quot;height&quot;:1024,&quot;url&quot;:&quot;https:\/\/sawa9ly.app\/storage\/69067\/dumpling-maker-7.jpg&quot;,&quot;width&quot;:1024}\" data-trix-content-type=\"image\"><img decoding=\"async\" class=\"aligncenter\" src=\"https:\/\/sawa9ly.app\/storage\/69067\/dumpling-maker-7.jpg\" width=\"1024\" height=\"1024\" \/><figcaption class=\"attachment__caption\"><\/figcaption><\/figure>\n<p style=\"text-align: center;\">","protected":false},"excerpt":{"rendered":"<p>\ud83e\udd5f \u0635\u0627\u0646\u0639\u0629 \u0645\u0645\u0644\u062d\u0627\u062a 2 \u0641\u064a 1 \u2013 \u0633\u0647\u0644\u0629 \u0648\u0633\u0631\u064a\u0639\u0629\u2728 \u0639\u0645\u0644\u064a\u0629 \u0628\u062a\u0635\u0645\u064a\u0645 \u0630\u0643\u064a\u062a\u0634\u0643\u064a\u0644 \u0648\u0625\u063a\u0644\u0627\u0642 \u0627\u0644\u0645\u0645\u0644\u062d\u0627\u062a \u0628\u062d\u0648\u0627\u0641 \u0645\u0645\u0648\u062c\u0629 \u062c\u0645\u064a\u0644\u0629\u0645\u0646\u0627\u0633\u0628\u0629 \u0644\u0644\u0645\u0628\u062a\u062f\u0626\u064a\u0646 \u0648\u0633\u0647\u0644\u0629 \u0627\u0644\u0627\u0633\u062a\u062e\u062f\u0627\u0645\ud83e\uddf1 \u062e\u0627\u0645\u0629 \u0622\u0645\u0646\u0629 \u0648\u0645\u062a\u064a\u0646\u0629\u0645\u0635\u0646\u0648\u0639\u0629 \u0645\u0646 PP \u0622\u0645\u0646 \u063a\u0630\u0627\u0626\u064a\u064b\u0627\u0633\u0647\u0644\u0629 \u0627\u0644\u062a\u0646\u0638\u064a\u0641 \u0628\u0627\u0644\u0645\u0627\u0621\ud83c\udf2e \u0645\u062a\u0639\u062f\u062f\u0629 \u0627\u0644\u0627\u0633\u062a\u0639\u0645\u0627\u0644\u0644\u062a\u062d\u0636\u064a\u0631 \u0627\u0644\u0645\u0645\u0644\u062d\u0627\u062a\u060c \u0627\u0644\u0641\u0637\u0627\u0626\u0631 \u0627\u0644\u0645\u062d\u0634\u0648\u0629\u060c \u0648\u0627\u0644\u0628\u0648\u0631\u064a\u062a\u0648 \u0628\u0633\u0631\u0639\u0629 \u0648\u0645\u062a\u0639\u0629.\ud83e\uddfa \u0645\u0648\u0641\u0631\u0629 \u0644\u0644\u0645\u0633\u0627\u062d\u0629\u0642\u0627\u0628\u0644\u0629 \u0644\u0644\u0637\u064a\u0645\u0632\u0648\u062f\u0629 \u0628\u0641\u062a\u062d\u0629 \u062a\u0639\u0644\u064a\u0642 \u0644\u0644\u062a\u062e\u0632\u064a\u0646 \u0627\u0644\u0633\u0647\u0644\ud83c\udf7d\ufe0f \u062d\u0636\u0651\u0631\u064a \u0648\u0635\u0641\u0627\u062a\u0643 \u0628\u0634\u0643\u0644 \u0627\u062d\u062a\u0631\u0627\u0641\u064a \u0641\u064a \u062f\u0642\u0627\u0626\u0642!<\/p>","protected":false},"featured_media":97611,"comment_status":"open","ping_status":"closed","template":"","meta":[],"product_brand":[],"product_cat":[2456],"product_tag":[],"class_list":{"0":"post-97612","1":"product","2":"type-product","3":"status-publish","4":"has-post-thumbnail","6":"product_cat-cuisine","8":"first","9":"instock","10":"taxable","11":"shipping-taxable","12":"purchasable","13":"product-type-simple"},"jetpack_sharing_enabled":true,"_links":{"self":[{"href":"https:\/\/shoponlinedz.com\/en\/wp-json\/wp\/v2\/product\/97612","targetHints":{"allow":["GET"]}}],"collection":[{"href":"https:\/\/shoponlinedz.com\/en\/wp-json\/wp\/v2\/product"}],"about":[{"href":"https:\/\/shoponlinedz.com\/en\/wp-json\/wp\/v2\/types\/product"}],"replies":[{"embeddable":true,"href":"https:\/\/shoponlinedz.com\/en\/wp-json\/wp\/v2\/comments?post=97612"}],"version-history":[{"count":0,"href":"https:\/\/shoponlinedz.com\/en\/wp-json\/wp\/v2\/product\/97612\/revisions"}],"wp:featuredmedia":[{"embeddable":true,"href":"https:\/\/shoponlinedz.com\/en\/wp-json\/wp\/v2\/media\/97611"}],"wp:attachment":[{"href":"https:\/\/shoponlinedz.com\/en\/wp-json\/wp\/v2\/media?parent=97612"}],"wp:term":[{"taxonomy":"product_brand","embeddable":true,"href":"https:\/\/shoponlinedz.com\/en\/wp-json\/wp\/v2\/product_brand?post=97612"},{"taxonomy":"product_cat","embeddable":true,"href":"https:\/\/shoponlinedz.com\/en\/wp-json\/wp\/v2\/product_cat?post=97612"},{"taxonomy":"product_tag","embeddable":true,"href":"https:\/\/shoponlinedz.com\/en\/wp-json\/wp\/v2\/product_tag?post=97612"}],"curies":[{"name":"wp","href":"https:\/\/api.w.org\/{rel}","templated":true}]}}