{"id":97342,"date":"2026-03-20T20:17:36","date_gmt":"2026-03-20T19:17:36","guid":{"rendered":"https:\/\/shoponlinedz.com\/product\/hainoteko-6-avec-ecran-amoled-3-paires-de-bracelets-et-lampe-torche-integree-%d8%b3%d8%a7%d8%b9%d8%a9-%d8%b0%d9%83%d9%8a%d8%a9-%d8%a3%d8%b5%d9%84%d9%8a%d8%a9\/"},"modified":"2026-03-20T20:17:42","modified_gmt":"2026-03-20T19:17:42","slug":"hainoteko-6-avec-ecran-amoled-3-paires-de-bracelets-et-lampe-torche-integree-%d8%b3%d8%a7%d8%b9%d8%a9-%d8%b0%d9%83%d9%8a%d8%a9-%d8%a3%d8%b5%d9%84%d9%8a%d8%a9","status":"publish","type":"product","link":"https:\/\/shoponlinedz.com\/en\/product\/hainoteko-6-avec-ecran-amoled-3-paires-de-bracelets-et-lampe-torche-integree-%d8%b3%d8%a7%d8%b9%d8%a9-%d8%b0%d9%83%d9%8a%d8%a9-%d8%a3%d8%b5%d9%84%d9%8a%d8%a9\/","title":{"rendered":"HainoTeko-6 avec \u00e9cran AMOLED 3 paires de bracelets et lampe torche int\u00e9gr\u00e9e &#8211; \u0633\u0627\u0639\u0629 \u0630\u0643\u064a\u0629 \u0623\u0635\u0644\u064a\u0629"},"content":{"rendered":"<figure class=\"attachment attachment--preview\" data-trix-attachment=\"{&quot;contentType&quot;:&quot;image&quot;,&quot;height&quot;:1024,&quot;url&quot;:&quot;https:\/\/sawa9ly.app\/storage\/69530\/haino-teko-6-cnc.jpg&quot;,&quot;width&quot;:1024}\" data-trix-content-type=\"image\"><img decoding=\"async\" class=\"aligncenter\" src=\"https:\/\/sawa9ly.app\/storage\/69530\/haino-teko-6-cnc.jpg\" width=\"1024\" height=\"1024\" \/><figcaption class=\"attachment__caption\"><\/figcaption><\/figure>\n<figure class=\"attachment attachment--preview\" data-trix-attachment=\"{&quot;contentType&quot;:&quot;image&quot;,&quot;height&quot;:1024,&quot;url&quot;:&quot;https:\/\/sawa9ly.app\/storage\/69531\/haino-teko-6-7.jpg&quot;,&quot;width&quot;:1024}\" data-trix-content-type=\"image\"><img decoding=\"async\" class=\"aligncenter\" src=\"https:\/\/sawa9ly.app\/storage\/69531\/haino-teko-6-7.jpg\" width=\"1024\" height=\"1024\" \/><figcaption class=\"attachment__caption\"><\/figcaption><\/figure>\n<figure class=\"attachment attachment--preview\" data-trix-attachment=\"{&quot;contentType&quot;:&quot;image&quot;,&quot;height&quot;:1024,&quot;url&quot;:&quot;https:\/\/sawa9ly.app\/storage\/69532\/haino-teko-6-6.jpg&quot;,&quot;width&quot;:1024}\" data-trix-content-type=\"image\"><img decoding=\"async\" class=\"aligncenter\" src=\"https:\/\/sawa9ly.app\/storage\/69532\/haino-teko-6-6.jpg\" width=\"1024\" height=\"1024\" \/><figcaption class=\"attachment__caption\"><\/figcaption><\/figure>\n<figure class=\"attachment attachment--preview\" data-trix-attachment=\"{&quot;contentType&quot;:&quot;image&quot;,&quot;height&quot;:1024,&quot;url&quot;:&quot;https:\/\/sawa9ly.app\/storage\/69533\/haino-teko-6-5.jpg&quot;,&quot;width&quot;:1024}\" data-trix-content-type=\"image\"><img decoding=\"async\" class=\"aligncenter\" src=\"https:\/\/sawa9ly.app\/storage\/69533\/haino-teko-6-5.jpg\" width=\"1024\" height=\"1024\" \/><figcaption class=\"attachment__caption\"><\/figcaption><\/figure>\n<figure class=\"attachment attachment--preview\" data-trix-attachment=\"{&quot;contentType&quot;:&quot;image&quot;,&quot;height&quot;:1024,&quot;url&quot;:&quot;https:\/\/sawa9ly.app\/storage\/69534\/haino-teko-6-3.jpg&quot;,&quot;width&quot;:1024}\" data-trix-content-type=\"image\"><img decoding=\"async\" class=\"aligncenter\" src=\"https:\/\/sawa9ly.app\/storage\/69534\/haino-teko-6-3.jpg\" width=\"1024\" height=\"1024\" \/><figcaption class=\"attachment__caption\"><\/figcaption><\/figure>\n<p style=\"text-align: center;\">","protected":false},"excerpt":{"rendered":"<p>\u0634\u0627\u0634\u0629 AMOLED \u0645\u0630\u0647\u0644\u0629: \u0627\u0633\u062a\u0645\u062a\u0639 \u0628\u0623\u0644\u0648\u0627\u0646 \u062d\u0642\u064a\u0642\u064a\u0629\u060c \u0648\u062a\u0628\u0627\u064a\u0646 \u0641\u0627\u0626\u0642\u060c \u0648\u0646\u0635\u0648\u0635 \u062d\u0627\u062f\u0629 \u062c\u062f\u0627\u064b \u0628\u0641\u0636\u0644 \u062a\u0642\u0646\u064a\u0629 \u0627\u0644\u0623\u0645\u0648\u0644\u064a\u062f \u0627\u0644\u062a\u064a \u062a\u0648\u0641\u0631 \u0627\u0633\u062a\u0647\u0644\u0627\u0643 \u0627\u0644\u0628\u0637\u0627\u0631\u064a\u0629 \u0648\u062a\u0645\u0646\u062d\u0643 \u0623\u0641\u0636\u0644 \u062a\u062c\u0631\u0628\u0629 \u0628\u0635\u0631\u064a\u0629 \u0645\u0645\u0643\u0646\u0629.\u0625\u062c\u0631\u0627\u0621 \u0648\u0627\u0633\u062a\u0642\u0628\u0627\u0644 \u0627\u0644\u0645\u0643\u0627\u0644\u0645\u0627\u062a: \u0645\u0632\u0648\u062f\u0629 \u0628\u062a\u0642\u0646\u064a\u0629 \u0627\u0644\u0627\u062a\u0635\u0627\u0644 \u0627\u0644\u0645\u0633\u062a\u0642\u0631\u060c \u062a\u062a\u064a\u062d \u0644\u0643 \u0627\u0644\u0631\u062f \u0639\u0644\u0649 \u0627\u0644\u0645\u0643\u0627\u0644\u0645\u0627\u062a \u0627\u0644\u0647\u0627\u062a\u0641\u064a\u0629 \u0628\u0648\u0636\u0648\u062d \u062a\u0627\u0645 \u0645\u0628\u0627\u0634\u0631\u0629 \u0645\u0646 \u0645\u0639\u0635\u0645\u0643 \u062f\u0648\u0646 \u0627\u0644\u062d\u0627\u062c\u0629 \u0644\u0644\u0645\u0633 \u0647\u0627\u062a\u0641\u0643.\u0645\u0633\u0627\u0639\u062f \u0635\u0648\u062a\u064a \u0630\u0643\u064a (AI): \u062a\u062d\u0643\u0645 \u0641\u064a \u0633\u0627\u0639\u062a\u0643 \u0648\u0627\u0633\u062a\u0639\u0644\u0645 \u0639\u0646 \u0623\u064a \u0645\u0639\u0644\u0648\u0645\u0629 \u0628\u0641\u0636\u0644 \u0627\u0644\u0645\u0633\u0627\u0639\u062f \u0627\u0644\u0635\u0648\u062a\u064a \u0627\u0644\u0645\u062f\u0645\u062c \u0627\u0644\u0630\u064a \u064a\u062f\u0639\u0645 \u0627\u0644\u0623\u0648\u0627\u0645\u0631 \u0627\u0644\u0635\u0648\u062a\u064a\u0629 \u0628\u0627\u0644\u0630\u0643\u0627\u0621 \u0627\u0644\u0627\u0635\u0637\u0646\u0627\u0639\u064a.\u0645\u0635\u0628\u0627\u062d \u064a\u062f\u0648\u064a \u0645\u062f\u0645\u062c (Lampe Torche): \u0645\u064a\u0632\u0629 \u0639\u0628\u0642\u0631\u064a\u0629 \u0648\u0639\u0645\u0644\u064a\u0629\u061b \u0645\u0635\u0628\u0627\u062d \u0645\u062f\u0645\u062c \u0642\u0648\u064a \u064a\u0645\u0646\u062d\u0643 \u0625\u0636\u0627\u0621\u0629 \u0641\u0648\u0631\u064a\u0629 \u0641\u064a \u062d\u0627\u0644\u0627\u062a \u0627\u0644\u0637\u0648\u0627\u0631\u0626 \u0623\u0648 \u0639\u0646\u062f \u0627\u0644\u0628\u062d\u062b \u0639\u0646 \u0645\u0641\u0627\u062a\u064a\u062d\u0643 \u0641\u064a \u0627\u0644\u0638\u0644\u0627\u0645.\u0645\u0642\u0627\u0648\u0645\u0629 \u0643\u0627\u0645\u0644\u0629 \u0644\u0644\u0645\u0627\u0621: \u062a\u0635\u0645\u064a\u0645 \u0645\u062d\u0643\u0645 \u064a\u0633\u0645\u062d \u0644\u0643 \u0628\u0627\u0644\u0627\u0633\u062a\u0645\u062a\u0627\u0639 \u0628\u0627\u0644\u0633\u0628\u0627\u062d\u0629\u060c \u0627\u0644\u0627\u0633\u062a\u062d\u0645\u0627\u0645\u060c \u0648\u0645\u0645\u0627\u0631\u0633\u0629 \u0627\u0644\u0631\u064a\u0627\u0636\u0627\u062a \u0627\u0644\u0645\u0627\u0626\u064a\u0629 \u0628\u0643\u0644 \u062b\u0642\u0629 \u062f\u0648\u0646 \u062e\u0648\u0641 \u0639\u0644\u0649 \u0627\u0644\u0633\u0627\u0639\u0629.3 \u0623\u062d\u0632\u0645\u0629 \u0644\u0644\u062a\u0628\u062f\u064a\u0644 (Style Pack): \u062a\u0623\u062a\u064a \u0645\u0639 3 \u0623\u0632\u0648\u0627\u062c \u0645\u0646 \u0627\u0644\u0623\u062d\u0632\u0645\u0629 \u0627\u0644\u0642\u0627\u0628\u0644\u0629 \u0644\u0644\u062a\u0628\u062f\u064a\u0644 \u0628\u0633\u0647\u0648\u0644\u0629\u060c \u0644\u062a\u063a\u064a\u064a\u0631 \u0645\u0638\u0647\u0631\u0643 \u0645\u0646 \u0631\u064a\u0627\u0636\u064a \u0625\u0644\u0649 \u0643\u0644\u0627\u0633\u064a\u0643\u064a \u0623\u0648 \u064a\u0648\u0645\u064a \u0641\u064a \u062b\u0648\u0627\u0646\u064d \u0645\u0639\u062f\u0648\u062f\u0629.\u062a\u062a\u0628\u0639 \u0627\u0644\u0646\u0634\u0627\u0637 \u0627\u0644\u0628\u062f\u0646\u064a: \u0645\u0631\u0627\u0642\u0628 \u0630\u0643\u064a \u0644\u0643\u0644 \u062e\u0637\u0648\u0627\u062a\u0643\u060c \u0633\u0639\u0631\u0627\u062a\u0643 \u0627\u0644\u062d\u0631\u0627\u0631\u064a\u0629\u060c \u0648\u0646\u0634\u0627\u0637\u0643 \u0627\u0644\u0631\u064a\u0627\u0636\u064a \u0627\u0644\u064a\u0648\u0645\u064a \u0644\u0645\u0633\u0627\u0639\u062f\u062a\u0643 \u0639\u0644\u0649 \u0627\u0644\u0628\u0642\u0627\u0621 \u0641\u064a \u0623\u0641\u0636\u0644 \u0645\u0633\u062a\u0648\u064a\u0627\u062a \u0644\u064a\u0627\u0642\u062a\u0643.\u0627\u0644\u0645\u0648\u0627\u0635\u0641\u0627\u062a \u0627\u0644\u062a\u0642\u0646\u064a\u0629:\u0646\u0648\u0639 \u0627\u0644\u0634\u0627\u0634\u0629: AMOLED \u0639\u0627\u0644\u064a\u0629 \u0627\u0644\u062f\u0642\u0629.\u0627\u0644\u0645\u0645\u064a\u0632\u0627\u062a: \u0645\u0635\u0628\u0627\u062d \u064a\u062f\u0648\u064a (LED Torch) + \u0645\u0643\u0627\u0644\u0645\u0627\u062a \u0628\u0644\u0648\u062a\u0648\u062b + \u0645\u0633\u0627\u0639\u062f \u0635\u0648\u062a\u064a IA.\u0627\u0644\u062d\u0645\u0627\u064a\u0629: \u062a\u0635\u0645\u064a\u0645 \u0645\u0642\u0627\u0648\u0645 \u0644\u0644\u0645\u0627\u0621 (\u0645\u0646\u0627\u0633\u0628 \u0644\u0644\u0633\u0628\u0627\u062d\u0629).\u0627\u0644\u0623\u062d\u0632\u0645\u0629: 3 \u0623\u062d\u0632\u0645\u0629 \u0645\u062a\u0646\u0648\u0639\u0629 \u0645\u0636\u0645\u0646\u0629 \u0641\u064a \u0627\u0644\u0639\u0644\u0628\u0629.\u0627\u0644\u062a\u0648\u0627\u0641\u0642: \u0645\u062a\u0648\u0627\u0641\u0642\u0629 \u062a\u0645\u0627\u0645\u0627\u064b \u0645\u0639 \u0623\u062c\u0647\u0632\u0629 \u0627\u0644\u0623\u0646\u062f\u0631\u0648\u064a\u062f \u0648\u0627\u0644\u0622\u064a\u0641\u0648\u0646.<\/p>","protected":false},"featured_media":97341,"comment_status":"open","ping_status":"closed","template":"","meta":[],"product_brand":[],"product_cat":[2463],"product_tag":[],"class_list":{"0":"post-97342","1":"product","2":"type-product","3":"status-publish","4":"has-post-thumbnail","6":"product_cat-electronique","8":"first","9":"instock","10":"taxable","11":"shipping-taxable","12":"purchasable","13":"product-type-simple"},"jetpack_sharing_enabled":true,"_links":{"self":[{"href":"https:\/\/shoponlinedz.com\/en\/wp-json\/wp\/v2\/product\/97342","targetHints":{"allow":["GET"]}}],"collection":[{"href":"https:\/\/shoponlinedz.com\/en\/wp-json\/wp\/v2\/product"}],"about":[{"href":"https:\/\/shoponlinedz.com\/en\/wp-json\/wp\/v2\/types\/product"}],"replies":[{"embeddable":true,"href":"https:\/\/shoponlinedz.com\/en\/wp-json\/wp\/v2\/comments?post=97342"}],"version-history":[{"count":0,"href":"https:\/\/shoponlinedz.com\/en\/wp-json\/wp\/v2\/product\/97342\/revisions"}],"wp:featuredmedia":[{"embeddable":true,"href":"https:\/\/shoponlinedz.com\/en\/wp-json\/wp\/v2\/media\/97341"}],"wp:attachment":[{"href":"https:\/\/shoponlinedz.com\/en\/wp-json\/wp\/v2\/media?parent=97342"}],"wp:term":[{"taxonomy":"product_brand","embeddable":true,"href":"https:\/\/shoponlinedz.com\/en\/wp-json\/wp\/v2\/product_brand?post=97342"},{"taxonomy":"product_cat","embeddable":true,"href":"https:\/\/shoponlinedz.com\/en\/wp-json\/wp\/v2\/product_cat?post=97342"},{"taxonomy":"product_tag","embeddable":true,"href":"https:\/\/shoponlinedz.com\/en\/wp-json\/wp\/v2\/product_tag?post=97342"}],"curies":[{"name":"wp","href":"https:\/\/api.w.org\/{rel}","templated":true}]}}