{"id":97323,"date":"2026-03-20T20:17:19","date_gmt":"2026-03-20T19:17:19","guid":{"rendered":"https:\/\/shoponlinedz.com\/product\/piano-educatif-a-clavier-electronique-pour-enfants-avec-microphone-et-37-touches-%d8%a8%d9%8a%d8%a7%d9%86%d9%88-%d8%aa%d8%b9%d9%84%d9%8a%d9%85%d9%8a-%d8%a8%d9%80-37-%d9%85%d9%81%d8%aa%d8%a7%d8%ad\/"},"modified":"2026-03-20T20:17:28","modified_gmt":"2026-03-20T19:17:28","slug":"piano-educatif-a-clavier-electronique-pour-enfants-avec-microphone-et-37-touches-%d8%a8%d9%8a%d8%a7%d9%86%d9%88-%d8%aa%d8%b9%d9%84%d9%8a%d9%85%d9%8a-%d8%a8%d9%80-37-%d9%85%d9%81%d8%aa%d8%a7%d8%ad","status":"publish","type":"product","link":"https:\/\/shoponlinedz.com\/en\/product\/piano-educatif-a-clavier-electronique-pour-enfants-avec-microphone-et-37-touches-%d8%a8%d9%8a%d8%a7%d9%86%d9%88-%d8%aa%d8%b9%d9%84%d9%8a%d9%85%d9%8a-%d8%a8%d9%80-37-%d9%85%d9%81%d8%aa%d8%a7%d8%ad\/","title":{"rendered":"Piano \u00e9ducatif \u00e0 clavier \u00e9lectronique pour enfants, avec microphone et 37 touches &#8211; \u0628\u064a\u0627\u0646\u0648 \u062a\u0639\u0644\u064a\u0645\u064a \u0628\u0640 37 \u0645\u0641\u062a\u0627\u062d\u0627\u064b \u0644\u0644\u0623\u0637\u0641\u0627\u0644"},"content":{"rendered":"<figure class=\"attachment attachment--preview\" data-trix-attachment=\"{&quot;contentType&quot;:&quot;image&quot;,&quot;height&quot;:1024,&quot;url&quot;:&quot;https:\/\/sawa9ly.app\/storage\/69540\/piano-37keys-cnc.jpg&quot;,&quot;width&quot;:1024}\" data-trix-content-type=\"image\"><img decoding=\"async\" class=\"aligncenter\" src=\"https:\/\/sawa9ly.app\/storage\/69540\/piano-37keys-cnc.jpg\" width=\"1024\" height=\"1024\" \/><figcaption class=\"attachment__caption\"><\/figcaption><\/figure>\n<figure class=\"attachment attachment--preview\" data-trix-attachment=\"{&quot;contentType&quot;:&quot;image&quot;,&quot;height&quot;:1024,&quot;url&quot;:&quot;https:\/\/sawa9ly.app\/storage\/69539\/piano-37keys-11.jpg&quot;,&quot;width&quot;:1024}\" data-trix-content-type=\"image\"><img decoding=\"async\" class=\"aligncenter\" src=\"https:\/\/sawa9ly.app\/storage\/69539\/piano-37keys-11.jpg\" width=\"1024\" height=\"1024\" \/><figcaption class=\"attachment__caption\"><\/figcaption><\/figure>\n<figure class=\"attachment attachment--preview\" data-trix-attachment=\"{&quot;contentType&quot;:&quot;image&quot;,&quot;height&quot;:1024,&quot;url&quot;:&quot;https:\/\/sawa9ly.app\/storage\/69541\/piano-37keys-4.jpg&quot;,&quot;width&quot;:1024}\" data-trix-content-type=\"image\"><img decoding=\"async\" class=\"aligncenter\" src=\"https:\/\/sawa9ly.app\/storage\/69541\/piano-37keys-4.jpg\" width=\"1024\" height=\"1024\" \/><figcaption class=\"attachment__caption\"><\/figcaption><\/figure>\n<figure class=\"attachment attachment--preview\" data-trix-attachment=\"{&quot;contentType&quot;:&quot;image&quot;,&quot;height&quot;:1024,&quot;url&quot;:&quot;https:\/\/sawa9ly.app\/storage\/69542\/piano-37keys-5.jpg&quot;,&quot;width&quot;:1024}\" data-trix-content-type=\"image\"><img decoding=\"async\" class=\"aligncenter\" src=\"https:\/\/sawa9ly.app\/storage\/69542\/piano-37keys-5.jpg\" width=\"1024\" height=\"1024\" \/><figcaption class=\"attachment__caption\"><\/figcaption><\/figure>\n<figure class=\"attachment attachment--preview\" data-trix-attachment=\"{&quot;contentType&quot;:&quot;image&quot;,&quot;height&quot;:1024,&quot;url&quot;:&quot;https:\/\/sawa9ly.app\/storage\/69543\/piano-37keys-7.jpg&quot;,&quot;width&quot;:1024}\" data-trix-content-type=\"image\"><img decoding=\"async\" class=\"aligncenter\" src=\"https:\/\/sawa9ly.app\/storage\/69543\/piano-37keys-7.jpg\" width=\"1024\" height=\"1024\" \/><figcaption class=\"attachment__caption\"><\/figcaption><\/figure>\n<p style=\"text-align: center;\">","protected":false},"excerpt":{"rendered":"<p>\u0644\u0648\u062d\u0629 \u0645\u0641\u0627\u062a\u064a\u062d \u0645\u062a\u0639\u062f\u062f\u0629 \u0627\u0644\u0648\u0638\u0627\u0626\u0641: \u064a\u062d\u062a\u0648\u064a \u0639\u0644\u0649 37 \u0645\u0641\u062a\u0627\u062d\u0627\u064b\u060c \u0645\u0639 8 \u0646\u063a\u0645\u0627\u062a \u0645\u062e\u062a\u0644\u0641\u0629\u060c 8 \u0625\u064a\u0642\u0627\u0639\u0627\u062a\u060c 6 \u0645\u0642\u0637\u0648\u0639\u0627\u062a \u062a\u062c\u0631\u064a\u0628\u064a\u0629 (Demos)\u060c \u06484 \u0623\u0635\u0648\u0627\u062a \u0642\u0631\u0639 (Percussions) \u0644\u064a\u062a\u0645\u0643\u0646 \u0627\u0644\u0637\u0641\u0644 \u0645\u0646 \u0627\u0633\u062a\u0643\u0634\u0627\u0641 \u0639\u0627\u0644\u0645 \u0627\u0644\u0645\u0648\u0633\u064a\u0642\u0649 \u0627\u0644\u0648\u0627\u0633\u0639.\u062e\u0627\u0635\u064a\u0629 \u0627\u0644\u062a\u0633\u062c\u064a\u0644 \u0648\u0627\u0644\u062a\u0634\u063a\u064a\u0644: \u064a\u0645\u0643\u0646 \u0644\u0644\u0637\u0641\u0644 \u062a\u0633\u062c\u064a\u0644 \u0645\u0639\u0632\u0648\u0641\u0627\u062a\u0647 \u0627\u0644\u062e\u0627\u0635\u0629 \u0648\u0625\u0639\u0627\u062f\u0629 \u0627\u0644\u0627\u0633\u062a\u0645\u0627\u0639 \u0625\u0644\u064a\u0647\u0627\u060c \u0645\u0645\u0627 \u064a\u0639\u0632\u0632 \u0634\u0639\u0648\u0631\u0647 \u0628\u0627\u0644\u0625\u0646\u062c\u0627\u0632 \u0648\u064a\u0633\u0627\u0639\u062f\u0647 \u0639\u0644\u0649 \u062a\u0637\u0648\u064a\u0631 \u0645\u0647\u0627\u0631\u0627\u062a\u0647 \u0628\u0634\u0643\u0644 \u0627\u062d\u062a\u0631\u0627\u0641\u064a.\u0645\u064a\u0643\u0631\u0648\u0641\u0648\u0646 \u0645\u062f\u0645\u062c \u0644\u0644\u063a\u0646\u0627\u0621: \u064a\u062a\u064a\u062d \u0644\u0644\u0637\u0641\u0644 \u0627\u0644\u063a\u0646\u0627\u0621 \u0623\u062b\u0646\u0627\u0621 \u0627\u0644\u0639\u0632\u0641\u060c \u0648\u0647\u0648 \u0645\u0627 \u064a\u0646\u0645\u064a \u0645\u0647\u0627\u0631\u0627\u062a \u0627\u0644\u0623\u062f\u0627\u0621 \u0627\u0644\u0645\u0633\u0631\u062d\u064a \u0644\u062f\u064a\u0647 \u0648\u064a\u062c\u0639\u0644\u0647 \u0623\u0643\u062b\u0631 \u062c\u0631\u0623\u0629 \u0648\u062b\u0642\u0629 \u0623\u0645\u0627\u0645 \u0627\u0644\u062c\u0645\u0647\u0648\u0631.\u062a\u0646\u0645\u064a\u0629 \u0627\u0644\u0645\u0648\u0627\u0647\u0628 \u0627\u0644\u0645\u0628\u0643\u0631\u0629: \u0645\u0635\u0645\u0645 \u062e\u0635\u064a\u0635\u0627\u064b \u0644\u0632\u064a\u0627\u062f\u0629 \u062d\u0633\u0627\u0633\u064a\u0629 \u0627\u0644\u0623\u0637\u0641\u0627\u0644 \u0644\u0644\u0623\u0644\u062d\u0627\u0646 \u0648\u063a\u0631\u0633 \u062d\u0628 \u0627\u0644\u0641\u0646 \u0648\u0627\u0644\u0627\u0628\u062a\u0643\u0627\u0631 \u0641\u064a \u0646\u0641\u0648\u0633\u0647\u0645 \u0645\u0646\u0630 \u0633\u0646 \u0627\u0644\u062b\u0627\u0644\u062b\u0629.\u0622\u0645\u0646 \u0648\u0635\u062f\u064a\u0642 \u0644\u0644\u0628\u064a\u0626\u0629: \u0645\u0635\u0646\u0648\u0639 \u0645\u0646 \u0645\u0627\u062f\u0629 ABS \u0627\u0644\u0645\u062a\u064a\u0646\u0629 \u0648\u063a\u064a\u0631 \u0627\u0644\u0633\u0627\u0645\u0629\u060c \u0645\u0639 \u062d\u0648\u0627\u0641 \u0646\u0627\u0639\u0645\u0629 \u062a\u0645\u0627\u0645\u0627\u064b \u0644\u0636\u0645\u0627\u0646 \u0633\u0644\u0627\u0645\u0629 \u0623\u064a\u062f\u064a \u0627\u0644\u0623\u0637\u0641\u0627\u0644. \u0627\u0644\u062c\u0647\u0627\u0632 \u062d\u0627\u0626\u0632 \u0639\u0644\u0649 \u0634\u0647\u0627\u062f\u0627\u062a \u0627\u0644\u062c\u0648\u062f\u0629 \u0627\u0644\u0639\u0627\u0644\u0645\u064a\u0629 (CE\/CPC\/CPSIA).\u0646\u0638\u0627\u0645 \u0637\u0627\u0642\u0629 \u0645\u0632\u062f\u0648\u062c: \u064a\u0639\u0645\u0644 \u0639\u0628\u0631 \u0643\u0627\u0628\u0644 USB (\u0645\u0631\u0641\u0642) \u0623\u0648 \u0628\u0648\u0627\u0633\u0637\u0629 3 \u0628\u0637\u0627\u0631\u064a\u0627\u062a AA\u060c \u0645\u0645\u0627 \u064a\u062c\u0639\u0644\u0647 \u0633\u0647\u0644 \u0627\u0644\u062d\u0645\u0644 \u0648\u0627\u0644\u0627\u0633\u062a\u062e\u062f\u0627\u0645 \u0633\u0648\u0627\u0621 \u0641\u064a \u0627\u0644\u0628\u064a\u062a\u060c \u0627\u0644\u062d\u062f\u064a\u0642\u0629\u060c \u0623\u0648 \u0623\u062b\u0646\u0627\u0621 \u0627\u0644\u0633\u0641\u0631.\u0627\u0644\u0645\u0648\u0627\u0635\u0641\u0627\u062a \u0627\u0644\u062a\u0642\u0646\u064a\u0629:\u0627\u0644\u0623\u0628\u0639\u0627\u062f: 43 \u00d7 16 \u00d7 5.4 \u0633\u0645 (\u062d\u062c\u0645 \u0645\u062b\u0627\u0644\u064a \u0644\u0644\u062d\u0645\u0644 \u0648\u0627\u0644\u062a\u0646\u0642\u0644).\u0627\u0644\u0645\u0627\u062f\u0629: \u0628\u0644\u0627\u0633\u062a\u064a\u0643 ABS \u0645\u062a\u064a\u0646 \u0648\u0622\u0645\u0646 \u0637\u0628\u064a\u0627\u064b.\u0627\u0644\u0637\u0627\u0642\u0629: \u0643\u0627\u0628\u0644 USB \u0623\u0648 3 \u0628\u0637\u0627\u0631\u064a\u0627\u062a AA (\u063a\u064a\u0631 \u0645\u0636\u0645\u0646\u0629).\u0627\u0644\u0639\u0645\u0631 \u0627\u0644\u0645\u0646\u0627\u0633\u0628: \u0644\u0644\u0623\u0637\u0641\u0627\u0644 \u0645\u0646 \u0633\u0646 3 \u0633\u0646\u0648\u0627\u062a \u0641\u0645\u0627 \u0641\u0648\u0642.\u0645\u062d\u062a\u0648\u064a\u0627\u062a \u0627\u0644\u0639\u0644\u0628\u0629: 1\u00d7 \u0628\u064a\u0627\u0646\u0648\u060c 1\u00d7 \u0645\u064a\u0643\u0631\u0648\u0641\u0648\u0646 \u0635\u063a\u064a\u0631\u060c 1\u00d7 \u0643\u0627\u0628\u0644 \u0637\u0627\u0642\u0629.<\/p>","protected":false},"featured_media":97322,"comment_status":"open","ping_status":"closed","template":"","meta":[],"product_brand":[],"product_cat":[2459],"product_tag":[],"class_list":{"0":"post-97323","1":"product","2":"type-product","3":"status-publish","4":"has-post-thumbnail","6":"product_cat-jouet-gaming","8":"first","9":"instock","10":"taxable","11":"shipping-taxable","12":"purchasable","13":"product-type-simple"},"jetpack_sharing_enabled":true,"_links":{"self":[{"href":"https:\/\/shoponlinedz.com\/en\/wp-json\/wp\/v2\/product\/97323","targetHints":{"allow":["GET"]}}],"collection":[{"href":"https:\/\/shoponlinedz.com\/en\/wp-json\/wp\/v2\/product"}],"about":[{"href":"https:\/\/shoponlinedz.com\/en\/wp-json\/wp\/v2\/types\/product"}],"replies":[{"embeddable":true,"href":"https:\/\/shoponlinedz.com\/en\/wp-json\/wp\/v2\/comments?post=97323"}],"version-history":[{"count":0,"href":"https:\/\/shoponlinedz.com\/en\/wp-json\/wp\/v2\/product\/97323\/revisions"}],"wp:featuredmedia":[{"embeddable":true,"href":"https:\/\/shoponlinedz.com\/en\/wp-json\/wp\/v2\/media\/97322"}],"wp:attachment":[{"href":"https:\/\/shoponlinedz.com\/en\/wp-json\/wp\/v2\/media?parent=97323"}],"wp:term":[{"taxonomy":"product_brand","embeddable":true,"href":"https:\/\/shoponlinedz.com\/en\/wp-json\/wp\/v2\/product_brand?post=97323"},{"taxonomy":"product_cat","embeddable":true,"href":"https:\/\/shoponlinedz.com\/en\/wp-json\/wp\/v2\/product_cat?post=97323"},{"taxonomy":"product_tag","embeddable":true,"href":"https:\/\/shoponlinedz.com\/en\/wp-json\/wp\/v2\/product_tag?post=97323"}],"curies":[{"name":"wp","href":"https:\/\/api.w.org\/{rel}","templated":true}]}}