{"id":95938,"date":"2026-02-10T17:39:35","date_gmt":"2026-02-10T16:39:35","guid":{"rendered":"https:\/\/shoponlinedz.com\/product\/machine-a-barbe-a-papa-electrique-%d8%a2%d9%84%d8%a9-%d8%b5%d9%86%d8%b9-%d8%ba%d8%b2%d9%84-%d8%a7%d9%84%d8%a8%d9%86%d8%a7%d8%aa\/"},"modified":"2026-02-10T17:39:49","modified_gmt":"2026-02-10T16:39:49","slug":"machine-a-barbe-a-papa-electrique-%d8%a2%d9%84%d8%a9-%d8%b5%d9%86%d8%b9-%d8%ba%d8%b2%d9%84-%d8%a7%d9%84%d8%a8%d9%86%d8%a7%d8%aa","status":"publish","type":"product","link":"https:\/\/shoponlinedz.com\/en\/product\/machine-a-barbe-a-papa-electrique-%d8%a2%d9%84%d8%a9-%d8%b5%d9%86%d8%b9-%d8%ba%d8%b2%d9%84-%d8%a7%d9%84%d8%a8%d9%86%d8%a7%d8%aa\/","title":{"rendered":"Machine \u00e0 barbe \u00e0 papa \u00e9lectrique \u2013 \u0622\u0644\u0629 \u0635\u0646\u0639 \u063a\u0632\u0644 \u0627\u0644\u0628\u0646\u0627\u062a"},"content":{"rendered":"<figure class=\"attachment attachment--preview\" data-trix-attachment=\"{&quot;contentType&quot;:&quot;image&quot;,&quot;height&quot;:1024,&quot;url&quot;:&quot;https:\/\/sawa9ly.app\/storage\/68031\/barbe-papa-cnc.jpg&quot;,&quot;width&quot;:1024}\" data-trix-content-type=\"image\"><img decoding=\"async\" class=\"aligncenter\" src=\"https:\/\/sawa9ly.app\/storage\/68031\/barbe-papa-cnc.jpg\" width=\"1024\" height=\"1024\" \/><figcaption class=\"attachment__caption\"><\/figcaption><\/figure>\n<figure class=\"attachment attachment--preview\" data-trix-attachment=\"{&quot;contentType&quot;:&quot;image&quot;,&quot;height&quot;:1024,&quot;url&quot;:&quot;https:\/\/sawa9ly.app\/storage\/68032\/barbe-papa-3.jpg&quot;,&quot;width&quot;:1024}\" data-trix-content-type=\"image\"><img decoding=\"async\" class=\"aligncenter\" src=\"https:\/\/sawa9ly.app\/storage\/68032\/barbe-papa-3.jpg\" width=\"1024\" height=\"1024\" \/><figcaption class=\"attachment__caption\"><\/figcaption><\/figure>\n<figure class=\"attachment attachment--preview\" data-trix-attachment=\"{&quot;contentType&quot;:&quot;image&quot;,&quot;height&quot;:1024,&quot;url&quot;:&quot;https:\/\/sawa9ly.app\/storage\/68033\/barbe-papa-2.jpg&quot;,&quot;width&quot;:1024}\" data-trix-content-type=\"image\"><img decoding=\"async\" class=\"aligncenter\" src=\"https:\/\/sawa9ly.app\/storage\/68033\/barbe-papa-2.jpg\" width=\"1024\" height=\"1024\" \/><figcaption class=\"attachment__caption\"><\/figcaption><\/figure>\n<figure class=\"attachment attachment--preview\" data-trix-attachment=\"{&quot;contentType&quot;:&quot;image&quot;,&quot;height&quot;:1024,&quot;url&quot;:&quot;https:\/\/sawa9ly.app\/storage\/68034\/barbe-papa-1.jpg&quot;,&quot;width&quot;:1024}\" data-trix-content-type=\"image\"><img decoding=\"async\" class=\"aligncenter\" src=\"https:\/\/sawa9ly.app\/storage\/68034\/barbe-papa-1.jpg\" width=\"1024\" height=\"1024\" \/><figcaption class=\"attachment__caption\"><\/figcaption><\/figure>\n<figure class=\"attachment attachment--preview\" data-trix-attachment=\"{&quot;contentType&quot;:&quot;image&quot;,&quot;height&quot;:1024,&quot;url&quot;:&quot;https:\/\/sawa9ly.app\/storage\/68035\/barbe-papa-4.jpg&quot;,&quot;width&quot;:1024}\" data-trix-content-type=\"image\"><img decoding=\"async\" class=\"aligncenter\" src=\"https:\/\/sawa9ly.app\/storage\/68035\/barbe-papa-4.jpg\" width=\"1024\" height=\"1024\" \/><figcaption class=\"attachment__caption\"><\/figcaption><\/figure>\n<p style=\"text-align: center;\">","protected":false},"excerpt":{"rendered":"<p>\ud83c\udf6d \u0622\u0644\u0629 \u0635\u0646\u0639 \u063a\u0632\u0644 \u0627\u0644\u0628\u0646\u0627\u062a \u2013 \u0645\u062a\u0639\u0629 \u0648\u0644\u0630\u0629 \u0641\u064a \u062f\u0642\u0627\u0626\u0642!\u0627\u0635\u0646\u0639 \u063a\u0632\u0644 \u0627\u0644\u0628\u0646\u0627\u062a \u0627\u0644\u0644\u0630\u064a\u0630 \u0641\u064a \u0627\u0644\u0645\u0646\u0632\u0644 \u0628\u0643\u0644 \u0633\u0647\u0648\u0644\u0629 \u0645\u0639 \u0647\u0630\u0647 \u0627\u0644\u0622\u0644\u0629 \u0627\u0644\u0639\u0645\u0644\u064a\u0629 \u0648\u0627\u0644\u0622\u0645\u0646\u0629\u060c \u0627\u0644\u0645\u0635\u0645\u0645\u0629 \u0644\u062a\u0645\u0646\u062d\u0643 \u062a\u062c\u0631\u0628\u0629 \u0645\u0645\u062a\u0639\u0629 \u0644\u0644\u0623\u0637\u0641\u0627\u0644 \u0648\u0627\u0644\u0643\u0628\u0627\u0631 \u0645\u0639 \u0646\u062a\u0627\u0626\u062c \u0633\u0631\u064a\u0639\u0629 \u0648\u0646\u0638\u064a\u0641\u0629.\u2b50 \u0645\u0645\u064a\u0632\u0627\u062a \u0627\u0644\u0645\u0646\u062a\u062c\ud83c\udf6c \u062e\u0632\u0627\u0646 \u0633\u0643\u0631 \u0645\u0646 \u0627\u0644\u0623\u0644\u0645\u0646\u064a\u0648\u0645\u0633\u0647\u0644 \u0627\u0644\u062a\u0646\u0638\u064a\u0641\u0633\u0637\u062d \u063a\u064a\u0631 \u0644\u0627\u0635\u0642 \u0644\u0644\u0633\u0643\u0631\u0642\u0627\u0628\u0644 \u0644\u0644\u0641\u0643 \u0648\u0627\u0644\u062a\u0631\u0643\u064a\u0628 \u0628\u0633\u0647\u0648\u0644\u0629\ud83d\udd25 \u0623\u0646\u0628\u0648\u0628 \u062a\u0633\u062e\u064a\u0646 \u0639\u0627\u0644\u064a \u0627\u0644\u0643\u0641\u0627\u0621\u0629\u064a\u0639\u062a\u0645\u062f \u0639\u0644\u0649 3 \u0645\u0628\u0627\u062f\u0626 \u062a\u0633\u062e\u064a\u0646 \u0645\u062a\u0637\u0648\u0631\u0629\u064a\u062a\u064a\u062d \u062a\u062d\u0636\u064a\u0631 \u063a\u0632\u0644 \u0628\u0646\u0627\u062a \u0646\u0627\u0639\u0645 \u0648\u0645\u062a\u062c\u0627\u0646\u0633 \u0641\u064a \u0648\u0642\u062a \u0642\u064a\u0627\u0633\u064a\ud83d\udee1\ufe0f \u063a\u0637\u0627\u0621 \u0634\u0641\u0627\u0641 \u0645\u0636\u0627\u062f \u0644\u0644\u062a\u0646\u0627\u062b\u0631\u0645\u0635\u0646\u0648\u0639 \u0645\u0646 \u0645\u0627\u062f\u0629 PP \u0627\u0644\u063a\u0630\u0627\u0626\u064a\u0629 \u0627\u0644\u0622\u0645\u0646\u0629\u064a\u0645\u0646\u0639 \u062a\u0637\u0627\u064a\u0631 \u062d\u0628\u064a\u0628\u0627\u062a \u0627\u0644\u0633\u0643\u0631\u064a\u062d\u0627\u0641\u0638 \u0639\u0644\u0649 \u0646\u0638\u0627\u0641\u0629 \u0627\u0644\u0637\u0627\u0648\u0644\u0629 \u0623\u062b\u0646\u0627\u0621 \u0627\u0644\u0627\u0633\u062a\u062e\u062f\u0627\u0645\u2744\ufe0f \u0647\u064a\u0643\u0644 \u062a\u0628\u0631\u064a\u062f \u0641\u0639\u0651\u0627\u0644\u062a\u0628\u0631\u064a\u062f \u0633\u0631\u064a\u0639 \u0644\u0644\u0645\u062d\u0631\u0643\u064a\u0636\u0645\u0646 \u0639\u0645\u0631\u064b\u0627 \u0623\u0637\u0648\u0644 \u0644\u0644\u0622\u0644\u0629 \u0648\u0623\u062f\u0627\u0621\u064b \u0645\u0633\u062a\u0642\u0631\u064b\u0627\u2699\ufe0f \u0627\u0644\u0645\u0648\u0627\u0635\u0641\u0627\u062a \u0627\u0644\u062a\u0642\u0646\u064a\u0629\u0627\u0644\u062c\u0647\u062f \u0627\u0644\u0643\u0647\u0631\u0628\u0627\u0626\u064a: 220V \/ 50\u201360Hz\u0627\u0644\u0642\u062f\u0631\u0629: 480 \u0648\u0627\u0637\u0627\u0644\u0642\u0627\u0628\u0633: \u0627\u0644\u0645\u0639\u064a\u0627\u0631 \u0627\u0644\u0623\u0648\u0631\u0648\u0628\u064a (EU Plug)\u0627\u0644\u0623\u0644\u0648\u0627\u0646 \u0627\u0644\u0645\u062a\u0648\u0641\u0631\u0629: \u0623\u0628\u064a\u0636 \/ \u0623\u0632\u0631\u0642 \u0633\u0645\u0627\u0648\u064a \/ \u0648\u0631\u062f\u064a\u0627\u0644\u062d\u062c\u0645: 215 \u00d7 160 \u0645\u0645\ud83d\udce6 \u0645\u062d\u062a\u0648\u064a\u0627\u062a \u0627\u0644\u0639\u0644\u0628\u0629\ud83c\udf6d 1 \u00d7 \u0622\u0644\u0629 \u0635\u0646\u0639 \u063a\u0632\u0644 \u0627\u0644\u0628\u0646\u0627\u062a\ud83e\udd44 1 \u00d7 \u0645\u0644\u0639\u0642\u0629 \u0633\u0643\u0631\ud83c\udf61 1 \u00d7 \u0623\u0639\u0648\u0627\u062f \u063a\u0632\u0644 \u0627\u0644\u0628\u0646\u0627\u062a\ud83d\udcd8 1 \u00d7 \u062f\u0644\u064a\u0644 \u0627\u0644\u0627\u0633\u062a\u0639\u0645\u0627\u0644<\/p>","protected":false},"featured_media":95937,"comment_status":"open","ping_status":"closed","template":"","meta":[],"product_brand":[],"product_cat":[2456],"product_tag":[],"class_list":{"0":"post-95938","1":"product","2":"type-product","3":"status-publish","4":"has-post-thumbnail","6":"product_cat-cuisine","8":"first","9":"instock","10":"taxable","11":"shipping-taxable","12":"purchasable","13":"product-type-simple"},"jetpack_sharing_enabled":true,"_links":{"self":[{"href":"https:\/\/shoponlinedz.com\/en\/wp-json\/wp\/v2\/product\/95938","targetHints":{"allow":["GET"]}}],"collection":[{"href":"https:\/\/shoponlinedz.com\/en\/wp-json\/wp\/v2\/product"}],"about":[{"href":"https:\/\/shoponlinedz.com\/en\/wp-json\/wp\/v2\/types\/product"}],"replies":[{"embeddable":true,"href":"https:\/\/shoponlinedz.com\/en\/wp-json\/wp\/v2\/comments?post=95938"}],"version-history":[{"count":0,"href":"https:\/\/shoponlinedz.com\/en\/wp-json\/wp\/v2\/product\/95938\/revisions"}],"wp:featuredmedia":[{"embeddable":true,"href":"https:\/\/shoponlinedz.com\/en\/wp-json\/wp\/v2\/media\/95937"}],"wp:attachment":[{"href":"https:\/\/shoponlinedz.com\/en\/wp-json\/wp\/v2\/media?parent=95938"}],"wp:term":[{"taxonomy":"product_brand","embeddable":true,"href":"https:\/\/shoponlinedz.com\/en\/wp-json\/wp\/v2\/product_brand?post=95938"},{"taxonomy":"product_cat","embeddable":true,"href":"https:\/\/shoponlinedz.com\/en\/wp-json\/wp\/v2\/product_cat?post=95938"},{"taxonomy":"product_tag","embeddable":true,"href":"https:\/\/shoponlinedz.com\/en\/wp-json\/wp\/v2\/product_tag?post=95938"}],"curies":[{"name":"wp","href":"https:\/\/api.w.org\/{rel}","templated":true}]}}