{"id":94677,"date":"2026-02-02T15:57:43","date_gmt":"2026-02-02T14:57:43","guid":{"rendered":"https:\/\/shoponlinedz.com\/product\/reveil-numerique-alimente-par-usb-avec-lumiere-dambiance-rvb-%d8%ac%d9%87%d8%a7%d8%b2-%d9%85%d9%86%d8%a8%d9%87-%d8%b1%d9%82%d9%85%d9%8a\/"},"modified":"2026-02-13T21:14:07","modified_gmt":"2026-02-13T20:14:07","slug":"reveil-numerique-alimente-par-usb-avec-lumiere-dambiance-rvb-%d8%ac%d9%87%d8%a7%d8%b2-%d9%85%d9%86%d8%a8%d9%87-%d8%b1%d9%82%d9%85%d9%8a","status":"publish","type":"product","link":"https:\/\/shoponlinedz.com\/en\/product\/reveil-numerique-alimente-par-usb-avec-lumiere-dambiance-rvb-%d8%ac%d9%87%d8%a7%d8%b2-%d9%85%d9%86%d8%a8%d9%87-%d8%b1%d9%82%d9%85%d9%8a\/","title":{"rendered":"R\u00e9veil num\u00e9rique aliment\u00e9 par USB avec lumi\u00e8re d\u2019ambiance RVB \u2013 \u062c\u0647\u0627\u0632 \u0645\u0646\u0628\u0647 \u0631\u0642\u0645\u064a"},"content":{"rendered":"<figure class=\"attachment attachment--preview\" data-trix-attachment=\"{&quot;contentType&quot;:&quot;image&quot;,&quot;height&quot;:1024,&quot;url&quot;:&quot;https:\/\/sawa9ly.app\/storage\/67709\/DS-3827LW-CNC.jpg&quot;,&quot;width&quot;:1024}\" data-trix-content-type=\"image\"><img decoding=\"async\" class=\"aligncenter\" src=\"https:\/\/sawa9ly.app\/storage\/67709\/DS-3827LW-CNC.jpg\" width=\"1024\" height=\"1024\" \/><figcaption class=\"attachment__caption\"><\/figcaption><\/figure>\n<figure class=\"attachment attachment--preview\" data-trix-attachment=\"{&quot;contentType&quot;:&quot;image&quot;,&quot;height&quot;:1024,&quot;url&quot;:&quot;https:\/\/sawa9ly.app\/storage\/67710\/DS-3827LW-1.jpg&quot;,&quot;width&quot;:1024}\" data-trix-content-type=\"image\"><img decoding=\"async\" class=\"aligncenter\" src=\"https:\/\/sawa9ly.app\/storage\/67710\/DS-3827LW-1.jpg\" width=\"1024\" height=\"1024\" \/><figcaption class=\"attachment__caption\"><\/figcaption><\/figure>\n<figure class=\"attachment attachment--preview\" data-trix-attachment=\"{&quot;contentType&quot;:&quot;image&quot;,&quot;height&quot;:1024,&quot;url&quot;:&quot;https:\/\/sawa9ly.app\/storage\/67711\/DS-3827LW-6.jpg&quot;,&quot;width&quot;:1024}\" data-trix-content-type=\"image\"><img decoding=\"async\" class=\"aligncenter\" src=\"https:\/\/sawa9ly.app\/storage\/67711\/DS-3827LW-6.jpg\" width=\"1024\" height=\"1024\" \/><figcaption class=\"attachment__caption\"><\/figcaption><\/figure>\n<figure class=\"attachment attachment--preview\" data-trix-attachment=\"{&quot;contentType&quot;:&quot;image&quot;,&quot;height&quot;:1024,&quot;url&quot;:&quot;https:\/\/sawa9ly.app\/storage\/67712\/DS-3827LW-2.jpg&quot;,&quot;width&quot;:1024}\" data-trix-content-type=\"image\"><img decoding=\"async\" class=\"aligncenter\" src=\"https:\/\/sawa9ly.app\/storage\/67712\/DS-3827LW-2.jpg\" width=\"1024\" height=\"1024\" \/><figcaption class=\"attachment__caption\"><\/figcaption><\/figure>\n<figure class=\"attachment attachment--preview\" data-trix-attachment=\"{&quot;contentType&quot;:&quot;image&quot;,&quot;height&quot;:1024,&quot;url&quot;:&quot;https:\/\/sawa9ly.app\/storage\/67713\/DS-3827LW-3.jpg&quot;,&quot;width&quot;:1024}\" data-trix-content-type=\"image\"><img decoding=\"async\" class=\"aligncenter\" src=\"https:\/\/sawa9ly.app\/storage\/67713\/DS-3827LW-3.jpg\" width=\"1024\" height=\"1024\" \/><figcaption class=\"attachment__caption\"><\/figcaption><\/figure>\n<p style=\"text-align: center\">","protected":false},"excerpt":{"rendered":"<p>\u23f0 \u0645\u0646\u0628\u0651\u0647 \u0645\u0631\u0622\u0629 \u0630\u0643\u064a \u0645\u062a\u0639\u062f\u062f \u0627\u0644\u0648\u0638\u0627\u0626\u0641 \u0627\u062c\u0645\u0639 \u0628\u064a\u0646 \u0627\u0644\u0623\u0646\u0627\u0642\u0629 \u0648\u0627\u0644\u062a\u0642\u0646\u064a\u0629 \u0645\u0639 \u0647\u0630\u0627 \u0627\u0644\u0645\u0646\u0628\u0651\u0647 \u0627\u0644\u0639\u0635\u0631\u064a \u0627\u0644\u0630\u064a \u064a\u0645\u0646\u062d\u0643 \u062a\u062c\u0631\u0628\u0629 \u0627\u0633\u062a\u062e\u062f\u0627\u0645 \u0645\u0631\u064a\u062d\u0629 \u0648\u0639\u0645\u0644\u064a\u0629 \u064a\u0648\u0645\u064a\u064b\u0627 \u2728\ud83d\udd52 \u0639\u0631\u0636 \u0634\u0627\u0645\u0644 \u0648\u0648\u0627\u0636\u062d\u0639\u0631\u0636 \u0627\u0644\u0648\u0642\u062a \u23f1\ufe0f\u0639\u0631\u0636 \u0627\u0644\u062a\u0627\u0631\u064a\u062e \ud83d\udcc5\u0639\u0631\u0636 \u0627\u0644\u064a\u0648\u0645 \ud83d\uddd3\ufe0f\u0639\u0631\u0636 \u062f\u0631\u062c\u0629 \u0627\u0644\u062d\u0631\u0627\u0631\u0629 \ud83c\udf21\ufe0f\ud83d\udca1 4 \u0645\u0633\u062a\u0648\u064a\u0627\u062a \u0644\u0636\u0628\u0637 \u0627\u0644\u0633\u0637\u0648\u0639 \u0627\u0636\u0628\u0637 \u0633\u0637\u0648\u0639 \u0627\u0644\u0634\u0627\u0634\u0629 \u0628\u0633\u0647\u0648\u0644\u0629 \u0639\u0628\u0631 \u0632\u0631 SNZ:\ud83d\udd06 \u0633\u0637\u0648\u0639 \u0639\u0627\u0644\u064d\ud83d\udd05 \u0633\u0637\u0648\u0639 \u0645\u062a\u0648\u0633\u0637\ud83d\udd38 \u0633\u0637\u0648\u0639 \u0645\u0646\u062e\u0641\u0636\u2b1b \u0625\u064a\u0642\u0627\u0641 \u0627\u0644\u0634\u0627\u0634\u0629\u0645\u062b\u0627\u0644\u064a \u0644\u0644\u0627\u0633\u062a\u062e\u062f\u0627\u0645 \u0646\u0647\u0627\u0631\u064b\u0627 \u0623\u0648 \u0644\u064a\u0644\u064b\u0627 \u0628\u062f\u0648\u0646 \u0625\u0632\u0639\u0627\u062c \ud83d\udc4c\u23f0 \u0645\u0646\u0628\u0651\u0647 \u0645\u0632\u062f\u0648\u062c + \u0648\u0638\u064a\u0641\u0629 \u0627\u0644\u063a\u0641\u0648\u0629 (Snooze)\u0625\u0645\u0643\u0627\u0646\u064a\u0629 \u0636\u0628\u0637 \u0645\u0646\u0628\u0651\u0647\u064a\u0646\u0623\u0648\u0636\u0627\u0639 \u0627\u0644\u062a\u0643\u0631\u0627\u0631:\ud83d\udcc6 \u0645\u0646 \u0627\u0644\u0625\u062b\u0646\u064a\u0646 \u0625\u0644\u0649 \u0627\u0644\u062c\u0645\u0639\u0629 (1-5)\ud83d\udcc6 \u0645\u0646 \u0627\u0644\u0625\u062b\u0646\u064a\u0646 \u0625\u0644\u0649 \u0627\u0644\u0633\u0628\u062a (1-6)\ud83d\udcc6 \u064a\u0648\u0645\u064a (1-7)\u23f3 \u0645\u062f\u0629 \u0627\u0644\u063a\u0641\u0648\u0629 \u0627\u0644\u0627\u0641\u062a\u0631\u0627\u0636\u064a\u0629: 5 \u062f\u0642\u0627\u0626\u0642\ud83c\udf19 \u0648\u0636\u0639 \u0627\u0644\u0644\u064a\u0644 \u0627\u0644\u0630\u0643\u064a\u062a\u0639\u062a\u064a\u0645 \u062a\u0644\u0642\u0627\u0626\u064a \u0644\u0644\u0634\u0627\u0634\u0629 \u0645\u0646 18:00 \u0645\u0633\u0627\u0621\u064b \u0625\u0644\u0649 05:59 \u0635\u0628\u0627\u062d\u064b\u0627\u0642\u0627\u0628\u0644 \u0644\u0644\u062a\u0641\u0639\u064a\u0644 \u0623\u0648 \u0627\u0644\u0625\u064a\u0642\u0627\u0641 \u0628\u0633\u0647\u0648\u0644\u0629\u0625\u0645\u0643\u0627\u0646\u064a\u0629 \u062a\u0639\u062f\u064a\u0644 \u0641\u062a\u0631\u0629 \u0648\u0636\u0639 \u0627\u0644\u0644\u064a\u0644 \u062d\u0633\u0628 \u0631\u063a\u0628\u062a\u0643\ud83c\udf08 \u0625\u0636\u0627\u0621\u0629 \u0645\u062d\u064a\u0637\u064a\u0629 RGB \u062f\u064a\u0646\u0627\u0645\u064a\u0643\u064a\u0629 \u0623\u0636\u0641 \u0644\u0645\u0633\u0629 \u062c\u0645\u0627\u0644\u064a\u0629 \u0644\u063a\u0631\u0641\u062a\u0643:\ud83c\udfa8 7 \u0623\u0644\u0648\u0627\u0646 \u062b\u0627\u0628\u062a\u0629\ud83d\udd04 \u0623\u0648\u0636\u0627\u0639 \u0627\u0646\u062a\u0642\u0627\u0644 \u0644\u0648\u0646\u064a \u062c\u0630\u0627\u0628\u0629\ud83c\udf08 \u0639\u0631\u0636 \u062f\u0627\u0626\u0631\u064a \u0628\u0640 6 \u0623\u0644\u0648\u0627\u0646\ud83c\udf86 24 \u0648\u0636\u0639 \u0639\u0631\u0636 \u062b\u0646\u0627\u0626\u064a \u0627\u0644\u0644\u0648\u0646\ud83c\udf1f \u062a\u0623\u062b\u064a\u0631 \u062a\u062f\u0631\u0651\u062c \u0644\u0648\u0646\u064a \u0623\u0646\u064a\u0642 (\u062a\u0634\u063a\u064a\u0644\/\u0625\u064a\u0642\u0627\u0641 \u0628\u0633\u0647\u0648\u0644\u0629 \u0628\u0632\u0631 \u0648\u0627\u062d\u062f)\ud83d\udd01 \u0627\u0644\u062a\u0628\u062f\u064a\u0644 \u0627\u0644\u0630\u0643\u064a\u23f1\ufe0f \u0646\u0638\u0627\u0645 12 \/ 24 \u0633\u0627\u0639\u0629\ud83c\udf21\ufe0f \u2103 \/ \u2109\u0646\u0637\u0627\u0642 \u0642\u064a\u0627\u0633 \u0627\u0644\u062d\u0631\u0627\u0631\u0629: -10\u2103 \u0625\u0644\u0649 50\u2103 | 14\u2109 \u0625\u0644\u0649 122\u2109\ud83d\udd0c \u0630\u0627\u0643\u0631\u0629 \u0627\u0646\u0642\u0637\u0627\u0639 \u0627\u0644\u0643\u0647\u0631\u0628\u0627\u0621\u064a\u0639\u0645\u0644 \u0639\u0628\u0631 USB\ud83d\udd0b \u0628\u0637\u0627\u0631\u064a\u062a\u0627\u0646 AAA (\u063a\u064a\u0631 \u0645\u0631\u0641\u0642\u062a\u064a\u0646) \u0641\u0642\u0637 \u0644\u062d\u0641\u0638 \u0627\u0644\u0625\u0639\u062f\u0627\u062f\u0627\u062a \u0639\u0646\u062f \u0627\u0646\u0642\u0637\u0627\u0639 \u0627\u0644\u0643\u0647\u0631\u0628\u0627\u0621\ud83d\udce6 \u0645\u0648\u0627\u0635\u0641\u0627\u062a \u0627\u0644\u0645\u0646\u062a\u062c\ud83c\udfa8 \u0627\u0644\u0623\u0644\u0648\u0627\u0646: \u0628\u0631\u062a\u0642\u0627\u0644\u064a \/ \u0623\u0628\u064a\u0636 \/ \u0623\u062e\u0636\u0631 \/ \u0623\u0632\u0631\u0642\u26a1 \u0627\u0644\u0625\u062f\u062e\u0627\u0644: 5V \u2013 1A (\u0627\u0644\u0645\u062d\u0648\u0651\u0644 \u063a\u064a\u0631 \u0645\u0631\u0641\u0642)\ud83d\udccf \u0627\u0644\u062d\u062c\u0645: 23 \u00d7 9.5 \u00d7 5.5 \u0633\u0645\ud83d\udd0c \u0637\u0648\u0644 \u0643\u0627\u0628\u0644 USB: 100 \u0633\u0645\ud83d\udce6 \u0645\u062d\u062a\u0648\u064a\u0627\u062a \u0627\u0644\u0639\u0644\u0628\u0629 \u2714\ufe0f \u0645\u0646\u0628\u0651\u0647 \u0645\u0631\u0622\u0629 \u0630\u0643\u064a \u2714\ufe0f \u062f\u0644\u064a\u0644 \u0627\u0644\u0627\u0633\u062a\u0639\u0645\u0627\u0644 \u2714\ufe0f \u0643\u0627\u0628\u0644 USB (100 \u0633\u0645)<\/p>","protected":false},"featured_media":94676,"comment_status":"open","ping_status":"closed","template":"","meta":[],"product_brand":[],"product_cat":[2463],"product_tag":[],"class_list":{"0":"post-94677","1":"product","2":"type-product","3":"status-publish","4":"has-post-thumbnail","6":"product_cat-electronique","8":"first","9":"outofstock","10":"taxable","11":"shipping-taxable","12":"purchasable","13":"product-type-simple"},"jetpack_sharing_enabled":true,"_links":{"self":[{"href":"https:\/\/shoponlinedz.com\/en\/wp-json\/wp\/v2\/product\/94677","targetHints":{"allow":["GET"]}}],"collection":[{"href":"https:\/\/shoponlinedz.com\/en\/wp-json\/wp\/v2\/product"}],"about":[{"href":"https:\/\/shoponlinedz.com\/en\/wp-json\/wp\/v2\/types\/product"}],"replies":[{"embeddable":true,"href":"https:\/\/shoponlinedz.com\/en\/wp-json\/wp\/v2\/comments?post=94677"}],"version-history":[{"count":0,"href":"https:\/\/shoponlinedz.com\/en\/wp-json\/wp\/v2\/product\/94677\/revisions"}],"wp:featuredmedia":[{"embeddable":true,"href":"https:\/\/shoponlinedz.com\/en\/wp-json\/wp\/v2\/media\/94676"}],"wp:attachment":[{"href":"https:\/\/shoponlinedz.com\/en\/wp-json\/wp\/v2\/media?parent=94677"}],"wp:term":[{"taxonomy":"product_brand","embeddable":true,"href":"https:\/\/shoponlinedz.com\/en\/wp-json\/wp\/v2\/product_brand?post=94677"},{"taxonomy":"product_cat","embeddable":true,"href":"https:\/\/shoponlinedz.com\/en\/wp-json\/wp\/v2\/product_cat?post=94677"},{"taxonomy":"product_tag","embeddable":true,"href":"https:\/\/shoponlinedz.com\/en\/wp-json\/wp\/v2\/product_tag?post=94677"}],"curies":[{"name":"wp","href":"https:\/\/api.w.org\/{rel}","templated":true}]}}