{"id":94286,"date":"2026-01-31T13:04:27","date_gmt":"2026-01-31T13:04:27","guid":{"rendered":"https:\/\/shoponlinedz.com\/product\/bande-led-neon-rgb-motif-reticulaire-rond-a-360-degres-flexible-%d8%b4%d8%b1%d9%8a%d8%b7-%d8%a5%d8%b6%d8%a7%d8%a1%d8%a9-%d9%85%d9%84%d9%88%d9%86%d8%a9\/"},"modified":"2026-02-13T21:14:14","modified_gmt":"2026-02-13T20:14:14","slug":"bande-led-neon-rgb-motif-reticulaire-rond-a-360-degres-flexible-%d8%b4%d8%b1%d9%8a%d8%b7-%d8%a5%d8%b6%d8%a7%d8%a1%d8%a9-%d9%85%d9%84%d9%88%d9%86%d8%a9","status":"publish","type":"product","link":"https:\/\/shoponlinedz.com\/en\/product\/bande-led-neon-rgb-motif-reticulaire-rond-a-360-degres-flexible-%d8%b4%d8%b1%d9%8a%d8%b7-%d8%a5%d8%b6%d8%a7%d8%a1%d8%a9-%d9%85%d9%84%d9%88%d9%86%d8%a9\/","title":{"rendered":"Bande LED N\u00e9on RGB motif r\u00e9ticulaire rond \u00e0 360 degr\u00e9s flexible \u2013 \u0634\u0631\u064a\u0637 \u0625\u0636\u0627\u0621\u0629 \u0645\u0644\u0648\u0646\u0629"},"content":{"rendered":"<figure class=\"attachment attachment--preview\" data-trix-attachment=\"{&quot;contentType&quot;:&quot;image&quot;,&quot;height&quot;:1024,&quot;url&quot;:&quot;https:\/\/sawa9ly.app\/storage\/67606\/ED-Neon-RGB-CNC-1.jpg&quot;,&quot;width&quot;:1024}\" data-trix-content-type=\"image\"><img decoding=\"async\" class=\"aligncenter\" src=\"https:\/\/sawa9ly.app\/storage\/67606\/ED-Neon-RGB-CNC-1.jpg\" width=\"1024\" height=\"1024\" \/><figcaption class=\"attachment__caption\"><\/figcaption><\/figure>\n<figure class=\"attachment attachment--preview\" data-trix-attachment=\"{&quot;contentType&quot;:&quot;image&quot;,&quot;height&quot;:1024,&quot;url&quot;:&quot;https:\/\/sawa9ly.app\/storage\/67607\/ED-Neon-RGB-3.jpg&quot;,&quot;width&quot;:1024}\" data-trix-content-type=\"image\"><img decoding=\"async\" class=\"aligncenter\" src=\"https:\/\/sawa9ly.app\/storage\/67607\/ED-Neon-RGB-3.jpg\" width=\"1024\" height=\"1024\" \/><figcaption class=\"attachment__caption\"><\/figcaption><\/figure>\n<figure class=\"attachment attachment--preview\" data-trix-attachment=\"{&quot;contentType&quot;:&quot;image&quot;,&quot;height&quot;:1024,&quot;url&quot;:&quot;https:\/\/sawa9ly.app\/storage\/67608\/ED-Neon-RGB-8.jpg&quot;,&quot;width&quot;:1024}\" data-trix-content-type=\"image\"><img decoding=\"async\" class=\"aligncenter\" src=\"https:\/\/sawa9ly.app\/storage\/67608\/ED-Neon-RGB-8.jpg\" width=\"1024\" height=\"1024\" \/><figcaption class=\"attachment__caption\"><\/figcaption><\/figure>\n<figure class=\"attachment attachment--preview\" data-trix-attachment=\"{&quot;contentType&quot;:&quot;image&quot;,&quot;height&quot;:1024,&quot;url&quot;:&quot;https:\/\/sawa9ly.app\/storage\/67609\/ED-Neon-RGB-7.jpg&quot;,&quot;width&quot;:1024}\" data-trix-content-type=\"image\"><img decoding=\"async\" class=\"aligncenter\" src=\"https:\/\/sawa9ly.app\/storage\/67609\/ED-Neon-RGB-7.jpg\" width=\"1024\" height=\"1024\" \/><figcaption class=\"attachment__caption\"><\/figcaption><\/figure>\n<figure class=\"attachment attachment--preview\" data-trix-attachment=\"{&quot;contentType&quot;:&quot;image&quot;,&quot;height&quot;:1024,&quot;url&quot;:&quot;https:\/\/sawa9ly.app\/storage\/67610\/ED-Neon-RGB-6.jpg&quot;,&quot;width&quot;:1024}\" data-trix-content-type=\"image\"><img decoding=\"async\" class=\"aligncenter\" src=\"https:\/\/sawa9ly.app\/storage\/67610\/ED-Neon-RGB-6.jpg\" width=\"1024\" height=\"1024\" \/><figcaption class=\"attachment__caption\"><\/figcaption><\/figure>\n<p style=\"text-align: center;\">","protected":false},"excerpt":{"rendered":"<p>\u2728 \u0623\u0646\u0628\u0648\u0628 \u0625\u0636\u0627\u0621\u0629 \u0646\u064a\u0648\u0646 RGB \u0645\u0631\u0646 \u0628\u062a\u0648\u0632\u064a\u0639 360\u00b0 \u2728\ud83d\udd06 \u0625\u0636\u0627\u0621\u0629 \u0645\u062a\u062c\u0627\u0646\u0633\u0629 \u0628\u0632\u0627\u0648\u064a\u0629 360\u00b0 \u064a\u0648\u0641\u0651\u0631 \u062a\u0648\u0647\u062c\u064b\u0627 \u0645\u0648\u062d\u0651\u062f\u064b\u0627 \u062d\u0648\u0644 \u0643\u0627\u0645\u0644 \u0627\u0644\u0623\u0646\u0628\u0648\u0628 \u062f\u0648\u0646 \u0646\u0642\u0627\u0637 \u0636\u0648\u0626\u064a\u0629 \u0645\u0632\u0639\u062c\u0629\u060c \u0644\u0646\u062a\u064a\u062c\u0629 \u0628\u0635\u0631\u064a\u0629 \u0633\u0644\u0633\u0629 \u0648\u0627\u062d\u062a\u0631\u0627\u0641\u064a\u0629 \u062a\u0636\u064a\u0641 \u0644\u0645\u0633\u0629 \u0639\u0635\u0631\u064a\u0629 \u0644\u0623\u064a \u0645\u0633\u0627\u062d\u0629.\ud83d\udd04 \u0645\u0631\u0646 \u0644\u0644\u063a\u0627\u064a\u0629 \u0628\u0641\u0636\u0644 \u0628\u0646\u064a\u062a\u0647 \u0627\u0644\u0642\u0627\u0628\u0644\u0629 \u0644\u0644\u0627\u0646\u062d\u0646\u0627\u0621 \u0648\u0627\u0644\u0627\u0644\u062a\u0648\u0627\u0621\u060c \u064a\u0645\u0643\u0646 \u062a\u0634\u0643\u064a\u0644\u0647 \u0628\u0623\u064a \u0634\u0643\u0644 \u062a\u0631\u063a\u0628 \u0641\u064a\u0647\u2014\u0645\u062b\u0627\u0644\u064a \u0644\u0635\u0646\u0639 \u0644\u0627\u0641\u062a\u0627\u062a \u0645\u062e\u0635\u0651\u0635\u0629 \u0623\u0648 \u0627\u062a\u0628\u0627\u0639 \u062d\u0648\u0627\u0641 \u0627\u0644\u0623\u062b\u0627\u062b \u0648\u0627\u0644\u062c\u062f\u0631\u0627\u0646 \u0628\u0633\u0647\u0648\u0644\u0629.\ud83d\udc40 \u062a\u0642\u0646\u064a\u0629 \u0627\u0644\u0636\u0648\u0621 \u0627\u0644\u0646\u0627\u0639\u0645 \u0645\u0635\u0645\u0651\u0645 \u0644\u062a\u0642\u0644\u064a\u0644 \u0627\u0644\u0648\u0647\u062c \u0627\u0644\u0645\u0628\u0627\u0634\u0631\u060c \u0644\u064a\u0645\u0646\u062d\u0643 \u0625\u0636\u0627\u0621\u0629 \u0642\u0648\u064a\u0629 \u0648\u0645\u0631\u064a\u062d\u0629 \u0644\u0644\u0639\u064a\u0646 \u0641\u064a \u0627\u0644\u0648\u0642\u062a \u0646\u0641\u0633\u0647\u060c \u0645\u0646\u0627\u0633\u0628\u0629 \u0644\u0644\u0627\u0633\u062a\u062e\u062f\u0627\u0645 \u0627\u0644\u064a\u0648\u0645\u064a.\ud83c\udf08 \u0623\u0644\u0648\u0627\u0646 RGB \u0645\u062a\u0639\u062f\u062f\u0629 \u064a\u0639\u0631\u0636 \u0645\u062c\u0645\u0648\u0639\u0629 \u0648\u0627\u0633\u0639\u0629 \u0645\u0646 \u0627\u0644\u0623\u0644\u0648\u0627\u0646 \u0627\u0644\u0632\u0627\u0647\u064a\u0629 (\u0623\u0632\u0631\u0642\u060c \u0648\u0631\u062f\u064a\u060c \u0623\u062e\u0636\u0631\u060c \u0623\u0635\u0641\u0631\u2026) \u0644\u062a\u063a\u064a\u064a\u0631 \u0627\u0644\u0623\u062c\u0648\u0627\u0621 \u062d\u0633\u0628 \u0630\u0648\u0642\u0643 \u0648\u0627\u0644\u0645\u0646\u0627\u0633\u0628\u0629.\u0627\u0644\u0645\u0648\u0627\u0635\u0641\u0627\u062a:\u0646\u0648\u0639 LED: \u0646\u064a\u0648\u0646 \u0645\u0631\u0646 RGB\u0632\u0627\u0648\u064a\u0629 \u0627\u0644\u0625\u0636\u0627\u0621\u0629: 360\u00b0 \u0645\u062a\u062c\u0627\u0646\u0633\u0629\u0627\u0644\u0645\u0644\u0645\u0633: \u063a\u0644\u0627\u0641 \u0645\u062c\u062f\u0648\u0644 \u0639\u0627\u0644\u064a \u0627\u0644\u0643\u062b\u0627\u0641\u0629\u0627\u0644\u0637\u0648\u0644: 5 \u0623\u0645\u062a\u0627\u0631\u0627\u0644\u062a\u063a\u0630\u064a\u0629: \u0643\u0627\u0628\u0644 \u0643\u0647\u0631\u0628\u0627\u0621 \u0645\u0628\u0627\u0634\u0631<\/p>","protected":false},"featured_media":94285,"comment_status":"open","ping_status":"closed","template":"","meta":[],"product_brand":[],"product_cat":[2463],"product_tag":[],"class_list":{"0":"post-94286","1":"product","2":"type-product","3":"status-publish","4":"has-post-thumbnail","6":"product_cat-electronique","8":"first","9":"instock","10":"taxable","11":"shipping-taxable","12":"purchasable","13":"product-type-simple"},"jetpack_sharing_enabled":true,"_links":{"self":[{"href":"https:\/\/shoponlinedz.com\/en\/wp-json\/wp\/v2\/product\/94286","targetHints":{"allow":["GET"]}}],"collection":[{"href":"https:\/\/shoponlinedz.com\/en\/wp-json\/wp\/v2\/product"}],"about":[{"href":"https:\/\/shoponlinedz.com\/en\/wp-json\/wp\/v2\/types\/product"}],"replies":[{"embeddable":true,"href":"https:\/\/shoponlinedz.com\/en\/wp-json\/wp\/v2\/comments?post=94286"}],"version-history":[{"count":0,"href":"https:\/\/shoponlinedz.com\/en\/wp-json\/wp\/v2\/product\/94286\/revisions"}],"wp:featuredmedia":[{"embeddable":true,"href":"https:\/\/shoponlinedz.com\/en\/wp-json\/wp\/v2\/media\/94285"}],"wp:attachment":[{"href":"https:\/\/shoponlinedz.com\/en\/wp-json\/wp\/v2\/media?parent=94286"}],"wp:term":[{"taxonomy":"product_brand","embeddable":true,"href":"https:\/\/shoponlinedz.com\/en\/wp-json\/wp\/v2\/product_brand?post=94286"},{"taxonomy":"product_cat","embeddable":true,"href":"https:\/\/shoponlinedz.com\/en\/wp-json\/wp\/v2\/product_cat?post=94286"},{"taxonomy":"product_tag","embeddable":true,"href":"https:\/\/shoponlinedz.com\/en\/wp-json\/wp\/v2\/product_tag?post=94286"}],"curies":[{"name":"wp","href":"https:\/\/api.w.org\/{rel}","templated":true}]}}