{"id":91134,"date":"2026-01-26T13:17:59","date_gmt":"2026-01-26T13:17:59","guid":{"rendered":"https:\/\/shoponlinedz.com\/product\/lampe-de-table-led-avec-capteur-tactile-et-3-modes-declairage-a-intensite-variable-%d9%85%d8%b5%d8%a8%d8%a7%d8%ad-%d8%af%d9%8a%d9%83%d9%88%d8%b1\/"},"modified":"2026-02-13T21:14:19","modified_gmt":"2026-02-13T20:14:19","slug":"lampe-de-table-led-avec-capteur-tactile-et-3-modes-declairage-a-intensite-variable-%d9%85%d8%b5%d8%a8%d8%a7%d8%ad-%d8%af%d9%8a%d9%83%d9%88%d8%b1","status":"publish","type":"product","link":"https:\/\/shoponlinedz.com\/en\/product\/lampe-de-table-led-avec-capteur-tactile-et-3-modes-declairage-a-intensite-variable-%d9%85%d8%b5%d8%a8%d8%a7%d8%ad-%d8%af%d9%8a%d9%83%d9%88%d8%b1\/","title":{"rendered":"lampe de table LED avec capteur tactile et 3 modes d\u2019\u00e9clairage \u00e0 intensit\u00e9 variable \u2013 \u0645\u0635\u0628\u0627\u062d \u062f\u064a\u0643\u0648\u0631"},"content":{"rendered":"<figure class=\"attachment attachment--preview\" data-trix-attachment=\"{&quot;contentType&quot;:&quot;image&quot;,&quot;height&quot;:1024,&quot;url&quot;:&quot;https:\/\/sawa9ly.app\/storage\/67314\/Touch-Lamp-cnc.jpg&quot;,&quot;width&quot;:1024}\" data-trix-content-type=\"image\"><img decoding=\"async\" class=\"aligncenter\" src=\"https:\/\/sawa9ly.app\/storage\/67314\/Touch-Lamp-cnc.jpg\" width=\"1024\" height=\"1024\" \/><figcaption class=\"attachment__caption\"><\/figcaption><\/figure>\n<figure class=\"attachment attachment--preview\" data-trix-attachment=\"{&quot;contentType&quot;:&quot;image&quot;,&quot;height&quot;:1024,&quot;url&quot;:&quot;https:\/\/sawa9ly.app\/storage\/67315\/Touch-Lamp-2.jpg&quot;,&quot;width&quot;:1024}\" data-trix-content-type=\"image\"><img decoding=\"async\" class=\"aligncenter\" src=\"https:\/\/sawa9ly.app\/storage\/67315\/Touch-Lamp-2.jpg\" width=\"1024\" height=\"1024\" \/><figcaption class=\"attachment__caption\"><\/figcaption><\/figure>\n<figure class=\"attachment attachment--preview\" data-trix-attachment=\"{&quot;contentType&quot;:&quot;image&quot;,&quot;height&quot;:1024,&quot;url&quot;:&quot;https:\/\/sawa9ly.app\/storage\/67316\/Touch-Lamp-1.jpg&quot;,&quot;width&quot;:1024}\" data-trix-content-type=\"image\"><img decoding=\"async\" class=\"aligncenter\" src=\"https:\/\/sawa9ly.app\/storage\/67316\/Touch-Lamp-1.jpg\" width=\"1024\" height=\"1024\" \/><figcaption class=\"attachment__caption\"><\/figcaption><\/figure>\n<figure class=\"attachment attachment--preview\" data-trix-attachment=\"{&quot;contentType&quot;:&quot;image&quot;,&quot;height&quot;:1024,&quot;url&quot;:&quot;https:\/\/sawa9ly.app\/storage\/67317\/Touch-Lamp-7.jpg&quot;,&quot;width&quot;:1024}\" data-trix-content-type=\"image\"><img decoding=\"async\" class=\"aligncenter\" src=\"https:\/\/sawa9ly.app\/storage\/67317\/Touch-Lamp-7.jpg\" width=\"1024\" height=\"1024\" \/><figcaption class=\"attachment__caption\"><\/figcaption><\/figure>\n<figure class=\"attachment attachment--preview\" data-trix-attachment=\"{&quot;contentType&quot;:&quot;image&quot;,&quot;height&quot;:1024,&quot;url&quot;:&quot;https:\/\/sawa9ly.app\/storage\/67318\/Touch-Lamp-6.jpg&quot;,&quot;width&quot;:1024}\" data-trix-content-type=\"image\"><img decoding=\"async\" class=\"aligncenter\" src=\"https:\/\/sawa9ly.app\/storage\/67318\/Touch-Lamp-6.jpg\" width=\"1024\" height=\"1024\" \/><figcaption class=\"attachment__caption\"><\/figcaption><\/figure>\n<p style=\"text-align: center;\">","protected":false},"excerpt":{"rendered":"<p>Touch panel provides full control to easily switch light modes<br \/>\nLED table Lamp creates a uniform comfortable and soft light. No flicker, no shadow, which avoids eye strain caused by flickering light and harsh glare effectively.<br \/>\nModel: Touch table lamp, size: width 9 \u00d7 height 21cm, charging time is about 4 hours\/lighting time is about 20 hours, Soft light for about 50 hours, a desk lamp is ideal for reading, studying or working for a long time.<br \/>\n&#8212;<br \/>\nmake this in arabic<br \/>\n\u0645\u0635\u0628\u0627\u062d LED \u064a\u0639\u0645\u0644 \u0628\u0627\u0644\u0644\u0645\u0633 \u064a\u0648\u0641\u0631 \u0625\u0636\u0627\u0621\u0629 \u0645\u0648\u062d\u062f\u0629 \u0648\u0645\u0631\u064a\u062d\u0629 \u0648\u0646\u0627\u0639\u0645\u0629\u060c \u0628\u062f\u0648\u0646 \u0648\u0645\u064a\u0636 \u0623\u0648 \u0638\u0644\u0627\u0644\u060c \u0645\u0645\u0627 \u064a\u062c\u0646\u0628 \u0625\u062c\u0647\u0627\u062f \u0627\u0644\u0639\u064a\u0646 \u0628\u0641\u0639\u0627\u0644\u064a\u0629.<br \/>\n\u064a\u062a\u0645 \u0627\u0644\u062a\u062d\u0643\u0645 \u0641\u064a\u0647 \u0628\u0633\u0647\u0648\u0644\u0629 \u0639\u0646 \u0637\u0631\u064a\u0642 \u0644\u0648\u062d\u0629 \u0644\u0645\u0633\u060c \u0645\u0645\u0627 \u064a\u062a\u064a\u062d \u0627\u0644\u062a\u0628\u062f\u064a\u0644 \u0628\u064a\u0646 \u0623\u0648\u0636\u0627\u0639 \u0627\u0644\u0625\u0636\u0627\u0621\u0629 \u0627\u0644\u0645\u062e\u062a\u0644\u0641\u0629.<br \/>\n\u0627\u0644\u0645\u0648\u062f\u064a\u0644: \u0645\u0635\u0628\u0627\u062d \u0637\u0627\u0648\u0644\u0629 \u064a\u0639\u0645\u0644 \u0628\u0627\u0644\u0644\u0645\u0633\u060c \u0627\u0644\u062d\u062c\u0645: \u0627\u0644\u0639\u0631\u0636 9 \u00d7 \u0627\u0644\u0627\u0631\u062a\u0641\u0627\u0639 21 \u0633\u0645\u060c \u0648\u0642\u062a \u0627\u0644\u0634\u062d\u0646 \u062d\u0648\u0627\u0644\u064a 4 \u0633\u0627\u0639\u0627\u062a\/\u0648\u0642\u062a \u0627\u0644\u0625\u0636\u0627\u0621\u0629 \u062d\u0648\u0627\u0644\u064a 20 \u0633\u0627\u0639\u0629\u060c \u0625\u0636\u0627\u0621\u0629 \u0646\u0627\u0639\u0645\u0629 \u0644\u062d\u0648\u0627\u0644\u064a 50 \u0633\u0627\u0639\u0629. \u0645\u0635\u0628\u0627\u062d \u0645\u062b\u0627\u0644\u064a \u0644\u0644\u0642\u0631\u0627\u0621\u0629 \u0623\u0648 \u0627\u0644\u062f\u0631\u0627\u0633\u0629 \u0623\u0648 \u0627\u0644\u0639\u0645\u0644 \u0644\u0641\u062a\u0631\u0629 \u0637\u0648\u064a\u0644\u0629.<\/p>","protected":false},"featured_media":91133,"comment_status":"open","ping_status":"closed","template":"","meta":[],"product_brand":[],"product_cat":[2460],"product_tag":[],"class_list":{"0":"post-91134","1":"product","2":"type-product","3":"status-publish","4":"has-post-thumbnail","6":"product_cat-decoration","8":"first","9":"instock","10":"taxable","11":"shipping-taxable","12":"purchasable","13":"product-type-simple"},"jetpack_sharing_enabled":true,"_links":{"self":[{"href":"https:\/\/shoponlinedz.com\/en\/wp-json\/wp\/v2\/product\/91134","targetHints":{"allow":["GET"]}}],"collection":[{"href":"https:\/\/shoponlinedz.com\/en\/wp-json\/wp\/v2\/product"}],"about":[{"href":"https:\/\/shoponlinedz.com\/en\/wp-json\/wp\/v2\/types\/product"}],"replies":[{"embeddable":true,"href":"https:\/\/shoponlinedz.com\/en\/wp-json\/wp\/v2\/comments?post=91134"}],"version-history":[{"count":0,"href":"https:\/\/shoponlinedz.com\/en\/wp-json\/wp\/v2\/product\/91134\/revisions"}],"wp:featuredmedia":[{"embeddable":true,"href":"https:\/\/shoponlinedz.com\/en\/wp-json\/wp\/v2\/media\/91133"}],"wp:attachment":[{"href":"https:\/\/shoponlinedz.com\/en\/wp-json\/wp\/v2\/media?parent=91134"}],"wp:term":[{"taxonomy":"product_brand","embeddable":true,"href":"https:\/\/shoponlinedz.com\/en\/wp-json\/wp\/v2\/product_brand?post=91134"},{"taxonomy":"product_cat","embeddable":true,"href":"https:\/\/shoponlinedz.com\/en\/wp-json\/wp\/v2\/product_cat?post=91134"},{"taxonomy":"product_tag","embeddable":true,"href":"https:\/\/shoponlinedz.com\/en\/wp-json\/wp\/v2\/product_tag?post=91134"}],"curies":[{"name":"wp","href":"https:\/\/api.w.org\/{rel}","templated":true}]}}