{"id":90940,"date":"2026-01-24T16:38:32","date_gmt":"2026-01-24T16:38:32","guid":{"rendered":"https:\/\/shoponlinedz.com\/product\/briquet-electrique-jet-flamme-avec-verrouillage-de-securite-et-ouvre-bouteille\/"},"modified":"2026-02-13T21:14:23","modified_gmt":"2026-02-13T20:14:23","slug":"briquet-electrique-jet-flamme-avec-verrouillage-de-securite-et-ouvre-bouteille","status":"publish","type":"product","link":"https:\/\/shoponlinedz.com\/en\/product\/briquet-electrique-jet-flamme-avec-verrouillage-de-securite-et-ouvre-bouteille\/","title":{"rendered":"Briquet \u00e9lectrique Jet Flamme avec verrouillage de s\u00e9curit\u00e9 et ouvre bouteille"},"content":{"rendered":"<figure class=\"attachment attachment--preview\" data-trix-attachment=\"{&quot;contentType&quot;:&quot;image&quot;,&quot;height&quot;:1024,&quot;url&quot;:&quot;https:\/\/sawa9ly.app\/storage\/67087\/Jet-Flamme-V2-CNC.jpg&quot;,&quot;width&quot;:1024}\" data-trix-content-type=\"image\"><img decoding=\"async\" class=\"aligncenter\" src=\"https:\/\/sawa9ly.app\/storage\/67087\/Jet-Flamme-V2-CNC.jpg\" width=\"1024\" height=\"1024\" \/><figcaption class=\"attachment__caption\"><\/figcaption><\/figure>\n<figure class=\"attachment attachment--preview\" data-trix-attachment=\"{&quot;contentType&quot;:&quot;image&quot;,&quot;height&quot;:1024,&quot;url&quot;:&quot;https:\/\/sawa9ly.app\/storage\/67088\/Jet-Flamme-V2-6.jpg&quot;,&quot;width&quot;:1024}\" data-trix-content-type=\"image\"><img decoding=\"async\" class=\"aligncenter\" src=\"https:\/\/sawa9ly.app\/storage\/67088\/Jet-Flamme-V2-6.jpg\" width=\"1024\" height=\"1024\" \/><figcaption class=\"attachment__caption\"><\/figcaption><\/figure>\n<figure class=\"attachment attachment--preview\" data-trix-attachment=\"{&quot;contentType&quot;:&quot;image&quot;,&quot;height&quot;:1024,&quot;url&quot;:&quot;https:\/\/sawa9ly.app\/storage\/67089\/Jet-Flamme-V2-7.jpg&quot;,&quot;width&quot;:1024}\" data-trix-content-type=\"image\"><img decoding=\"async\" class=\"aligncenter\" src=\"https:\/\/sawa9ly.app\/storage\/67089\/Jet-Flamme-V2-7.jpg\" width=\"1024\" height=\"1024\" \/><figcaption class=\"attachment__caption\"><\/figcaption><\/figure>\n<figure class=\"attachment attachment--preview\" data-trix-attachment=\"{&quot;contentType&quot;:&quot;image&quot;,&quot;height&quot;:1024,&quot;url&quot;:&quot;https:\/\/sawa9ly.app\/storage\/67090\/Jet-Flamme-V2-8.jpg&quot;,&quot;width&quot;:1024}\" data-trix-content-type=\"image\"><img decoding=\"async\" class=\"aligncenter\" src=\"https:\/\/sawa9ly.app\/storage\/67090\/Jet-Flamme-V2-8.jpg\" width=\"1024\" height=\"1024\" \/><figcaption class=\"attachment__caption\"><\/figcaption><\/figure>\n<figure class=\"attachment attachment--preview\" data-trix-attachment=\"{&quot;contentType&quot;:&quot;image&quot;,&quot;height&quot;:1024,&quot;url&quot;:&quot;https:\/\/sawa9ly.app\/storage\/67091\/Jet-Flamme-V2-9.jpg&quot;,&quot;width&quot;:1024}\" data-trix-content-type=\"image\"><img decoding=\"async\" class=\"aligncenter\" src=\"https:\/\/sawa9ly.app\/storage\/67091\/Jet-Flamme-V2-9.jpg\" width=\"1024\" height=\"1024\" \/><figcaption class=\"attachment__caption\"><\/figcaption><\/figure>\n<p style=\"text-align: center;\">","protected":false},"excerpt":{"rendered":"<p>\ud83d\udd25 \u0648\u0644\u0627\u0639\u0629 \u0645\u0642\u0627\u0648\u0645\u0629 \u0644\u0644\u0631\u064a\u0627\u062d \u2013 \u0642\u0648\u0629\u060c \u0623\u0645\u0627\u0646\u060c \u0648\u062a\u0639\u062f\u062f \u0627\u0633\u062a\u062e\u062f\u0627\u0645\u0627\u062a \ud83d\udd25\ud83d\udca8 \u0644\u0647\u0628 \u0642\u0648\u064a \u0645\u0642\u0627\u0648\u0645 \u0644\u0644\u0631\u064a\u0627\u062d \u062a\u062a\u0645\u064a\u0632 \u0628\u0644\u0647\u0628 \u0646\u0641\u0627\u062b (Jet Flame) \u0642\u0648\u064a \u064a\u0636\u0645\u0646 \u0625\u0634\u0639\u0627\u0644\u064b\u0627 \u062b\u0627\u0628\u062a\u064b\u0627 \u0648\u0645\u0648\u062b\u0648\u0642\u064b\u0627 \u062d\u062a\u0649 \u0641\u064a \u0627\u0644\u0623\u062c\u0648\u0627\u0621 \u0627\u0644\u0639\u0627\u0635\u0641\u0629 \u0648\u0641\u064a \u0627\u0644\u0647\u0648\u0627\u0621 \u0627\u0644\u0637\u0644\u0642\u060c \u062d\u064a\u062b \u062a\u0641\u0634\u0644 \u0627\u0644\u0648\u0644\u0627\u0639\u0627\u062a \u0627\u0644\u0639\u0627\u062f\u064a\u0629.\ud83d\udd12 \u0646\u0638\u0627\u0645 \u0623\u0645\u0627\u0646 \u0645\u0632\u062f\u0648\u062c \u0645\u0632\u0648\u062f\u0629 \u0628\u0622\u0644\u064a\u0629 \u0642\u0641\u0644 \u0623\u0645\u0627\u0646 \u0645\u0632\u062f\u0648\u062c\u0629 \u0644\u0645\u0646\u0639 \u0627\u0644\u062a\u0634\u063a\u064a\u0644 \u063a\u064a\u0631 \u0627\u0644\u0645\u0642\u0635\u0648\u062f\u060c \u0645\u0639 \u0632\u0631 \u0627\u0633\u062a\u062e\u062f\u0627\u0645 \u0645\u0632\u062f\u0648\u062c \u0648\u0625\u064a\u0642\u0627\u0641 \u0633\u0631\u064a\u0639 \u0644\u0644\u0647\u0628\u060c \u0644\u062a\u062c\u0631\u0628\u0629 \u0623\u0643\u062b\u0631 \u0623\u0645\u0627\u0646\u064b\u0627 \u0648\u0633\u0647\u0648\u0644\u0629.\ud83d\udd25 \u0627\u0631\u062a\u0641\u0627\u0639 \u0644\u0647\u0628 \u0642\u0627\u0628\u0644 \u0644\u0644\u062a\u0639\u062f\u064a\u0644 \u064a\u0645\u0643\u0646\u0643 \u0627\u0644\u062a\u062d\u0643\u0645 \u0628\u0633\u0647\u0648\u0644\u0629 \u0641\u064a \u0642\u0648\u0629 \u0648\u0627\u0631\u062a\u0641\u0627\u0639 \u0627\u0644\u0644\u0647\u0628 \u062d\u0633\u0628 \u0627\u0644\u062d\u0627\u062c\u0629\u060c \u0645\u0627 \u064a\u0645\u0646\u062d\u0643 \u0645\u0631\u0648\u0646\u0629 \u0639\u0627\u0644\u064a\u0629 \u0644\u0645\u062e\u062a\u0644\u0641 \u0627\u0644\u0627\u0633\u062a\u062e\u062f\u0627\u0645\u0627\u062a \u0627\u0644\u064a\u0648\u0645\u064a\u0629.\u267b\ufe0f \u0642\u0627\u0628\u0644\u0629 \u0644\u0625\u0639\u0627\u062f\u0629 \u0627\u0644\u062a\u0639\u0628\u0626\u0629 \u2013 \u0627\u0633\u062a\u062e\u062f\u0627\u0645 360\u00b0 \u0648\u0644\u0627\u0639\u0629 \u0642\u0627\u0628\u0644\u0629 \u0644\u0625\u0639\u0627\u062f\u0629 \u0627\u0644\u0634\u062d\u0646 \u0648\u0627\u0644\u0627\u0633\u062a\u062e\u062f\u0627\u0645 \u0645\u0646 \u062c\u0645\u064a\u0639 \u0627\u0644\u0632\u0648\u0627\u064a\u0627\u060c \u0635\u062f\u064a\u0642\u0629 \u0644\u0644\u0628\u064a\u0626\u0629 \u0648\u062a\u0648\u0641\u0631 \u0639\u0644\u064a\u0643 \u062a\u0643\u0644\u0641\u0629 \u0627\u0644\u0648\u0644\u0627\u0639\u0627\u062a \u0630\u0627\u062a \u0627\u0644\u0627\u0633\u062a\u0639\u0645\u0627\u0644 \u0627\u0644\u0648\u0627\u062d\u062f.\ud83c\udf7e \u0641\u062a\u0651\u0627\u062d\u0629 \u0632\u062c\u0627\u062c\u0627\u062a \u0645\u062f\u0645\u062c\u0629 \u0645\u0632\u0648\u062f\u0629 \u0628\u0641\u062a\u0627\u062d\u0629 \u0632\u062c\u0627\u062c\u0627\u062a \u0639\u0645\u0644\u064a\u0629\u060c \u0645\u062b\u0627\u0644\u064a\u0629 \u0644\u0644\u062d\u0641\u0644\u0627\u062a\u060c \u0627\u0644\u0646\u0632\u0647\u0627\u062a\u060c \u0627\u0644\u0631\u062d\u0644\u0627\u062a \u0648\u0627\u0644\u062a\u062e\u064a\u064a\u0645\u060c \u0644\u062a\u0643\u0648\u0646 \u0623\u062f\u0627\u0629 \u0645\u062a\u0639\u062f\u062f\u0629 \u0627\u0644\u0648\u0638\u0627\u0626\u0641 \u0641\u064a \u0643\u0644 \u0648\u0642\u062a.\u2728 \u0627\u0644\u0645\u0645\u064a\u0632\u0627\u062a \u0627\u0644\u0631\u0626\u064a\u0633\u064a\u0629:\ud83c\udf7e \u0641\u062a\u0651\u0627\u062d\u0629 \u0632\u062c\u0627\u062c\u0627\u062a \u0645\u062f\u0645\u062c\u0629\u267b\ufe0f \u0642\u0627\u0628\u0644\u0629 \u0644\u0625\u0639\u0627\u062f\u0629 \u0627\u0644\u062a\u0639\u0628\u0626\u0629\ud83d\udd04 \u0627\u0633\u062a\u062e\u062f\u0627\u0645 \u0628\u0632\u0627\u0648\u064a\u0629 360\u00b0\ud83d\udd12 \u0642\u0641\u0644 \u0623\u0645\u0627\u0646 + \u0644\u0647\u0628 \u0642\u0627\u0628\u0644 \u0644\u0644\u062a\u0639\u062f\u064a\u0644\ud83d\udccc \u0627\u0644\u0645\u0648\u0627\u0635\u0641\u0627\u062a:\u0627\u0644\u0627\u0633\u0645: \u0648\u0644\u0627\u0639\u0629 \u062a\u0648\u0631\u0634 \u0645\u0642\u0627\u0648\u0645\u0629 \u0644\u0644\u0631\u064a\u0627\u062d\u0627\u0644\u0645\u0648\u0627\u062f: \u0633\u0628\u064a\u0643\u0629 \u0645\u0639\u062f\u0646\u064a\u0629 + ABS\u0627\u0644\u062a\u0634\u0637\u064a\u0628: \u0637\u0644\u0627\u0621 \u0643\u0647\u0631\u0628\u0627\u0626\u064a\u0627\u0644\u0648\u0632\u0646: 103 \u063a\u0631\u0627\u0645\u0627\u0644\u0623\u0628\u0639\u0627\u062f: 195 \u00d7 30 \u0645\u0645\u0627\u0644\u0623\u0644\u0648\u0627\u0646: \u0623\u0633\u0648\u062f \/ \u0641\u0636\u064a\ud83d\udce6 \u0645\u062d\u062a\u0648\u064a\u0627\u062a \u0627\u0644\u0639\u0644\u0628\u0629:1 \u00d7 \u0648\u0644\u0627\u0639\u0629 \u062a\u0648\u0631\u0634 \u0645\u0642\u0627\u0648\u0645\u0629 \u0644\u0644\u0631\u064a\u0627\u062d\u2b50 \u062e\u064a\u0627\u0631 \u0639\u0645\u0644\u064a \u0648\u0623\u0646\u064a\u0642 \u064a\u062c\u0645\u0639 \u0628\u064a\u0646 \u0627\u0644\u0642\u0648\u0629\u060c \u0627\u0644\u0623\u0645\u0627\u0646\u060c \u0648\u0627\u0644\u0648\u0638\u0627\u0626\u0641 \u0627\u0644\u0630\u0643\u064a\u0629<\/p>","protected":false},"featured_media":90939,"comment_status":"open","ping_status":"closed","template":"","meta":[],"product_brand":[],"product_cat":[2464],"product_tag":[],"class_list":{"0":"post-90940","1":"product","2":"type-product","3":"status-publish","4":"has-post-thumbnail","6":"product_cat-camping-et-randonnee","8":"first","9":"instock","10":"taxable","11":"shipping-taxable","12":"purchasable","13":"product-type-simple"},"jetpack_sharing_enabled":true,"_links":{"self":[{"href":"https:\/\/shoponlinedz.com\/en\/wp-json\/wp\/v2\/product\/90940","targetHints":{"allow":["GET"]}}],"collection":[{"href":"https:\/\/shoponlinedz.com\/en\/wp-json\/wp\/v2\/product"}],"about":[{"href":"https:\/\/shoponlinedz.com\/en\/wp-json\/wp\/v2\/types\/product"}],"replies":[{"embeddable":true,"href":"https:\/\/shoponlinedz.com\/en\/wp-json\/wp\/v2\/comments?post=90940"}],"version-history":[{"count":0,"href":"https:\/\/shoponlinedz.com\/en\/wp-json\/wp\/v2\/product\/90940\/revisions"}],"wp:featuredmedia":[{"embeddable":true,"href":"https:\/\/shoponlinedz.com\/en\/wp-json\/wp\/v2\/media\/90939"}],"wp:attachment":[{"href":"https:\/\/shoponlinedz.com\/en\/wp-json\/wp\/v2\/media?parent=90940"}],"wp:term":[{"taxonomy":"product_brand","embeddable":true,"href":"https:\/\/shoponlinedz.com\/en\/wp-json\/wp\/v2\/product_brand?post=90940"},{"taxonomy":"product_cat","embeddable":true,"href":"https:\/\/shoponlinedz.com\/en\/wp-json\/wp\/v2\/product_cat?post=90940"},{"taxonomy":"product_tag","embeddable":true,"href":"https:\/\/shoponlinedz.com\/en\/wp-json\/wp\/v2\/product_tag?post=90940"}],"curies":[{"name":"wp","href":"https:\/\/api.w.org\/{rel}","templated":true}]}}