{"id":90927,"date":"2026-01-24T16:37:56","date_gmt":"2026-01-24T16:37:56","guid":{"rendered":"https:\/\/shoponlinedz.com\/product\/chargeur-de-voiture-rapide-100w-retractable-4-en-1-et-transmetteur-fm-projection-etoile-%d8%b4%d8%a7%d8%ad%d9%86-%d9%84%d8%a7%d8%b3%d9%84%d9%83%d9%8a-%d8%b3%d8%b1%d9%8a%d8%b9-%d9%84%d9%84%d8%b3\/"},"modified":"2026-02-13T21:14:24","modified_gmt":"2026-02-13T20:14:24","slug":"chargeur-de-voiture-rapide-100w-retractable-4-en-1-et-transmetteur-fm-projection-etoile-%d8%b4%d8%a7%d8%ad%d9%86-%d9%84%d8%a7%d8%b3%d9%84%d9%83%d9%8a-%d8%b3%d8%b1%d9%8a%d8%b9-%d9%84%d9%84%d8%b3","status":"publish","type":"product","link":"https:\/\/shoponlinedz.com\/en\/product\/chargeur-de-voiture-rapide-100w-retractable-4-en-1-et-transmetteur-fm-projection-etoile-%d8%b4%d8%a7%d8%ad%d9%86-%d9%84%d8%a7%d8%b3%d9%84%d9%83%d9%8a-%d8%b3%d8%b1%d9%8a%d8%b9-%d9%84%d9%84%d8%b3\/","title":{"rendered":"Chargeur de voiture rapide 100W r\u00e9tractable 4 en 1 et transmetteur FM projection \u00e9toil\u00e9 &#8211; \u0634\u0627\u062d\u0646 \u0644\u0627\u0633\u0644\u0643\u064a \u0633\u0631\u064a\u0639 \u0644\u0644\u0633\u064a\u0627\u0631\u0627\u062a"},"content":{"rendered":"<figure class=\"attachment attachment--preview\" data-trix-attachment=\"{&quot;contentType&quot;:&quot;image&quot;,&quot;height&quot;:1024,&quot;url&quot;:&quot;https:\/\/sawa9ly.app\/storage\/67193\/CK01-cnc-1.jpg&quot;,&quot;width&quot;:1024}\" data-trix-content-type=\"image\"><img decoding=\"async\" class=\"aligncenter\" src=\"https:\/\/sawa9ly.app\/storage\/67193\/CK01-cnc-1.jpg\" width=\"1024\" height=\"1024\" \/><figcaption class=\"attachment__caption\"><\/figcaption><\/figure>\n<figure class=\"attachment attachment--preview\" data-trix-attachment=\"{&quot;contentType&quot;:&quot;image&quot;,&quot;height&quot;:1024,&quot;url&quot;:&quot;https:\/\/sawa9ly.app\/storage\/67194\/CK01-2.jpg&quot;,&quot;width&quot;:1024}\" data-trix-content-type=\"image\"><img decoding=\"async\" class=\"aligncenter\" src=\"https:\/\/sawa9ly.app\/storage\/67194\/CK01-2.jpg\" width=\"1024\" height=\"1024\" \/><figcaption class=\"attachment__caption\"><\/figcaption><\/figure>\n<figure class=\"attachment attachment--preview\" data-trix-attachment=\"{&quot;contentType&quot;:&quot;image&quot;,&quot;height&quot;:1024,&quot;url&quot;:&quot;https:\/\/sawa9ly.app\/storage\/67195\/CK01-3.jpg&quot;,&quot;width&quot;:1024}\" data-trix-content-type=\"image\"><img decoding=\"async\" class=\"aligncenter\" src=\"https:\/\/sawa9ly.app\/storage\/67195\/CK01-3.jpg\" width=\"1024\" height=\"1024\" \/><figcaption class=\"attachment__caption\"><\/figcaption><\/figure>\n<figure class=\"attachment attachment--preview\" data-trix-attachment=\"{&quot;contentType&quot;:&quot;image&quot;,&quot;height&quot;:1024,&quot;url&quot;:&quot;https:\/\/sawa9ly.app\/storage\/67196\/CK01-1.jpg&quot;,&quot;width&quot;:1024}\" data-trix-content-type=\"image\"><img decoding=\"async\" class=\"aligncenter\" src=\"https:\/\/sawa9ly.app\/storage\/67196\/CK01-1.jpg\" width=\"1024\" height=\"1024\" \/><figcaption class=\"attachment__caption\"><\/figcaption><\/figure>\n<p style=\"text-align: center\">","protected":false},"excerpt":{"rendered":"<p>\ud83d\ude97\ud83c\udfb6 \u062d\u0648\u0651\u0644 \u0633\u064a\u0627\u0631\u062a\u0643 \u0625\u0644\u0649 \u0645\u0631\u0643\u0632 \u062a\u0631\u0641\u064a\u0647 \u0630\u0643\u064a! \ud83c\udfb6\ud83d\ude97 \u0627\u0633\u062a\u0645\u062a\u0639 \u0628\u062a\u062c\u0631\u0628\u0629 \u0642\u064a\u0627\u062f\u0629 \u0623\u0643\u062b\u0631 \u0645\u062a\u0639\u0629 \u0648\u0631\u0627\u062d\u0629 \u0645\u0639 \u0645\u0631\u0633\u0644 FM \u0628\u062a\u0642\u0646\u064a\u0629 Bluetooth 5.3\u060c \u064a\u062c\u0645\u0639 \u0628\u064a\u0646 \u0627\u0644\u0635\u0648\u062a \u0639\u0627\u0644\u064a \u0627\u0644\u062c\u0648\u062f\u0629\u060c \u0627\u0644\u0634\u062d\u0646 \u0627\u0644\u0633\u0631\u064a\u0639\u060c \u0648\u0627\u0644\u0645\u0643\u0627\u0644\u0645\u0627\u062a \u0627\u0644\u0622\u0645\u0646\u0629 \u0628\u062f\u0648\u0646 \u0627\u0633\u062a\u062e\u062f\u0627\u0645 \u0627\u0644\u064a\u062f\u064a\u0646.\ud83d\udd25 \u0627\u0644\u0645\u0645\u064a\u0632\u0627\u062a \u0627\u0644\u0631\u0626\u064a\u0633\u064a\u0629\ud83d\udcf6 \u062a\u0642\u0646\u064a\u0629 Bluetooth 5.3 \u0627\u0644\u0645\u062a\u0637\u0648\u0631\u0629 \u0627\u062a\u0635\u0627\u0644 \u062b\u0627\u0628\u062a \u0648\u0633\u0631\u064a\u0639 \u0645\u0639 \u062c\u0648\u062f\u0629 \u0635\u0648\u062a \u0645\u0645\u062a\u0627\u0632\u0629 \u0644\u0644\u0645\u0643\u0627\u0644\u0645\u0627\u062a \u0648\u0628\u062b \u0627\u0644\u0645\u0648\u0633\u064a\u0642\u0649.\ud83d\udcfb \u0645\u0631\u0633\u0644 FM \u0645\u062f\u0645\u062c (87.5 \u2013 108 MHz) \u0627\u0633\u062a\u0645\u0639 \u0625\u0644\u0649 \u0645\u0648\u0633\u064a\u0642\u0627\u0643 \u0627\u0644\u0645\u0641\u0636\u0644\u0629 \u0645\u0628\u0627\u0634\u0631\u0629 \u0639\u0628\u0631 \u0646\u0638\u0627\u0645 \u0635\u0648\u062a \u0627\u0644\u0633\u064a\u0627\u0631\u0629.\u26a1 \u0634\u062d\u0646 \u0645\u062a\u0639\u062f\u062f \u0627\u0644\u0648\u0638\u0627\u0626\u0641\u0643\u0627\u0628\u0644 Type-C \u0642\u0627\u0628\u0644 \u0644\u0644\u0633\u062d\u0628 (\u0634\u062d\u0646 \u0633\u0631\u064a\u0639 \u062d\u062a\u0649 100W)\u0643\u0627\u0628\u0644 iPod (2.4A)\u0645\u0646\u0641\u0630 USB (3.1A)\u0645\u0646\u0641\u0630 Type-C (3A)\ud83c\udf08 \u0625\u0636\u0627\u0621\u0629 \u0645\u062d\u064a\u0637\u064a\u0629 \u0628\u0640 7 \u0623\u0644\u0648\u0627\u0646 \u0623\u0636\u0641 \u0644\u0645\u0633\u0629 \u062c\u0645\u0627\u0644\u064a\u0629 \u0648\u0623\u062c\u0648\u0627\u0621 \u0645\u0645\u064a\u0632\u0629 \u062f\u0627\u062e\u0644 \u0633\u064a\u0627\u0631\u062a\u0643.\ud83c\udfa7 \u062a\u0639\u062f\u064a\u0644 \u0627\u0644\u0625\u064a\u0643\u0648\u0644\u0627\u064a\u0632\u0631 + \u062a\u0642\u0644\u064a\u0644 \u0627\u0644\u0636\u0648\u0636\u0627\u0621 \u062a\u062d\u0643\u0645 \u0643\u0627\u0645\u0644 \u0641\u064a \u0627\u0644\u0635\u0648\u062a \u0645\u0639 \u0645\u0643\u0627\u0644\u0645\u0627\u062a \u0648\u0627\u0636\u062d\u0629 \u0628\u0641\u0636\u0644 \u062a\u0642\u0646\u064a\u0627\u062a \u0625\u0632\u0627\u0644\u0629 \u0627\u0644\u0635\u062f\u0649 \u0648\u0627\u0644\u0636\u062c\u064a\u062c.\ud83d\udd0b \u0643\u0634\u0641 \u0627\u0644\u062c\u0647\u062f \u0627\u0644\u0643\u0647\u0631\u0628\u0627\u0626\u064a \u0634\u062d\u0646 \u0622\u0645\u0646 \u064a\u062d\u0645\u064a \u0623\u062c\u0647\u0632\u062a\u0643 \u0645\u0646 \u0623\u064a \u062a\u0644\u0641.\u2699\ufe0f \u0627\u0644\u0645\u0648\u0627\u0635\u0641\u0627\u062a \u0627\u0644\u062a\u0642\u0646\u064a\u0629\u2696\ufe0f \u0627\u0644\u0648\u0632\u0646: \u062d\u0648\u0627\u0644\u064a 40 \u063a\ud83d\udd0c \u0627\u0644\u0648\u0627\u062c\u0647\u0629: USB 2.0 \u0639\u0627\u0644\u064a \u0627\u0644\u0633\u0631\u0639\u0629\ud83d\udcfa \u0627\u0644\u0634\u0627\u0634\u0629: LED\ud83d\udcbe \u062f\u0639\u0645 \u0628\u0637\u0627\u0642\u0629 TF \/ \u0630\u0627\u0643\u0631\u0629 \u062e\u0627\u0631\u062c\u064a\u0629: \u062d\u062a\u0649 32GB\ud83d\udd0b \u0645\u0635\u062f\u0631 \u0627\u0644\u0637\u0627\u0642\u0629: 12V \u2013 24V DC\ud83c\udfb5 \u0635\u064a\u063a \u0627\u0644\u0645\u0644\u0641\u0627\u062a: MP3 \/ WAV\ud83d\udd0a \u0645\u0639\u062f\u0644 \u0627\u0644\u0628\u062a: 64 \u2013 320 \u0643\u064a\u0644\u0648\u0628\u0650\u062a\/\u062b\ud83d\udce1 \u0646\u0633\u0628\u0629 \u0627\u0644\u0625\u0634\u0627\u0631\u0629 \u0625\u0644\u0649 \u0627\u0644\u0636\u062c\u064a\u062c: 85dB (FM: 65dB)\ud83c\udf9a\ufe0f \u0627\u0644\u062a\u0634\u0648\u064a\u0647 \u0627\u0644\u062a\u0648\u0627\u0641\u0642\u064a: \u0623\u0642\u0644 \u0645\u0646 0.05% (FM \u0623\u0642\u0644 \u0645\u0646 0.1%)\ud83c\udf21\ufe0f \u062f\u0631\u062c\u0629 \u062d\u0631\u0627\u0631\u0629 \u0627\u0644\u062a\u0634\u063a\u064a\u0644: 0 \u2013 60\u00b0\ud83d\udcf2 Bluetooth: V5.3 + EDR\ud83d\udccf \u0645\u0633\u0627\u0641\u0629 \u0627\u0644\u0625\u0631\u0633\u0627\u0644: \u0623\u0642\u0644 \u0645\u0646 5 \u0623\u0645\u062a\u0627\u0631\u2705 \u0645\u062b\u0627\u0644\u064a \u0644\u0644\u0631\u062d\u0644\u0627\u062a\u060c \u0627\u0644\u0627\u0633\u062a\u062e\u062f\u0627\u0645 \u0627\u0644\u064a\u0648\u0645\u064a\u060c \u0648\u0627\u0644\u0645\u0643\u0627\u0644\u0645\u0627\u062a \u0627\u0644\u0622\u0645\u0646\u0629 \u0623\u062b\u0646\u0627\u0621 \u0627\u0644\u0642\u064a\u0627\u062f\u0629 \u0627\u062c\u0645\u0639 \u0628\u064a\u0646 \u0627\u0644\u0631\u0627\u062d\u0629\u060c \u0627\u0644\u0623\u062f\u0627\u0621\u060c \u0648\u0627\u0644\u0623\u0646\u0627\u0642\u0629 \u0641\u064a \u062c\u0647\u0627\u0632 \u0648\u0627\u062d\u062f! \ud83d\ude98\u2728<\/p>","protected":false},"featured_media":90926,"comment_status":"open","ping_status":"closed","template":"","meta":[],"product_brand":[],"product_cat":[2463],"product_tag":[],"class_list":{"0":"post-90927","1":"product","2":"type-product","3":"status-publish","4":"has-post-thumbnail","6":"product_cat-electronique","8":"first","9":"outofstock","10":"taxable","11":"shipping-taxable","12":"purchasable","13":"product-type-simple"},"jetpack_sharing_enabled":true,"_links":{"self":[{"href":"https:\/\/shoponlinedz.com\/en\/wp-json\/wp\/v2\/product\/90927","targetHints":{"allow":["GET"]}}],"collection":[{"href":"https:\/\/shoponlinedz.com\/en\/wp-json\/wp\/v2\/product"}],"about":[{"href":"https:\/\/shoponlinedz.com\/en\/wp-json\/wp\/v2\/types\/product"}],"replies":[{"embeddable":true,"href":"https:\/\/shoponlinedz.com\/en\/wp-json\/wp\/v2\/comments?post=90927"}],"version-history":[{"count":0,"href":"https:\/\/shoponlinedz.com\/en\/wp-json\/wp\/v2\/product\/90927\/revisions"}],"wp:featuredmedia":[{"embeddable":true,"href":"https:\/\/shoponlinedz.com\/en\/wp-json\/wp\/v2\/media\/90926"}],"wp:attachment":[{"href":"https:\/\/shoponlinedz.com\/en\/wp-json\/wp\/v2\/media?parent=90927"}],"wp:term":[{"taxonomy":"product_brand","embeddable":true,"href":"https:\/\/shoponlinedz.com\/en\/wp-json\/wp\/v2\/product_brand?post=90927"},{"taxonomy":"product_cat","embeddable":true,"href":"https:\/\/shoponlinedz.com\/en\/wp-json\/wp\/v2\/product_cat?post=90927"},{"taxonomy":"product_tag","embeddable":true,"href":"https:\/\/shoponlinedz.com\/en\/wp-json\/wp\/v2\/product_tag?post=90927"}],"curies":[{"name":"wp","href":"https:\/\/api.w.org\/{rel}","templated":true}]}}