{"id":90655,"date":"2026-01-20T00:52:44","date_gmt":"2026-01-20T00:52:44","guid":{"rendered":"https:\/\/shoponlinedz.com\/product\/egouttoir-a-vaisselle-en-aluminium-de-haute-qualite-3-etages-sx-841-%d9%85%d9%86%d8%b8%d9%85-%d8%a3%d9%88%d8%a7%d9%86%d9%8a-%d8%a7%d9%84%d8%ba%d8%b3%d9%8a%d9%84\/"},"modified":"2026-02-13T21:14:28","modified_gmt":"2026-02-13T20:14:28","slug":"egouttoir-a-vaisselle-en-aluminium-de-haute-qualite-3-etages-sx-841-%d9%85%d9%86%d8%b8%d9%85-%d8%a3%d9%88%d8%a7%d9%86%d9%8a-%d8%a7%d9%84%d8%ba%d8%b3%d9%8a%d9%84","status":"publish","type":"product","link":"https:\/\/shoponlinedz.com\/en\/product\/egouttoir-a-vaisselle-en-aluminium-de-haute-qualite-3-etages-sx-841-%d9%85%d9%86%d8%b8%d9%85-%d8%a3%d9%88%d8%a7%d9%86%d9%8a-%d8%a7%d9%84%d8%ba%d8%b3%d9%8a%d9%84\/","title":{"rendered":"Egouttoir \u00e0 Vaisselle en Aluminium de Haute Qualit\u00e9 3 \u00e9tages SX-841 \u2013 \u0645\u0646\u0638\u0645 \u0623\u0648\u0627\u0646\u064a \u0627\u0644\u063a\u0633\u064a\u0644"},"content":{"rendered":"<figure class=\"attachment attachment--preview\" data-trix-attachment=\"{&quot;contentType&quot;:&quot;image&quot;,&quot;height&quot;:1024,&quot;url&quot;:&quot;https:\/\/sawa9ly.app\/storage\/66678\/SX-841-CNC.jpg&quot;,&quot;width&quot;:1024}\" data-trix-content-type=\"image\"><img decoding=\"async\" class=\"aligncenter\" src=\"https:\/\/sawa9ly.app\/storage\/66678\/SX-841-CNC.jpg\" width=\"1024\" height=\"1024\" \/><figcaption class=\"attachment__caption\"><\/figcaption><\/figure>\n<figure class=\"attachment attachment--preview\" data-trix-attachment=\"{&quot;contentType&quot;:&quot;image&quot;,&quot;height&quot;:1024,&quot;url&quot;:&quot;https:\/\/sawa9ly.app\/storage\/66679\/SX-841-3.jpg&quot;,&quot;width&quot;:1024}\" data-trix-content-type=\"image\"><img decoding=\"async\" class=\"aligncenter\" src=\"https:\/\/sawa9ly.app\/storage\/66679\/SX-841-3.jpg\" width=\"1024\" height=\"1024\" \/><figcaption class=\"attachment__caption\"><\/figcaption><\/figure>\n<figure class=\"attachment attachment--preview\" data-trix-attachment=\"{&quot;contentType&quot;:&quot;image&quot;,&quot;height&quot;:1024,&quot;url&quot;:&quot;https:\/\/sawa9ly.app\/storage\/66680\/SX-841-4.jpg&quot;,&quot;width&quot;:1024}\" data-trix-content-type=\"image\"><img decoding=\"async\" class=\"aligncenter\" src=\"https:\/\/sawa9ly.app\/storage\/66680\/SX-841-4.jpg\" width=\"1024\" height=\"1024\" \/><figcaption class=\"attachment__caption\"><\/figcaption><\/figure>\n<figure class=\"attachment attachment--preview\" data-trix-attachment=\"{&quot;contentType&quot;:&quot;image&quot;,&quot;height&quot;:1024,&quot;url&quot;:&quot;https:\/\/sawa9ly.app\/storage\/66681\/SX-841-1.jpg&quot;,&quot;width&quot;:1024}\" data-trix-content-type=\"image\"><img decoding=\"async\" class=\"aligncenter\" src=\"https:\/\/sawa9ly.app\/storage\/66681\/SX-841-1.jpg\" width=\"1024\" height=\"1024\" \/><figcaption class=\"attachment__caption\"><\/figcaption><\/figure>\n<figure class=\"attachment attachment--preview\" data-trix-attachment=\"{&quot;contentType&quot;:&quot;image&quot;,&quot;height&quot;:1024,&quot;url&quot;:&quot;https:\/\/sawa9ly.app\/storage\/66682\/SX-841-2.jpg&quot;,&quot;width&quot;:1024}\" data-trix-content-type=\"image\"><img decoding=\"async\" class=\"aligncenter\" src=\"https:\/\/sawa9ly.app\/storage\/66682\/SX-841-2.jpg\" width=\"1024\" height=\"1024\" \/><figcaption class=\"attachment__caption\"><\/figcaption><\/figure>\n<p style=\"text-align: center\">","protected":false},"excerpt":{"rendered":"<p>\u2728 \u0627\u0643\u062a\u0634\u0641\u0648\u0627 \u0645\u062c\u0641\u0641 \u0627\u0644\u0635\u062d\u0648\u0646 \u0627\u0644\u0645\u0635\u0646\u0648\u0639 \u0645\u0646 \u0627\u0644\u0623\u0644\u0645\u0646\u064a\u0648\u0645 3ETG SX-841 \u2728\ud83c\udf7d\ufe0f \u062c\u0648\u062f\u0629 \u0639\u0627\u0644\u064a\u0629 \u0648\u0645\u062a\u0627\u0646\u0629 \u062a\u062f\u0648\u0645 \u0645\u062c\u0641\u0641 \u0627\u0644\u0635\u062d\u0648\u0646 3ETG SX-841 \u0647\u0648 \u0627\u0644\u0625\u0636\u0627\u0641\u0629 \u0627\u0644\u0645\u062b\u0627\u0644\u064a\u0629 \u0644\u0645\u0637\u0628\u062e\u0643\u060c \u062d\u064a\u062b \u064a\u062c\u0645\u0639 \u0628\u064a\u0646 \u0627\u0644\u062a\u0635\u0645\u064a\u0645 \u0627\u0644\u0623\u0646\u064a\u0642 \u0648\u0627\u0644\u062c\u0648\u062f\u0629 \u0627\u0644\u0641\u0627\u0626\u0642\u0629. \u0645\u0635\u0646\u0648\u0639 \u0645\u0646 \u0627\u0644\u0623\u0644\u0645\u0646\u064a\u0648\u0645 \u0627\u0644\u0645\u0642\u0627\u0648\u0645\u060c \u0644\u064a\u0636\u0645\u0646 \u0644\u0643 \u0627\u0633\u062a\u062e\u062f\u0627\u0645\u064b\u0627 \u0637\u0648\u064a\u0644 \u0627\u0644\u0623\u0645\u062f \u0648\u0623\u062f\u0627\u0621\u064b \u0645\u0645\u062a\u0627\u0632\u064b\u0627 \u0641\u064a \u062a\u062c\u0641\u064a\u0641 \u0627\u0644\u0623\u0648\u0627\u0646\u064a.\ud83d\udccf \u0633\u0639\u0629 \u0643\u0628\u064a\u0631\u0629 \u062a\u0646\u0627\u0633\u0628 \u0627\u062d\u062a\u064a\u0627\u062c\u0627\u062a\u0643 \u0627\u0644\u064a\u0648\u0645\u064a\u0629 \u0628\u0623\u0628\u0639\u0627\u062f \u0633\u062e\u064a\u0629 60.9 \u00d7 26.7 \u00d7 57.2 \u0633\u0645\u060c \u064a\u0648\u0641\u0631 \u0647\u0630\u0627 \u0627\u0644\u0645\u062c\u0641\u0641 \u0645\u0633\u0627\u062d\u0629 \u0648\u0627\u0633\u0639\u0629 \u0644\u062a\u062c\u0641\u064a\u0641 \u0643\u0645\u064a\u0629 \u0643\u0628\u064a\u0631\u0629 \u0645\u0646 \u0627\u0644\u0635\u062d\u0648\u0646 \u0648\u0627\u0644\u0623\u062f\u0648\u0627\u062a\u060c \u0645\u0639 \u0627\u0644\u062d\u0641\u0627\u0638 \u0639\u0644\u0649 \u062a\u0646\u0638\u064a\u0645 \u0645\u062b\u0627\u0644\u064a \u0641\u0648\u0642 \u0633\u0637\u062d \u0627\u0644\u0639\u0645\u0644.\ud83d\udca1 \u0639\u0645\u0644\u064a \u0648\u0623\u0646\u064a\u0642 \u0641\u064a \u0622\u0646\u064d \u0648\u0627\u062d\u062f \u062a\u0635\u0645\u064a\u0645\u0647 \u0627\u0644\u0639\u0635\u0631\u064a \u064a\u062c\u0639\u0644\u0647 \u0645\u0646\u0627\u0633\u0628\u064b\u0627 \u0644\u062c\u0645\u064a\u0639 \u0627\u0644\u0645\u0637\u0627\u0628\u062e\u060c \u0648\u064a\u0633\u0627\u0639\u062f\u0643 \u0639\u0644\u0649 \u062a\u0633\u0647\u064a\u0644 \u0645\u0647\u0627\u0645\u0643 \u0627\u0644\u064a\u0648\u0645\u064a\u0629 \u0628\u0643\u0644 \u0631\u0627\u062d\u0629 \u0648\u0633\u0644\u0627\u0633\u0629.\u2705 \u0627\u062e\u062a\u064a\u0627\u0631 \u0630\u0643\u064a \u0644\u0644\u0645\u0637\u0628\u062e \u0627\u0644\u0639\u0635\u0631\u064a \u0627\u062e\u062a\u0631 \u0627\u0644\u0645\u062a\u0627\u0646\u0629\u060c \u0627\u0644\u0643\u0641\u0627\u0621\u0629\u060c \u0648\u0627\u0644\u0623\u0646\u0627\u0642\u0629 \u0645\u0639 \u0645\u062c\u0641\u0641 \u0627\u0644\u0635\u062d\u0648\u0646 3ETG SX-841\u060c \u0648\u0627\u0633\u062a\u0645\u062a\u0639 \u0628\u0645\u0637\u0628\u062e \u0623\u0643\u062b\u0631 \u062a\u0631\u062a\u064a\u0628\u064b\u0627 \u0648\u0631\u0627\u062d\u0629 \u0643\u0644 \u064a\u0648\u0645 \ud83d\udc4c\u2728<\/p>","protected":false},"featured_media":90654,"comment_status":"open","ping_status":"closed","template":"","meta":[],"product_brand":[],"product_cat":[2456],"product_tag":[],"class_list":{"0":"post-90655","1":"product","2":"type-product","3":"status-publish","4":"has-post-thumbnail","6":"product_cat-cuisine","8":"first","9":"instock","10":"taxable","11":"shipping-taxable","12":"purchasable","13":"product-type-simple"},"jetpack_sharing_enabled":true,"_links":{"self":[{"href":"https:\/\/shoponlinedz.com\/en\/wp-json\/wp\/v2\/product\/90655","targetHints":{"allow":["GET"]}}],"collection":[{"href":"https:\/\/shoponlinedz.com\/en\/wp-json\/wp\/v2\/product"}],"about":[{"href":"https:\/\/shoponlinedz.com\/en\/wp-json\/wp\/v2\/types\/product"}],"replies":[{"embeddable":true,"href":"https:\/\/shoponlinedz.com\/en\/wp-json\/wp\/v2\/comments?post=90655"}],"version-history":[{"count":0,"href":"https:\/\/shoponlinedz.com\/en\/wp-json\/wp\/v2\/product\/90655\/revisions"}],"wp:featuredmedia":[{"embeddable":true,"href":"https:\/\/shoponlinedz.com\/en\/wp-json\/wp\/v2\/media\/90654"}],"wp:attachment":[{"href":"https:\/\/shoponlinedz.com\/en\/wp-json\/wp\/v2\/media?parent=90655"}],"wp:term":[{"taxonomy":"product_brand","embeddable":true,"href":"https:\/\/shoponlinedz.com\/en\/wp-json\/wp\/v2\/product_brand?post=90655"},{"taxonomy":"product_cat","embeddable":true,"href":"https:\/\/shoponlinedz.com\/en\/wp-json\/wp\/v2\/product_cat?post=90655"},{"taxonomy":"product_tag","embeddable":true,"href":"https:\/\/shoponlinedz.com\/en\/wp-json\/wp\/v2\/product_tag?post=90655"}],"curies":[{"name":"wp","href":"https:\/\/api.w.org\/{rel}","templated":true}]}}