{"id":90635,"date":"2026-01-20T00:52:07","date_gmt":"2026-01-20T00:52:07","guid":{"rendered":"https:\/\/shoponlinedz.com\/product\/egouttoir-a-vaisselle-a-2-niveaux-avec-bac-degouttage-kd-1030al-%d9%85%d9%86%d8%b8%d9%85-%d8%a3%d9%88%d8%a7%d9%86%d9%8a-%d8%a7%d9%84%d8%ba%d8%b3%d9%8a%d9%84\/"},"modified":"2026-02-13T21:14:28","modified_gmt":"2026-02-13T20:14:28","slug":"egouttoir-a-vaisselle-a-2-niveaux-avec-bac-degouttage-kd-1030al-%d9%85%d9%86%d8%b8%d9%85-%d8%a3%d9%88%d8%a7%d9%86%d9%8a-%d8%a7%d9%84%d8%ba%d8%b3%d9%8a%d9%84","status":"publish","type":"product","link":"https:\/\/shoponlinedz.com\/en\/product\/egouttoir-a-vaisselle-a-2-niveaux-avec-bac-degouttage-kd-1030al-%d9%85%d9%86%d8%b8%d9%85-%d8%a3%d9%88%d8%a7%d9%86%d9%8a-%d8%a7%d9%84%d8%ba%d8%b3%d9%8a%d9%84\/","title":{"rendered":"\u00c9gouttoir \u00e0 vaisselle \u00e0 2 niveaux avec bac d\u2019\u00e9gouttage KD-1030AL \u2013 \u0645\u0646\u0638\u0645 \u0623\u0648\u0627\u0646\u064a \u0627\u0644\u063a\u0633\u064a\u0644"},"content":{"rendered":"<figure class=\"attachment attachment--preview\" data-trix-attachment=\"{&quot;contentType&quot;:&quot;image&quot;,&quot;height&quot;:1024,&quot;url&quot;:&quot;https:\/\/sawa9ly.app\/storage\/66688\/KD-1030AL-cnc.jpg&quot;,&quot;width&quot;:1024}\" data-trix-content-type=\"image\"><img decoding=\"async\" class=\"aligncenter\" src=\"https:\/\/sawa9ly.app\/storage\/66688\/KD-1030AL-cnc.jpg\" width=\"1024\" height=\"1024\" \/><figcaption class=\"attachment__caption\"><\/figcaption><\/figure>\n<figure class=\"attachment attachment--preview\" data-trix-attachment=\"{&quot;contentType&quot;:&quot;image&quot;,&quot;height&quot;:1024,&quot;url&quot;:&quot;https:\/\/sawa9ly.app\/storage\/66689\/KD-1030AL-1.jpg&quot;,&quot;width&quot;:1024}\" data-trix-content-type=\"image\"><img decoding=\"async\" class=\"aligncenter\" src=\"https:\/\/sawa9ly.app\/storage\/66689\/KD-1030AL-1.jpg\" width=\"1024\" height=\"1024\" \/><figcaption class=\"attachment__caption\"><\/figcaption><\/figure>\n<figure class=\"attachment attachment--preview\" data-trix-attachment=\"{&quot;contentType&quot;:&quot;image&quot;,&quot;height&quot;:1024,&quot;url&quot;:&quot;https:\/\/sawa9ly.app\/storage\/66690\/KD-1030AL-3.jpg&quot;,&quot;width&quot;:1024}\" data-trix-content-type=\"image\"><img decoding=\"async\" class=\"aligncenter\" src=\"https:\/\/sawa9ly.app\/storage\/66690\/KD-1030AL-3.jpg\" width=\"1024\" height=\"1024\" \/><figcaption class=\"attachment__caption\"><\/figcaption><\/figure>\n<figure class=\"attachment attachment--preview\" data-trix-attachment=\"{&quot;contentType&quot;:&quot;image&quot;,&quot;height&quot;:1024,&quot;url&quot;:&quot;https:\/\/sawa9ly.app\/storage\/66691\/KD-1030AL-2.jpg&quot;,&quot;width&quot;:1024}\" data-trix-content-type=\"image\"><img decoding=\"async\" class=\"aligncenter\" src=\"https:\/\/sawa9ly.app\/storage\/66691\/KD-1030AL-2.jpg\" width=\"1024\" height=\"1024\" \/><figcaption class=\"attachment__caption\"><\/figcaption><\/figure>\n<figure class=\"attachment attachment--preview\" data-trix-attachment=\"{&quot;contentType&quot;:&quot;image&quot;,&quot;height&quot;:1024,&quot;url&quot;:&quot;https:\/\/sawa9ly.app\/storage\/66714\/CBD8.jpeg&quot;,&quot;width&quot;:1024}\" data-trix-content-type=\"image\"><img decoding=\"async\" class=\"aligncenter\" src=\"https:\/\/sawa9ly.app\/storage\/66714\/CBD8.jpeg\" width=\"1024\" height=\"1024\" \/><figcaption class=\"attachment__caption\"><\/figcaption><\/figure>\n<p style=\"text-align: center;\">","protected":false},"excerpt":{"rendered":"<p>\u2728 \u0645\u062c\u0641\u0641 \u0635\u062d\u0648\u0646 \u0645\u0646 \u0627\u0644\u0641\u0648\u0644\u0627\u0630 \u0627\u0644\u0645\u0642\u0627\u0648\u0645 \u0644\u0644\u0635\u062f\u0623 \u2013 \u062a\u0635\u0645\u064a\u0645 \u0639\u0645\u0644\u064a \u0648\u0623\u0646\u0627\u0642\u0629 \u0639\u0635\u0631\u064a\u0629 \u2728\ud83d\udda4 \u0647\u064a\u0643\u0644 \u0639\u0627\u0644\u064a \u0627\u0644\u062c\u0648\u062f\u0629 \u0645\u0646 \u0627\u0644\u0633\u062a\u0627\u0646\u0644\u0633 \u0633\u062a\u064a\u0644 \u0645\u0635\u0646\u0648\u0639 \u0645\u0646 \u0641\u0648\u0644\u0627\u0630 \u0645\u0642\u0627\u0648\u0645 \u0644\u0644\u0635\u062f\u0623 \u0639\u0627\u0644\u064a \u0627\u0644\u062c\u0648\u062f\u0629 \u064a\u0636\u0645\u0646 \u0627\u0644\u0645\u062a\u0627\u0646\u0629 \u0648\u0627\u0644\u0642\u0648\u0629 \u0645\u0639 \u0627\u0633\u062a\u062e\u062f\u0627\u0645 \u0637\u0648\u064a\u0644 \u0627\u0644\u0623\u0645\u062f. \u0627\u0644\u062a\u0634\u0637\u064a\u0628 \u0627\u0644\u0623\u0633\u0648\u062f \u0627\u0644\u0623\u0646\u064a\u0642 \u064a\u0636\u064a\u0641 \u0644\u0645\u0633\u0629 \u0641\u0627\u062e\u0631\u0629 \u0648\u064a\u062c\u0639\u0644 \u0627\u0644\u0645\u062c\u0641\u0641 \u0645\u062b\u0627\u0644\u064a\u0627\u064b \u0644\u0644\u0645\u0637\u0627\u0628\u062e \u0627\u0644\u0639\u0635\u0631\u064a\u0629 \u0648\u0627\u0644\u062d\u062f\u064a\u062b\u0629.\ud83c\udf7d\ufe0f \u062a\u0635\u0645\u064a\u0645 \u0648\u0627\u0633\u0639 \u0628\u0637\u0627\u0628\u0642\u064a\u0646 \u0644\u062a\u0646\u0638\u064a\u0645 \u0645\u062b\u0627\u0644\u064a \u0628\u0641\u0636\u0644 \u0627\u0644\u062a\u0635\u0645\u064a\u0645 \u0630\u0648 \u0627\u0644\u0645\u0633\u062a\u0648\u064a\u064a\u0646\u060c \u064a\u0648\u0641\u0631 \u0645\u0633\u0627\u062d\u0629 \u0643\u0628\u064a\u0631\u0629 \u0644\u062a\u062c\u0641\u064a\u0641 \u0648\u062a\u0646\u0638\u064a\u0645 \u0645\u062e\u062a\u0644\u0641 \u0623\u062f\u0648\u0627\u062a \u0627\u0644\u0645\u0637\u0628\u062e:\ud83d\udd1d \u0627\u0644\u0631\u0641 \u0627\u0644\u0639\u0644\u0648\u064a \u0645\u062e\u0635\u0635 \u0644\u0644\u0623\u0637\u0628\u0627\u0642\ud83d\udd3d \u0627\u0644\u0631\u0641 \u0627\u0644\u0633\u0641\u0644\u064a \u0645\u062b\u0627\u0644\u064a \u0644\u0644\u0623\u0648\u0639\u064a\u0629\u060c \u0627\u0644\u0623\u0643\u0648\u0627\u0628\u060c \u0627\u0644\u0645\u062c\u0627\u062a \u0648\u0627\u0644\u0623\u0637\u0628\u0627\u0642 \u0627\u0644\u0643\u0628\u064a\u0631\u0629\ud83c\udf74 \u062d\u0627\u0645\u0644 \u0623\u062f\u0648\u0627\u062a \u0645\u0627\u0626\u062f\u0629 \u0642\u0627\u0628\u0644 \u0644\u0644\u0625\u0632\u0627\u0644\u0629 \u0645\u0632\u0648\u062f \u0628\u0640 \u0645\u0646\u0638\u0645 \u062e\u0627\u0635 \u0644\u0644\u0645\u0644\u0627\u0639\u0642\u060c \u0627\u0644\u0634\u0648\u0643\u060c \u0627\u0644\u0633\u0643\u0627\u0643\u064a\u0646 \u0648\u0628\u0627\u0642\u064a \u0627\u0644\u0623\u062f\u0648\u0627\u062a\u060c \u0645\u0639 \u062a\u0635\u0645\u064a\u0645 \u0642\u0627\u0628\u0644 \u0644\u0644\u0625\u0632\u0627\u0644\u0629 \u0644\u0633\u0647\u0648\u0644\u0629 \u0627\u0644\u062a\u0646\u0638\u064a\u0641 \u0648\u0625\u0639\u0627\u062f\u0629 \u0627\u0644\u062a\u0631\u062a\u064a\u0628 \u062d\u0633\u0628 \u0627\u0644\u062d\u0627\u062c\u0629.\ud83d\udca7 \u0635\u064a\u0646\u064a\u0629 \u062a\u0635\u0631\u064a\u0641 \u0645\u062f\u0645\u062c\u0629 \u0644\u0633\u0637\u062d \u0645\u0637\u0628\u062e \u0646\u0638\u064a\u0641 \u062a\u062c\u0645\u0639 \u0635\u064a\u0646\u064a\u0629 \u0627\u0644\u062a\u0635\u0631\u064a\u0641 \u0627\u0644\u0645\u064a\u0627\u0647 \u0627\u0644\u0645\u062a\u0633\u0627\u0642\u0637\u0629 \u0645\u0646 \u0627\u0644\u0623\u0648\u0627\u0646\u064a \u0627\u0644\u0645\u0628\u0644\u0644\u0629\u060c \u0645\u0645\u0627 \u064a\u0645\u0646\u0639 \u0627\u0644\u0641\u0648\u0636\u0649 \u0648\u064a\u062d\u0627\u0641\u0638 \u0639\u0644\u0649 \u0633\u0637\u062d \u0627\u0644\u0639\u0645\u0644 \u062c\u0627\u0641\u064b\u0627 \u0648\u0646\u0638\u064a\u0641\u064b\u0627 \u0645\u0639 \u0645\u0633\u062a\u0648\u0649 \u0639\u0627\u0644\u064d \u0645\u0646 \u0627\u0644\u0646\u0638\u0627\u0641\u0629.\ud83e\uddfc \u0633\u0647\u0644 \u0627\u0644\u062a\u0631\u0643\u064a\u0628 \u0648\u0627\u0644\u062a\u0646\u0638\u064a\u0641 \u064a\u062a\u0645\u064a\u0632 \u0628\u062a\u0631\u0643\u064a\u0628 \u0633\u0631\u064a\u0639 \u0648\u0628\u0633\u064a\u0637 \u062f\u0648\u0646 \u0623\u062f\u0648\u0627\u062a \u0645\u0639\u0642\u062f\u0629\u060c \u0643\u0645\u0627 \u0623\u0646 \u0623\u062c\u0632\u0627\u0624\u0647 \u0627\u0644\u0642\u0627\u0628\u0644\u0629 \u0644\u0644\u0641\u0643 \u062a\u0633\u0647\u0651\u0644 \u0627\u0644\u062a\u0646\u0638\u064a\u0641 \u0648\u062a\u0636\u0645\u0646 \u0627\u0633\u062a\u062e\u062f\u0627\u0645\u064b\u0627 \u0639\u0645\u0644\u064a\u064b\u0627 \u0648\u0635\u062d\u064a\u064b\u0627 \u064a\u0648\u0645\u064a\u064b\u0627.\ud83d\udccf \u0627\u0644\u0623\u0628\u0639\u0627\u062f 46 \u0633\u0645 (\u0627\u0644\u0639\u0645\u0642) \u00d7 61 \u0633\u0645 (\u0627\u0644\u0639\u0631\u0636) \u00d7 46 \u0633\u0645 (\u0627\u0644\u0627\u0631\u062a\u0641\u0627\u0639)\u2705 \u0627\u0644\u0627\u062e\u062a\u064a\u0627\u0631 \u0627\u0644\u0645\u062b\u0627\u0644\u064a \u0644\u0645\u0637\u0628\u062e \u0645\u0646\u0638\u0645\u060c \u0623\u0646\u064a\u0642 \u0648\u0639\u0645\u0644\u064a \ud83d\udc4c\u2728<\/p>","protected":false},"featured_media":90634,"comment_status":"open","ping_status":"closed","template":"","meta":[],"product_brand":[],"product_cat":[2456],"product_tag":[],"class_list":{"0":"post-90635","1":"product","2":"type-product","3":"status-publish","4":"has-post-thumbnail","6":"product_cat-cuisine","8":"first","9":"instock","10":"taxable","11":"shipping-taxable","12":"purchasable","13":"product-type-simple"},"jetpack_sharing_enabled":true,"_links":{"self":[{"href":"https:\/\/shoponlinedz.com\/en\/wp-json\/wp\/v2\/product\/90635","targetHints":{"allow":["GET"]}}],"collection":[{"href":"https:\/\/shoponlinedz.com\/en\/wp-json\/wp\/v2\/product"}],"about":[{"href":"https:\/\/shoponlinedz.com\/en\/wp-json\/wp\/v2\/types\/product"}],"replies":[{"embeddable":true,"href":"https:\/\/shoponlinedz.com\/en\/wp-json\/wp\/v2\/comments?post=90635"}],"version-history":[{"count":0,"href":"https:\/\/shoponlinedz.com\/en\/wp-json\/wp\/v2\/product\/90635\/revisions"}],"wp:featuredmedia":[{"embeddable":true,"href":"https:\/\/shoponlinedz.com\/en\/wp-json\/wp\/v2\/media\/90634"}],"wp:attachment":[{"href":"https:\/\/shoponlinedz.com\/en\/wp-json\/wp\/v2\/media?parent=90635"}],"wp:term":[{"taxonomy":"product_brand","embeddable":true,"href":"https:\/\/shoponlinedz.com\/en\/wp-json\/wp\/v2\/product_brand?post=90635"},{"taxonomy":"product_cat","embeddable":true,"href":"https:\/\/shoponlinedz.com\/en\/wp-json\/wp\/v2\/product_cat?post=90635"},{"taxonomy":"product_tag","embeddable":true,"href":"https:\/\/shoponlinedz.com\/en\/wp-json\/wp\/v2\/product_tag?post=90635"}],"curies":[{"name":"wp","href":"https:\/\/api.w.org\/{rel}","templated":true}]}}