{"id":90535,"date":"2026-01-20T00:49:16","date_gmt":"2026-01-20T00:49:16","guid":{"rendered":"https:\/\/shoponlinedz.com\/product\/pompe-a-air-electrique-mini-12v-avec-ecran-lcd-%d8%ac%d9%87%d8%a7%d8%b2-%d9%86%d9%81%d8%ae-%d8%a7%d9%84%d8%b9%d8%ac%d9%84%d8%a7%d8%aa-%d9%85%d8%b9-%d8%b4%d8%a7%d8%b4%d8%a9\/"},"modified":"2026-02-13T21:14:33","modified_gmt":"2026-02-13T20:14:33","slug":"pompe-a-air-electrique-mini-12v-avec-ecran-lcd-%d8%ac%d9%87%d8%a7%d8%b2-%d9%86%d9%81%d8%ae-%d8%a7%d9%84%d8%b9%d8%ac%d9%84%d8%a7%d8%aa-%d9%85%d8%b9-%d8%b4%d8%a7%d8%b4%d8%a9","status":"publish","type":"product","link":"https:\/\/shoponlinedz.com\/en\/product\/pompe-a-air-electrique-mini-12v-avec-ecran-lcd-%d8%ac%d9%87%d8%a7%d8%b2-%d9%86%d9%81%d8%ae-%d8%a7%d9%84%d8%b9%d8%ac%d9%84%d8%a7%d8%aa-%d9%85%d8%b9-%d8%b4%d8%a7%d8%b4%d8%a9\/","title":{"rendered":"Pompe \u00e0 Air \u00c9lectrique Mini 12V avec \u00c9cran LCD \u2013 \u062c\u0647\u0627\u0632 \u0646\u0641\u062e \u0627\u0644\u0639\u062c\u0644\u0627\u062a \u0645\u0639 \u0634\u0627\u0634\u0629"},"content":{"rendered":"<figure class=\"attachment attachment--preview\" data-trix-attachment=\"{&quot;contentType&quot;:&quot;image&quot;,&quot;height&quot;:1024,&quot;url&quot;:&quot;https:\/\/sawa9ly.app\/storage\/66796\/dfsd4dddddDCFGddsdfsjkdfjsdff-%E2%80%9301.jpg&quot;,&quot;width&quot;:1024}\" data-trix-content-type=\"image\"><img decoding=\"async\" class=\"aligncenter\" src=\"https:\/\/sawa9ly.app\/storage\/66796\/dfsd4dddddDCFGddsdfsjkdfjsdff-%E2%80%9301.jpg\" width=\"1024\" height=\"1024\" \/><figcaption class=\"attachment__caption\"><\/figcaption><\/figure>\n<figure class=\"attachment attachment--preview\" data-trix-attachment=\"{&quot;contentType&quot;:&quot;image&quot;,&quot;height&quot;:1024,&quot;url&quot;:&quot;https:\/\/sawa9ly.app\/storage\/66856\/CR5.jpeg&quot;,&quot;width&quot;:1024}\" data-trix-content-type=\"image\"><img decoding=\"async\" class=\"aligncenter\" src=\"https:\/\/sawa9ly.app\/storage\/66856\/CR5.jpeg\" width=\"1024\" height=\"1024\" \/><figcaption class=\"attachment__caption\"><\/figcaption><\/figure>\n<figure class=\"attachment attachment--preview\" data-trix-attachment=\"{&quot;contentType&quot;:&quot;image&quot;,&quot;height&quot;:1024,&quot;url&quot;:&quot;https:\/\/sawa9ly.app\/storage\/66857\/CR555.jpeg&quot;,&quot;width&quot;:1024}\" data-trix-content-type=\"image\"><img decoding=\"async\" class=\"aligncenter\" src=\"https:\/\/sawa9ly.app\/storage\/66857\/CR555.jpeg\" width=\"1024\" height=\"1024\" \/><figcaption class=\"attachment__caption\"><\/figcaption><\/figure>\n<figure class=\"attachment attachment--preview\" data-trix-attachment=\"{&quot;contentType&quot;:&quot;image&quot;,&quot;height&quot;:1024,&quot;url&quot;:&quot;https:\/\/sawa9ly.app\/storage\/66858\/CR55.jpeg&quot;,&quot;width&quot;:1024}\" data-trix-content-type=\"image\"><img decoding=\"async\" class=\"aligncenter\" src=\"https:\/\/sawa9ly.app\/storage\/66858\/CR55.jpeg\" width=\"1024\" height=\"1024\" \/><figcaption class=\"attachment__caption\"><\/figcaption><\/figure>\n<p style=\"text-align: center\">","protected":false},"excerpt":{"rendered":"<p>\ud83d\ude97 \u0643\u0645\u0628\u0631\u064a\u0633\u0648\u0631 \u0647\u0648\u0627\u0621 \u0643\u0647\u0631\u0628\u0627\u0626\u064a 12V \u2013 \u0635\u063a\u064a\u0631\u060c \u0642\u0648\u064a \u0648\u0630\u0643\u064a\u0627\u0633\u062a\u0645\u062a\u0639 \u0628\u0643\u0645\u0628\u0631\u064a\u0633\u0648\u0631 \u0647\u0648\u0627\u0621 \u0645\u062d\u0645\u0648\u0644 \u064a\u062c\u0645\u0639 \u0628\u064a\u0646 \u0627\u0644\u0642\u0648\u0629\u060c \u0627\u0644\u062f\u0642\u0629 \u0648\u0633\u0647\u0648\u0644\u0629 \u0627\u0644\u0627\u0633\u062a\u0639\u0645\u0627\u0644. \u0645\u0635\u0645\u0651\u0645 \u0644\u0643\u0644 \u0627\u062d\u062a\u064a\u0627\u062c\u0627\u062a \u0627\u0644\u0646\u0641\u062e \u0627\u0644\u064a\u0648\u0645\u064a\u0629\u060c \u0645\u0646 \u0627\u0644\u0639\u062c\u0644\u0627\u062a \u062d\u062a\u0649 \u0627\u0644\u0623\u063a\u0631\u0627\u0636 \u0627\u0644\u0642\u0627\u0628\u0644\u0629 \u0644\u0644\u0646\u0641\u062e\u060c \u0645\u0639 \u0634\u0627\u0634\u0629 LCD \u0648\u0627\u0636\u062d\u0629 \u0648\u0646\u0641\u062e \u0633\u0631\u064a\u0639 \u0648\u0622\u0645\u0646.\u2705 \u0645\u0632\u0627\u064a\u0627 \u0627\u0644\u0645\u0646\u062a\u062c\ud83c\udfaf \u0642\u064a\u0627\u0633 \u0630\u0643\u064a \u0648\u062f\u0642\u0629 \u0639\u0627\u0644\u064a\u0629\u062a\u0642\u0646\u064a\u0629 \u0625\u0644\u0643\u062a\u0631\u0648\u0646\u064a\u0629 \u0645\u062a\u0637\u0648\u0631\u0629 \u0644\u0642\u064a\u0627\u0633 \u0636\u063a\u0637 \u0627\u0644\u0647\u0648\u0627\u0621\u0634\u0627\u0634\u0629 LCD \u062a\u0639\u0637\u064a\u0643 \u0627\u0644\u0636\u063a\u0637 \u0627\u0644\u062d\u0642\u064a\u0642\u064a \u0628\u062f\u0642\u0629\u0636\u063a\u0648\u0637 \u0645\u0648\u0635\u0649 \u0628\u0647\u0627:\ud83d\ude97 \u0633\u064a\u0627\u0631\u0629: 2.3 \u2013 2.5 \u0628\u0627\u0631\ud83c\udfcd\ufe0f \u062f\u0631\u0627\u062c\u0629 \u0646\u0627\u0631\u064a\u0629: 1.8 \u2013 3.0 \u0628\u0627\u0631\ud83d\udeb2 \u062f\u0631\u0627\u062c\u0629 \u0647\u0648\u0627\u0626\u064a\u0629: 30 \u2013 65 PSI \u2714\ufe0f \u0623\u0645\u0627\u0646 \u0623\u0643\u062b\u0631 \u0641\u064a \u0627\u0644\u0633\u064a\u0627\u0642\u0629 \u0648\u0639\u0645\u0631 \u0623\u0637\u0648\u0644 \u0644\u0644\u0639\u062c\u0644\u0627\u062a\ud83d\udd04 \u0627\u0633\u062a\u0639\u0645\u0627\u0644 \u0645\u062a\u0639\u062f\u062f\u0645\u0646\u0627\u0633\u0628 \u0644\u0644\u0633\u064a\u0627\u0631\u0627\u062a\u060c \u0627\u0644\u062f\u0631\u0627\u062c\u0627\u062a \u0627\u0644\u0646\u0627\u0631\u064a\u0629\u060c \u0627\u0644\u062f\u0631\u0627\u062c\u0627\u062a \u0627\u0644\u0647\u0648\u0627\u0626\u064a\u0629 \u0648\u0623\u063a\u0631\u0627\u0636 \u0627\u0644\u0646\u0641\u062e \u0627\u0644\u0623\u062e\u0631\u0649\u062d\u062c\u0645 \u0635\u063a\u064a\u0631 \u0648\u062e\u0641\u064a\u0641\u060c \u0633\u0647\u0644 \u0627\u0644\u062a\u062e\u0632\u064a\u0646 \u0641\u064a \u0627\u0644\u0643\u0648\u0641\u0631 \u0648\u0644\u0627 \u062d\u062a\u0649 \u0641\u064a \u0627\u0644\u0643\u064a\u0633\u26a1 \u0646\u0641\u062e \u0633\u0631\u064a\u0639 \u0648\u0642\u0648\u064a\u0645\u0648\u062a\u0648\u0631 \u0642\u0648\u064a \u0628\u0642\u062f\u0631\u0629 120W\u062a\u062f\u0641\u0642 \u0647\u0648\u0627\u0621: 35 \u0644\u062a\u0631\/\u0627\u0644\u062f\u0642\u064a\u0642\u0629\u0636\u063a\u0637 \u0623\u0642\u0635\u0649: 100 \u2013 150 PSI \u23f1\ufe0f \u0646\u0641\u062e \u0633\u0631\u064a\u0639 \u0628\u062f\u0648\u0646 \u062a\u0636\u064a\u064a\u0639 \u0627\u0644\u0648\u0642\u062a\ud83e\udde0 \u0633\u0647\u0644 \u0648\u0628\u0644\u0627 \u062a\u0639\u0642\u064a\u062f\u0634\u0627\u0634\u0629 LCD \u0644\u0644\u0645\u0631\u0627\u0642\u0628\u0629 \u0627\u0644\u0641\u0648\u0631\u064a\u0629\u0623\u0632\u0631\u0627\u0631 \u0648\u0627\u0636\u062d\u0629 \u0648\u0633\u0647\u0644\u0629 \u0627\u0644\u0627\u0633\u062a\u0639\u0645\u0627\u0644\u0625\u0636\u0627\u0621\u0629 LED \u0645\u062f\u0645\u062c\u0629 \u062a\u0648\u0636\u062d \u062d\u0627\u0644\u0629 \u0627\u0644\u0636\u063a\u0637\u0645\u0642\u0628\u0636 \u0645\u0631\u064a\u062d \u0644\u0633\u0647\u0648\u0644\u0629 \u0627\u0644\u062d\u0645\u0644 \u0648\u0627\u0644\u0627\u0633\u062a\u0639\u0645\u0627\u0644\ud83d\udee1\ufe0f \u0645\u062a\u064a\u0646 \u0648\u0622\u0645\u0646\u0645\u0635\u0646\u0648\u0639 \u0645\u0646 \u0645\u0648\u0627\u062f \u0639\u0627\u0644\u064a\u0629 \u0627\u0644\u062c\u0648\u062f\u0629\u0623\u0646\u0638\u0645\u0629 \u0623\u0645\u0627\u0646 \u0645\u062f\u0645\u062c\u0629 \u0644\u0627\u0633\u062a\u0642\u0631\u0627\u0631 \u0627\u0644\u0623\u062f\u0627\u0621\u0645\u0635\u0645\u0651\u0645 \u0644\u0644\u0627\u0633\u062a\u0639\u0645\u0627\u0644 \u0627\u0644\u064a\u0648\u0645\u064a \u0648\u0637\u0648\u064a\u0644 \u0627\u0644\u0645\u062f\u0649\ud83d\udee0\ufe0f \u0627\u0644\u0645\u0648\u0627\u0635\u0641\u0627\u062a \u0627\u0644\u062a\u0642\u0646\u064a\u0629\u0627\u0633\u0645 \u0627\u0644\u0645\u0648\u062f\u064a\u0644: Handheld Air Pump\u0627\u0644\u062c\u0647\u062f: 12V\u0627\u0644\u0642\u062f\u0631\u0629: 120W\u0627\u0644\u0636\u063a\u0637 \u0627\u0644\u0623\u0642\u0635\u0649: 100 \u2013 150 PSI\u062a\u062f\u0641\u0642 \u0627\u0644\u0647\u0648\u0627\u0621: 35 L\/min\u0645\u0646\u0641\u0630 \u0627\u0644\u062a\u0634\u063a\u064a\u0644: \u0648\u0644\u0627\u0639\u0629 \u0627\u0644\u0633\u064a\u0627\u0631\u0629\u0627\u0644\u0623\u0628\u0639\u0627\u062f: 210 \u00d7 85 \u00d7 143 \u0645\u0645\u0627\u0644\u0648\u0632\u0646: 440 \u063a\u0631\u0627\u0645<\/p>","protected":false},"featured_media":90534,"comment_status":"open","ping_status":"closed","template":"","meta":[],"product_brand":[],"product_cat":[2458],"product_tag":[],"class_list":{"0":"post-90535","1":"product","2":"type-product","3":"status-publish","4":"has-post-thumbnail","6":"product_cat-accessoires-auto-moto","8":"first","9":"outofstock","10":"taxable","11":"shipping-taxable","12":"purchasable","13":"product-type-simple"},"jetpack_sharing_enabled":true,"_links":{"self":[{"href":"https:\/\/shoponlinedz.com\/en\/wp-json\/wp\/v2\/product\/90535","targetHints":{"allow":["GET"]}}],"collection":[{"href":"https:\/\/shoponlinedz.com\/en\/wp-json\/wp\/v2\/product"}],"about":[{"href":"https:\/\/shoponlinedz.com\/en\/wp-json\/wp\/v2\/types\/product"}],"replies":[{"embeddable":true,"href":"https:\/\/shoponlinedz.com\/en\/wp-json\/wp\/v2\/comments?post=90535"}],"version-history":[{"count":0,"href":"https:\/\/shoponlinedz.com\/en\/wp-json\/wp\/v2\/product\/90535\/revisions"}],"wp:featuredmedia":[{"embeddable":true,"href":"https:\/\/shoponlinedz.com\/en\/wp-json\/wp\/v2\/media\/90534"}],"wp:attachment":[{"href":"https:\/\/shoponlinedz.com\/en\/wp-json\/wp\/v2\/media?parent=90535"}],"wp:term":[{"taxonomy":"product_brand","embeddable":true,"href":"https:\/\/shoponlinedz.com\/en\/wp-json\/wp\/v2\/product_brand?post=90535"},{"taxonomy":"product_cat","embeddable":true,"href":"https:\/\/shoponlinedz.com\/en\/wp-json\/wp\/v2\/product_cat?post=90535"},{"taxonomy":"product_tag","embeddable":true,"href":"https:\/\/shoponlinedz.com\/en\/wp-json\/wp\/v2\/product_tag?post=90535"}],"curies":[{"name":"wp","href":"https:\/\/api.w.org\/{rel}","templated":true}]}}