{"id":90357,"date":"2026-01-17T13:17:17","date_gmt":"2026-01-17T13:17:17","guid":{"rendered":"https:\/\/shoponlinedz.com\/?post_type=product&#038;p=90357"},"modified":"2026-02-13T21:14:37","modified_gmt":"2026-02-13T20:14:37","slug":"serrure-anti-overture-bloque-portes-et-fenetres-pour-enfants-3pcs","status":"publish","type":"product","link":"https:\/\/shoponlinedz.com\/en\/product\/serrure-anti-overture-bloque-portes-et-fenetres-pour-enfants-3pcs\/","title":{"rendered":"Serrure Anti-Overture Bloque-portes et Fen\u00eatres pour Enfants 3Pcs"},"content":{"rendered":"<figure class=\"attachment attachment--preview\" data-trix-attachment=\"{&quot;contentType&quot;:&quot;image&quot;,&quot;height&quot;:1024,&quot;url&quot;:&quot;https:\/\/www.letshop.dz\/wp-content\/uploads\/2026\/01\/Door-handle-10.jpg&quot;,&quot;width&quot;:1024}\" data-trix-content-type=\"image\"><img decoding=\"async\" class=\"aligncenter\" src=\"https:\/\/www.letshop.dz\/wp-content\/uploads\/2026\/01\/Door-handle-10.jpg\" width=\"1024\" height=\"1024\" \/><\/figure>\n<figure class=\"attachment attachment--preview\" data-trix-attachment=\"{&quot;contentType&quot;:&quot;image&quot;,&quot;height&quot;:1024,&quot;url&quot;:&quot;https:\/\/www.letshop.dz\/wp-content\/uploads\/2026\/01\/Door-handle-1.jpg&quot;,&quot;width&quot;:1024}\" data-trix-content-type=\"image\"><img decoding=\"async\" class=\"aligncenter\" src=\"https:\/\/www.letshop.dz\/wp-content\/uploads\/2026\/01\/Door-handle-1.jpg\" width=\"1024\" height=\"1024\" \/><figcaption class=\"attachment__caption\"><\/figcaption><\/figure>\n<figure class=\"attachment attachment--preview\" data-trix-attachment=\"{&quot;contentType&quot;:&quot;image&quot;,&quot;height&quot;:1024,&quot;url&quot;:&quot;https:\/\/www.letshop.dz\/wp-content\/uploads\/2026\/01\/Door-handle-2.jpg&quot;,&quot;width&quot;:1024}\" data-trix-content-type=\"image\"><img decoding=\"async\" class=\"aligncenter\" src=\"https:\/\/www.letshop.dz\/wp-content\/uploads\/2026\/01\/Door-handle-2.jpg\" width=\"1024\" height=\"1024\" \/><figcaption class=\"attachment__caption\"><\/figcaption><\/figure>\n<figure class=\"attachment attachment--preview\" data-trix-attachment=\"{&quot;contentType&quot;:&quot;image&quot;,&quot;height&quot;:1024,&quot;url&quot;:&quot;https:\/\/www.letshop.dz\/wp-content\/uploads\/2026\/01\/Door-handle-3.jpg&quot;,&quot;width&quot;:1024}\" data-trix-content-type=\"image\"><img decoding=\"async\" class=\"aligncenter\" src=\"https:\/\/www.letshop.dz\/wp-content\/uploads\/2026\/01\/Door-handle-3.jpg\" width=\"1024\" height=\"1024\" \/><figcaption class=\"attachment__caption\"><\/figcaption><\/figure>\n<figure class=\"attachment attachment--preview\" data-trix-attachment=\"{&quot;contentType&quot;:&quot;image&quot;,&quot;height&quot;:1024,&quot;url&quot;:&quot;https:\/\/www.letshop.dz\/wp-content\/uploads\/2026\/01\/Door-handle-4.jpg&quot;,&quot;width&quot;:1024}\" data-trix-content-type=\"image\"><img decoding=\"async\" class=\"aligncenter\" src=\"https:\/\/www.letshop.dz\/wp-content\/uploads\/2026\/01\/Door-handle-4.jpg\" width=\"1024\" height=\"1024\" \/><figcaption class=\"attachment__caption\"><\/figcaption><\/figure>\n<figure class=\"attachment attachment--preview\" data-trix-attachment=\"{&quot;contentType&quot;:&quot;image&quot;,&quot;height&quot;:1024,&quot;url&quot;:&quot;https:\/\/www.letshop.dz\/wp-content\/uploads\/2026\/01\/Door-handle-5.jpg&quot;,&quot;width&quot;:1024}\" data-trix-content-type=\"image\"><img decoding=\"async\" class=\"aligncenter\" src=\"https:\/\/www.letshop.dz\/wp-content\/uploads\/2026\/01\/Door-handle-5.jpg\" width=\"1024\" height=\"1024\" \/><figcaption class=\"attachment__caption\"><\/figcaption><\/figure>\n<figure class=\"attachment attachment--preview\" data-trix-attachment=\"{&quot;contentType&quot;:&quot;image&quot;,&quot;height&quot;:1024,&quot;url&quot;:&quot;https:\/\/www.letshop.dz\/wp-content\/uploads\/2026\/01\/Door-handle-6.jpg&quot;,&quot;width&quot;:1024}\" data-trix-content-type=\"image\"><img decoding=\"async\" class=\"aligncenter\" src=\"https:\/\/www.letshop.dz\/wp-content\/uploads\/2026\/01\/Door-handle-6.jpg\" width=\"1024\" height=\"1024\" \/><figcaption class=\"attachment__caption\"><\/figcaption><\/figure>\n<figure class=\"attachment attachment--preview\" data-trix-attachment=\"{&quot;contentType&quot;:&quot;image&quot;,&quot;height&quot;:1024,&quot;url&quot;:&quot;https:\/\/www.letshop.dz\/wp-content\/uploads\/2026\/01\/Door-handle-7.jpg&quot;,&quot;width&quot;:1024}\" data-trix-content-type=\"image\"><img decoding=\"async\" class=\"aligncenter\" src=\"https:\/\/www.letshop.dz\/wp-content\/uploads\/2026\/01\/Door-handle-7.jpg\" width=\"1024\" height=\"1024\" \/><figcaption class=\"attachment__caption\"><\/figcaption><\/figure>\n<figure class=\"attachment attachment--preview\" data-trix-attachment=\"{&quot;contentType&quot;:&quot;image&quot;,&quot;height&quot;:1024,&quot;url&quot;:&quot;https:\/\/www.letshop.dz\/wp-content\/uploads\/2026\/01\/Door-handle-8.jpg&quot;,&quot;width&quot;:1024}\" data-trix-content-type=\"image\"><img decoding=\"async\" class=\"aligncenter\" src=\"https:\/\/www.letshop.dz\/wp-content\/uploads\/2026\/01\/Door-handle-8.jpg\" width=\"1024\" height=\"1024\" \/><figcaption class=\"attachment__caption\"><\/figcaption><\/figure>\n<figure class=\"attachment attachment--preview\" data-trix-attachment=\"{&quot;contentType&quot;:&quot;image&quot;,&quot;height&quot;:1024,&quot;url&quot;:&quot;https:\/\/www.letshop.dz\/wp-content\/uploads\/2026\/01\/Door-handle-9.jpg&quot;,&quot;width&quot;:1024}\" data-trix-content-type=\"image\"><img decoding=\"async\" class=\"aligncenter\" src=\"https:\/\/www.letshop.dz\/wp-content\/uploads\/2026\/01\/Door-handle-9.jpg\" width=\"1024\" height=\"1024\" \/><figcaption class=\"attachment__caption\"><\/figcaption><\/figure>\n<p style=\"text-align: center;\">","protected":false},"excerpt":{"rendered":"<p align=\"start\"><span dir=\"auto\">Fonctionnalit\u00e9:<\/span><\/p>\n<p align=\"start\"><span dir=\"auto\">Emp\u00eacher efficacement le b\u00e9b\u00e9 d\u2019ouvrir la porte par inadvertance.<\/span><\/p>\n<p align=\"start\"><span dir=\"auto\">Emp\u00eacher les b\u00e9b\u00e9s de s\u2019enfuir ou de se perdre.<\/span><\/p>\n<p align=\"start\"><span dir=\"auto\">Une fois pivot\u00e9 et install\u00e9, les adultes peuvent l\u2019utiliser normalement.<\/span><\/p>\n<p align=\"start\"><span dir=\"auto\">Convient \u00e0 toutes les serrures de porte \u00e0 poign\u00e9e.<\/span><\/p>\n<p align=\"start\"><span dir=\"auto\">Sp\u00e9cification:<\/span><\/p>\n<p align=\"start\"><span dir=\"auto\">mati\u00e8re : plastique<\/span><\/p>\n<p align=\"start\"><span dir=\"auto\">Taille : comme indiqu\u00e9<\/span><\/p>","protected":false},"featured_media":90364,"comment_status":"open","ping_status":"closed","template":"","meta":[],"product_brand":[],"product_cat":[2455,2467],"product_tag":[],"class_list":{"0":"post-90357","1":"product","2":"type-product","3":"status-publish","4":"has-post-thumbnail","6":"product_cat-maison","7":"product_cat-maternite","9":"first","10":"instock","11":"taxable","12":"shipping-taxable","13":"purchasable","14":"product-type-simple"},"jetpack_sharing_enabled":true,"_links":{"self":[{"href":"https:\/\/shoponlinedz.com\/en\/wp-json\/wp\/v2\/product\/90357","targetHints":{"allow":["GET"]}}],"collection":[{"href":"https:\/\/shoponlinedz.com\/en\/wp-json\/wp\/v2\/product"}],"about":[{"href":"https:\/\/shoponlinedz.com\/en\/wp-json\/wp\/v2\/types\/product"}],"replies":[{"embeddable":true,"href":"https:\/\/shoponlinedz.com\/en\/wp-json\/wp\/v2\/comments?post=90357"}],"version-history":[{"count":0,"href":"https:\/\/shoponlinedz.com\/en\/wp-json\/wp\/v2\/product\/90357\/revisions"}],"wp:featuredmedia":[{"embeddable":true,"href":"https:\/\/shoponlinedz.com\/en\/wp-json\/wp\/v2\/media\/90364"}],"wp:attachment":[{"href":"https:\/\/shoponlinedz.com\/en\/wp-json\/wp\/v2\/media?parent=90357"}],"wp:term":[{"taxonomy":"product_brand","embeddable":true,"href":"https:\/\/shoponlinedz.com\/en\/wp-json\/wp\/v2\/product_brand?post=90357"},{"taxonomy":"product_cat","embeddable":true,"href":"https:\/\/shoponlinedz.com\/en\/wp-json\/wp\/v2\/product_cat?post=90357"},{"taxonomy":"product_tag","embeddable":true,"href":"https:\/\/shoponlinedz.com\/en\/wp-json\/wp\/v2\/product_tag?post=90357"}],"curies":[{"name":"wp","href":"https:\/\/api.w.org\/{rel}","templated":true}]}}