{"id":90247,"date":"2026-01-16T04:19:13","date_gmt":"2026-01-16T04:19:13","guid":{"rendered":"https:\/\/shoponlinedz.com\/product\/organisateur-5-en-1-pour-siege-auto-avec-chargeur-sans-fil-et-2-cables-telescopiques\/"},"modified":"2026-02-13T21:14:41","modified_gmt":"2026-02-13T20:14:41","slug":"organisateur-5-en-1-pour-siege-auto-avec-chargeur-sans-fil-et-2-cables-telescopiques","status":"publish","type":"product","link":"https:\/\/shoponlinedz.com\/en\/product\/organisateur-5-en-1-pour-siege-auto-avec-chargeur-sans-fil-et-2-cables-telescopiques\/","title":{"rendered":"Organisateur 5 en 1 pour si\u00e8ge auto avec chargeur sans fil et 2 c\u00e2bles t\u00e9lescopiques"},"content":{"rendered":"<figure class=\"attachment attachment--preview\" data-trix-attachment=\"{&quot;contentType&quot;:&quot;image&quot;,&quot;height&quot;:1024,&quot;url&quot;:&quot;https:\/\/sawa9ly.app\/storage\/65967\/FJ010-CNC.jpg&quot;,&quot;width&quot;:1024}\" data-trix-content-type=\"image\"><img decoding=\"async\" class=\"aligncenter\" src=\"https:\/\/sawa9ly.app\/storage\/65967\/FJ010-CNC.jpg\" width=\"1024\" height=\"1024\" \/><figcaption class=\"attachment__caption\"><\/figcaption><\/figure>\n<figure class=\"attachment attachment--preview\" data-trix-attachment=\"{&quot;contentType&quot;:&quot;image&quot;,&quot;height&quot;:1024,&quot;url&quot;:&quot;https:\/\/sawa9ly.app\/storage\/65968\/FJ010-2.jpg&quot;,&quot;width&quot;:1024}\" data-trix-content-type=\"image\"><img decoding=\"async\" class=\"aligncenter\" src=\"https:\/\/sawa9ly.app\/storage\/65968\/FJ010-2.jpg\" width=\"1024\" height=\"1024\" \/><figcaption class=\"attachment__caption\"><\/figcaption><\/figure>\n<figure class=\"attachment attachment--preview\" data-trix-attachment=\"{&quot;contentType&quot;:&quot;image&quot;,&quot;height&quot;:1024,&quot;url&quot;:&quot;https:\/\/sawa9ly.app\/storage\/65969\/FJ010-4.jpg&quot;,&quot;width&quot;:1024}\" data-trix-content-type=\"image\"><img decoding=\"async\" class=\"aligncenter\" src=\"https:\/\/sawa9ly.app\/storage\/65969\/FJ010-4.jpg\" width=\"1024\" height=\"1024\" \/><figcaption class=\"attachment__caption\"><\/figcaption><\/figure>\n<figure class=\"attachment attachment--preview\" data-trix-attachment=\"{&quot;contentType&quot;:&quot;image&quot;,&quot;height&quot;:1024,&quot;url&quot;:&quot;https:\/\/sawa9ly.app\/storage\/65970\/FJ010-7.jpg&quot;,&quot;width&quot;:1024}\" data-trix-content-type=\"image\"><img decoding=\"async\" class=\"aligncenter\" src=\"https:\/\/sawa9ly.app\/storage\/65970\/FJ010-7.jpg\" width=\"1024\" height=\"1024\" \/><figcaption class=\"attachment__caption\"><\/figcaption><\/figure>\n<figure class=\"attachment attachment--preview\" data-trix-attachment=\"{&quot;contentType&quot;:&quot;image&quot;,&quot;height&quot;:1024,&quot;url&quot;:&quot;https:\/\/sawa9ly.app\/storage\/65971\/FJ010-8.jpg&quot;,&quot;width&quot;:1024}\" data-trix-content-type=\"image\"><img decoding=\"async\" class=\"aligncenter\" src=\"https:\/\/sawa9ly.app\/storage\/65971\/FJ010-8.jpg\" width=\"1024\" height=\"1024\" \/><figcaption class=\"attachment__caption\"><\/figcaption><\/figure>\n<p style=\"text-align: center;\">","protected":false},"excerpt":{"rendered":"<p>\u0645\u0646\u0638\u0651\u0645 \u0627\u0644\u0645\u0633\u0627\u062d\u0629 \u0628\u064a\u0646 \u0645\u0642\u0627\u0639\u062f \u0627\u0644\u0633\u064a\u0627\u0631\u0629 \u0645\u0639 \u0634\u062d\u0646 \u0645\u062a\u0639\u062f\u062f\u0627\u0644\u062a\u0648\u0627\u0641\u0642: \u0645\u0646\u0638\u0651\u0645 \u0627\u0644\u062a\u062e\u0632\u064a\u0646 \u0647\u0630\u0627 \u0645\u062e\u0635\u0651\u0635 \u0644\u0644\u0645\u0633\u0627\u062d\u0629 \u0628\u064a\u0646 \u0627\u0644\u0645\u0642\u0639\u062f \u0648\u0627\u0644\u0643\u0648\u0646\u0633\u0648\u0644 \u0627\u0644\u0648\u0633\u0637\u064a\u060c \u0648\u0645\u062a\u0648\u0627\u0641\u0642 \u0645\u0639 \u0645\u0639\u0638\u0645 \u0627\u0644\u0633\u064a\u0627\u0631\u0627\u062a. \u062a\u0631\u0643\u064a\u0628\u0647 \u0633\u0647\u0644 \u0648\u0633\u0631\u064a\u0639\u060c \u0641\u0642\u0637 \u0636\u0639\u0652\u0647 \u0628\u064a\u0646 \u0627\u0644\u0645\u0642\u0639\u062f \u0648\u0627\u0644\u0643\u0648\u0646\u0633\u0648\u0644. \u064a\u064f\u0631\u062c\u0649 \u0645\u0631\u0627\u062c\u0639\u0629 \u0627\u0644\u0635\u0648\u0631\u0629 \u0627\u0644\u062b\u0627\u0646\u064a\u0629 \u0644\u0644\u062a\u0623\u0643\u062f \u0645\u0646 \u0627\u0644\u062a\u0648\u0627\u0641\u0642.\u062a\u0635\u0645\u064a\u0645 \u0645\u062a\u064a\u0646 \u0648\u062c\u0648\u062f\u0629 \u0639\u0627\u0644\u064a\u0629: \u0645\u0635\u0646\u0648\u0639 \u0645\u0646 \u0645\u0648\u0627\u062f \u0641\u0627\u062e\u0631\u0629 \u0645\u0639 \u0644\u0645\u0633\u0629 \u0623\u0646\u064a\u0642\u0629 \u0628\u062a\u0635\u0645\u064a\u0645 \u0623\u0644\u064a\u0627\u0641 \u0627\u0644\u0643\u0631\u0628\u0648\u0646\u060c \u0644\u064a\u0645\u0646\u062d \u0633\u064a\u0627\u0631\u062a\u0643 \u0645\u0638\u0647\u0631\u0627\u064b \u0639\u0635\u0631\u064a\u0627\u064b \u0648\u0645\u062a\u0627\u0646\u0629 \u062a\u062f\u0648\u0645 \u0637\u0648\u064a\u0644\u0627\u064b. \u0645\u0642\u0627\u0648\u0645 \u0644\u0644\u0627\u0647\u062a\u0631\u0627\u0621 \u0627\u0644\u064a\u0648\u0645\u064a \u0648\u0627\u0644\u0627\u0646\u0633\u0643\u0627\u0628\u0627\u062a\u060c \u0648\u0645\u0635\u0645\u0645 \u0644\u062a\u062d\u0645\u0651\u0644 \u0627\u0644\u0627\u0633\u062a\u0639\u0645\u0627\u0644 \u0627\u0644\u0645\u062a\u0643\u0631\u0631.\u0634\u062d\u0646 \u0633\u0631\u064a\u0639 \u0648\u0645\u062a\u0639\u062f\u062f: \u0645\u0632\u0648\u062f \u0628\u0640:\u0643\u0627\u0628\u0644 USB-C \u0642\u0627\u0628\u0644 \u0644\u0644\u0633\u062d\u0628\u0643\u0627\u0628\u0644 iOS \u0642\u0627\u0628\u0644 \u0644\u0644\u0633\u062d\u0628\u0645\u0646\u0641\u0630 USB-C\u0645\u0646\u0641\u0630 USB-A\u0634\u0627\u062d\u0646 \u0644\u0627\u0633\u0644\u0643\u064a \u0637\u0648\u0644 \u0627\u0644\u0643\u0627\u0628\u0644 \u0627\u0644\u0642\u0627\u0628\u0644 \u0644\u0644\u0633\u062d\u0628 \u064a\u0635\u0644 \u0625\u0644\u0649 \u062d\u0648\u0627\u0644\u064a 80 \u0633\u0645\u060c \u0645\u0639 \u0625\u0645\u0643\u0627\u0646\u064a\u0629 \u0634\u062d\u0646 \u0639\u062f\u0629 \u0647\u0648\u0627\u062a\u0641 \u0641\u064a \u0646\u0641\u0633 \u0627\u0644\u0648\u0642\u062a. \u0645\u0644\u0627\u062d\u0638\u0629: \u064a\u064f\u0641\u0636\u0651\u0644 \u0625\u0632\u0627\u0644\u0629 \u063a\u0637\u0627\u0621 \u0627\u0644\u0647\u0627\u062a\u0641 \u0639\u0646\u062f \u0627\u0633\u062a\u062e\u062f\u0627\u0645 \u0627\u0644\u0634\u062d\u0646 \u0627\u0644\u0644\u0627\u0633\u0644\u0643\u064a.\u062a\u0646\u0638\u064a\u0645 \u062f\u0627\u062e\u0644\u064a \u0630\u0643\u064a: \u0645\u0633\u0627\u062d\u0627\u062a \u0625\u0636\u0627\u0641\u064a\u0629 \u0644\u062a\u0631\u062a\u064a\u0628 \u0623\u063a\u0631\u0627\u0636\u0643 \u0645\u062b\u0644 \u0627\u0644\u0647\u0627\u062a\u0641\u060c \u0627\u0644\u0645\u062d\u0641\u0638\u0629\u060c \u0627\u0644\u0645\u0641\u0627\u062a\u064a\u062d\u060c \u0627\u0644\u0639\u0645\u0644\u0627\u062a\u060c \u0628\u0637\u0627\u0642\u0627\u062a \u0627\u0644\u0627\u0626\u062a\u0645\u0627\u0646\u060c \u0627\u0644\u0623\u0642\u0644\u0627\u0645\u060c \u0646\u0638\u0627\u0631\u0627\u062a \u0627\u0644\u0634\u0645\u0633 \u0648\u063a\u064a\u0631\u0647\u0627. \u064a\u0645\u0646\u062d \u062f\u0627\u062e\u0644 \u0633\u064a\u0627\u0631\u062a\u0643 \u062a\u0631\u062a\u064a\u0628\u0627\u064b \u0645\u062b\u0627\u0644\u064a\u0627\u064b \u0648\u0644\u0645\u0633\u0629 \u0641\u0627\u062e\u0631\u0629.\u0642\u064a\u0627\u062f\u0629 \u0623\u0643\u062b\u0631 \u0631\u0627\u062d\u0629 \u0648\u0623\u0645\u0627\u0646\u0627\u064b: \u0645\u0627 \u0639\u0644\u064a\u0643 \u0633\u0648\u0649 \u062a\u0648\u0635\u064a\u0644\u0647 \u0628\u0648\u0644\u0627\u0639\u0629 \u0627\u0644\u0633\u062c\u0627\u0626\u0631 \u0648\u0627\u0644\u0627\u0646\u0637\u0644\u0627\u0642. \u0647\u0630\u0627 \u0627\u0644\u0645\u0646\u0638\u0651\u0645 \u064a\u062d\u0633\u0651\u0646 \u062a\u062c\u0631\u0628\u0629 \u0627\u0644\u0642\u064a\u0627\u062f\u0629 \u0627\u0644\u064a\u0648\u0645\u064a\u0629 \u0648\u0627\u0644\u0631\u062d\u0644\u0627\u062a \u0627\u0644\u0637\u0648\u064a\u0644\u0629\u060c \u0648\u064a\u0648\u0641\u0651\u0631 \u0631\u0627\u062d\u0629 \u0623\u0643\u0628\u0631 \u0645\u0639 \u0645\u0642\u0635\u0648\u0631\u0629 \u0646\u0638\u064a\u0641\u0629 \u0648\u0645\u0631\u062a\u0651\u0628\u0629. \u0643\u0645\u0627 \u064a\u064f\u0639\u062f \u0641\u0643\u0631\u0629 \u0647\u062f\u064a\u0629 \u0631\u0627\u0626\u0639\u0629 \u0644\u0623\u0639\u064a\u0627\u062f \u0627\u0644\u0645\u064a\u0644\u0627\u062f\u060c \u0631\u0623\u0633 \u0627\u0644\u0633\u0646\u0629 \u0648\u0627\u0644\u0645\u0646\u0627\u0633\u0628\u0627\u062a \u0627\u0644\u0645\u062e\u062a\u0644\u0641\u0629.<\/p>","protected":false},"featured_media":90246,"comment_status":"open","ping_status":"closed","template":"","meta":[],"product_brand":[],"product_cat":[2458],"product_tag":[],"class_list":{"0":"post-90247","1":"product","2":"type-product","3":"status-publish","4":"has-post-thumbnail","6":"product_cat-accessoires-auto-moto","8":"first","9":"instock","10":"taxable","11":"shipping-taxable","12":"purchasable","13":"product-type-simple"},"jetpack_sharing_enabled":true,"_links":{"self":[{"href":"https:\/\/shoponlinedz.com\/en\/wp-json\/wp\/v2\/product\/90247","targetHints":{"allow":["GET"]}}],"collection":[{"href":"https:\/\/shoponlinedz.com\/en\/wp-json\/wp\/v2\/product"}],"about":[{"href":"https:\/\/shoponlinedz.com\/en\/wp-json\/wp\/v2\/types\/product"}],"replies":[{"embeddable":true,"href":"https:\/\/shoponlinedz.com\/en\/wp-json\/wp\/v2\/comments?post=90247"}],"version-history":[{"count":0,"href":"https:\/\/shoponlinedz.com\/en\/wp-json\/wp\/v2\/product\/90247\/revisions"}],"wp:featuredmedia":[{"embeddable":true,"href":"https:\/\/shoponlinedz.com\/en\/wp-json\/wp\/v2\/media\/90246"}],"wp:attachment":[{"href":"https:\/\/shoponlinedz.com\/en\/wp-json\/wp\/v2\/media?parent=90247"}],"wp:term":[{"taxonomy":"product_brand","embeddable":true,"href":"https:\/\/shoponlinedz.com\/en\/wp-json\/wp\/v2\/product_brand?post=90247"},{"taxonomy":"product_cat","embeddable":true,"href":"https:\/\/shoponlinedz.com\/en\/wp-json\/wp\/v2\/product_cat?post=90247"},{"taxonomy":"product_tag","embeddable":true,"href":"https:\/\/shoponlinedz.com\/en\/wp-json\/wp\/v2\/product_tag?post=90247"}],"curies":[{"name":"wp","href":"https:\/\/api.w.org\/{rel}","templated":true}]}}