{"id":90156,"date":"2026-01-16T04:16:12","date_gmt":"2026-01-16T04:16:12","guid":{"rendered":"https:\/\/shoponlinedz.com\/product\/egouttoir-a-vaisselle-a-3-niveaux-avec-couvercle-a-poser-sur-levier-%d9%85%d9%86%d8%b8%d9%85-%d8%a3%d9%88%d8%a7%d9%86%d9%8a-%d8%b9%d8%b5%d8%b1%d9%8a-%d9%84%d9%84%d9%85%d8%b7%d8%a8\/"},"modified":"2026-02-13T21:14:45","modified_gmt":"2026-02-13T20:14:45","slug":"egouttoir-a-vaisselle-a-3-niveaux-avec-couvercle-a-poser-sur-levier-%d9%85%d9%86%d8%b8%d9%85-%d8%a3%d9%88%d8%a7%d9%86%d9%8a-%d8%b9%d8%b5%d8%b1%d9%8a-%d9%84%d9%84%d9%85%d8%b7%d8%a8","status":"publish","type":"product","link":"https:\/\/shoponlinedz.com\/en\/product\/egouttoir-a-vaisselle-a-3-niveaux-avec-couvercle-a-poser-sur-levier-%d9%85%d9%86%d8%b8%d9%85-%d8%a3%d9%88%d8%a7%d9%86%d9%8a-%d8%b9%d8%b5%d8%b1%d9%8a-%d9%84%d9%84%d9%85%d8%b7%d8%a8\/","title":{"rendered":"\u00c9gouttoir \u00e0 vaisselle \u00e0 3 niveaux avec couvercle \u00e0 poser sur l\u2019\u00e9vier \u2013 \u0645\u0646\u0638\u0645 \u0623\u0648\u0627\u0646\u064a \u0639\u0635\u0631\u064a \u0644\u0644\u0645\u0637\u0628\u062e"},"content":{"rendered":"<figure class=\"attachment attachment--preview\" data-trix-attachment=\"{&quot;contentType&quot;:&quot;image&quot;,&quot;height&quot;:1024,&quot;url&quot;:&quot;https:\/\/sawa9ly.app\/storage\/66087\/Kitchen-Rack-newV-CNC.jpg&quot;,&quot;width&quot;:1024}\" data-trix-content-type=\"image\"><img decoding=\"async\" class=\"aligncenter\" src=\"https:\/\/sawa9ly.app\/storage\/66087\/Kitchen-Rack-newV-CNC.jpg\" width=\"1024\" height=\"1024\" \/><figcaption class=\"attachment__caption\"><\/figcaption><\/figure>\n<figure class=\"attachment attachment--preview\" data-trix-attachment=\"{&quot;contentType&quot;:&quot;image&quot;,&quot;height&quot;:1024,&quot;url&quot;:&quot;https:\/\/sawa9ly.app\/storage\/66088\/Kitchen-Rack-newV-6.jpg&quot;,&quot;width&quot;:1024}\" data-trix-content-type=\"image\"><img decoding=\"async\" class=\"aligncenter\" src=\"https:\/\/sawa9ly.app\/storage\/66088\/Kitchen-Rack-newV-6.jpg\" width=\"1024\" height=\"1024\" \/><figcaption class=\"attachment__caption\"><\/figcaption><\/figure>\n<figure class=\"attachment attachment--preview\" data-trix-attachment=\"{&quot;contentType&quot;:&quot;image&quot;,&quot;height&quot;:1024,&quot;url&quot;:&quot;https:\/\/sawa9ly.app\/storage\/66089\/Kitchen-Rack-newV-8.jpg&quot;,&quot;width&quot;:1024}\" data-trix-content-type=\"image\"><img decoding=\"async\" class=\"aligncenter\" src=\"https:\/\/sawa9ly.app\/storage\/66089\/Kitchen-Rack-newV-8.jpg\" width=\"1024\" height=\"1024\" \/><figcaption class=\"attachment__caption\"><\/figcaption><\/figure>\n<figure class=\"attachment attachment--preview\" data-trix-attachment=\"{&quot;contentType&quot;:&quot;image&quot;,&quot;height&quot;:1024,&quot;url&quot;:&quot;https:\/\/sawa9ly.app\/storage\/66090\/Kitchen-Rack-newV-9.jpg&quot;,&quot;width&quot;:1024}\" data-trix-content-type=\"image\"><img decoding=\"async\" class=\"aligncenter\" src=\"https:\/\/sawa9ly.app\/storage\/66090\/Kitchen-Rack-newV-9.jpg\" width=\"1024\" height=\"1024\" \/><figcaption class=\"attachment__caption\"><\/figcaption><\/figure>\n<figure class=\"attachment attachment--preview\" data-trix-attachment=\"{&quot;contentType&quot;:&quot;image&quot;,&quot;height&quot;:1024,&quot;url&quot;:&quot;https:\/\/sawa9ly.app\/storage\/66091\/Kitchen-Rack-newV-7.jpg&quot;,&quot;width&quot;:1024}\" data-trix-content-type=\"image\"><img decoding=\"async\" class=\"aligncenter\" src=\"https:\/\/sawa9ly.app\/storage\/66091\/Kitchen-Rack-newV-7.jpg\" width=\"1024\" height=\"1024\" \/><figcaption class=\"attachment__caption\"><\/figcaption><\/figure>\n<p style=\"text-align: center;\">","protected":false},"excerpt":{"rendered":"<p>\u0645\u0646\u0634\u0651\u0641 \u0627\u0644\u0623\u0637\u0628\u0627\u0642 \u0627\u0644\u0645\u0635\u0645\u0645 \u0644\u0644\u062a\u0631\u0643\u064a\u0628 \u0641\u0648\u0642 \u0627\u0644\u062d\u0648\u0636 \u064a\u062a\u0645\u064a\u0632 \u0628\u062a\u0635\u0645\u064a\u0645 \u0645\u062a\u0639\u062f\u062f \u0627\u0644\u0648\u0638\u0627\u0626\u0641 \u064a\u0644\u0628\u064a \u0645\u062e\u062a\u0644\u0641 \u0627\u062d\u062a\u064a\u0627\u062c\u0627\u062a \u0627\u0644\u062a\u062e\u0632\u064a\u0646 \u0641\u064a \u0627\u0644\u0645\u0637\u0628\u062e. \u0645\u0635\u0646\u0648\u0639 \u0645\u0646 \u0627\u0644\u0641\u0648\u0644\u0627\u0630 \u0627\u0644\u0645\u0642\u0627\u0648\u0645 \u0644\u0644\u0635\u062f\u0623 \u0639\u0627\u0644\u064a \u0627\u0644\u062c\u0648\u062f\u0629 \u0645\u0639 \u0637\u0644\u0627\u0621 \u0623\u0633\u0648\u062f \u0646\u0627\u0639\u0645\u060c \u064a\u062a\u0645\u062a\u0639 \u0628\u0645\u062a\u0627\u0646\u0629 \u0645\u0645\u062a\u0627\u0632\u0629 \u0648\u0645\u0642\u0627\u0648\u0645\u0629 \u0639\u0627\u0644\u064a\u0629 \u0644\u0644\u0635\u062f\u0623\u060c \u0645\u0627 \u064a\u0636\u0645\u0646 \u0639\u0645\u0631 \u0627\u0633\u062a\u062e\u062f\u0627\u0645 \u0637\u0648\u064a\u0644 \u0648\u064a\u062c\u0639\u0644\u0647 \u0642\u0637\u0639\u0629 \u0623\u0633\u0627\u0633\u064a\u0629 \u0641\u064a \u0643\u0644 \u0645\u0637\u0628\u062e.\u062a\u0648\u0641\u064a\u0631 \u0645\u062b\u0627\u0644\u064a \u0644\u0644\u0645\u0633\u0627\u062d\u0629 \u0645\u0635\u0645\u0645 \u062e\u0635\u064a\u0635\u064b\u0627 \u0644\u064a\u064f\u0631\u0643\u0651\u0628 \u0641\u0648\u0642 \u0627\u0644\u062d\u0648\u0636\u060c \u0645\u0645\u0627 \u064a\u0633\u0627\u0639\u062f \u0639\u0644\u0649 \u0627\u0633\u062a\u063a\u0644\u0627\u0644 \u0645\u0633\u0627\u062d\u0629 \u0627\u0644\u0645\u0637\u0628\u062e \u0628\u0623\u0642\u0635\u0649 \u0642\u062f\u0631 \u0645\u0645\u0643\u0646. \u064a\u062d\u062a\u0648\u064a \u0639\u0644\u0649 \u0633\u0644\u0629 \u062a\u062e\u0632\u064a\u0646\u060c \u062d\u0627\u0645\u0644 \u0633\u0643\u0627\u0643\u064a\u0646\u060c \u062d\u0627\u0645\u0644 \u0644\u0648\u062d \u062a\u0642\u0637\u064a\u0639\u060c \u062d\u0627\u0645\u0644 \u0623\u062f\u0648\u0627\u062a \u0627\u0644\u0645\u0627\u0626\u062f\u0629\u060c \u06486 \u062e\u0637\u0627\u0641\u0627\u062a\u060c \u0644\u064a\u0645\u0646\u062d\u0643 \u0633\u0637\u062d \u0639\u0645\u0644 \u0646\u0638\u064a\u0641\u064b\u0627 \u0648\u0645\u0646\u0638\u0645\u064b\u0627 \u0648\u062e\u0627\u0644\u064a\u064b\u0627 \u0645\u0646 \u0627\u0644\u0641\u0648\u0636\u0649.\u0623\u0628\u0639\u0627\u062f \u0627\u0644\u0645\u0646\u062a\u062c \u0623\u0628\u0639\u0627\u062f \u0645\u0646\u0634\u0651\u0641 \u0627\u0644\u0635\u062d\u0648\u0646: 85 \u00d7 30 \u00d7 79 \u0633\u0645. \u0627\u0644\u0637\u0628\u0642\u0629 \u0627\u0644\u062b\u0627\u0646\u064a\u0629 \u062a\u062a\u0633\u0639 \u0644\u0640 34 \u0648\u0639\u0627\u0621\u060c 18 \u0643\u0623\u0633\u064b\u0627\u060c \u064811 \u0637\u0628\u0642\u064b\u0627. \u064a\u0631\u062c\u0649 \u0627\u0644\u062a\u0623\u0643\u062f \u0642\u0628\u0644 \u0627\u0644\u0634\u0631\u0627\u0621 \u0645\u0646 \u0623\u0646 \u0627\u0631\u062a\u0641\u0627\u0639 \u0627\u0644\u0635\u0646\u0628\u0648\u0631 \u0645\u0646\u0627\u0633\u0628 \u0644\u0639\u0631\u0636 \u0627\u0644\u062d\u0648\u0636. \u0644\u0645\u0632\u064a\u062f \u0645\u0646 \u0627\u0644\u062a\u0641\u0627\u0635\u064a\u0644\u060c \u064a\u064f\u0631\u062c\u0649 \u0627\u0644\u0627\u0637\u0644\u0627\u0639 \u0639\u0644\u0649 \u0635\u0648\u0631 \u0627\u0644\u0645\u0646\u062a\u062c.\u0633\u0647\u0648\u0644\u0629 \u0627\u0644\u062a\u0631\u0643\u064a\u0628 \u0648\u0627\u0644\u062a\u0646\u0638\u064a\u0641 \u0645\u0632\u0648\u062f \u0628\u0641\u062a\u062d\u0627\u062a \u0628\u0631\u0627\u063a\u064a \u062f\u0642\u064a\u0642\u0629\u060c \u0645\u0639 \u062a\u0648\u0641\u064a\u0631 \u0627\u0644\u0628\u0631\u0627\u063a\u064a \u0648\u0645\u0641\u062a\u0627\u062d \u0623\u0644\u064a\u0646 \u062f\u0627\u062e\u0644 \u0627\u0644\u0639\u0628\u0648\u0629. \u064a\u0645\u0643\u0646 \u0627\u062a\u0628\u0627\u0639 \u062f\u0644\u064a\u0644 \u0627\u0644\u062a\u0631\u0643\u064a\u0628 \u0627\u0644\u0645\u0641\u0635\u0644 \u0644\u062a\u062b\u0628\u064a\u062a \u0633\u0631\u064a\u0639 \u0648\u0633\u0647\u0644. \u062c\u0645\u064a\u0639 \u0627\u0644\u0645\u0644\u062d\u0642\u0627\u062a \u0642\u0627\u0628\u0644\u0629 \u0644\u0644\u0641\u0643 \u0644\u0633\u0647\u0648\u0644\u0629 \u0627\u0644\u062a\u0646\u0638\u064a\u0641\u060c \u0648\u064a\u0643\u0641\u064a \u0645\u0633\u062d\u0647\u0627 \u0628\u0642\u0637\u0639\u0629 \u0642\u0645\u0627\u0634 \u0645\u0628\u0644\u0644\u0629. \u0648\u0641\u064a \u062d\u0627\u0644 \u0627\u0644\u062d\u0627\u062c\u0629\u060c \u064a\u0645\u0643\u0646 \u0627\u0644\u0631\u062c\u0648\u0639 \u0625\u0644\u0649 \u0641\u064a\u062f\u064a\u0648 \u0627\u0644\u062a\u0631\u0643\u064a\u0628 \u0627\u0644\u0643\u0627\u0645\u0644.<\/p>","protected":false},"featured_media":90155,"comment_status":"open","ping_status":"closed","template":"","meta":[],"product_brand":[],"product_cat":[2456],"product_tag":[],"class_list":{"0":"post-90156","1":"product","2":"type-product","3":"status-publish","4":"has-post-thumbnail","6":"product_cat-cuisine","8":"first","9":"instock","10":"taxable","11":"shipping-taxable","12":"purchasable","13":"product-type-simple"},"jetpack_sharing_enabled":true,"_links":{"self":[{"href":"https:\/\/shoponlinedz.com\/en\/wp-json\/wp\/v2\/product\/90156","targetHints":{"allow":["GET"]}}],"collection":[{"href":"https:\/\/shoponlinedz.com\/en\/wp-json\/wp\/v2\/product"}],"about":[{"href":"https:\/\/shoponlinedz.com\/en\/wp-json\/wp\/v2\/types\/product"}],"replies":[{"embeddable":true,"href":"https:\/\/shoponlinedz.com\/en\/wp-json\/wp\/v2\/comments?post=90156"}],"version-history":[{"count":0,"href":"https:\/\/shoponlinedz.com\/en\/wp-json\/wp\/v2\/product\/90156\/revisions"}],"wp:featuredmedia":[{"embeddable":true,"href":"https:\/\/shoponlinedz.com\/en\/wp-json\/wp\/v2\/media\/90155"}],"wp:attachment":[{"href":"https:\/\/shoponlinedz.com\/en\/wp-json\/wp\/v2\/media?parent=90156"}],"wp:term":[{"taxonomy":"product_brand","embeddable":true,"href":"https:\/\/shoponlinedz.com\/en\/wp-json\/wp\/v2\/product_brand?post=90156"},{"taxonomy":"product_cat","embeddable":true,"href":"https:\/\/shoponlinedz.com\/en\/wp-json\/wp\/v2\/product_cat?post=90156"},{"taxonomy":"product_tag","embeddable":true,"href":"https:\/\/shoponlinedz.com\/en\/wp-json\/wp\/v2\/product_tag?post=90156"}],"curies":[{"name":"wp","href":"https:\/\/api.w.org\/{rel}","templated":true}]}}