{"id":90139,"date":"2026-01-16T04:15:35","date_gmt":"2026-01-16T04:15:35","guid":{"rendered":"https:\/\/shoponlinedz.com\/product\/egouttoir-a-vaisselle-avec-poignees-en-bois-pour-cuisine-%d9%85%d9%86%d8%b8%d9%85-%d8%a3%d9%88%d8%a7%d9%86%d9%8a-%d8%af%d8%a7%d8%ae%d9%84-%d8%b1%d9%81-%d8%a7%d9%84%d9%85%d8%b7%d8%a8%d8%ae\/"},"modified":"2026-02-13T21:14:45","modified_gmt":"2026-02-13T20:14:45","slug":"egouttoir-a-vaisselle-avec-poignees-en-bois-pour-cuisine-%d9%85%d9%86%d8%b8%d9%85-%d8%a3%d9%88%d8%a7%d9%86%d9%8a-%d8%af%d8%a7%d8%ae%d9%84-%d8%b1%d9%81-%d8%a7%d9%84%d9%85%d8%b7%d8%a8%d8%ae","status":"publish","type":"product","link":"https:\/\/shoponlinedz.com\/en\/product\/egouttoir-a-vaisselle-avec-poignees-en-bois-pour-cuisine-%d9%85%d9%86%d8%b8%d9%85-%d8%a3%d9%88%d8%a7%d9%86%d9%8a-%d8%af%d8%a7%d8%ae%d9%84-%d8%b1%d9%81-%d8%a7%d9%84%d9%85%d8%b7%d8%a8%d8%ae\/","title":{"rendered":"\u00c9gouttoir \u00e0 vaisselle avec poign\u00e9es en bois pour cuisine \u2013 \u0645\u0646\u0638\u0645 \u0623\u0648\u0627\u0646\u064a \u062f\u0627\u062e\u0644 \u0631\u0641 \u0627\u0644\u0645\u0637\u0628\u062e"},"content":{"rendered":"<figure class=\"attachment attachment--preview\" data-trix-attachment=\"{&quot;contentType&quot;:&quot;image&quot;,&quot;height&quot;:1024,&quot;url&quot;:&quot;https:\/\/sawa9ly.app\/storage\/66164\/MZY-1047-CNC.jpg&quot;,&quot;width&quot;:1024}\" data-trix-content-type=\"image\"><img decoding=\"async\" class=\"aligncenter\" src=\"https:\/\/sawa9ly.app\/storage\/66164\/MZY-1047-CNC.jpg\" width=\"1024\" height=\"1024\" \/><figcaption class=\"attachment__caption\"><\/figcaption><\/figure>\n<figure class=\"attachment attachment--preview\" data-trix-attachment=\"{&quot;contentType&quot;:&quot;image&quot;,&quot;height&quot;:1024,&quot;url&quot;:&quot;https:\/\/sawa9ly.app\/storage\/66158\/MZY-1047-2.jpg&quot;,&quot;width&quot;:1024}\" data-trix-content-type=\"image\"><img decoding=\"async\" class=\"aligncenter\" src=\"https:\/\/sawa9ly.app\/storage\/66158\/MZY-1047-2.jpg\" width=\"1024\" height=\"1024\" \/><figcaption class=\"attachment__caption\"><\/figcaption><\/figure>\n<figure class=\"attachment attachment--preview\" data-trix-attachment=\"{&quot;contentType&quot;:&quot;image&quot;,&quot;height&quot;:1024,&quot;url&quot;:&quot;https:\/\/sawa9ly.app\/storage\/66159\/MZY-1047-1.jpg&quot;,&quot;width&quot;:1024}\" data-trix-content-type=\"image\"><img decoding=\"async\" class=\"aligncenter\" src=\"https:\/\/sawa9ly.app\/storage\/66159\/MZY-1047-1.jpg\" width=\"1024\" height=\"1024\" \/><figcaption class=\"attachment__caption\"><\/figcaption><\/figure>\n<figure class=\"attachment attachment--preview\" data-trix-attachment=\"{&quot;contentType&quot;:&quot;image&quot;,&quot;height&quot;:1024,&quot;url&quot;:&quot;https:\/\/sawa9ly.app\/storage\/66160\/MZY-1047-3.jpg&quot;,&quot;width&quot;:1024}\" data-trix-content-type=\"image\"><img decoding=\"async\" class=\"aligncenter\" src=\"https:\/\/sawa9ly.app\/storage\/66160\/MZY-1047-3.jpg\" width=\"1024\" height=\"1024\" \/><figcaption class=\"attachment__caption\"><\/figcaption><\/figure>\n<figure class=\"attachment attachment--preview\" data-trix-attachment=\"{&quot;contentType&quot;:&quot;image&quot;,&quot;height&quot;:1024,&quot;url&quot;:&quot;https:\/\/sawa9ly.app\/storage\/66161\/MZY-1047-4.jpg&quot;,&quot;width&quot;:1024}\" data-trix-content-type=\"image\"><img decoding=\"async\" class=\"aligncenter\" src=\"https:\/\/sawa9ly.app\/storage\/66161\/MZY-1047-4.jpg\" width=\"1024\" height=\"1024\" \/><figcaption class=\"attachment__caption\"><\/figcaption><\/figure>\n<p style=\"text-align: center;\">","protected":false},"excerpt":{"rendered":"<p>\u2b50 \u0645\u062c\u0641\u0641 \u0623\u0648\u0627\u0646\u064a \u0645\u0639\u062f\u0646\u064a \u0628\u062a\u0635\u0645\u064a\u0645 \u0623\u0646\u064a\u0642 \u2b50\ud83d\udd39 \u062a\u0634\u0637\u064a\u0628 \u0641\u0627\u062e\u0631 \u0645\u0632\u0648\u0651\u062f \u0628\u0645\u0642\u0627\u0628\u0636 \u062e\u0634\u0628\u064a\u0629 \u062a\u0633\u0647\u0651\u0644 \u0627\u0644\u062d\u0645\u0644 \u0648\u0627\u0644\u0646\u0642\u0644\u060c \u0648\u062a\u0636\u064a\u0641 \u0644\u0645\u0633\u0629 \u0623\u0646\u0627\u0642\u0629 \u0648\u0641\u062e\u0627\u0645\u0629 \u0639\u0644\u0649 \u0645\u0637\u0628\u062e\u0643.\ud83d\udd39 \u0642\u0648\u064a \u0648\u0645\u0648\u062b\u0648\u0642 \u0645\u0635\u0646\u0648\u0639 \u0645\u0646 \u0645\u0639\u062f\u0646 \u0633\u0645\u064a\u0643 \u0639\u0627\u0644\u064a \u0627\u0644\u062c\u0648\u062f\u0629\u060c \u064a\u0636\u0645\u0646 \u0635\u0644\u0627\u0628\u0629 \u0645\u0645\u062a\u0627\u0632\u0629 \u0648\u0627\u0633\u062a\u0639\u0645\u0627\u0644\u064b\u0627 \u0637\u0648\u064a\u0644 \u0627\u0644\u0623\u0645\u062f \u062f\u0648\u0646 \u062a\u0634\u0648\u0651\u0647 \u0623\u0648 \u062a\u0644\u0641.\ud83d\udd39 \u0645\u062a\u0627\u0646\u0629 \u0648\u0645\u0642\u0627\u0648\u0645\u0629 \u0644\u0644\u0635\u062f\u0623 \u062a\u0645 \u062a\u0635\u0646\u064a\u0639 \u0645\u062c\u0641\u0641 \u0627\u0644\u0623\u0648\u0627\u0646\u064a \u0645\u0646 \u0645\u0648\u0627\u062f \u0645\u0642\u0627\u0648\u0645\u0629 \u0644\u0644\u0635\u062f\u0623 \u0648\u0627\u0644\u062a\u0622\u0643\u0644\u060c \u0645\u0627 \u064a\u0648\u0641\u0631 \u062d\u0645\u0627\u064a\u0629 \u0645\u062b\u0627\u0644\u064a\u0629 \u0636\u062f \u0627\u0644\u0631\u0637\u0648\u0628\u0629 \u0648\u064a\u0636\u0645\u0646 \u0639\u0645\u0631\u064b\u0627 \u0627\u0641\u062a\u0631\u0627\u0636\u064a\u064b\u0627 \u0623\u0637\u0648\u0644.\ud83d\udd39 \u0633\u0647\u0644 \u0627\u0644\u062a\u0646\u0638\u064a\u0641 \u0627\u0644\u062c\u0632\u0621 \u0627\u0644\u0633\u0641\u0644\u064a \u0642\u0627\u0628\u0644 \u0644\u0644\u0625\u0632\u0627\u0644\u0629 \u0628\u0643\u0644 \u0633\u0647\u0648\u0644\u0629\u060c \u0645\u0627 \u064a\u0633\u0645\u062d \u0628\u062a\u0646\u0638\u064a\u0641 \u0633\u0631\u064a\u0639 \u0648\u0639\u0645\u0644\u064a\u060c \u0645\u0639 \u0627\u0644\u062d\u0641\u0627\u0638 \u0639\u0644\u0649 \u0623\u0639\u0644\u0649 \u0645\u0633\u062a\u0648\u0649 \u0645\u0646 \u0627\u0644\u0646\u0638\u0627\u0641\u0629 \u062f\u0627\u062e\u0644 \u0627\u0644\u0645\u0637\u0628\u062e.\ud83d\udd39 \u0627\u0633\u062a\u063a\u0644\u0627\u0644 \u0630\u0643\u064a \u0644\u0644\u0645\u0633\u0627\u062d\u0629 \u062a\u0635\u0645\u064a\u0645 \u0639\u0645\u0644\u064a \u0628\u0637\u0628\u0642\u0629 \u0648\u0627\u062d\u062f\u0629 \u064a\u0648\u0641\u0631 \u0633\u0639\u0629 \u062a\u062e\u0632\u064a\u0646 \u0643\u0628\u064a\u0631\u0629 \u0631\u063a\u0645 \u062d\u062c\u0645\u0647 \u0627\u0644\u0635\u063a\u064a\u0631\u060c \u064a\u0633\u0627\u0639\u062f\u0643 \u0639\u0644\u0649 \u062a\u0646\u0638\u064a\u0645 \u0627\u0644\u0623\u0648\u0627\u0646\u064a \u0648\u0627\u0644\u062d\u0641\u0627\u0638 \u0639\u0644\u0649 \u0645\u0637\u0628\u062e \u0645\u0631\u062a\u0628 \u0648\u0623\u0646\u064a\u0642.\ud83d\udccf \u0627\u0644\u0623\u0628\u0639\u0627\u062f: 41 \u00d7 21 \u00d7 13 \u0633\u0645<\/p>","protected":false},"featured_media":90138,"comment_status":"open","ping_status":"closed","template":"","meta":[],"product_brand":[],"product_cat":[2456],"product_tag":[],"class_list":{"0":"post-90139","1":"product","2":"type-product","3":"status-publish","4":"has-post-thumbnail","6":"product_cat-cuisine","8":"first","9":"instock","10":"taxable","11":"shipping-taxable","12":"purchasable","13":"product-type-simple"},"jetpack_sharing_enabled":true,"_links":{"self":[{"href":"https:\/\/shoponlinedz.com\/en\/wp-json\/wp\/v2\/product\/90139","targetHints":{"allow":["GET"]}}],"collection":[{"href":"https:\/\/shoponlinedz.com\/en\/wp-json\/wp\/v2\/product"}],"about":[{"href":"https:\/\/shoponlinedz.com\/en\/wp-json\/wp\/v2\/types\/product"}],"replies":[{"embeddable":true,"href":"https:\/\/shoponlinedz.com\/en\/wp-json\/wp\/v2\/comments?post=90139"}],"version-history":[{"count":0,"href":"https:\/\/shoponlinedz.com\/en\/wp-json\/wp\/v2\/product\/90139\/revisions"}],"wp:featuredmedia":[{"embeddable":true,"href":"https:\/\/shoponlinedz.com\/en\/wp-json\/wp\/v2\/media\/90138"}],"wp:attachment":[{"href":"https:\/\/shoponlinedz.com\/en\/wp-json\/wp\/v2\/media?parent=90139"}],"wp:term":[{"taxonomy":"product_brand","embeddable":true,"href":"https:\/\/shoponlinedz.com\/en\/wp-json\/wp\/v2\/product_brand?post=90139"},{"taxonomy":"product_cat","embeddable":true,"href":"https:\/\/shoponlinedz.com\/en\/wp-json\/wp\/v2\/product_cat?post=90139"},{"taxonomy":"product_tag","embeddable":true,"href":"https:\/\/shoponlinedz.com\/en\/wp-json\/wp\/v2\/product_tag?post=90139"}],"curies":[{"name":"wp","href":"https:\/\/api.w.org\/{rel}","templated":true}]}}