{"id":90068,"date":"2026-01-16T04:13:21","date_gmt":"2026-01-16T04:13:21","guid":{"rendered":"https:\/\/shoponlinedz.com\/product\/ventilateur-de-plafond-retractable-avec-lumiere-reglable-et-telecommande\/"},"modified":"2026-02-13T21:14:47","modified_gmt":"2026-02-13T20:14:47","slug":"ventilateur-de-plafond-retractable-avec-lumiere-reglable-et-telecommande","status":"publish","type":"product","link":"https:\/\/shoponlinedz.com\/en\/product\/ventilateur-de-plafond-retractable-avec-lumiere-reglable-et-telecommande\/","title":{"rendered":"Ventilateur de plafond r\u00e9tractable avec lumi\u00e8re r\u00e9glable et t\u00e9l\u00e9commande"},"content":{"rendered":"<figure class=\"attachment attachment--preview\" data-trix-attachment=\"{&quot;contentType&quot;:&quot;image&quot;,&quot;height&quot;:1024,&quot;url&quot;:&quot;https:\/\/sawa9ly.app\/storage\/66302\/E27-FAN-LIGHT-CNC-2.jpg&quot;,&quot;width&quot;:1024}\" data-trix-content-type=\"image\"><img decoding=\"async\" class=\"aligncenter\" src=\"https:\/\/sawa9ly.app\/storage\/66302\/E27-FAN-LIGHT-CNC-2.jpg\" width=\"1024\" height=\"1024\" \/><figcaption class=\"attachment__caption\"><\/figcaption><\/figure>\n<figure class=\"attachment attachment--preview\" data-trix-attachment=\"{&quot;contentType&quot;:&quot;image&quot;,&quot;height&quot;:1024,&quot;url&quot;:&quot;https:\/\/sawa9ly.app\/storage\/66303\/E27-FAN-LIGHT-1-2.jpg&quot;,&quot;width&quot;:1024}\" data-trix-content-type=\"image\"><img decoding=\"async\" class=\"aligncenter\" src=\"https:\/\/sawa9ly.app\/storage\/66303\/E27-FAN-LIGHT-1-2.jpg\" width=\"1024\" height=\"1024\" \/><figcaption class=\"attachment__caption\"><\/figcaption><\/figure>\n<figure class=\"attachment attachment--preview\" data-trix-attachment=\"{&quot;contentType&quot;:&quot;image&quot;,&quot;height&quot;:1024,&quot;url&quot;:&quot;https:\/\/sawa9ly.app\/storage\/66304\/E27-FAN-LIGHT-3.jpg&quot;,&quot;width&quot;:1024}\" data-trix-content-type=\"image\"><img decoding=\"async\" class=\"aligncenter\" src=\"https:\/\/sawa9ly.app\/storage\/66304\/E27-FAN-LIGHT-3.jpg\" width=\"1024\" height=\"1024\" \/><figcaption class=\"attachment__caption\"><\/figcaption><\/figure>\n<figure class=\"attachment attachment--preview\" data-trix-attachment=\"{&quot;contentType&quot;:&quot;image&quot;,&quot;height&quot;:1024,&quot;url&quot;:&quot;https:\/\/sawa9ly.app\/storage\/66305\/E27-FAN-LIGHT-5.jpg&quot;,&quot;width&quot;:1024}\" data-trix-content-type=\"image\"><img decoding=\"async\" class=\"aligncenter\" src=\"https:\/\/sawa9ly.app\/storage\/66305\/E27-FAN-LIGHT-5.jpg\" width=\"1024\" height=\"1024\" \/><figcaption class=\"attachment__caption\"><\/figcaption><\/figure>\n<figure class=\"attachment attachment--preview\" data-trix-attachment=\"{&quot;contentType&quot;:&quot;image&quot;,&quot;height&quot;:1024,&quot;url&quot;:&quot;https:\/\/sawa9ly.app\/storage\/66306\/E27-FAN-LIGHT-7.jpg&quot;,&quot;width&quot;:1024}\" data-trix-content-type=\"image\"><img decoding=\"async\" class=\"aligncenter\" src=\"https:\/\/sawa9ly.app\/storage\/66306\/E27-FAN-LIGHT-7.jpg\" width=\"1024\" height=\"1024\" \/><figcaption class=\"attachment__caption\"><\/figcaption><\/figure>\n<p style=\"text-align: center;\">","protected":false},"excerpt":{"rendered":"<p>\ud83c\udf2c\ufe0f \u0645\u0631\u0648\u062d\u0629 \u0627\u0644\u0633\u0642\u0641 VT03 \u2013 \u0623\u0646\u0627\u0642\u0629\u060c \u0627\u0646\u062a\u0639\u0627\u0634 \u0648\u062a\u0643\u0646\u0648\u0644\u0648\u062c\u064a\u0627 \u0641\u064a \u0645\u0646\u062a\u062c \u0648\u0627\u062d\u062f\u062a\u062e\u064a\u0651\u0644 \u0645\u0632\u064a\u062c\u064b\u0627 \u0645\u062b\u0627\u0644\u064a\u064b\u0627 \u0645\u0646 \u0627\u0644\u0647\u0648\u0627\u0621 \u0627\u0644\u0645\u0646\u0639\u0634\u060c \u0627\u0644\u062a\u0635\u0645\u064a\u0645 \u0627\u0644\u0639\u0635\u0631\u064a \u0648\u0627\u0644\u062a\u0642\u0646\u064a\u0629 \u0627\u0644\u0630\u0643\u064a\u0629 \u0641\u064a \u062c\u0647\u0627\u0632 \u0648\u0627\u062d\u062f. \u0645\u0631\u0648\u062d\u0629 \u0627\u0644\u0633\u0642\u0641 VT03 \u0645\u0632\u0648\u062f\u0629 \u0628\u0640 \u0634\u0641\u0631\u0627\u062a \u0642\u0627\u0628\u0644\u0629 \u0644\u0644\u0637\u064a \u0628\u062a\u0635\u0645\u064a\u0645 \u062d\u062f\u064a\u062b \u0648\u0645\u0628\u062a\u0643\u0631\u060c \u062a\u062a\u062d\u0648\u0644 \u0639\u0646\u062f \u0625\u064a\u0642\u0627\u0641 \u0627\u0644\u062a\u0634\u063a\u064a\u0644 \u0625\u0644\u0649 \u0645\u0635\u0628\u0627\u062d \u0623\u0646\u064a\u0642 \u0648\u0641\u062e\u0645 \u064a\u0636\u0641\u064a \u0644\u0645\u0633\u0629 \u0631\u0627\u0642\u064a\u0629 \u0639\u0644\u0649 \u0623\u064a \u063a\u0631\u0641\u0629.\u062a\u0648\u0641\u0631 3 \u0623\u0644\u0648\u0627\u0646 \u0625\u0636\u0627\u0621\u0629 \u0645\u062e\u062a\u0644\u0641\u0629 \u0644\u062a\u0646\u0627\u0633\u0628 \u062c\u0645\u064a\u0639 \u0627\u0644\u0623\u062c\u0648\u0627\u0621\u060c \u0645\u0646 \u0625\u0636\u0627\u0621\u0629 \u062f\u0627\u0641\u0626\u0629 \u0648\u0645\u0631\u064a\u062d\u0629 \u0625\u0644\u0649 \u0625\u0636\u0627\u0621\u0629 \u0642\u0648\u064a\u0629 \u0648\u0645\u0634\u0631\u0642\u0629.\ud83d\udd27 \u0627\u0644\u0645\u0648\u0627\u0635\u0641\u0627\u062a \u0627\u0644\u062a\u0642\u0646\u064a\u0629:\ud83d\udca1 \u0623\u0644\u0648\u0627\u0646 \u0627\u0644\u0625\u0636\u0627\u0621\u0629: \u0623\u0628\u064a\u0636 \u0628\u0627\u0631\u062f \u2013 \u0623\u0628\u064a\u0636 \u0637\u0628\u064a\u0639\u064a \u2013 \u0623\u0628\u064a\u0636 \u062f\u0627\u0641\u0626\ud83d\udd06 \u0634\u062f\u0629 \u0625\u0636\u0627\u0621\u0629 \u0642\u0627\u0628\u0644\u0629 \u0644\u0644\u062a\u0639\u062f\u064a\u0644\ud83d\udd07 \u062a\u0634\u063a\u064a\u0644 \u0647\u0627\u062f\u0626 \u062c\u062f\u064b\u0627\u060c \u0645\u062b\u0627\u0644\u064a \u0644\u063a\u0631\u0641 \u0627\u0644\u0646\u0648\u0645 \u0648\u0627\u0644\u0645\u0639\u064a\u0634\u0629\ud83c\udf2a\ufe0f 3 \u0634\u0641\u0631\u0627\u062a \u0642\u0627\u0628\u0644\u0629 \u0644\u0644\u0637\u064a \u062a\u0644\u0642\u0627\u0626\u064a\u064b\u0627\ud83c\udfae \u062c\u0647\u0627\u0632 \u062a\u062d\u0643\u0645 \u0639\u0646 \u0628\u0639\u062f \u0644\u0636\u0628\u0637 \u0627\u0644\u0633\u0631\u0639\u0629 \u0648\u0644\u0648\u0646 \u0627\u0644\u0625\u0636\u0627\u0621\u0629\u26a1 \u062a\u0631\u0643\u064a\u0628 \u0633\u0647\u0644 \u0628\u062f\u0648\u0646 \u062a\u0645\u062f\u064a\u062f\u0627\u062a \u0625\u0636\u0627\u0641\u064a\u0629\ud83c\udf9b\ufe0f \u062e\u064a\u0627\u0631\u0627\u062a \u0627\u0644\u062a\u062d\u0643\u0645 \u0627\u0644\u0630\u0643\u064a:\u23f1\ufe0f \u0645\u0624\u0642\u062a \u0625\u064a\u0642\u0627\u0641 \u062a\u0644\u0642\u0627\u0626\u064a (1 \u0633\u0627\u0639\u0629 \/ 2 \u0633\u0627\u0639\u0627\u062a \/ 4 \u0633\u0627\u0639\u0627\u062a)\ud83c\udf2c\ufe0f 3 \u0633\u0631\u0639\u0627\u062a \u0644\u0644\u0645\u0631\u0648\u062d\u0629\ud83c\udf19 \u0648\u0636\u0639 \u0627\u0644\u0644\u064a\u0644\ud83d\udd06 \u0627\u0644\u062a\u062d\u0643\u0645 \u0641\u064a \u0634\u062f\u0629 \u0627\u0644\u0625\u0636\u0627\u0621\u0629\ud83c\udfa8 \u0627\u0644\u062a\u062d\u0643\u0645 \u0641\u064a \u062f\u0631\u062c\u0629 \u0644\u0648\u0646 \u0627\u0644\u0625\u0636\u0627\u0621\u0629\ud83d\udca1 \u0632\u0631 \u062a\u0634\u063a\u064a\u0644\/\u0625\u064a\u0642\u0627\u0641 \u0627\u0644\u0625\u0636\u0627\u0621\u0629\ud83c\udf2a\ufe0f \u0632\u0631 \u062a\u0634\u063a\u064a\u0644\/\u0625\u064a\u0642\u0627\u0641 \u0627\u0644\u0645\u0631\u0648\u062d\u0629\ud83d\udccf \u0623\u0628\u0639\u0627\u062f \u0627\u0644\u0645\u0646\u062a\u062c:\u0642\u0637\u0631 \u0627\u0644\u0645\u0635\u0628\u0627\u062d: 19.5 \u0633\u0645\u0627\u0644\u0627\u0631\u062a\u0641\u0627\u0639: 17.5 \u0633\u0645\ud83d\udce6 \u0645\u062d\u062a\u0648\u064a\u0627\u062a \u0627\u0644\u0639\u0644\u0628\u0629:1 \u00d7 \u0645\u0631\u0648\u062d\u0629 \u0633\u0642\u0641 \u0642\u0627\u0628\u0644\u0629 \u0644\u0644\u0637\u064a \u0645\u0639 \u0625\u0636\u0627\u0621\u06291 \u00d7 \u062c\u0647\u0627\u0632 \u062a\u062d\u0643\u0645 \u0639\u0646 \u0628\u0639\u062f1 \u00d7 \u0642\u0627\u0639\u062f\u0629 \u062a\u0631\u0643\u064a\u0628 E27<\/p>","protected":false},"featured_media":90067,"comment_status":"open","ping_status":"closed","template":"","meta":[],"product_brand":[],"product_cat":[2455],"product_tag":[],"class_list":{"0":"post-90068","1":"product","2":"type-product","3":"status-publish","4":"has-post-thumbnail","6":"product_cat-maison","8":"first","9":"instock","10":"taxable","11":"shipping-taxable","12":"purchasable","13":"product-type-simple"},"jetpack_sharing_enabled":true,"_links":{"self":[{"href":"https:\/\/shoponlinedz.com\/en\/wp-json\/wp\/v2\/product\/90068","targetHints":{"allow":["GET"]}}],"collection":[{"href":"https:\/\/shoponlinedz.com\/en\/wp-json\/wp\/v2\/product"}],"about":[{"href":"https:\/\/shoponlinedz.com\/en\/wp-json\/wp\/v2\/types\/product"}],"replies":[{"embeddable":true,"href":"https:\/\/shoponlinedz.com\/en\/wp-json\/wp\/v2\/comments?post=90068"}],"version-history":[{"count":0,"href":"https:\/\/shoponlinedz.com\/en\/wp-json\/wp\/v2\/product\/90068\/revisions"}],"wp:featuredmedia":[{"embeddable":true,"href":"https:\/\/shoponlinedz.com\/en\/wp-json\/wp\/v2\/media\/90067"}],"wp:attachment":[{"href":"https:\/\/shoponlinedz.com\/en\/wp-json\/wp\/v2\/media?parent=90068"}],"wp:term":[{"taxonomy":"product_brand","embeddable":true,"href":"https:\/\/shoponlinedz.com\/en\/wp-json\/wp\/v2\/product_brand?post=90068"},{"taxonomy":"product_cat","embeddable":true,"href":"https:\/\/shoponlinedz.com\/en\/wp-json\/wp\/v2\/product_cat?post=90068"},{"taxonomy":"product_tag","embeddable":true,"href":"https:\/\/shoponlinedz.com\/en\/wp-json\/wp\/v2\/product_tag?post=90068"}],"curies":[{"name":"wp","href":"https:\/\/api.w.org\/{rel}","templated":true}]}}