{"id":89992,"date":"2026-01-16T04:09:22","date_gmt":"2026-01-16T04:09:22","guid":{"rendered":"https:\/\/shoponlinedz.com\/product\/projecteur-galaxie-et-etoiles-avec-telecommande-et-synchronisation-musicale\/"},"modified":"2026-02-13T21:14:49","modified_gmt":"2026-02-13T20:14:49","slug":"projecteur-galaxie-et-etoiles-avec-telecommande-et-synchronisation-musicale","status":"publish","type":"product","link":"https:\/\/shoponlinedz.com\/en\/product\/projecteur-galaxie-et-etoiles-avec-telecommande-et-synchronisation-musicale\/","title":{"rendered":"Projecteur galaxie et \u00e9toiles avec t\u00e9l\u00e9commande et synchronisation musicale"},"content":{"rendered":"<figure class=\"attachment attachment--preview\" data-trix-attachment=\"{&quot;contentType&quot;:&quot;image&quot;,&quot;height&quot;:1024,&quot;url&quot;:&quot;https:\/\/sawa9ly.app\/storage\/66407\/MXS-055-CNC.jpg&quot;,&quot;width&quot;:1024}\" data-trix-content-type=\"image\"><img decoding=\"async\" class=\"aligncenter\" src=\"https:\/\/sawa9ly.app\/storage\/66407\/MXS-055-CNC.jpg\" width=\"1024\" height=\"1024\" \/><figcaption class=\"attachment__caption\"><\/figcaption><\/figure>\n<figure class=\"attachment attachment--preview\" data-trix-attachment=\"{&quot;contentType&quot;:&quot;image&quot;,&quot;height&quot;:1024,&quot;url&quot;:&quot;https:\/\/sawa9ly.app\/storage\/66408\/MXS-055-6.jpg&quot;,&quot;width&quot;:1024}\" data-trix-content-type=\"image\"><img decoding=\"async\" class=\"aligncenter\" src=\"https:\/\/sawa9ly.app\/storage\/66408\/MXS-055-6.jpg\" width=\"1024\" height=\"1024\" \/><figcaption class=\"attachment__caption\"><\/figcaption><\/figure>\n<figure class=\"attachment attachment--preview\" data-trix-attachment=\"{&quot;contentType&quot;:&quot;image&quot;,&quot;height&quot;:1024,&quot;url&quot;:&quot;https:\/\/sawa9ly.app\/storage\/66409\/MXS-055-2.jpg&quot;,&quot;width&quot;:1024}\" data-trix-content-type=\"image\"><img decoding=\"async\" class=\"aligncenter\" src=\"https:\/\/sawa9ly.app\/storage\/66409\/MXS-055-2.jpg\" width=\"1024\" height=\"1024\" \/><figcaption class=\"attachment__caption\"><\/figcaption><\/figure>\n<figure class=\"attachment attachment--preview\" data-trix-attachment=\"{&quot;contentType&quot;:&quot;image&quot;,&quot;height&quot;:1024,&quot;url&quot;:&quot;https:\/\/sawa9ly.app\/storage\/66410\/MXS-055-1.jpg&quot;,&quot;width&quot;:1024}\" data-trix-content-type=\"image\"><img decoding=\"async\" class=\"aligncenter\" src=\"https:\/\/sawa9ly.app\/storage\/66410\/MXS-055-1.jpg\" width=\"1024\" height=\"1024\" \/><figcaption class=\"attachment__caption\"><\/figcaption><\/figure>\n<figure class=\"attachment attachment--preview\" data-trix-attachment=\"{&quot;contentType&quot;:&quot;image&quot;,&quot;height&quot;:1024,&quot;url&quot;:&quot;https:\/\/sawa9ly.app\/storage\/66411\/MXS-055-3.jpg&quot;,&quot;width&quot;:1024}\" data-trix-content-type=\"image\"><img decoding=\"async\" class=\"aligncenter\" src=\"https:\/\/sawa9ly.app\/storage\/66411\/MXS-055-3.jpg\" width=\"1024\" height=\"1024\" \/><figcaption class=\"attachment__caption\"><\/figcaption><\/figure>\n<p style=\"text-align: center;\">","protected":false},"excerpt":{"rendered":"<p>\ud83c\udf0c\u2728 \u0625\u0633\u0642\u0627\u0637 \u0633\u0627\u062d\u0631 \u0644\u0644\u0645\u062c\u0631\u0651\u0627\u062a \u0648\u0627\u0644\u0646\u062c\u0648\u0645 \u2728\ud83c\udf0c \u062d\u0648\u0651\u0644 \u0633\u0642\u0641\u0643 \u0648\u062c\u062f\u0631\u0627\u0646\u0643 \u0641\u0648\u0631\u064b\u0627 \u0625\u0644\u0649 \u0633\u0645\u0627\u0621 \u062d\u0627\u0644\u0645\u0629 \u0645\u0644\u064a\u0626\u0629 \u0628\u0627\u0644\u0646\u062c\u0648\u0645 \u0627\u0644\u062e\u0636\u0631\u0627\u0621\u060c \u0627\u0644\u0633\u0651\u064f\u062d\u0628 \u0627\u0644\u0633\u062f\u064a\u0645\u064a\u0629\u060c \u0648\u0623\u0645\u0648\u0627\u062c \u0627\u0644\u0645\u062d\u064a\u0637 \ud83c\udf0a\u2b50 \u0645\u062b\u0627\u0644\u064a \u0644\u062e\u0644\u0642 \u0623\u062c\u0648\u0627\u0621 \u0645\u0631\u064a\u062d\u0629\u060c \u0631\u0648\u0645\u0627\u0646\u0633\u064a\u0629 \u0623\u0648 \u062e\u064a\u0627\u0644\u064a\u0629 \u0641\u064a \u0623\u064a \u063a\u0631\u0641\u0629.\ud83c\udfa8\ud83d\udca1 \u0625\u0636\u0627\u0621\u0629 LED \u0645\u062a\u0639\u062f\u062f\u0629 \u0627\u0644\u0623\u0644\u0648\u0627\u0646 \u0645\u0639 \u062a\u062d\u0643\u0645 \u0641\u064a \u0627\u0644\u0633\u0637\u0648\u0639 \u0627\u062e\u062a\u0631 \u0645\u0646 \u0628\u064a\u0646 \u0623\u0644\u0648\u0627\u0646 \u0632\u0627\u0647\u064a\u0629 \u0645\u062a\u0639\u062f\u062f\u0629 \u0648\u0627\u0636\u0628\u0637 \u0645\u0633\u062a\u0648\u0649 \u0627\u0644\u0625\u0636\u0627\u0621\u0629 \u062d\u0633\u0628 \u0645\u0632\u0627\u062c\u0643 \ud83d\ude0c \u0645\u062b\u0627\u0644\u064a \u0644\u0644\u0646\u0648\u0645 \ud83d\ude34\u060c \u0627\u0644\u062a\u0623\u0645\u0644 \ud83e\uddd8\u200d\u2642\ufe0f\u060c \u0627\u0644\u062d\u0641\u0644\u0627\u062a \ud83c\udf89 \u0623\u0648 \u0627\u0644\u0627\u0633\u062a\u0631\u062e\u0627\u0621 \u0628\u0639\u062f \u064a\u0648\u0645 \u0637\u0648\u064a\u0644.\ud83c\udfb6\ud83d\udce1 \u0645\u0632\u0627\u0645\u0646\u0629 \u0645\u0639 \u0627\u0644\u0645\u0648\u0633\u064a\u0642\u0649 + \u062c\u0647\u0627\u0632 \u062a\u062d\u0643\u0645 \u0639\u0646 \u0628\u064f\u0639\u062f \u0648\u0636\u0639 \u0627\u0644\u0645\u0648\u0633\u064a\u0642\u0649 \u0627\u0644\u0630\u0643\u064a \u064a\u0632\u0627\u0645\u0646 \u0627\u0644\u0645\u0624\u062b\u0631\u0627\u062a \u0627\u0644\u0636\u0648\u0626\u064a\u0629 \u0645\u0639 \u0625\u064a\u0642\u0627\u0639 \u0623\u063a\u0627\u0646\u064a\u0643 \u0627\u0644\u0645\u0641\u0636\u0644\u0629 \ud83c\udfa7 \u062a\u062d\u0643\u0645 \u0643\u0627\u0645\u0644 \u0639\u0628\u0631 \u0627\u0644\u0631\u064a\u0645\u0648\u062a: \u062a\u063a\u064a\u064a\u0631 \u0627\u0644\u0623\u0644\u0648\u0627\u0646\u060c \u0627\u0644\u0633\u0637\u0648\u0639\u060c \u0627\u0644\u0633\u0631\u0639\u0629 \u0628\u0643\u0644 \u0633\u0647\u0648\u0644\u0629 \ud83c\udf9b\ufe0f\u2699\ufe0f\ud83c\udf08 \u0645\u0624\u062b\u0631\u0627\u062a \u0642\u0627\u0628\u0644\u0629 \u0644\u0644\u062a\u062e\u0635\u064a\u0635 \u062a\u062d\u0643\u0645 \u0641\u064a \u0633\u0631\u0639\u0629 \u0627\u0644\u0623\u0645\u0648\u0627\u062c \u0648\u0634\u062f\u0629 \u0627\u0644\u0625\u0636\u0627\u0621\u0629\u060c \u0645\u0639 \u0645\u062c\u0645\u0648\u0639\u0629 \u0648\u0627\u0633\u0639\u0629 \u0645\u0646 \u0627\u0644\u0623\u0644\u0648\u0627\u0646 \u0648\u0627\u0644\u0645\u0624\u062b\u0631\u0627\u062a \u062a\u062c\u0631\u0628\u0629 \u0628\u0635\u0631\u064a\u0629 \u0645\u0628\u0647\u0631\u0629 \u0641\u064a \u0643\u0644 \u0645\u0631\u0629 \u2728\ud83d\udc40\ud83c\udf81\ud83d\udc96 \u0647\u062f\u064a\u0629 \u0645\u062b\u0627\u0644\u064a\u0629 \u0644\u0644\u062c\u0645\u064a\u0639 \u062e\u064a\u0627\u0631 \u0631\u0627\u0626\u0639 \u0644\u0644\u0623\u0637\u0641\u0627\u0644 \ud83d\udc76\u060c \u0627\u0644\u0645\u0631\u0627\u0647\u0642\u064a\u0646 \ud83e\uddd1\u200d\ud83c\udf93\u060c \u0627\u0644\u0623\u0635\u062f\u0642\u0627\u0621 \u0648\u0627\u0644\u0639\u0627\u0626\u0644\u0629 \u0645\u062b\u0627\u0644\u064a \u0644\u063a\u0631\u0641 \u0627\u0644\u0646\u0648\u0645\u060c \u0627\u0644\u0635\u0627\u0644\u0648\u0646\u0627\u062a\u060c \u063a\u0631\u0641 \u0627\u0644\u0623\u0644\u0639\u0627\u0628\u060c \u0627\u0644\u062d\u0641\u0644\u0627\u062a\u060c \u0623\u0648 \u0643\u0625\u0636\u0627\u0621\u0629 \u0623\u062c\u0648\u0627\u0621 \u0644\u0644\u064a\u0648\u063a\u0627 \u0648\u0627\u0644\u0627\u0633\u062a\u0631\u062e\u0627\u0621 \u0648\u0627\u0644\u062f\u0631\u0627\u0633\u0629 \ud83d\udcda\u2728 \u0627\u0635\u0646\u0639 \u0639\u0627\u0644\u0645\u0643 \u0627\u0644\u062e\u0627\u0635 \u0645\u0646 \u0627\u0644\u0636\u0648\u0621 \u0648\u0627\u0644\u062e\u064a\u0627\u0644 \u062f\u0627\u062e\u0644 \u0645\u0646\u0632\u0644\u0643!<\/p>","protected":false},"featured_media":89991,"comment_status":"open","ping_status":"closed","template":"","meta":[],"product_brand":[],"product_cat":[2463],"product_tag":[],"class_list":{"0":"post-89992","1":"product","2":"type-product","3":"status-publish","4":"has-post-thumbnail","6":"product_cat-electronique","8":"first","9":"instock","10":"taxable","11":"shipping-taxable","12":"purchasable","13":"product-type-simple"},"jetpack_sharing_enabled":true,"_links":{"self":[{"href":"https:\/\/shoponlinedz.com\/en\/wp-json\/wp\/v2\/product\/89992","targetHints":{"allow":["GET"]}}],"collection":[{"href":"https:\/\/shoponlinedz.com\/en\/wp-json\/wp\/v2\/product"}],"about":[{"href":"https:\/\/shoponlinedz.com\/en\/wp-json\/wp\/v2\/types\/product"}],"replies":[{"embeddable":true,"href":"https:\/\/shoponlinedz.com\/en\/wp-json\/wp\/v2\/comments?post=89992"}],"version-history":[{"count":0,"href":"https:\/\/shoponlinedz.com\/en\/wp-json\/wp\/v2\/product\/89992\/revisions"}],"wp:featuredmedia":[{"embeddable":true,"href":"https:\/\/shoponlinedz.com\/en\/wp-json\/wp\/v2\/media\/89991"}],"wp:attachment":[{"href":"https:\/\/shoponlinedz.com\/en\/wp-json\/wp\/v2\/media?parent=89992"}],"wp:term":[{"taxonomy":"product_brand","embeddable":true,"href":"https:\/\/shoponlinedz.com\/en\/wp-json\/wp\/v2\/product_brand?post=89992"},{"taxonomy":"product_cat","embeddable":true,"href":"https:\/\/shoponlinedz.com\/en\/wp-json\/wp\/v2\/product_cat?post=89992"},{"taxonomy":"product_tag","embeddable":true,"href":"https:\/\/shoponlinedz.com\/en\/wp-json\/wp\/v2\/product_tag?post=89992"}],"curies":[{"name":"wp","href":"https:\/\/api.w.org\/{rel}","templated":true}]}}