{"id":65760,"date":"2026-01-07T12:13:15","date_gmt":"2026-01-07T12:13:15","guid":{"rendered":"https:\/\/shoponlinedz.com\/product\/trancheuse-a-electrique-multifonctionnelle-pour-legumes-et-fruits-%d8%ac%d9%87%d8%a7%d8%b2-%d8%aa%d9%82%d8%b7%d9%8a%d8%b9-%d8%a7%d9%84%d8%ae%d8%b6%d8%b1-%d9%88%d8%a7%d9%84%d9%81%d9%88%d8%a7\/"},"modified":"2026-02-13T21:14:55","modified_gmt":"2026-02-13T20:14:55","slug":"trancheuse-a-electrique-multifonctionnelle-pour-legumes-et-fruits-%d8%ac%d9%87%d8%a7%d8%b2-%d8%aa%d9%82%d8%b7%d9%8a%d8%b9-%d8%a7%d9%84%d8%ae%d8%b6%d8%b1-%d9%88%d8%a7%d9%84%d9%81%d9%88%d8%a7","status":"publish","type":"product","link":"https:\/\/shoponlinedz.com\/en\/product\/trancheuse-a-electrique-multifonctionnelle-pour-legumes-et-fruits-%d8%ac%d9%87%d8%a7%d8%b2-%d8%aa%d9%82%d8%b7%d9%8a%d8%b9-%d8%a7%d9%84%d8%ae%d8%b6%d8%b1-%d9%88%d8%a7%d9%84%d9%81%d9%88%d8%a7\/","title":{"rendered":"Trancheuse \u00e0 \u00e9lectrique multifonctionnelle pour l\u00e9gumes et fruits \u2013 \u062c\u0647\u0627\u0632 \u062a\u0642\u0637\u064a\u0639 \u0627\u0644\u062e\u0636\u0631 \u0648\u0627\u0644\u0641\u0648\u0627\u0643\u0647"},"content":{"rendered":"<figure class=\"attachment attachment--preview\" data-trix-attachment=\"{&quot;contentType&quot;:&quot;image&quot;,&quot;height&quot;:1024,&quot;url&quot;:&quot;https:\/\/sawaqli.fra1.cdn.digitaloceanspaces.com\/59483\/coupe-legume-v2-cnc.jpg&quot;,&quot;width&quot;:1024}\" data-trix-content-type=\"image\"><img decoding=\"async\" class=\"aligncenter\" src=\"https:\/\/sawaqli.fra1.cdn.digitaloceanspaces.com\/59483\/coupe-legume-v2-cnc.jpg\" width=\"1024\" height=\"1024\" \/><figcaption class=\"attachment__caption\"><\/figcaption><\/figure>\n<figure class=\"attachment attachment--preview\" data-trix-attachment=\"{&quot;contentType&quot;:&quot;image&quot;,&quot;height&quot;:1024,&quot;url&quot;:&quot;https:\/\/sawaqli.fra1.cdn.digitaloceanspaces.com\/59484\/coupe-legume-v2-1.jpg&quot;,&quot;width&quot;:1024}\" data-trix-content-type=\"image\"><img decoding=\"async\" class=\"aligncenter\" src=\"https:\/\/sawaqli.fra1.cdn.digitaloceanspaces.com\/59484\/coupe-legume-v2-1.jpg\" width=\"1024\" height=\"1024\" \/><figcaption class=\"attachment__caption\"><\/figcaption><\/figure>\n<figure class=\"attachment attachment--preview\" data-trix-attachment=\"{&quot;contentType&quot;:&quot;image&quot;,&quot;height&quot;:1024,&quot;url&quot;:&quot;https:\/\/sawaqli.fra1.cdn.digitaloceanspaces.com\/59485\/coupe-legume-v2-3.jpg&quot;,&quot;width&quot;:1024}\" data-trix-content-type=\"image\"><img decoding=\"async\" class=\"aligncenter\" src=\"https:\/\/sawaqli.fra1.cdn.digitaloceanspaces.com\/59485\/coupe-legume-v2-3.jpg\" width=\"1024\" height=\"1024\" \/><figcaption class=\"attachment__caption\"><\/figcaption><\/figure>\n<figure class=\"attachment attachment--preview\" data-trix-attachment=\"{&quot;contentType&quot;:&quot;image&quot;,&quot;height&quot;:1024,&quot;url&quot;:&quot;https:\/\/sawaqli.fra1.cdn.digitaloceanspaces.com\/59486\/coupe-legume-v2-5.jpg&quot;,&quot;width&quot;:1024}\" data-trix-content-type=\"image\"><img decoding=\"async\" class=\"aligncenter\" src=\"https:\/\/sawaqli.fra1.cdn.digitaloceanspaces.com\/59486\/coupe-legume-v2-5.jpg\" width=\"1024\" height=\"1024\" \/><figcaption class=\"attachment__caption\"><\/figcaption><\/figure>\n<figure class=\"attachment attachment--preview\" data-trix-attachment=\"{&quot;contentType&quot;:&quot;image&quot;,&quot;height&quot;:1024,&quot;url&quot;:&quot;https:\/\/sawaqli.fra1.cdn.digitaloceanspaces.com\/59487\/coupe-legume-v2-6.jpg&quot;,&quot;width&quot;:1024}\" data-trix-content-type=\"image\"><img decoding=\"async\" class=\"aligncenter\" src=\"https:\/\/sawaqli.fra1.cdn.digitaloceanspaces.com\/59487\/coupe-legume-v2-6.jpg\" width=\"1024\" height=\"1024\" \/><figcaption class=\"attachment__caption\"><\/figcaption><\/figure>\n<p style=\"text-align: center;\">","protected":false},"excerpt":{"rendered":"<p>\ud83c\udf45 \u0645\u062d\u0636\u0651\u0631 \u062e\u0636\u0631\u0648\u0627\u062a \u0643\u0647\u0631\u0628\u0627\u0626\u064a \u0645\u062a\u0639\u062f\u062f \u0627\u0644\u0648\u0638\u0627\u0626\u0641 \u2013 4 \u0641\u064a 1\u0628\u0633\u0651\u0637 \u062a\u062d\u0636\u064a\u0631\u0627\u062a\u0643 \u0641\u064a \u0627\u0644\u0645\u0637\u0628\u062e \u0645\u0639 \u0642\u0627\u0637\u0639 \u0627\u0644\u062e\u0636\u0631\u0648\u0627\u062a \u0627\u0644\u0643\u0647\u0631\u0628\u0627\u0626\u064a \u0645\u062a\u0639\u062f\u062f \u0627\u0644\u0627\u0633\u062a\u062e\u062f\u0627\u0645\u0627\u062a\u060c \u0627\u0644\u0645\u0635\u0645\u0645 \u0644\u062a\u0642\u0637\u064a\u0639\u060c \u0628\u0634\u0631\u060c \u0641\u0631\u0645 \u0648\u062d\u062a\u0649 \u0633\u062d\u0642 \u0627\u0644\u062b\u0644\u062c \u0628\u0633\u0647\u0648\u0644\u0629 \u062a\u0627\u0645\u0629. \u064a\u062a\u0645\u064a\u0632 \u0628\u0645\u062d\u0631\u0643 \u0642\u0648\u064a \u0648\u0628\u0637\u0627\u0631\u064a\u0629 \u0642\u0627\u0628\u0644\u0629 \u0644\u0625\u0639\u0627\u062f\u0629 \u0627\u0644\u0634\u062d\u0646 \u0639\u0628\u0631 USB\u060c \u0644\u064a\u0645\u0646\u062d\u0643 \u0623\u062f\u0627\u0621\u064b \u0633\u0631\u064a\u0639\u064b\u0627 \u0648\u0641\u0639\u0651\u0627\u0644\u064b\u0627 \u062f\u0648\u0646 \u0623\u064a \u062c\u0647\u062f \u2013 \u0645\u062b\u0627\u0644\u064a \u0644\u0644\u0645\u0637\u0627\u0628\u062e \u0627\u0644\u0639\u0635\u0631\u064a\u0629.\u062a\u0635\u0645\u064a\u0645\u0647 \u0627\u0644\u0645\u062f\u0645\u062c \u064a\u062c\u0639\u0644 \u062a\u062e\u0632\u064a\u0646\u0647 \u0633\u0647\u0644\u0627\u064b\u060c \u0643\u0645\u0627 \u0623\u0646 \u0627\u0644\u0645\u0644\u062d\u0642\u0627\u062a \u0627\u0644\u0642\u0627\u0628\u0644\u0629 \u0644\u0644\u062a\u0628\u062f\u064a\u0644 \u062a\u0644\u0628\u064a \u062c\u0645\u064a\u0639 \u0627\u062d\u062a\u064a\u0627\u062c\u0627\u062a\u0643 \u0633\u0648\u0627\u0621 \u0644\u0644\u062e\u0636\u0631\u0648\u0627\u062a\u060c \u0627\u0644\u0641\u0648\u0627\u0643\u0647\u060c \u0627\u0644\u0645\u0643\u0633\u0631\u0627\u062a \u0623\u0648 \u0627\u0644\u062c\u0628\u0646. \u0645\u0635\u0646\u0648\u0639 \u0645\u0646 \u0645\u0648\u0627\u062f \u0622\u0645\u0646\u0629 \u0648\u0633\u0647\u0644\u0629 \u0627\u0644\u062a\u0646\u0638\u064a\u0641\u060c \u0645\u0645\u0627 \u064a\u062c\u0639\u0644\u0647 \u062e\u064a\u0627\u0631\u0643 \u0627\u0644\u0645\u062b\u0627\u0644\u064a \u0644\u0644\u0627\u0633\u062a\u062e\u062f\u0627\u0645 \u0627\u0644\u064a\u0648\u0645\u064a.\u2699\ufe0f \u0627\u0644\u0645\u0645\u064a\u0632\u0627\u062a \u0627\u0644\u0631\u0626\u064a\u0633\u064a\u0629 :\ud83e\udd55 \u0648\u0638\u064a\u0641\u0629 4 \u0641\u064a 1 : \u062a\u0642\u0637\u064a\u0639\u060c \u0628\u0634\u0631\u060c \u0641\u0631\u0645\u060c \u0648\u0633\u062d\u0642 \u0627\u0644\u062b\u0644\u062c\ud83d\udd0b \u0634\u062d\u0646 USB : \u0628\u0637\u0627\u0631\u064a\u0629 \u0645\u062f\u0645\u062c\u0629 \u0628\u0639\u0645\u0631 \u0637\u0648\u064a\u0644 \u0648\u0633\u0647\u0644\u0629 \u0627\u0644\u0634\u062d\u0646\ud83d\udd2a \u0634\u0641\u0631\u0627\u062a \u0645\u0646 \u0627\u0644\u0641\u0648\u0644\u0627\u0630 \u0627\u0644\u0645\u0642\u0627\u0648\u0645 \u0644\u0644\u0635\u062f\u0623 : \u0642\u0637\u0639 \u062f\u0642\u064a\u0642 \u0648\u0645\u062a\u0642\u0646\ud83e\uddfa \u062a\u0635\u0645\u064a\u0645 \u0645\u062f\u0645\u062c \u0648\u062e\u0641\u064a\u0641 \u0627\u0644\u0648\u0632\u0646 : \u0633\u0647\u0644 \u0627\u0644\u062d\u0645\u0644 \u0648\u0627\u0644\u062a\u062e\u0632\u064a\u0646\ud83d\udca7 \u0633\u0647\u0644 \u0627\u0644\u062a\u0646\u0638\u064a\u0641 : \u0627\u0644\u0623\u062c\u0632\u0627\u0621 \u0642\u0627\u0628\u0644\u0629 \u0644\u0644\u0641\u0643 \u0648\u063a\u0633\u0627\u0644\u0629 \u0627\u0644\u0623\u0637\u0628\u0627\u0642\ud83e\uddf4 \u0645\u0648\u0627\u062f \u0622\u0645\u0646\u0629 : \u062e\u0627\u0644\u064d \u0645\u0646 \u0645\u0627\u062f\u0629 BPA \u0648\u0622\u0645\u0646 \u0644\u0644\u0637\u0639\u0627\u0645\u23f1\ufe0f \u0627\u0633\u062a\u062e\u062f\u0627\u0645 \u0628\u0633\u064a\u0637 : \u0632\u0631 \u0648\u0627\u062d\u062f \u0644\u0644\u062a\u062d\u0643\u0645 \u0648\u062a\u0648\u0641\u064a\u0631 \u0627\u0644\u0648\u0642\u062a\ud83d\udccf \u0627\u0644\u0623\u0628\u0639\u0627\u062f \u0645\u0648\u0636\u062d\u0629 \u0641\u064a \u0627\u0644\u0635\u0648\u0631<\/p>","protected":false},"featured_media":65759,"comment_status":"open","ping_status":"closed","template":"","meta":[],"product_brand":[],"product_cat":[2456],"product_tag":[],"class_list":{"0":"post-65760","1":"product","2":"type-product","3":"status-publish","4":"has-post-thumbnail","6":"product_cat-cuisine","8":"first","9":"instock","10":"taxable","11":"shipping-taxable","12":"purchasable","13":"product-type-simple"},"jetpack_sharing_enabled":true,"_links":{"self":[{"href":"https:\/\/shoponlinedz.com\/en\/wp-json\/wp\/v2\/product\/65760","targetHints":{"allow":["GET"]}}],"collection":[{"href":"https:\/\/shoponlinedz.com\/en\/wp-json\/wp\/v2\/product"}],"about":[{"href":"https:\/\/shoponlinedz.com\/en\/wp-json\/wp\/v2\/types\/product"}],"replies":[{"embeddable":true,"href":"https:\/\/shoponlinedz.com\/en\/wp-json\/wp\/v2\/comments?post=65760"}],"version-history":[{"count":0,"href":"https:\/\/shoponlinedz.com\/en\/wp-json\/wp\/v2\/product\/65760\/revisions"}],"wp:featuredmedia":[{"embeddable":true,"href":"https:\/\/shoponlinedz.com\/en\/wp-json\/wp\/v2\/media\/65759"}],"wp:attachment":[{"href":"https:\/\/shoponlinedz.com\/en\/wp-json\/wp\/v2\/media?parent=65760"}],"wp:term":[{"taxonomy":"product_brand","embeddable":true,"href":"https:\/\/shoponlinedz.com\/en\/wp-json\/wp\/v2\/product_brand?post=65760"},{"taxonomy":"product_cat","embeddable":true,"href":"https:\/\/shoponlinedz.com\/en\/wp-json\/wp\/v2\/product_cat?post=65760"},{"taxonomy":"product_tag","embeddable":true,"href":"https:\/\/shoponlinedz.com\/en\/wp-json\/wp\/v2\/product_tag?post=65760"}],"curies":[{"name":"wp","href":"https:\/\/api.w.org\/{rel}","templated":true}]}}