{"id":65655,"date":"2026-01-07T12:07:41","date_gmt":"2026-01-07T12:07:41","guid":{"rendered":"https:\/\/shoponlinedz.com\/product\/fontaine-a-eau-cascade-avec-eclairage-led-pour-decoration-interieure-et-ambiance-v2\/"},"modified":"2026-02-13T21:14:57","modified_gmt":"2026-02-13T20:14:57","slug":"fontaine-a-eau-cascade-avec-eclairage-led-pour-decoration-interieure-et-ambiance-v2","status":"publish","type":"product","link":"https:\/\/shoponlinedz.com\/en\/product\/fontaine-a-eau-cascade-avec-eclairage-led-pour-decoration-interieure-et-ambiance-v2\/","title":{"rendered":"Fontaine \u00e0 eau cascade avec \u00e9clairage LED pour d\u00e9coration int\u00e9rieure et ambiance V2"},"content":{"rendered":"<figure class=\"attachment attachment--preview\" data-trix-attachment=\"{&quot;contentType&quot;:&quot;image&quot;,&quot;height&quot;:1024,&quot;url&quot;:&quot;https:\/\/sawa9ly.app\/storage\/64006\/Fontaine-LED-V1-CNC-1.jpg&quot;,&quot;width&quot;:1024}\" data-trix-content-type=\"image\"><img decoding=\"async\" class=\"aligncenter\" src=\"https:\/\/sawa9ly.app\/storage\/64006\/Fontaine-LED-V1-CNC-1.jpg\" width=\"1024\" height=\"1024\" \/><figcaption class=\"attachment__caption\"><\/figcaption><\/figure>\n<figure class=\"attachment attachment--preview\" data-trix-attachment=\"{&quot;contentType&quot;:&quot;image&quot;,&quot;height&quot;:1024,&quot;url&quot;:&quot;https:\/\/sawa9ly.app\/storage\/64007\/Fontaine-LED-V1-8.jpg&quot;,&quot;width&quot;:1024}\" data-trix-content-type=\"image\"><img decoding=\"async\" class=\"aligncenter\" src=\"https:\/\/sawa9ly.app\/storage\/64007\/Fontaine-LED-V1-8.jpg\" width=\"1024\" height=\"1024\" \/><figcaption class=\"attachment__caption\"><\/figcaption><\/figure>\n<figure class=\"attachment attachment--preview\" data-trix-attachment=\"{&quot;contentType&quot;:&quot;image&quot;,&quot;height&quot;:1024,&quot;url&quot;:&quot;https:\/\/sawa9ly.app\/storage\/64008\/Fontaine-LED-V1-2-1.jpg&quot;,&quot;width&quot;:1024}\" data-trix-content-type=\"image\"><img decoding=\"async\" class=\"aligncenter\" src=\"https:\/\/sawa9ly.app\/storage\/64008\/Fontaine-LED-V1-2-1.jpg\" width=\"1024\" height=\"1024\" \/><figcaption class=\"attachment__caption\"><\/figcaption><\/figure>\n<figure class=\"attachment attachment--preview\" data-trix-attachment=\"{&quot;contentType&quot;:&quot;image&quot;,&quot;height&quot;:1024,&quot;url&quot;:&quot;https:\/\/sawa9ly.app\/storage\/64009\/Fontaine-LED-V1-6-1.jpg&quot;,&quot;width&quot;:1024}\" data-trix-content-type=\"image\"><img decoding=\"async\" class=\"aligncenter\" src=\"https:\/\/sawa9ly.app\/storage\/64009\/Fontaine-LED-V1-6-1.jpg\" width=\"1024\" height=\"1024\" \/><figcaption class=\"attachment__caption\"><\/figcaption><\/figure>\n<figure class=\"attachment attachment--preview\" data-trix-attachment=\"{&quot;contentType&quot;:&quot;image&quot;,&quot;height&quot;:1024,&quot;url&quot;:&quot;https:\/\/sawa9ly.app\/storage\/64010\/Fontaine-LED-V1-7-1.jpg&quot;,&quot;width&quot;:1024}\" data-trix-content-type=\"image\"><img decoding=\"async\" class=\"aligncenter\" src=\"https:\/\/sawa9ly.app\/storage\/64010\/Fontaine-LED-V1-7-1.jpg\" width=\"1024\" height=\"1024\" \/><figcaption class=\"attachment__caption\"><\/figcaption><\/figure>\n<p style=\"text-align: center;\">","protected":false},"excerpt":{"rendered":"<p>\ud83d\udca7 \u0646\u0627\u0641\u0648\u0631\u0629 \u0645\u0643\u062a\u0628 \u0635\u063a\u064a\u0631\u0629 USB \u2014 \u0644\u0645\u0633\u0629 \u0647\u062f\u0648\u0621 \u0648\u0623\u0646\u0627\u0642\u0629 \u0641\u064a \u0623\u064a \u0645\u0633\u0627\u062d\u06291\ufe0f\u20e3 \u062a\u0635\u0645\u064a\u0645 \u0623\u0646\u064a\u0642 \u0648\u0645\u0631\u064a\u062d \u0644\u0644\u0623\u0639\u0635\u0627\u0628\u062d\u0633\u0651\u0646 \u0623\u062c\u0648\u0627\u0621 \u0645\u0643\u062a\u0628\u0643 \u0623\u0648 \u0645\u0633\u0627\u062d\u0629 \u0639\u0645\u0644\u0643 \u0645\u0639 \u0647\u0630\u0647 \u0627\u0644\u0646\u0627\u0641\u0648\u0631\u0629 \u0627\u0644\u0635\u063a\u064a\u0631\u0629 \u0627\u0644\u062a\u064a \u062a\u0639\u0645\u0644 \u0639\u0628\u0631 USB. \u0635\u0648\u062a \u0627\u0644\u0645\u0627\u0621 \u0627\u0644\u0645\u062a\u062f\u0641\u0651\u0642 \u064a\u062e\u0644\u0642 \u062c\u0648\u064b\u0627 \u0645\u0631\u064a\u062d\u064b\u0627 \u064a\u0633\u0627\u0639\u062f\u0643 \u0639\u0644\u0649 \u0627\u0644\u0627\u0633\u062a\u0631\u062e\u0627\u0621 \u0648\u0632\u064a\u0627\u062f\u0629 \u0627\u0644\u0625\u0646\u062a\u0627\u062c\u064a\u0629.2\ufe0f\u20e3 \u062c\u0644\u0628 \u0627\u0644\u0631\u0632\u0642 \u0648\u0627\u0644\u0637\u0627\u0642\u0629 \u0627\u0644\u0625\u064a\u062c\u0627\u0628\u064a\u0629\u062a\u0645 \u062a\u0635\u0645\u064a\u0645 \u0647\u0630\u0647 \u0627\u0644\u0646\u0627\u0641\u0648\u0631\u0629 \u0644\u062a\u0643\u0648\u0646 \u0631\u0645\u0632\u064b\u0627 \u0644\u0644\u0648\u0641\u0631\u0629 \u0648\u0627\u0644\u0627\u0632\u062f\u0647\u0627\u0631\u060c \u062d\u064a\u062b \u064a\u0631\u0645\u0632 \u062a\u062f\u0641\u0642 \u0627\u0644\u0645\u064a\u0627\u0647 \u0625\u0644\u0649 \u062a\u062f\u0641\u0642 \u0627\u0644\u0645\u0627\u0644. \u0623\u0645\u0627 \u0625\u0636\u0627\u0621\u0629 \u0627\u0644\u0640LED \u0641\u062a\u0636\u064a\u0641 \u0625\u062d\u0633\u0627\u0633\u064b\u0627 \u0628\u0627\u0644\u062a\u0641\u0627\u0624\u0644 \u0648\u0627\u0644\u0631\u0627\u062d\u0629 \u0641\u064a \u0627\u0644\u0645\u0643\u0627\u0646.3\ufe0f\u20e3 \u0625\u0636\u0627\u0621\u0629 LED \u062f\u0627\u0641\u0626\u0629 \u0648\u062c\u0645\u064a\u0644\u0629\u0627\u0644\u0625\u0636\u0627\u0621\u0629 \u0627\u0644\u0645\u062f\u0645\u062c\u0629 \u062a\u064f\u0646\u064a\u0631 \u0627\u0644\u0645\u064a\u0627\u0647 \u0628\u0634\u0643\u0644 \u0631\u0627\u0626\u0639\u060c \u0645\u0645\u0627 \u064a\u0636\u064a\u0641 \u062a\u0648\u0647\u062c\u064b\u0627 \u062f\u0627\u0641\u0626\u064b\u0627 \u0648\u0645\u0638\u0647\u0631\u064b\u0627 \u062c\u0630\u0627\u0628\u064b\u0627 \u0639\u0644\u0649 \u0645\u0643\u062a\u0628\u0643 \u0623\u0648 \u063a\u0631\u0641\u062a\u0643.4\ufe0f\u20e3 \u0623\u062d\u062c\u0627\u0631 \u062a\u0632\u064a\u064a\u0646\u064a\u0629 \u0637\u0628\u064a\u0639\u064a\u0629\u062a\u0623\u062a\u064a \u0627\u0644\u0646\u0627\u0641\u0648\u0631\u0629 \u0645\u0639 \u0643\u064a\u0633 \u0645\u0646 \u0627\u0644\u062d\u0635\u0649 \u063a\u064a\u0631 \u0627\u0644\u0645\u0646\u062a\u0638\u0645\u060c \u0645\u0645\u0627 \u064a\u0639\u0637\u064a \u0645\u0638\u0647\u0631\u064b\u0627 \u0637\u0628\u064a\u0639\u064a\u064b\u0627 \u0623\u0643\u062b\u0631 \u0648\u064a\u0636\u064a\u0641 \u0644\u0645\u0633\u0629 \u062c\u0645\u0627\u0644 \u0644\u0623\u064a \u0632\u0627\u0648\u064a\u0629 \u0641\u064a \u0627\u0644\u0645\u0646\u0632\u0644 \u0623\u0648 \u0627\u0644\u0645\u0643\u062a\u0628.5\ufe0f\u20e3 \u0645\u062a\u0639\u062f\u062f\u0629 \u0627\u0644\u0627\u0633\u062a\u062e\u062f\u0627\u0645\u0627\u062a \u0648\u0645\u0644\u0627\u0626\u0645\u0629 \u0644\u0623\u064a \u0645\u0643\u0627\u0646\u0628\u0641\u0636\u0644 \u062d\u062c\u0645\u0647\u0627 \u0627\u0644\u0635\u063a\u064a\u0631\u060c \u064a\u0645\u0643\u0646 \u0648\u0636\u0639\u0647\u0627 \u0641\u064a \u063a\u0631\u0641\u0629 \u0627\u0644\u0646\u0648\u0645\u060c \u0627\u0644\u0635\u0627\u0644\u0648\u0646\u060c \u0627\u0644\u0645\u0643\u062a\u0628\u060c \u0637\u0627\u0648\u0644\u0629 \u0627\u0644\u0642\u0647\u0648\u0629 \u0623\u0648 \u062d\u062a\u0649 \u0631\u0641 \u0627\u0644\u062a\u0644\u0641\u0627\u0632\u2014\u0642\u0637\u0639\u0629 \u062f\u064a\u0643\u0648\u0631 \u0628\u0633\u064a\u0637\u0629 \u0644\u0643\u0646\u0647\u0627 \u062a\u063a\u064a\u0651\u0631 \u0627\u0644\u062c\u0648 \u0628\u0627\u0644\u0643\u0627\u0645\u0644.\ud83d\udccc \u0627\u0644\u0645\u0648\u0627\u0635\u0641\u0627\u062a \u0627\u0644\u062a\u0642\u0646\u064a\u0629\u0627\u0644\u0646\u0648\u0639: \u0646\u0627\u0641\u0648\u0631\u0629 \u0645\u064a\u0627\u0647 \u0645\u0643\u062a\u0628\u064a\u0629 USB\u0645\u0644\u0627\u062d\u0638\u0629: \u062a\u0623\u062a\u064a \u0645\u0639 \u0643\u064a\u0633 \u062d\u0635\u0649 \u063a\u064a\u0631 \u0645\u0646\u062a\u0638\u0645 (\u0627\u0644\u0643\u0645\u064a\u0629 \u0642\u062f \u062a\u062e\u062a\u0644\u0641)\u0627\u0644\u062a\u063a\u0630\u064a\u0629: Type-C\u060c \u0643\u0627\u0628\u0644 USB\u060c \u0637\u0627\u0642\u0629 5V\u0627\u0644\u0627\u0633\u062a\u062e\u062f\u0627\u0645\u0627\u062a: \u063a\u0631\u0641\u0629 \u0627\u0644\u0645\u0639\u064a\u0634\u0629\u060c \u063a\u0631\u0641\u0629 \u0627\u0644\u0646\u0648\u0645\u060c \u0627\u0644\u0645\u0643\u062a\u0628\u060c \u0637\u0627\u0648\u0644\u0629 \u0627\u0644\u0642\u0647\u0648\u0629\u060c \u062f\u064a\u0643\u0648\u0631 \u0627\u0644\u062a\u0644\u0641\u0627\u0632\u0627\u0644\u062d\u062c\u0645: \u062a\u0642\u0631\u064a\u0628\u064b\u0627 178 \u00d7 108 \u00d7 120 \u0645\u0645 (7.0 \u00d7 4.3 \u00d7 4.7 \u0625\u0646\u0634)\u0627\u0644\u0648\u0632\u0646: \u062d\u0648\u0627\u0644\u064a 511 \u063a\u0627\u0644\u0625\u0636\u0627\u0621\u0629: LED \u0628\u0644\u0648\u0646 \u0623\u0635\u0641\u0631 \u062f\u0627\u0641\u0626\u2699\ufe0f \u0637\u0631\u064a\u0642\u0629 \u0627\u0644\u0627\u0633\u062a\u062e\u062f\u0627\u0645\u0623\u0636\u0650\u0641 \u0643\u0645\u064a\u0629 \u0645\u0646\u0627\u0633\u0628\u0629 \u0645\u0646 \u0627\u0644\u0645\u0627\u0621.\u0642\u0645 \u0628\u062a\u0648\u0635\u064a\u0644 \u0643\u0627\u0628\u0644 USB.\u0634\u063a\u0651\u0644 \u0627\u0644\u0645\u0641\u062a\u0627\u062d \u0648\u0627\u0633\u062a\u0645\u062a\u0639 \u0628\u0635\u0648\u062a \u0627\u0644\u0645\u0627\u0621 \u0648\u062f\u0641\u0621 \u0627\u0644\u0625\u0636\u0627\u0621\u0629 \u2728\ud83d\udce6 \u0645\u062d\u062a\u0648\u0649 \u0627\u0644\u0639\u0628\u0648\u06291 \u00d7 \u0643\u064a\u0633 \u0623\u062d\u062c\u0627\u0631 \u062a\u0632\u064a\u064a\u0646\u064a\u06291 \u00d7 \u062f\u0644\u064a\u0644 \u0627\u0644\u0627\u0633\u062a\u062e\u062f\u0627\u06451 \u00d7 \u0643\u0627\u0628\u0644 USB1 \u00d7 \u0646\u0627\u0641\u0648\u0631\u0629 \u0645\u064a\u0627\u0647 \u0645\u0643\u062a\u0628\u064a\u0629<\/p>","protected":false},"featured_media":65654,"comment_status":"open","ping_status":"closed","template":"","meta":[],"product_brand":[],"product_cat":[2460],"product_tag":[],"class_list":{"0":"post-65655","1":"product","2":"type-product","3":"status-publish","4":"has-post-thumbnail","6":"product_cat-decoration","8":"first","9":"instock","10":"taxable","11":"shipping-taxable","12":"purchasable","13":"product-type-simple"},"jetpack_sharing_enabled":true,"_links":{"self":[{"href":"https:\/\/shoponlinedz.com\/en\/wp-json\/wp\/v2\/product\/65655","targetHints":{"allow":["GET"]}}],"collection":[{"href":"https:\/\/shoponlinedz.com\/en\/wp-json\/wp\/v2\/product"}],"about":[{"href":"https:\/\/shoponlinedz.com\/en\/wp-json\/wp\/v2\/types\/product"}],"replies":[{"embeddable":true,"href":"https:\/\/shoponlinedz.com\/en\/wp-json\/wp\/v2\/comments?post=65655"}],"version-history":[{"count":0,"href":"https:\/\/shoponlinedz.com\/en\/wp-json\/wp\/v2\/product\/65655\/revisions"}],"wp:featuredmedia":[{"embeddable":true,"href":"https:\/\/shoponlinedz.com\/en\/wp-json\/wp\/v2\/media\/65654"}],"wp:attachment":[{"href":"https:\/\/shoponlinedz.com\/en\/wp-json\/wp\/v2\/media?parent=65655"}],"wp:term":[{"taxonomy":"product_brand","embeddable":true,"href":"https:\/\/shoponlinedz.com\/en\/wp-json\/wp\/v2\/product_brand?post=65655"},{"taxonomy":"product_cat","embeddable":true,"href":"https:\/\/shoponlinedz.com\/en\/wp-json\/wp\/v2\/product_cat?post=65655"},{"taxonomy":"product_tag","embeddable":true,"href":"https:\/\/shoponlinedz.com\/en\/wp-json\/wp\/v2\/product_tag?post=65655"}],"curies":[{"name":"wp","href":"https:\/\/api.w.org\/{rel}","templated":true}]}}