{"id":65603,"date":"2026-01-07T12:05:12","date_gmt":"2026-01-07T12:05:12","guid":{"rendered":"https:\/\/shoponlinedz.com\/product\/firla-mini-boite-a-bijoux-en-cuir-avec-fermeture-eclair-%d8%b9%d9%84%d8%a8%d8%a9-%d8%aa%d9%86%d8%b8%d9%8a%d9%85-%d8%a7%d9%84%d9%85%d8%ac%d9%88%d9%87%d8%b1%d8%a7%d8%aa\/"},"modified":"2026-02-13T21:14:59","modified_gmt":"2026-02-13T20:14:59","slug":"firla-mini-boite-a-bijoux-en-cuir-avec-fermeture-eclair-%d8%b9%d9%84%d8%a8%d8%a9-%d8%aa%d9%86%d8%b8%d9%8a%d9%85-%d8%a7%d9%84%d9%85%d8%ac%d9%88%d9%87%d8%b1%d8%a7%d8%aa","status":"publish","type":"product","link":"https:\/\/shoponlinedz.com\/en\/product\/firla-mini-boite-a-bijoux-en-cuir-avec-fermeture-eclair-%d8%b9%d9%84%d8%a8%d8%a9-%d8%aa%d9%86%d8%b8%d9%8a%d9%85-%d8%a7%d9%84%d9%85%d8%ac%d9%88%d9%87%d8%b1%d8%a7%d8%aa\/","title":{"rendered":"Firla Mini Bo\u00eete \u00e0 Bijoux en cuir avec fermeture \u00e9clair \u2013 \u0639\u0644\u0628\u0629 \u062a\u0646\u0638\u064a\u0645 \u0627\u0644\u0645\u062c\u0648\u0647\u0631\u0627\u062a"},"content":{"rendered":"<figure class=\"attachment attachment--preview\" data-trix-attachment=\"{&quot;contentType&quot;:&quot;image&quot;,&quot;height&quot;:1024,&quot;url&quot;:&quot;https:\/\/sawaqli.fra1.cdn.digitaloceanspaces.com\/48958\/Boite-BJ-cnc.jpg&quot;,&quot;width&quot;:1024}\" data-trix-content-type=\"image\"><img decoding=\"async\" class=\"aligncenter\" src=\"https:\/\/sawaqli.fra1.cdn.digitaloceanspaces.com\/48958\/Boite-BJ-cnc.jpg\" width=\"1024\" height=\"1024\" \/><figcaption class=\"attachment__caption\"><\/figcaption><\/figure>\n<figure class=\"attachment attachment--preview\" data-trix-attachment=\"{&quot;contentType&quot;:&quot;image&quot;,&quot;height&quot;:1024,&quot;url&quot;:&quot;https:\/\/sawaqli.fra1.cdn.digitaloceanspaces.com\/48959\/Boite-BJ-cnc111.jpg&quot;,&quot;width&quot;:1024}\" data-trix-content-type=\"image\"><img decoding=\"async\" class=\"aligncenter\" src=\"https:\/\/sawaqli.fra1.cdn.digitaloceanspaces.com\/48959\/Boite-BJ-cnc111.jpg\" width=\"1024\" height=\"1024\" \/><figcaption class=\"attachment__caption\"><\/figcaption><\/figure>\n<figure class=\"attachment attachment--preview\" data-trix-attachment=\"{&quot;contentType&quot;:&quot;image&quot;,&quot;height&quot;:1024,&quot;url&quot;:&quot;https:\/\/sawaqli.fra1.cdn.digitaloceanspaces.com\/48960\/Boite-BJ-cnc11.jpg&quot;,&quot;width&quot;:1024}\" data-trix-content-type=\"image\"><img decoding=\"async\" class=\"aligncenter\" src=\"https:\/\/sawaqli.fra1.cdn.digitaloceanspaces.com\/48960\/Boite-BJ-cnc11.jpg\" width=\"1024\" height=\"1024\" \/><figcaption class=\"attachment__caption\"><\/figcaption><\/figure>\n<figure class=\"attachment attachment--preview\" data-trix-attachment=\"{&quot;contentType&quot;:&quot;image&quot;,&quot;height&quot;:1024,&quot;url&quot;:&quot;https:\/\/sawaqli.fra1.cdn.digitaloceanspaces.com\/48961\/Boite-BJ-cnc1.jpg&quot;,&quot;width&quot;:1024}\" data-trix-content-type=\"image\"><img decoding=\"async\" class=\"aligncenter\" src=\"https:\/\/sawaqli.fra1.cdn.digitaloceanspaces.com\/48961\/Boite-BJ-cnc1.jpg\" width=\"1024\" height=\"1024\" \/><figcaption class=\"attachment__caption\"><\/figcaption><\/figure>\n<figure class=\"attachment attachment--preview\" data-trix-attachment=\"{&quot;contentType&quot;:&quot;image&quot;,&quot;height&quot;:1024,&quot;url&quot;:&quot;https:\/\/sawaqli.fra1.cdn.digitaloceanspaces.com\/48962\/Boite-BJ-1.jpg&quot;,&quot;width&quot;:1024}\" data-trix-content-type=\"image\"><img decoding=\"async\" class=\"aligncenter\" src=\"https:\/\/sawaqli.fra1.cdn.digitaloceanspaces.com\/48962\/Boite-BJ-1.jpg\" width=\"1024\" height=\"1024\" \/><figcaption class=\"attachment__caption\"><\/figcaption><\/figure>\n<p style=\"text-align: center;\">","protected":false},"excerpt":{"rendered":"<p>\ud83d\udc8d \u0639\u0644\u0628\u0629 \u0645\u062c\u0648\u0647\u0631\u0627\u062a \u0635\u063a\u064a\u0631\u0629 \u0644\u0644\u0633\u0641\u0631 \u2013 \u062a\u0635\u0645\u064a\u0645 \u0623\u0646\u064a\u0642 \u0648\u0639\u0645\u0644\u064a\u0629\u0645\u0635\u0646\u0648\u0639\u0629 \u0645\u0646 \u0627\u0644\u062c\u0644\u062f \u0627\u0644\u0645\u0642\u0627\u0648\u0645 \u0644\u0644\u0645\u0627\u0621 \u0645\u0639 \u0628\u0637\u0627\u0646\u0629 \u062f\u0627\u062e\u0644\u064a\u0629 \u0646\u0627\u0639\u0645\u0629 \u0645\u0646 \u0627\u0644\u0641\u064a\u0644\u0641\u064a\u062a.\u062a\u0635\u0645\u064a\u0645 \u0645\u062f\u0645\u062c \u0648\u062e\u0641\u064a\u0641 (10x10x5 \u0633\u0645\u060c 100\u063a) \u064a\u0646\u0627\u0633\u0628 \u0627\u0644\u062d\u0642\u064a\u0628\u0629 \u0623\u0648 \u062d\u0642\u064a\u0628\u0629 \u0627\u0644\u0633\u0641\u0631.\u0641\u0627\u0635\u0644 \u062f\u0627\u062e\u0644\u064a \u0642\u0627\u0628\u0644 \u0644\u0644\u0625\u0632\u0627\u0644\u0629 \u0645\u0639:6 \u0641\u062a\u062d\u0627\u062a \u0644\u062e\u0648\u0627\u062a\u06453 \u062e\u0637\u0627\u0641\u0627\u062a \u0644\u0644\u0642\u0644\u0627\u0626\u062f\u062c\u064a\u0628 \u0645\u0637\u0627\u0637\u064a \u062f\u0627\u062e\u0644\u064a\u0642\u0641\u0644 \u0628\u0633\u062d\u0627\u0628 \u0642\u0648\u064a \u064a\u062d\u0627\u0641\u0638 \u0639\u0644\u0649 \u0627\u0644\u0645\u062c\u0648\u0647\u0631\u0627\u062a \u0645\u0646 \u0627\u0644\u063a\u0628\u0627\u0631 \u0648\u0627\u0644\u062e\u062f\u0648\u0634.\u0647\u062f\u064a\u0629 \u0645\u062b\u0627\u0644\u064a\u0629 \u0644\u0644\u0646\u0633\u0627\u0621 \u0648\u0627\u0644\u0628\u0646\u0627\u062a \u0641\u064a \u0639\u064a\u062f \u0627\u0644\u062d\u0628\u060c \u0639\u064a\u062f \u0627\u0644\u0623\u0645\u060c \u0623\u0648 \u062d\u0641\u0644\u0627\u062a \u0627\u0644\u0632\u0641\u0627\u0641.\u064a\u064f\u0634\u062d\u0646 \u0628\u062f\u0648\u0646 \u0645\u062c\u0648\u0647\u0631\u0627\u062a<\/p>","protected":false},"featured_media":65602,"comment_status":"open","ping_status":"closed","template":"","meta":[],"product_brand":[],"product_cat":[2457],"product_tag":[],"class_list":{"0":"post-65603","1":"product","2":"type-product","3":"status-publish","4":"has-post-thumbnail","6":"product_cat-soins-et-beaute","8":"first","9":"instock","10":"taxable","11":"shipping-taxable","12":"purchasable","13":"product-type-simple"},"jetpack_sharing_enabled":true,"_links":{"self":[{"href":"https:\/\/shoponlinedz.com\/en\/wp-json\/wp\/v2\/product\/65603","targetHints":{"allow":["GET"]}}],"collection":[{"href":"https:\/\/shoponlinedz.com\/en\/wp-json\/wp\/v2\/product"}],"about":[{"href":"https:\/\/shoponlinedz.com\/en\/wp-json\/wp\/v2\/types\/product"}],"replies":[{"embeddable":true,"href":"https:\/\/shoponlinedz.com\/en\/wp-json\/wp\/v2\/comments?post=65603"}],"version-history":[{"count":0,"href":"https:\/\/shoponlinedz.com\/en\/wp-json\/wp\/v2\/product\/65603\/revisions"}],"wp:featuredmedia":[{"embeddable":true,"href":"https:\/\/shoponlinedz.com\/en\/wp-json\/wp\/v2\/media\/65602"}],"wp:attachment":[{"href":"https:\/\/shoponlinedz.com\/en\/wp-json\/wp\/v2\/media?parent=65603"}],"wp:term":[{"taxonomy":"product_brand","embeddable":true,"href":"https:\/\/shoponlinedz.com\/en\/wp-json\/wp\/v2\/product_brand?post=65603"},{"taxonomy":"product_cat","embeddable":true,"href":"https:\/\/shoponlinedz.com\/en\/wp-json\/wp\/v2\/product_cat?post=65603"},{"taxonomy":"product_tag","embeddable":true,"href":"https:\/\/shoponlinedz.com\/en\/wp-json\/wp\/v2\/product_tag?post=65603"}],"curies":[{"name":"wp","href":"https:\/\/api.w.org\/{rel}","templated":true}]}}