{"id":65518,"date":"2026-01-07T12:01:12","date_gmt":"2026-01-07T12:01:12","guid":{"rendered":"https:\/\/shoponlinedz.com\/product\/machine-a-coudre-electrique-portable-et-legere-jysm-301-%d8%a2%d9%84%d8%a9-%d8%ae%d9%8a%d8%a7%d8%b7%d8%a9\/"},"modified":"2026-02-13T21:15:01","modified_gmt":"2026-02-13T20:15:01","slug":"machine-a-coudre-electrique-portable-et-legere-jysm-301-%d8%a2%d9%84%d8%a9-%d8%ae%d9%8a%d8%a7%d8%b7%d8%a9","status":"publish","type":"product","link":"https:\/\/shoponlinedz.com\/en\/product\/machine-a-coudre-electrique-portable-et-legere-jysm-301-%d8%a2%d9%84%d8%a9-%d8%ae%d9%8a%d8%a7%d8%b7%d8%a9\/","title":{"rendered":"Machine \u00e0 coudre \u00e9lectrique portable et l\u00e9g\u00e8re JYSM-301 \u2013 \u0622\u0644\u0629 \u062e\u064a\u0627\u0637\u0629"},"content":{"rendered":"<figure class=\"attachment attachment--preview\" data-trix-attachment=\"{&quot;contentType&quot;:&quot;image&quot;,&quot;height&quot;:1024,&quot;url&quot;:&quot;https:\/\/sawa9ly.app\/storage\/65486\/Swing-machine-mauve-cnc.jpg&quot;,&quot;width&quot;:1024}\" data-trix-content-type=\"image\"><img decoding=\"async\" class=\"aligncenter\" src=\"https:\/\/sawa9ly.app\/storage\/65486\/Swing-machine-mauve-cnc.jpg\" width=\"1024\" height=\"1024\" \/><figcaption class=\"attachment__caption\"><\/figcaption><\/figure>\n<figure class=\"attachment attachment--preview\" data-trix-attachment=\"{&quot;contentType&quot;:&quot;image&quot;,&quot;height&quot;:1024,&quot;url&quot;:&quot;https:\/\/sawa9ly.app\/storage\/65487\/Swing-machine-mauve-1.jpg&quot;,&quot;width&quot;:1024}\" data-trix-content-type=\"image\"><img decoding=\"async\" class=\"aligncenter\" src=\"https:\/\/sawa9ly.app\/storage\/65487\/Swing-machine-mauve-1.jpg\" width=\"1024\" height=\"1024\" \/><figcaption class=\"attachment__caption\"><\/figcaption><\/figure>\n<figure class=\"attachment attachment--preview\" data-trix-attachment=\"{&quot;contentType&quot;:&quot;image&quot;,&quot;height&quot;:1024,&quot;url&quot;:&quot;https:\/\/sawa9ly.app\/storage\/65488\/Swing-machine-mauve-2.jpg&quot;,&quot;width&quot;:1024}\" data-trix-content-type=\"image\"><img decoding=\"async\" class=\"aligncenter\" src=\"https:\/\/sawa9ly.app\/storage\/65488\/Swing-machine-mauve-2.jpg\" width=\"1024\" height=\"1024\" \/><figcaption class=\"attachment__caption\"><\/figcaption><\/figure>\n<figure class=\"attachment attachment--preview\" data-trix-attachment=\"{&quot;contentType&quot;:&quot;image&quot;,&quot;height&quot;:1024,&quot;url&quot;:&quot;https:\/\/sawa9ly.app\/storage\/65489\/Swing-machine-mauve-3.jpg&quot;,&quot;width&quot;:1024}\" data-trix-content-type=\"image\"><img decoding=\"async\" class=\"aligncenter\" src=\"https:\/\/sawa9ly.app\/storage\/65489\/Swing-machine-mauve-3.jpg\" width=\"1024\" height=\"1024\" \/><figcaption class=\"attachment__caption\"><\/figcaption><\/figure>\n<figure class=\"attachment attachment--preview\" data-trix-attachment=\"{&quot;contentType&quot;:&quot;image&quot;,&quot;height&quot;:1024,&quot;url&quot;:&quot;https:\/\/sawa9ly.app\/storage\/65490\/Swing-machine-mauve-4.jpg&quot;,&quot;width&quot;:1024}\" data-trix-content-type=\"image\"><img decoding=\"async\" class=\"aligncenter\" src=\"https:\/\/sawa9ly.app\/storage\/65490\/Swing-machine-mauve-4.jpg\" width=\"1024\" height=\"1024\" \/><figcaption class=\"attachment__caption\"><\/figcaption><\/figure>\n<p style=\"text-align: center\">","protected":false},"excerpt":{"rendered":"<p>\u2699\ufe0f \u062a\u062d\u0643\u0645 \u0628\u0633\u0631\u0639\u062a\u064a\u0646 \u0644\u0631\u0627\u062d\u0629 \u0623\u0643\u0628\u0631\u0627\u0644\u0645\u0627\u0643\u064a\u0646\u0629 \u0645\u0632\u0648\u062f\u0629 \u0628\u062f\u0648\u0627\u0633\u0629 \u0642\u062f\u0645 \u062a\u062a\u064a\u062d \u0644\u0643 \u0627\u0644\u062a\u062d\u0643\u0645 \u0641\u064a \u0633\u0631\u0639\u0629 \u0627\u0644\u062e\u064a\u0627\u0637\u0629 \u0628\u062f\u0642\u0629\u060c \u0623\u0648 \u064a\u0645\u0643\u0646\u0643 \u062a\u0634\u063a\u064a\u0644\u0647\u0627 \u0628\u0634\u0643\u0644 \u0623\u0648\u062a\u0648\u0645\u0627\u062a\u064a\u0643\u064a \u0639\u0628\u0631 \u0645\u062d\u0648\u0644 \u0627\u0644\u0643\u0647\u0631\u0628\u0627\u0621. \u0646\u0638\u0627\u0645 \u0627\u0644\u062e\u064a\u0627\u0637\u0629 \u0628\u0627\u0644\u062e\u064a\u0637 \u0627\u0644\u0645\u0632\u062f\u0648\u062c \u064a\u0645\u0646\u062d\u0643 \u063a\u0631\u0632\u064b\u0627 \u0623\u0642\u0648\u0649\u060c \u0623\u0643\u062b\u0631 \u0627\u0633\u062a\u0642\u0627\u0645\u0629 \u0648\u062b\u0628\u0627\u062a\u064b\u0627\u060c \u0645\u0639 \u0645\u0642\u0627\u0648\u0645\u0629 \u0639\u0627\u0644\u064a\u0629 \u0644\u0644\u062a\u0641\u0643\u0643 \u0648\u0627\u0644\u062a\u0634\u0648\u0647.\ud83d\udc4c \u0633\u0647\u0644\u0629 \u0627\u0644\u0627\u0633\u062a\u0639\u0645\u0627\u0644 \u062d\u062a\u0649 \u0644\u0644\u0645\u0628\u062a\u062f\u0626\u064a\u0646\u0637\u0631\u064a\u0642\u0629 \u0627\u0644\u0627\u0633\u062a\u062e\u062f\u0627\u0645 \u0628\u0633\u064a\u0637\u0629 \u062c\u062f\u064b\u0627\u060c \u0641\u0642\u0637 \u0627\u062a\u0651\u0628\u0639\u064a \u062f\u0644\u064a\u0644 \u0627\u0644\u062a\u0631\u0643\u064a\u0628 \u0648\u0627\u0628\u062f\u0626\u064a \u0627\u0644\u062e\u064a\u0627\u0637\u0629 \u0641\u0648\u0631\u064b\u0627. \u0645\u062b\u0627\u0644\u064a\u0629 \u0644\u0644\u0645\u0628\u062a\u062f\u0626\u0627\u062a\u060c \u0627\u0644\u0647\u0648\u0627\u0629\u060c \u0648\u0645\u062d\u0628\u0627\u062a \u0627\u0644\u0623\u0639\u0645\u0627\u0644 \u0627\u0644\u064a\u062f\u0648\u064a\u0629 (DIY).\ud83d\udc57 \u0627\u0633\u062a\u062e\u062f\u0627\u0645\u0627\u062a \u0645\u062a\u0639\u062f\u062f\u0629 \u0641\u064a \u0627\u0644\u0628\u064a\u062a\u062a\u0633\u0627\u0639\u062f\u0643 \u0639\u0644\u0649:\u062e\u064a\u0627\u0637\u0629 \u0627\u0644\u0645\u0644\u0627\u0628\u0633\u062a\u0642\u0635\u064a\u0631 \u0648\u062a\u0639\u062f\u064a\u0644 \u0627\u0644\u0623\u0637\u0631\u0627\u0641\u062e\u064a\u0627\u0637\u0629 \u0627\u0644\u0642\u0645\u0635\u0627\u0646\u060c \u0627\u0644\u0633\u0631\u0627\u0648\u064a\u0644\u060c \u0627\u0644\u062a\u064a\u0634\u064a\u0631\u062a\u0627\u062a\u0625\u0635\u0644\u0627\u062d \u0627\u0644\u062d\u0642\u0627\u0626\u0628\u0635\u0646\u0639 \u0623\u0644\u0639\u0627\u0628 \u0642\u0645\u0627\u0634\u064a\u0629 \u0644\u0644\u0623\u0637\u0641\u0627\u0644\ud83c\udfe0 \u0645\u0627\u0643\u064a\u0646\u0629 \u062e\u064a\u0627\u0637\u0629 \u0645\u0646\u0632\u0644\u064a\u0629 \u0639\u0645\u0644\u064a\u0629\u0645\u0646\u0627\u0633\u0628\u0629 \u0644\u0644\u0627\u0633\u062a\u0639\u0645\u0627\u0644 \u0627\u0644\u064a\u0648\u0645\u064a \u0641\u064a \u0627\u0644\u0645\u0646\u0632\u0644\u060c \u0648\u062a\u0642\u0648\u0645 \u0628\u0645\u0647\u0627\u0645 \u0645\u062a\u0639\u062f\u062f\u0629 \u0645\u062b\u0644:\u0627\u0644\u062e\u064a\u0627\u0637\u0629\u0627\u0644\u062d\u0627\u0634\u064a\u0629\u0641\u062a\u062d \u0627\u0644\u0639\u0631\u0627\u0648\u064a\u0627\u0644\u0644\u0641 \u0627\u0644\u062a\u0644\u0642\u0627\u0626\u064a \u0644\u0644\u062e\u064a\u0637\ud83e\uddf1 \u062e\u0627\u0645\u0627\u062a \u0645\u062a\u064a\u0646\u0629 \u0648\u0623\u062f\u0627\u0621 \u062b\u0627\u0628\u062a\u0645\u0635\u0646\u0648\u0639\u0629 \u0645\u0646 \u0645\u0648\u0627\u062f \u0639\u0627\u0644\u064a\u0629 \u0627\u0644\u062c\u0648\u062f\u0629 (\u0628\u0644\u0627\u0633\u062a\u064a\u0643 + \u0645\u0639\u062f\u0646)\u060c \u0642\u0648\u064a\u0629 \u0648\u0645\u0633\u062a\u0642\u0631\u0629 \u0641\u064a \u0627\u0644\u0639\u0645\u0644\u060c \u0645\u0639 \u062a\u0635\u0645\u064a\u0645 \u0645\u062a\u0642\u0646 \u064a\u0636\u0645\u0646 \u0639\u0645\u0631\u064b\u0627 \u0623\u0637\u0648\u0644 \u0648\u0623\u062f\u0627\u0621 \u0645\u0648\u062b\u0648\u0642.\ud83c\udf92 \u0635\u063a\u064a\u0631\u0629\u060c \u062e\u0641\u064a\u0641\u0629 \u0648\u0633\u0647\u0644\u0629 \u0627\u0644\u062d\u0645\u0644\u062a\u0635\u0645\u064a\u0645\u0647\u0627 \u0627\u0644\u0645\u062f\u0645\u062c \u064a\u062c\u0639\u0644\u0647\u0627 \u0623\u062e\u0641 \u0648\u0623\u0633\u0647\u0644 \u0646\u0642\u0644\u064b\u0627 \u0645\u0646 \u0627\u0644\u0645\u0627\u0643\u064a\u0646\u0627\u062a \u0627\u0644\u062a\u0642\u0644\u064a\u062f\u064a\u0629\u060c \u0645\u0639 \u0645\u0638\u0647\u0631 \u0639\u0635\u0631\u064a \u0623\u0646\u064a\u0642 \u064a\u0646\u0627\u0633\u0628 \u0623\u064a \u0645\u0633\u0627\u062d\u0629.\ud83d\udccc \u0627\u0644\u0645\u0648\u0627\u0635\u0641\u0627\u062a \u0627\u0644\u062a\u0642\u0646\u064a\u0629\u0627\u0644\u062d\u0627\u0644\u0629: \u062c\u062f\u064a\u062f\u0629 100\u066a\u0627\u0644\u0646\u0648\u0639: \u0645\u0627\u0643\u064a\u0646\u0629 \u062e\u064a\u0627\u0637\u0629 \u0635\u063a\u064a\u0631\u0629\u0627\u0644\u0645\u0648\u062f\u064a\u0644: JYSM-301\u0627\u0644\u0645\u0648\u0627\u062f: \u0628\u0644\u0627\u0633\u062a\u064a\u0643 + \u0645\u0639\u062f\u0646\u0627\u0644\u0623\u0628\u0639\u0627\u062f: \u062a\u0642\u0631\u064a\u0628\u064b\u0627 21 \u00d7 10.5 \u00d7 20.5 \u0633\u0645\ud83d\udce6 \u0645\u062d\u062a\u0648\u064a\u0627\u062a \u0627\u0644\u0639\u0644\u0628\u06291 \u00d7 \u0645\u0627\u0643\u064a\u0646\u0629 \u062e\u064a\u0627\u0637\u06291 \u00d7 \u062f\u0648\u0627\u0633\u0629 \u0642\u062f\u06451 \u00d7 \u0645\u062d\u0648\u0644 \u0643\u0647\u0631\u0628\u0627\u06211 \u00d7 \u062f\u0644\u064a\u0644 \u0627\u0644\u0627\u0633\u062a\u062e\u062f\u0627\u06454 \u00d7 \u0628\u0643\u0631\u0627\u062a \u062e\u064a\u0637 (2 \u0645\u0631\u0643\u0628\u0629 \u062f\u0627\u062e\u0644 \u0627\u0644\u0645\u0627\u0643\u064a\u0646\u0629)2 \u00d7 \u0628\u0643\u0631\u0627\u062a \u0641\u0627\u0631\u063a\u06291 \u00d7 \u0625\u0628\u0631\u0629 \u0627\u062d\u062a\u064a\u0627\u0637\u064a\u06291 \u00d7 \u0623\u062f\u0627\u0629 \u0625\u062f\u062e\u0627\u0644 \u0627\u0644\u062e\u064a\u0637<\/p>","protected":false},"featured_media":65517,"comment_status":"open","ping_status":"closed","template":"","meta":[],"product_brand":[],"product_cat":[2461],"product_tag":[],"class_list":{"0":"post-65518","1":"product","2":"type-product","3":"status-publish","4":"has-post-thumbnail","6":"product_cat-divers","8":"first","9":"outofstock","10":"taxable","11":"shipping-taxable","12":"purchasable","13":"product-type-simple"},"jetpack_sharing_enabled":true,"_links":{"self":[{"href":"https:\/\/shoponlinedz.com\/en\/wp-json\/wp\/v2\/product\/65518","targetHints":{"allow":["GET"]}}],"collection":[{"href":"https:\/\/shoponlinedz.com\/en\/wp-json\/wp\/v2\/product"}],"about":[{"href":"https:\/\/shoponlinedz.com\/en\/wp-json\/wp\/v2\/types\/product"}],"replies":[{"embeddable":true,"href":"https:\/\/shoponlinedz.com\/en\/wp-json\/wp\/v2\/comments?post=65518"}],"version-history":[{"count":0,"href":"https:\/\/shoponlinedz.com\/en\/wp-json\/wp\/v2\/product\/65518\/revisions"}],"wp:featuredmedia":[{"embeddable":true,"href":"https:\/\/shoponlinedz.com\/en\/wp-json\/wp\/v2\/media\/65517"}],"wp:attachment":[{"href":"https:\/\/shoponlinedz.com\/en\/wp-json\/wp\/v2\/media?parent=65518"}],"wp:term":[{"taxonomy":"product_brand","embeddable":true,"href":"https:\/\/shoponlinedz.com\/en\/wp-json\/wp\/v2\/product_brand?post=65518"},{"taxonomy":"product_cat","embeddable":true,"href":"https:\/\/shoponlinedz.com\/en\/wp-json\/wp\/v2\/product_cat?post=65518"},{"taxonomy":"product_tag","embeddable":true,"href":"https:\/\/shoponlinedz.com\/en\/wp-json\/wp\/v2\/product_tag?post=65518"}],"curies":[{"name":"wp","href":"https:\/\/api.w.org\/{rel}","templated":true}]}}