{"id":65501,"date":"2026-01-07T12:00:21","date_gmt":"2026-01-07T12:00:21","guid":{"rendered":"https:\/\/shoponlinedz.com\/product\/protections-de-bord-de-portiere-laterales-en-caoutchouc-et-acier-chrome-4pcs-%d8%b7%d9%82%d9%85-%d8%ad%d9%85%d8%a7%d9%8a%d8%a9-%d8%a3%d8%a8%d9%88%d8%a7%d8%a8-%d8%a7%d9%84%d8%b3%d9%8a%d8%a7\/"},"modified":"2026-02-13T21:15:02","modified_gmt":"2026-02-13T20:15:02","slug":"protections-de-bord-de-portiere-laterales-en-caoutchouc-et-acier-chrome-4pcs-%d8%b7%d9%82%d9%85-%d8%ad%d9%85%d8%a7%d9%8a%d8%a9-%d8%a3%d8%a8%d9%88%d8%a7%d8%a8-%d8%a7%d9%84%d8%b3%d9%8a%d8%a7","status":"publish","type":"product","link":"https:\/\/shoponlinedz.com\/en\/product\/protections-de-bord-de-portiere-laterales-en-caoutchouc-et-acier-chrome-4pcs-%d8%b7%d9%82%d9%85-%d8%ad%d9%85%d8%a7%d9%8a%d8%a9-%d8%a3%d8%a8%d9%88%d8%a7%d8%a8-%d8%a7%d9%84%d8%b3%d9%8a%d8%a7\/","title":{"rendered":"Protections de bord de porti\u00e8re lat\u00e9rales en caoutchouc et acier chrom\u00e9 4Pcs \u2013 \u0637\u0642\u0645 \u062d\u0645\u0627\u064a\u0629 \u0623\u0628\u0648\u0627\u0628 \u0627\u0644\u0633\u064a\u0627\u0631\u0629"},"content":{"rendered":"<figure class=\"attachment attachment--preview\" data-trix-attachment=\"{&quot;contentType&quot;:&quot;image&quot;,&quot;height&quot;:1024,&quot;url&quot;:&quot;https:\/\/sawa9ly.app\/storage\/65176\/Door-Guards-cnc-1.jpg&quot;,&quot;width&quot;:1024}\" data-trix-content-type=\"image\"><img decoding=\"async\" class=\"aligncenter\" src=\"https:\/\/sawa9ly.app\/storage\/65176\/Door-Guards-cnc-1.jpg\" width=\"1024\" height=\"1024\" \/><figcaption class=\"attachment__caption\"><\/figcaption><\/figure>\n<figure class=\"attachment attachment--preview\" data-trix-attachment=\"{&quot;contentType&quot;:&quot;image&quot;,&quot;height&quot;:1024,&quot;url&quot;:&quot;https:\/\/sawa9ly.app\/storage\/65177\/Door-Guards-7.jpg&quot;,&quot;width&quot;:1024}\" data-trix-content-type=\"image\"><img decoding=\"async\" class=\"aligncenter\" src=\"https:\/\/sawa9ly.app\/storage\/65177\/Door-Guards-7.jpg\" width=\"1024\" height=\"1024\" \/><figcaption class=\"attachment__caption\"><\/figcaption><\/figure>\n<figure class=\"attachment attachment--preview\" data-trix-attachment=\"{&quot;contentType&quot;:&quot;image&quot;,&quot;height&quot;:1024,&quot;url&quot;:&quot;https:\/\/sawa9ly.app\/storage\/65178\/Door-Guards-4.jpg&quot;,&quot;width&quot;:1024}\" data-trix-content-type=\"image\"><img decoding=\"async\" class=\"aligncenter\" src=\"https:\/\/sawa9ly.app\/storage\/65178\/Door-Guards-4.jpg\" width=\"1024\" height=\"1024\" \/><figcaption class=\"attachment__caption\"><\/figcaption><\/figure>\n<figure class=\"attachment attachment--preview\" data-trix-attachment=\"{&quot;contentType&quot;:&quot;image&quot;,&quot;height&quot;:1024,&quot;url&quot;:&quot;https:\/\/sawa9ly.app\/storage\/65179\/Door-Guards-2.jpg&quot;,&quot;width&quot;:1024}\" data-trix-content-type=\"image\"><img decoding=\"async\" class=\"aligncenter\" src=\"https:\/\/sawa9ly.app\/storage\/65179\/Door-Guards-2.jpg\" width=\"1024\" height=\"1024\" \/><figcaption class=\"attachment__caption\"><\/figcaption><\/figure>\n<figure class=\"attachment attachment--preview\" data-trix-attachment=\"{&quot;contentType&quot;:&quot;image&quot;,&quot;height&quot;:1024,&quot;url&quot;:&quot;https:\/\/sawa9ly.app\/storage\/65180\/Door-Guards-1.jpg&quot;,&quot;width&quot;:1024}\" data-trix-content-type=\"image\"><img decoding=\"async\" class=\"aligncenter\" src=\"https:\/\/sawa9ly.app\/storage\/65180\/Door-Guards-1.jpg\" width=\"1024\" height=\"1024\" \/><figcaption class=\"attachment__caption\"><\/figcaption><\/figure>\n<p style=\"text-align: center;\">","protected":false},"excerpt":{"rendered":"<p>\ud83d\udd30 \u062d\u0645\u0627\u064a\u0629 \u0645\u062a\u0643\u0627\u0645\u0644\u0629 \u0644\u0623\u0628\u0648\u0627\u0628 \u0627\u0644\u0633\u064a\u0627\u0631\u0629 \u0645\u0646 \u0627\u0644\u062e\u062f\u0648\u0634\u0627\u062d\u0645\u0650 \u0623\u0628\u0648\u0627\u0628 \u0633\u064a\u0627\u0631\u062a\u0643 \u0645\u0646 \u0627\u0644\u062e\u062f\u0648\u0634 \u0627\u0644\u064a\u0648\u0645\u064a\u0629 \u0648\u0627\u0644\u0635\u062f\u0645\u0627\u062a \u0627\u0644\u0639\u0631\u0636\u064a\u0629 \u0628\u0641\u0636\u0644 \u0648\u0627\u0642\u064a\u0627\u062a \u062d\u0648\u0627\u0641 \u0627\u0644\u0623\u0628\u0648\u0627\u0628 \u0627\u0644\u0645\u062d\u0633\u0651\u0646\u0629. \u0627\u0644\u0646\u0648\u0627\u0629 \u0627\u0644\u062f\u0627\u062e\u0644\u064a\u0629 \u0627\u0644\u0645\u0635\u0646\u0648\u0639\u0629 \u0645\u0646 \u0633\u0628\u0627\u0626\u0643 \u0627\u0644\u0632\u0646\u0643 \u0627\u0644\u0645\u0642\u0648\u0651\u0627\u0629 \u062a\u0639\u0645\u0644 \u0639\u0644\u0649 \u0627\u0645\u062a\u0635\u0627\u0635 \u0648\u062a\u0648\u0632\u064a\u0639 \u0642\u0648\u0629 \u0627\u0644\u0635\u062f\u0645\u0629 \u0628\u0641\u0639\u0627\u0644\u064a\u0629\u060c \u0645\u0645\u0627 \u064a\u0642\u0644\u0644 \u062a\u0644\u0641 \u0627\u0644\u0637\u0644\u0627\u0621 \u0648\u064a\u062d\u0627\u0641\u0638 \u0639\u0644\u0649 \u0645\u0638\u0647\u0631 \u0633\u064a\u0627\u0631\u062a\u0643 \u0643\u0627\u0644\u062c\u062f\u064a\u062f \u2728\ud83c\udfa8 \u062a\u0634\u0637\u064a\u0628 \u0641\u0627\u062e\u0631 \u0628\u0644\u0645\u0633\u0629 \u0639\u0635\u0631\u064a\u0629\u062a\u062a\u0645\u064a\u0651\u0632 \u0648\u0627\u0642\u064a\u0627\u062a \u0627\u0644\u0623\u0628\u0648\u0627\u0628 \u0628\u0633\u0637\u062d \u0645\u0637\u0641\u064a \u0623\u0646\u064a\u0642 \u0645\u0639 \u0645\u0644\u0645\u0633 \u0631\u0627\u0642\u064d\u060c \u064a\u0636\u064a\u0641 \u0644\u0645\u0633\u0629 \u0641\u062e\u0627\u0645\u0629 \u062f\u0648\u0646 \u0627\u0644\u062a\u0623\u062b\u064a\u0631 \u0639\u0644\u0649 \u0627\u0644\u062a\u0635\u0645\u064a\u0645 \u0627\u0644\u0623\u0635\u0644\u064a \u0644\u0644\u0633\u064a\u0627\u0631\u0629\u060c \u0644\u062a\u0646\u062f\u0645\u062c \u0628\u0633\u0644\u0627\u0633\u0629 \u0648\u0628\u0634\u0643\u0644 \u0623\u0646\u064a\u0642 \ud83d\udd25\ud83d\udcaa \u0645\u062a\u0627\u0646\u0629 \u0648\u0645\u0631\u0648\u0646\u0629 \u0639\u0627\u0644\u064a\u0629\u0645\u0635\u0646\u0648\u0639\u0629 \u0645\u0646 \u0645\u0632\u064a\u062c \u0642\u0648\u064a \u0645\u0646 \u0633\u0628\u0627\u0626\u0643 \u0627\u0644\u0632\u0646\u0643 + PVC \u0627\u0644\u0645\u062a\u064a\u0646\u060c \u0645\u0627 \u064a\u0645\u0646\u062d\u0647\u0627:\u0645\u0642\u0627\u0648\u0645\u0629 \u0645\u0645\u062a\u0627\u0632\u0629 \u0644\u0644\u062a\u0634\u0642\u0642 \u0648\u0627\u0644\u062a\u0634\u0648\u0651\u0647\u0623\u062f\u0627\u0621 \u062b\u0627\u0628\u062a \u062d\u062a\u0649 \u0641\u064a \u062f\u0631\u062c\u0627\u062a \u0627\u0644\u062d\u0631\u0627\u0631\u0629 \u0627\u0644\u0645\u0631\u062a\u0641\u0639\u0629 \u0623\u0648 \u0627\u0644\u0645\u0646\u062e\u0641\u0636\u0629\u062a\u062d\u0645\u0651\u0644 \u0627\u0644\u0627\u0633\u062a\u062e\u062f\u0627\u0645 \u0627\u0644\u0645\u062a\u0643\u0631\u0631 \u0639\u0644\u0649 \u0627\u0644\u0645\u062f\u0649 \u0627\u0644\u0637\u0648\u064a\u0644 \ud83d\udd27\u2744\ufe0f\u2600\ufe0f\ud83d\ude98 \u062a\u0648\u0627\u0641\u0642 \u0645\u062b\u0627\u0644\u064a \u0645\u0639 \u062c\u0645\u064a\u0639 \u0627\u0644\u0633\u064a\u0627\u0631\u0627\u062a\u064a\u062d\u062a\u0648\u064a \u0627\u0644\u0637\u0642\u0645 \u0639\u0644\u0649 4 \u0648\u0627\u0642\u064a\u0627\u062a \u0639\u0627\u0644\u0645\u064a\u0629 \u0644\u062d\u0648\u0627\u0641 \u0627\u0644\u0623\u0628\u0648\u0627\u0628 \ud83d\udccf \u0627\u0644\u0645\u0642\u0627\u0633: 103 \u00d7 19 \u0645\u0645 \u0645\u0635\u0645\u0645\u0629 \u0644\u062a\u0646\u0627\u0633\u0628 \u0645\u0639\u0638\u0645 \u0627\u0644\u0633\u064a\u0627\u0631\u0627\u062a \u0648\u062a\u0648\u0641\u0631 \u062d\u0645\u0627\u064a\u0629 \u0643\u0627\u0645\u0644\u0629 \u0644\u0644\u0623\u0628\u0648\u0627\u0628 \u0627\u0644\u0623\u0645\u0627\u0645\u064a\u0629 \u0648\u0627\u0644\u062e\u0644\u0641\u064a\u0629.\u26a1 \u062a\u0631\u0643\u064a\u0628 \u0633\u0631\u064a\u0639 \u0648\u0622\u0645\u06461\ufe0f\u20e3 \u0646\u0638\u0651\u0641 \u0648\u062c\u0641\u0641 \u0645\u0643\u0627\u0646 \u0627\u0644\u062a\u0631\u0643\u064a\u0628 \u062c\u064a\u062f\u064b\u0627 2\ufe0f\u20e3 \u0623\u0632\u0644 \u0627\u0644\u063a\u0634\u0627\u0621 \u0627\u0644\u0648\u0627\u0642\u064a \u0639\u0646 \u0627\u0644\u0634\u0631\u064a\u0637 \u0627\u0644\u0644\u0627\u0635\u0642 (\u064a\u0645\u0643\u0646 \u062a\u0633\u062e\u064a\u0646\u0647 \u0642\u0644\u064a\u0644\u064b\u0627 \u0628\u0645\u062c\u0641\u0641 \u0627\u0644\u0634\u0639\u0631 \u0644\u0632\u064a\u0627\u062f\u0629 \u0627\u0644\u0627\u0644\u062a\u0635\u0627\u0642) 3\ufe0f\u20e3 \u0636\u0639 \u0627\u0644\u0648\u0627\u0642\u064a \u0639\u0644\u0649 \u062d\u0627\u0641\u0629 \u0627\u0644\u0628\u0627\u0628 \u0648\u0627\u0636\u063a\u0637 \u0628\u0625\u062d\u0643\u0627\u0645 \u0644\u0644\u062d\u0635\u0648\u0644 \u0639\u0644\u0649 \u062a\u062b\u0628\u064a\u062a \u0645\u062b\u0627\u0644\u064a \u2714\ufe0f\u2705 \u0627\u0644\u062d\u0644 \u0627\u0644\u0645\u062b\u0627\u0644\u064a \u0644\u0644\u062d\u0641\u0627\u0638 \u0639\u0644\u0649 \u0633\u064a\u0627\u0631\u062a\u0643 \u0623\u0646\u064a\u0642\u0629 \u0648\u0645\u062d\u0645\u064a\u0629 \u0628\u0643\u0644 \u0633\u0647\u0648\u0644\u0629<\/p>","protected":false},"featured_media":65500,"comment_status":"open","ping_status":"closed","template":"","meta":[],"product_brand":[],"product_cat":[2458],"product_tag":[],"class_list":{"0":"post-65501","1":"product","2":"type-product","3":"status-publish","4":"has-post-thumbnail","6":"product_cat-accessoires-auto-moto","8":"first","9":"instock","10":"taxable","11":"shipping-taxable","12":"purchasable","13":"product-type-simple"},"jetpack_sharing_enabled":true,"_links":{"self":[{"href":"https:\/\/shoponlinedz.com\/en\/wp-json\/wp\/v2\/product\/65501","targetHints":{"allow":["GET"]}}],"collection":[{"href":"https:\/\/shoponlinedz.com\/en\/wp-json\/wp\/v2\/product"}],"about":[{"href":"https:\/\/shoponlinedz.com\/en\/wp-json\/wp\/v2\/types\/product"}],"replies":[{"embeddable":true,"href":"https:\/\/shoponlinedz.com\/en\/wp-json\/wp\/v2\/comments?post=65501"}],"version-history":[{"count":0,"href":"https:\/\/shoponlinedz.com\/en\/wp-json\/wp\/v2\/product\/65501\/revisions"}],"wp:featuredmedia":[{"embeddable":true,"href":"https:\/\/shoponlinedz.com\/en\/wp-json\/wp\/v2\/media\/65500"}],"wp:attachment":[{"href":"https:\/\/shoponlinedz.com\/en\/wp-json\/wp\/v2\/media?parent=65501"}],"wp:term":[{"taxonomy":"product_brand","embeddable":true,"href":"https:\/\/shoponlinedz.com\/en\/wp-json\/wp\/v2\/product_brand?post=65501"},{"taxonomy":"product_cat","embeddable":true,"href":"https:\/\/shoponlinedz.com\/en\/wp-json\/wp\/v2\/product_cat?post=65501"},{"taxonomy":"product_tag","embeddable":true,"href":"https:\/\/shoponlinedz.com\/en\/wp-json\/wp\/v2\/product_tag?post=65501"}],"curies":[{"name":"wp","href":"https:\/\/api.w.org\/{rel}","templated":true}]}}