{"id":65422,"date":"2026-01-07T11:56:33","date_gmt":"2026-01-07T11:56:33","guid":{"rendered":"https:\/\/shoponlinedz.com\/product\/retroviseur-de-voiture-ecran-lcd-7-pouces-bluetooth-temperature\/"},"modified":"2026-02-13T21:15:06","modified_gmt":"2026-02-13T20:15:06","slug":"retroviseur-de-voiture-ecran-lcd-7-pouces-bluetooth-temperature","status":"publish","type":"product","link":"https:\/\/shoponlinedz.com\/en\/product\/retroviseur-de-voiture-ecran-lcd-7-pouces-bluetooth-temperature\/","title":{"rendered":"R\u00e9troviseur de voiture \u00e9cran LCD 7 pouces bluetooth, temp\u00e9rature"},"content":{"rendered":"<figure class=\"attachment attachment--preview\" data-trix-attachment=\"{&quot;contentType&quot;:&quot;image&quot;,&quot;height&quot;:1024,&quot;url&quot;:&quot;https:\/\/sawaqli.fra1.cdn.digitaloceanspaces.com\/347\/WhatsApp-Image-2022-05-09-at-21.13.13.jpeg&quot;,&quot;width&quot;:1024}\" data-trix-content-type=\"image\"><img decoding=\"async\" class=\"aligncenter\" src=\"https:\/\/sawaqli.fra1.cdn.digitaloceanspaces.com\/347\/WhatsApp-Image-2022-05-09-at-21.13.13.jpeg\" width=\"1024\" height=\"1024\" \/><figcaption class=\"attachment__caption\"><\/figcaption><\/figure>\n<figure class=\"attachment attachment--preview\" data-trix-attachment=\"{&quot;contentType&quot;:&quot;image&quot;,&quot;height&quot;:1024,&quot;url&quot;:&quot;https:\/\/sawaqli.fra1.cdn.digitaloceanspaces.com\/348\/WhatsApp-Image-2022-05-09-at-21.13.12.jpeg&quot;,&quot;width&quot;:1024}\" data-trix-content-type=\"image\"><img decoding=\"async\" class=\"aligncenter\" src=\"https:\/\/sawaqli.fra1.cdn.digitaloceanspaces.com\/348\/WhatsApp-Image-2022-05-09-at-21.13.12.jpeg\" width=\"1024\" height=\"1024\" \/><figcaption class=\"attachment__caption\"><\/figcaption><\/figure>\n<figure class=\"attachment attachment--preview\" data-trix-attachment=\"{&quot;contentType&quot;:&quot;image&quot;,&quot;height&quot;:1024,&quot;url&quot;:&quot;https:\/\/sawaqli.fra1.cdn.digitaloceanspaces.com\/349\/WhatsApp-Image-2022-05-09-at-21.13.14.jpeg&quot;,&quot;width&quot;:1024}\" data-trix-content-type=\"image\"><img decoding=\"async\" class=\"aligncenter\" src=\"https:\/\/sawaqli.fra1.cdn.digitaloceanspaces.com\/349\/WhatsApp-Image-2022-05-09-at-21.13.14.jpeg\" width=\"1024\" height=\"1024\" \/><figcaption class=\"attachment__caption\"><\/figcaption><\/figure>\n<figure class=\"attachment attachment--preview\" data-trix-attachment=\"{&quot;contentType&quot;:&quot;image&quot;,&quot;height&quot;:1024,&quot;url&quot;:&quot;https:\/\/sawaqli.fra1.cdn.digitaloceanspaces.com\/350\/WhatsApp-Image-2022-05-09-at-21.13.13-3.jpeg&quot;,&quot;width&quot;:1024}\" data-trix-content-type=\"image\"><img decoding=\"async\" class=\"aligncenter\" src=\"https:\/\/sawaqli.fra1.cdn.digitaloceanspaces.com\/350\/WhatsApp-Image-2022-05-09-at-21.13.13-3.jpeg\" width=\"1024\" height=\"1024\" \/><figcaption class=\"attachment__caption\"><\/figcaption><\/figure>\n<figure class=\"attachment attachment--preview\" data-trix-attachment=\"{&quot;contentType&quot;:&quot;image&quot;,&quot;height&quot;:1024,&quot;url&quot;:&quot;https:\/\/sawaqli.fra1.cdn.digitaloceanspaces.com\/351\/WhatsApp-Image-2022-05-09-at-21.13.14-1.jpeg&quot;,&quot;width&quot;:1024}\" data-trix-content-type=\"image\"><img decoding=\"async\" class=\"aligncenter\" src=\"https:\/\/sawaqli.fra1.cdn.digitaloceanspaces.com\/351\/WhatsApp-Image-2022-05-09-at-21.13.14-1.jpeg\" width=\"1024\" height=\"1024\" \/><figcaption class=\"attachment__caption\"><\/figcaption><\/figure>\n<p style=\"text-align: center;\">","protected":false},"excerpt":{"rendered":"<p>\u0634\u0627\u0634\u0629 \u0645\u0631\u0622\u0629 \u0633\u064a\u0627\u0631\u0629 LCD TFT \u0628\u062d\u062c\u0645 7 \u0628\u0648\u0635\u0627\u062a\u062f\u0642\u0629 \u200e1024\u00d7600\u200e \u0645\u0639 \u062f\u0639\u0645 Bluetooth \u0648MP5 \u0648\u0631\u0627\u062f\u064a\u0648 FM \u0648\u0639\u0631\u0636 \u0627\u0644\u0635\u0648\u0631 \u0639\u0628\u0631 USB \u0623\u0648 \u0628\u0637\u0627\u0642\u0629 TF.\u062a\u062f\u0639\u0645 \u0643\u0627\u0645\u064a\u0631\u0627 \u0627\u0644\u0631\u062c\u0648\u0639 \u0644\u0644\u062e\u0644\u0641 \u0648\u062a\u0639\u0645\u0644 \u0628\u0645\u0639\u0627\u064a\u064a\u0631 PAL \/ NTSC.\u062a\u0639\u0645\u0644 \u0641\u064a \u062f\u0631\u062c\u0627\u062a \u062d\u0631\u0627\u0631\u0629 \u0645\u0646 \u200e-20 \u0625\u0644\u0649 65\u200e \u0648\u062a\u062d\u0641\u0638 \u062d\u062a\u0649 \u200e-30 \u0625\u0644\u0649 80\u200e.\u0627\u0633\u062a\u0647\u0644\u0627\u0643 \u0627\u0644\u0637\u0627\u0642\u0629 7 \u0648\u0627\u0637 \u0645\u0639 3 \u0645\u062f\u0627\u062e\u0644 \u0641\u064a\u062f\u064a\u0648 (AV1\/AV2\/Mp5) \u0648\u062a\u063a\u064a\u064a\u0631 \u062a\u0644\u0642\u0627\u0626\u064a \u0639\u0646\u062f \u0627\u0644\u062a\u0648\u0642\u0641.\u062a\u062f\u0639\u0645 \u0635\u064a\u063a \u0627\u0644\u0641\u064a\u062f\u064a\u0648 \u0648\u0627\u0644\u0635\u0648\u062a \u0627\u0644\u0645\u062a\u0639\u062f\u062f\u0629 \u0645\u062b\u0644 MPEG\u060c MKV\u060c AVI\u060c MP3 \u0648\u063a\u064a\u0631\u0647\u0627.\u0627\u0644\u062d\u0632\u0645\u0629 \u062a\u0634\u0645\u0644: \u0634\u0627\u0634\u0629 \u0627\u0644\u0645\u0631\u0622\u0629\u060c \u0643\u0627\u0628\u0644 \u0627\u0644\u062a\u0648\u0635\u064a\u0644\u060c \u0627\u0644\u0635\u0646\u062f\u0648\u0642 \u0648\u062f\u0644\u064a\u0644 \u0627\u0644\u0627\u0633\u062a\u062e\u062f\u0627\u0645.<\/p>","protected":false},"featured_media":65421,"comment_status":"open","ping_status":"closed","template":"","meta":[],"product_brand":[],"product_cat":[2458],"product_tag":[],"class_list":{"0":"post-65422","1":"product","2":"type-product","3":"status-publish","4":"has-post-thumbnail","6":"product_cat-accessoires-auto-moto","8":"first","9":"instock","10":"taxable","11":"shipping-taxable","12":"purchasable","13":"product-type-simple"},"jetpack_sharing_enabled":true,"_links":{"self":[{"href":"https:\/\/shoponlinedz.com\/en\/wp-json\/wp\/v2\/product\/65422","targetHints":{"allow":["GET"]}}],"collection":[{"href":"https:\/\/shoponlinedz.com\/en\/wp-json\/wp\/v2\/product"}],"about":[{"href":"https:\/\/shoponlinedz.com\/en\/wp-json\/wp\/v2\/types\/product"}],"replies":[{"embeddable":true,"href":"https:\/\/shoponlinedz.com\/en\/wp-json\/wp\/v2\/comments?post=65422"}],"version-history":[{"count":0,"href":"https:\/\/shoponlinedz.com\/en\/wp-json\/wp\/v2\/product\/65422\/revisions"}],"wp:featuredmedia":[{"embeddable":true,"href":"https:\/\/shoponlinedz.com\/en\/wp-json\/wp\/v2\/media\/65421"}],"wp:attachment":[{"href":"https:\/\/shoponlinedz.com\/en\/wp-json\/wp\/v2\/media?parent=65422"}],"wp:term":[{"taxonomy":"product_brand","embeddable":true,"href":"https:\/\/shoponlinedz.com\/en\/wp-json\/wp\/v2\/product_brand?post=65422"},{"taxonomy":"product_cat","embeddable":true,"href":"https:\/\/shoponlinedz.com\/en\/wp-json\/wp\/v2\/product_cat?post=65422"},{"taxonomy":"product_tag","embeddable":true,"href":"https:\/\/shoponlinedz.com\/en\/wp-json\/wp\/v2\/product_tag?post=65422"}],"curies":[{"name":"wp","href":"https:\/\/api.w.org\/{rel}","templated":true}]}}