{"id":65349,"date":"2026-01-07T11:53:14","date_gmt":"2026-01-07T11:53:14","guid":{"rendered":"https:\/\/shoponlinedz.com\/product\/kit-de-securite-triangle-et-gilet-de-signalisation-de-secours\/"},"modified":"2026-02-13T21:15:09","modified_gmt":"2026-02-13T20:15:09","slug":"kit-de-securite-triangle-et-gilet-de-signalisation-de-secours","status":"publish","type":"product","link":"https:\/\/shoponlinedz.com\/en\/product\/kit-de-securite-triangle-et-gilet-de-signalisation-de-secours\/","title":{"rendered":"Kit de S\u00e9curit\u00e9 Triangle Et Gilet De Signalisation De Secours"},"content":{"rendered":"<figure class=\"attachment attachment--preview\" data-trix-attachment=\"{&quot;contentType&quot;:&quot;image&quot;,&quot;height&quot;:1024,&quot;url&quot;:&quot;https:\/\/sawaqli.fra1.cdn.digitaloceanspaces.com\/22757\/Kit-Signal-cnc.jpg&quot;,&quot;width&quot;:1024}\" data-trix-content-type=\"image\"><img decoding=\"async\" class=\"aligncenter\" src=\"https:\/\/sawaqli.fra1.cdn.digitaloceanspaces.com\/22757\/Kit-Signal-cnc.jpg\" width=\"1024\" height=\"1024\" \/><figcaption class=\"attachment__caption\"><\/figcaption><\/figure>\n<figure class=\"attachment attachment--preview\" data-trix-attachment=\"{&quot;contentType&quot;:&quot;image&quot;,&quot;height&quot;:1024,&quot;url&quot;:&quot;https:\/\/sawaqli.fra1.cdn.digitaloceanspaces.com\/479\/%D8%A7%D9%84%D9%81%D9%88%D9%84%D8%A7%D8%B0-%D8%A7%D9%84%D9%85%D9%82%D8%A7%D9%88%D9%85-%D9%84%D9%84%D8%B5%D8%AF%D8%A3-13.jpg&quot;,&quot;width&quot;:1024}\" data-trix-content-type=\"image\"><img decoding=\"async\" class=\"aligncenter\" src=\"https:\/\/sawaqli.fra1.cdn.digitaloceanspaces.com\/479\/%D8%A7%D9%84%D9%81%D9%88%D9%84%D8%A7%D8%B0-%D8%A7%D9%84%D9%85%D9%82%D8%A7%D9%88%D9%85-%D9%84%D9%84%D8%B5%D8%AF%D8%A3-13.jpg\" width=\"1024\" height=\"1024\" \/><figcaption class=\"attachment__caption\"><\/figcaption><\/figure>\n<figure class=\"attachment attachment--preview\" data-trix-attachment=\"{&quot;contentType&quot;:&quot;image&quot;,&quot;height&quot;:1024,&quot;url&quot;:&quot;https:\/\/sawaqli.fra1.cdn.digitaloceanspaces.com\/480\/KIT-TRI-GIL-FR-2.jpg&quot;,&quot;width&quot;:1024}\" data-trix-content-type=\"image\"><img decoding=\"async\" class=\"aligncenter\" src=\"https:\/\/sawaqli.fra1.cdn.digitaloceanspaces.com\/480\/KIT-TRI-GIL-FR-2.jpg\" width=\"1024\" height=\"1024\" \/><figcaption class=\"attachment__caption\"><\/figcaption><\/figure>\n<figure class=\"attachment attachment--preview\" data-trix-attachment=\"{&quot;contentType&quot;:&quot;image&quot;,&quot;height&quot;:1024,&quot;url&quot;:&quot;https:\/\/sawaqli.fra1.cdn.digitaloceanspaces.com\/481\/KIT-TRI-GIL-FR-1.jpg&quot;,&quot;width&quot;:1024}\" data-trix-content-type=\"image\"><img decoding=\"async\" class=\"aligncenter\" src=\"https:\/\/sawaqli.fra1.cdn.digitaloceanspaces.com\/481\/KIT-TRI-GIL-FR-1.jpg\" width=\"1024\" height=\"1024\" \/><figcaption class=\"attachment__caption\"><\/figcaption><\/figure>\n<p style=\"text-align: center;\">","protected":false},"excerpt":{"rendered":"<p>\u0633\u062a\u0631\u0629 \u0623\u0645\u0627\u0646 \u0639\u0627\u0643\u0633\u0629 + \u0645\u062b\u0644\u062b \u062a\u062d\u0630\u064a\u0631 \u0633\u062a\u0631\u0629 \u0623\u0645\u0627\u0646 \u0635\u0641\u0631\u0627\u0621 \u0639\u0627\u0643\u0633\u0629 \u0644\u0632\u064a\u0627\u062f\u0629 \u0627\u0644\u0631\u0624\u064a\u0629 \u0639\u0644\u0649 \u062c\u0627\u0646\u0628 \u0627\u0644\u0637\u0631\u064a\u0642 \u0639\u0646\u062f \u0627\u0644\u062a\u0648\u0642\u0641. \u064a\u062c\u0628 \u0639\u0644\u0649 \u0627\u0644\u0633\u0627\u0626\u0642\u064a\u0646 \u0627\u0631\u062a\u062f\u0627\u0624\u0647\u0627 \u0639\u0646\u062f \u0645\u063a\u0627\u062f\u0631\u0629 \u0627\u0644\u0633\u064a\u0627\u0631\u0629. \u064a\u0645\u0643\u0646 \u0627\u0633\u062a\u062e\u062f\u0627\u0645\u0647\u0627 \u0643\u0645\u062b\u0644\u062b \u0637\u0648\u0627\u0631\u0626 \u0641\u064a \u062d\u0627\u0644 \u062a\u0639\u0637\u0644 \u0627\u0644\u0633\u064a\u0627\u0631\u0629. \u064a\u062c\u0628 \u0648\u0636\u0639 \u0645\u062b\u0644\u062b \u0627\u0644\u062a\u062d\u0630\u064a\u0631 \u0639\u0644\u0649 \u0628\u0639\u062f 30 \u0645\u062a\u0631\u064b\u0627 \u0641\u064a \u062d\u0627\u0644\u0627\u062a \u0627\u0644\u062a\u0648\u0642\u0641 \u0627\u0644\u0645\u0641\u0627\u062c\u0626. \u0636\u0631\u0648\u0631\u064a\u0629 \u0641\u064a \u0643\u0644 \u0645\u0631\u0643\u0628\u0629\u060c \u0645\u0631\u0626\u064a\u0629 \u0645\u0646 \u0645\u0633\u0627\u0641\u0627\u062a \u0628\u0639\u064a\u062f\u0629 \u0648\u0645\u0646\u0627\u0633\u0628\u0629 \u0644\u062c\u0645\u064a\u0639 \u062d\u0627\u0644\u0627\u062a \u0627\u0644\u0637\u0648\u0627\u0631\u0626. Ce kit comprenant un gilet jaune r\u00e9fl\u00e9chissant et un triangle de signalisation vous seront bien utile pour signaler votre v\u00e9hicule et vous mettre vous et vos passagers en s\u00e9curit\u00e9.Un kit simple d\u2019utilisation et discretVendu avec son sac en nylon. Ce kit de s\u00e9curit\u00e9 se rangera en toute discr\u00e9tion dans votre coffre.Simple d\u2019utilisation, nos produits sont pr\u00e9vus pour vous faire vivre une exp\u00e9rience d\u2019utilisation simple et rassurante.Avec notre Kit de S\u00e9curit\u00e9, partez sur les routes l\u2019esprit tranquille.<\/p>","protected":false},"featured_media":65348,"comment_status":"open","ping_status":"closed","template":"","meta":[],"product_brand":[],"product_cat":[2458],"product_tag":[],"class_list":{"0":"post-65349","1":"product","2":"type-product","3":"status-publish","4":"has-post-thumbnail","6":"product_cat-accessoires-auto-moto","8":"first","9":"instock","10":"taxable","11":"shipping-taxable","12":"purchasable","13":"product-type-simple"},"jetpack_sharing_enabled":true,"_links":{"self":[{"href":"https:\/\/shoponlinedz.com\/en\/wp-json\/wp\/v2\/product\/65349","targetHints":{"allow":["GET"]}}],"collection":[{"href":"https:\/\/shoponlinedz.com\/en\/wp-json\/wp\/v2\/product"}],"about":[{"href":"https:\/\/shoponlinedz.com\/en\/wp-json\/wp\/v2\/types\/product"}],"replies":[{"embeddable":true,"href":"https:\/\/shoponlinedz.com\/en\/wp-json\/wp\/v2\/comments?post=65349"}],"version-history":[{"count":0,"href":"https:\/\/shoponlinedz.com\/en\/wp-json\/wp\/v2\/product\/65349\/revisions"}],"wp:featuredmedia":[{"embeddable":true,"href":"https:\/\/shoponlinedz.com\/en\/wp-json\/wp\/v2\/media\/65348"}],"wp:attachment":[{"href":"https:\/\/shoponlinedz.com\/en\/wp-json\/wp\/v2\/media?parent=65349"}],"wp:term":[{"taxonomy":"product_brand","embeddable":true,"href":"https:\/\/shoponlinedz.com\/en\/wp-json\/wp\/v2\/product_brand?post=65349"},{"taxonomy":"product_cat","embeddable":true,"href":"https:\/\/shoponlinedz.com\/en\/wp-json\/wp\/v2\/product_cat?post=65349"},{"taxonomy":"product_tag","embeddable":true,"href":"https:\/\/shoponlinedz.com\/en\/wp-json\/wp\/v2\/product_tag?post=65349"}],"curies":[{"name":"wp","href":"https:\/\/api.w.org\/{rel}","templated":true}]}}