{"id":65322,"date":"2026-01-07T11:52:04","date_gmt":"2026-01-07T11:52:04","guid":{"rendered":"https:\/\/shoponlinedz.com\/product\/metama-lampe-energie-solaire-3w-powerbank-batterie-3000mah-cable-usb\/"},"modified":"2026-02-13T21:15:12","modified_gmt":"2026-02-13T20:15:12","slug":"metama-lampe-energie-solaire-3w-powerbank-batterie-3000mah-cable-usb","status":"publish","type":"product","link":"https:\/\/shoponlinedz.com\/en\/product\/metama-lampe-energie-solaire-3w-powerbank-batterie-3000mah-cable-usb\/","title":{"rendered":"Metama Lampe Energie Solaire 3W + Powerbank (Batterie 3000Mah + C\u00e2ble Usb)"},"content":{"rendered":"<figure class=\"attachment attachment--preview\" data-trix-attachment=\"{&quot;contentType&quot;:&quot;image&quot;,&quot;height&quot;:1024,&quot;url&quot;:&quot;https:\/\/sawaqli.fra1.cdn.digitaloceanspaces.com\/543\/bestway-unicorne-2.jpg&quot;,&quot;width&quot;:1024}\" data-trix-content-type=\"image\"><img decoding=\"async\" class=\"aligncenter\" src=\"https:\/\/sawaqli.fra1.cdn.digitaloceanspaces.com\/543\/bestway-unicorne-2.jpg\" width=\"1024\" height=\"1024\" \/><figcaption class=\"attachment__caption\"><\/figcaption><\/figure>\n<figure class=\"attachment attachment--preview\" data-trix-attachment=\"{&quot;contentType&quot;:&quot;image&quot;,&quot;height&quot;:1024,&quot;url&quot;:&quot;https:\/\/sawaqli.fra1.cdn.digitaloceanspaces.com\/544\/2-1.jpg&quot;,&quot;width&quot;:1024}\" data-trix-content-type=\"image\"><img decoding=\"async\" class=\"aligncenter\" src=\"https:\/\/sawaqli.fra1.cdn.digitaloceanspaces.com\/544\/2-1.jpg\" width=\"1024\" height=\"1024\" \/><figcaption class=\"attachment__caption\"><\/figcaption><\/figure>\n<figure class=\"attachment attachment--preview\" data-trix-attachment=\"{&quot;contentType&quot;:&quot;image&quot;,&quot;height&quot;:1024,&quot;url&quot;:&quot;https:\/\/sawaqli.fra1.cdn.digitaloceanspaces.com\/545\/3-2.jpg&quot;,&quot;width&quot;:1024}\" data-trix-content-type=\"image\"><img decoding=\"async\" class=\"aligncenter\" src=\"https:\/\/sawaqli.fra1.cdn.digitaloceanspaces.com\/545\/3-2.jpg\" width=\"1024\" height=\"1024\" \/><figcaption class=\"attachment__caption\"><\/figcaption><\/figure>\n<figure class=\"attachment attachment--preview\" data-trix-attachment=\"{&quot;contentType&quot;:&quot;image&quot;,&quot;height&quot;:1024,&quot;url&quot;:&quot;https:\/\/sawaqli.fra1.cdn.digitaloceanspaces.com\/546\/4-1.jpg&quot;,&quot;width&quot;:1024}\" data-trix-content-type=\"image\"><img decoding=\"async\" class=\"aligncenter\" src=\"https:\/\/sawaqli.fra1.cdn.digitaloceanspaces.com\/546\/4-1.jpg\" width=\"1024\" height=\"1024\" \/><figcaption class=\"attachment__caption\"><\/figcaption><\/figure>\n<figure class=\"attachment attachment--preview\" data-trix-attachment=\"{&quot;contentType&quot;:&quot;image&quot;,&quot;height&quot;:1024,&quot;url&quot;:&quot;https:\/\/sawaqli.fra1.cdn.digitaloceanspaces.com\/547\/5.jpg&quot;,&quot;width&quot;:1024}\" data-trix-content-type=\"image\"><img decoding=\"async\" class=\"aligncenter\" src=\"https:\/\/sawaqli.fra1.cdn.digitaloceanspaces.com\/547\/5.jpg\" width=\"1024\" height=\"1024\" \/><figcaption class=\"attachment__caption\"><\/figcaption><\/figure>\n<p style=\"text-align: center\">","protected":false},"excerpt":{"rendered":"<p>Caract\u00e9ristiques:-3W d\u2019\u00e9conomie d\u2019\u00e9nergieRechargeable par la lumi\u00e8re du soleil (solaire, 6-10h) ou par c\u00e2ble de charge USB (5V\/DC).Peut \u00eatre utilis\u00e9 pour recharger vos t\u00e9l\u00e9phones portables*Intensit\u00e9 lumineuse : appuyez une fois sur le bouton pour le mode Dim Appuyez \u00e0 nouveau pour le mode Lumineux ; Appuyez une fois de plus pour \u00e9teindre.Dimensions LxlxH : env. 14\u00d722,5x2cmPoids: 0.3KGTension nominale : 5 VCourant nominal : 1 ASortie USB : 5 V\/1 APuissance : 3W\/1WCapacit\u00e9 de la batterie : 3000 mAh\/3,7 V pr\u00e9-install\u00e9LED: 20pcs lumi\u00e8res LED SMDLongueur du c\u00e2ble de charge : env. 85cm ~ ~ ~ Pr\u00e9cautions:1) Pour assurer la long\u00e9vit\u00e9 de la batterie, veuillez charger la lumi\u00e8re solaire lorsque la LED semble faible\/faible par rapport \u00e0 avant. 2) Si vous ne pr\u00e9voyez pas d\u2019utiliser ce produit souvent, veuillez le recharger tous les trois mois. ~ ~ ~ Instructions:1) Lors du chargement de ce produit, connectez l\u2019extr\u00e9mit\u00e9 (micro-USB) du c\u00e2ble USB donn\u00e9 au panneau solaire avec l\u2019extr\u00e9mit\u00e9 USB \u00e0 une source DC 5V \/1A. Lors de la charge, le voyant lumineux continue de clignoter et lorsqu\u2019il est compl\u00e8tement charg\u00e9, le voyant lumineux s\u2019allume compl\u00e8tement. Il faudra environ 5 heures pour une charge compl\u00e8te. 2) Si vous utilisez la lumi\u00e8re du soleil pour charger ce produit, veuillez \u00e9teindre le bouton d\u2019alimentation de ce produit et orienter le panneau solaire vers le soleil. Lors de la charge, le voyant doit s\u2019allumer. Il faudra 6 \u00e0 10 heures pour une charge compl\u00e8te par une journ\u00e9e ensoleill\u00e9e. 3) Si vous pr\u00e9voyez de charger votre t\u00e9l\u00e9phone portable \u00e0 l\u2019aide de ce produit, veuillez utiliser votre propre c\u00e2ble de charge. Ins\u00e9rez l\u2019extr\u00e9mit\u00e9 USB de votre propre c\u00e2ble dans le port USB de ce produit pour lancer le processus de charge. 4) Pour l\u2019intensit\u00e9 lumineuse, appuyez une fois sur le bouton d\u2019alimentation pour le mode Dim ; Appuyez \u00e0 nouveau pour le mode Lumineux ; Appuyez une fois de plus pour \u00e9teindre.<\/p>","protected":false},"featured_media":65321,"comment_status":"open","ping_status":"closed","template":"","meta":[],"product_brand":[],"product_cat":[2464],"product_tag":[],"class_list":{"0":"post-65322","1":"product","2":"type-product","3":"status-publish","4":"has-post-thumbnail","6":"product_cat-camping-et-randonnee","8":"first","9":"outofstock","10":"taxable","11":"shipping-taxable","12":"purchasable","13":"product-type-simple"},"jetpack_sharing_enabled":true,"_links":{"self":[{"href":"https:\/\/shoponlinedz.com\/en\/wp-json\/wp\/v2\/product\/65322","targetHints":{"allow":["GET"]}}],"collection":[{"href":"https:\/\/shoponlinedz.com\/en\/wp-json\/wp\/v2\/product"}],"about":[{"href":"https:\/\/shoponlinedz.com\/en\/wp-json\/wp\/v2\/types\/product"}],"replies":[{"embeddable":true,"href":"https:\/\/shoponlinedz.com\/en\/wp-json\/wp\/v2\/comments?post=65322"}],"version-history":[{"count":0,"href":"https:\/\/shoponlinedz.com\/en\/wp-json\/wp\/v2\/product\/65322\/revisions"}],"wp:featuredmedia":[{"embeddable":true,"href":"https:\/\/shoponlinedz.com\/en\/wp-json\/wp\/v2\/media\/65321"}],"wp:attachment":[{"href":"https:\/\/shoponlinedz.com\/en\/wp-json\/wp\/v2\/media?parent=65322"}],"wp:term":[{"taxonomy":"product_brand","embeddable":true,"href":"https:\/\/shoponlinedz.com\/en\/wp-json\/wp\/v2\/product_brand?post=65322"},{"taxonomy":"product_cat","embeddable":true,"href":"https:\/\/shoponlinedz.com\/en\/wp-json\/wp\/v2\/product_cat?post=65322"},{"taxonomy":"product_tag","embeddable":true,"href":"https:\/\/shoponlinedz.com\/en\/wp-json\/wp\/v2\/product_tag?post=65322"}],"curies":[{"name":"wp","href":"https:\/\/api.w.org\/{rel}","templated":true}]}}