{"id":65267,"date":"2026-01-07T11:49:24","date_gmt":"2026-01-07T11:49:24","guid":{"rendered":"https:\/\/shoponlinedz.com\/product\/hydro-force-cove-champion-kayak-gonflable-275-x-81cm-bestway65115\/"},"modified":"2026-02-13T21:15:15","modified_gmt":"2026-02-13T20:15:15","slug":"hydro-force-cove-champion-kayak-gonflable-275-x-81cm-bestway65115","status":"publish","type":"product","link":"https:\/\/shoponlinedz.com\/en\/product\/hydro-force-cove-champion-kayak-gonflable-275-x-81cm-bestway65115\/","title":{"rendered":"Hydro-Force Cove Champion Kayak Gonflable 275 x 81cm Bestway#65115"},"content":{"rendered":"<figure class=\"attachment attachment--preview\" data-trix-attachment=\"{&quot;contentType&quot;:&quot;image&quot;,&quot;height&quot;:1024,&quot;url&quot;:&quot;https:\/\/sawaqli.fra1.cdn.digitaloceanspaces.com\/700\/Untitled-design.png&quot;,&quot;width&quot;:1024}\" data-trix-content-type=\"image\"><img decoding=\"async\" class=\"aligncenter\" src=\"https:\/\/sawaqli.fra1.cdn.digitaloceanspaces.com\/700\/Untitled-design.png\" width=\"1024\" height=\"1024\" \/><figcaption class=\"attachment__caption\"><\/figcaption><\/figure>\n<figure class=\"attachment attachment--preview\" data-trix-attachment=\"{&quot;contentType&quot;:&quot;image&quot;,&quot;height&quot;:1024,&quot;url&quot;:&quot;https:\/\/sawaqli.fra1.cdn.digitaloceanspaces.com\/701\/76ca2f1057dfe595496d883f09ee11e4e2483aba_1.jpg&quot;,&quot;width&quot;:1024}\" data-trix-content-type=\"image\"><img decoding=\"async\" class=\"aligncenter\" src=\"https:\/\/sawaqli.fra1.cdn.digitaloceanspaces.com\/701\/76ca2f1057dfe595496d883f09ee11e4e2483aba_1.jpg\" width=\"1024\" height=\"1024\" \/><figcaption class=\"attachment__caption\"><\/figcaption><\/figure>\n<figure class=\"attachment attachment--preview\" data-trix-attachment=\"{&quot;contentType&quot;:&quot;image&quot;,&quot;height&quot;:1024,&quot;url&quot;:&quot;https:\/\/sawaqli.fra1.cdn.digitaloceanspaces.com\/702\/Bestway-Barque-Kayak-65115-6.jpg&quot;,&quot;width&quot;:1024}\" data-trix-content-type=\"image\"><img decoding=\"async\" class=\"aligncenter\" src=\"https:\/\/sawaqli.fra1.cdn.digitaloceanspaces.com\/702\/Bestway-Barque-Kayak-65115-6.jpg\" width=\"1024\" height=\"1024\" \/><figcaption class=\"attachment__caption\"><\/figcaption><\/figure>\n<figure class=\"attachment attachment--preview\" data-trix-attachment=\"{&quot;contentType&quot;:&quot;image&quot;,&quot;height&quot;:1024,&quot;url&quot;:&quot;https:\/\/sawaqli.fra1.cdn.digitaloceanspaces.com\/703\/Bestway-Barque-Kayak-65115-1.jpg&quot;,&quot;width&quot;:1024}\" data-trix-content-type=\"image\"><img decoding=\"async\" class=\"aligncenter\" src=\"https:\/\/sawaqli.fra1.cdn.digitaloceanspaces.com\/703\/Bestway-Barque-Kayak-65115-1.jpg\" width=\"1024\" height=\"1024\" \/><figcaption class=\"attachment__caption\"><\/figcaption><\/figure>\n<figure class=\"attachment attachment--preview\" data-trix-attachment=\"{&quot;contentType&quot;:&quot;image&quot;,&quot;height&quot;:1024,&quot;url&quot;:&quot;https:\/\/sawaqli.fra1.cdn.digitaloceanspaces.com\/704\/Bestway-Barque-Kayak-65115-11.jpg&quot;,&quot;width&quot;:1024}\" data-trix-content-type=\"image\"><img decoding=\"async\" class=\"aligncenter\" src=\"https:\/\/sawaqli.fra1.cdn.digitaloceanspaces.com\/704\/Bestway-Barque-Kayak-65115-11.jpg\" width=\"1024\" height=\"1024\" \/><figcaption class=\"attachment__caption\"><\/figcaption><\/figure>\n<p style=\"text-align: center;\">","protected":false},"excerpt":{"rendered":"<p>\u0643\u0627\u064a\u0643 \u0647\u0648\u0627\u0626\u064a \u0645\u0639 \u0645\u062c\u062f\u0627\u0641 Hydro-Force Bestway 65115\u0645\u062c\u062f\u0627\u0641 \u0645\u0632\u062f\u0648\u062c \u0645\u0646 \u0627\u0644\u0623\u0644\u0645\u0646\u064a\u0648\u0645 \u0628\u0637\u0648\u0644 218 \u0633\u0645 \u0645\u0639 \u0645\u0642\u0628\u0636 \u0645\u0627\u0646\u0639 \u0644\u0644\u0627\u0646\u0632\u0644\u0627\u0642.\u0632\u0639\u0646\u0641\u0629 \u0633\u0641\u0644\u064a\u0629 \u0642\u0627\u0628\u0644\u0629 \u0644\u0644\u0625\u0632\u0627\u0644\u0629 \u0644\u0644\u062d\u0641\u0627\u0638 \u0639\u0644\u0649 \u0627\u0644\u062a\u0648\u0627\u0632\u0646.\u062e\u0641\u064a\u0641 \u0627\u0644\u0648\u0632\u0646 \u0648\u0633\u0647\u0644 \u0627\u0644\u062d\u0645\u0644 \u0645\u0639 \u062d\u0628\u0627\u0644 \u062c\u0627\u0646\u0628\u064a\u0629 \u0642\u0648\u064a\u0629.\u0645\u0642\u0635\u0648\u0631\u0629 \u0648\u0627\u0633\u0639\u0629 \u0648\u0645\u0631\u064a\u062d\u0629 \u0645\u0639 \u0645\u0633\u0646\u062f \u0638\u0647\u0631 \u0642\u0627\u0628\u0644 \u0644\u0644\u0625\u0632\u0627\u0644\u0629.\u0645\u0646\u0627\u0633\u0628 \u0644\u0634\u062e\u0635 \u0648\u0627\u062d\u062f \u0628\u0642\u062f\u0631\u0629 \u062a\u062d\u0645\u0644 \u062a\u0635\u0644 \u0625\u0644\u0649 100 \u0643\u063a.\u064a\u0634\u0645\u0644 \u0627\u0644\u0645\u062c\u0627\u062f\u064a\u0641 \u0648\u0627\u0644\u0645\u0636\u062e\u0629 \u0627\u0644\u064a\u062f\u0648\u064a\u0629.\u062a\u0635\u0645\u064a\u0645 \u0639\u0645\u0644\u064a \u0648\u0633\u0631\u064a\u0639 \u0627\u0644\u0646\u0641\u062e \u0641\u064a \u062f\u0642\u0627\u0626\u0642 \u0642\u0644\u064a\u0644\u0629 \u0644\u062e\u0648\u0636 \u0645\u063a\u0627\u0645\u0631\u0627\u062a \u0645\u0627\u0626\u064a\u0629 \u0645\u0645\u062a\u0639\u0629 \u0641\u064a \u0627\u0644\u0628\u062d\u0631 \u0623\u0648 \u0627\u0644\u0623\u0646\u0647\u0627\u0631.Caract\u00e9ristiques techniques :TYPE | Kayak GonflableMARQUE | BestwayR\u00c9F\u00c9RENCE | 65115CAPACIT\u00c9 | 100 kgDIMENSIONS (L X L) | \u200e275 x 81 x 45 cmMAT\u00c9RIAU | PVC r\u00e9sistant.<\/p>","protected":false},"featured_media":65266,"comment_status":"open","ping_status":"closed","template":"","meta":[],"product_brand":[],"product_cat":[2464],"product_tag":[],"class_list":{"0":"post-65267","1":"product","2":"type-product","3":"status-publish","4":"has-post-thumbnail","6":"product_cat-camping-et-randonnee","8":"first","9":"instock","10":"taxable","11":"shipping-taxable","12":"purchasable","13":"product-type-simple"},"jetpack_sharing_enabled":true,"_links":{"self":[{"href":"https:\/\/shoponlinedz.com\/en\/wp-json\/wp\/v2\/product\/65267","targetHints":{"allow":["GET"]}}],"collection":[{"href":"https:\/\/shoponlinedz.com\/en\/wp-json\/wp\/v2\/product"}],"about":[{"href":"https:\/\/shoponlinedz.com\/en\/wp-json\/wp\/v2\/types\/product"}],"replies":[{"embeddable":true,"href":"https:\/\/shoponlinedz.com\/en\/wp-json\/wp\/v2\/comments?post=65267"}],"version-history":[{"count":0,"href":"https:\/\/shoponlinedz.com\/en\/wp-json\/wp\/v2\/product\/65267\/revisions"}],"wp:featuredmedia":[{"embeddable":true,"href":"https:\/\/shoponlinedz.com\/en\/wp-json\/wp\/v2\/media\/65266"}],"wp:attachment":[{"href":"https:\/\/shoponlinedz.com\/en\/wp-json\/wp\/v2\/media?parent=65267"}],"wp:term":[{"taxonomy":"product_brand","embeddable":true,"href":"https:\/\/shoponlinedz.com\/en\/wp-json\/wp\/v2\/product_brand?post=65267"},{"taxonomy":"product_cat","embeddable":true,"href":"https:\/\/shoponlinedz.com\/en\/wp-json\/wp\/v2\/product_cat?post=65267"},{"taxonomy":"product_tag","embeddable":true,"href":"https:\/\/shoponlinedz.com\/en\/wp-json\/wp\/v2\/product_tag?post=65267"}],"curies":[{"name":"wp","href":"https:\/\/api.w.org\/{rel}","templated":true}]}}