{"id":65252,"date":"2026-01-07T11:48:46","date_gmt":"2026-01-07T11:48:46","guid":{"rendered":"https:\/\/shoponlinedz.com\/product\/sac-a-dos-randonnee-professionnel-en-toile-de-camouflage-etanche-a-double-epaule-90-l-kaki\/"},"modified":"2026-02-13T21:15:15","modified_gmt":"2026-02-13T20:15:15","slug":"sac-a-dos-randonnee-professionnel-en-toile-de-camouflage-etanche-a-double-epaule-90-l-kaki","status":"publish","type":"product","link":"https:\/\/shoponlinedz.com\/en\/product\/sac-a-dos-randonnee-professionnel-en-toile-de-camouflage-etanche-a-double-epaule-90-l-kaki\/","title":{"rendered":"Sac \u00e0 dos Randonn\u00e9e professionnel en toile de Camouflage \u00e9tanche \u00e0 double \u00e9paule 90 L \u2013 kaki"},"content":{"rendered":"<figure class=\"attachment attachment--preview\" data-trix-attachment=\"{&quot;contentType&quot;:&quot;image&quot;,&quot;height&quot;:1024,&quot;url&quot;:&quot;https:\/\/sawaqli.fra1.cdn.digitaloceanspaces.com\/771\/sac-a-dos-militaire-65l-704_2000x.jpg&quot;,&quot;width&quot;:1024}\" data-trix-content-type=\"image\"><img decoding=\"async\" class=\"aligncenter\" src=\"https:\/\/sawaqli.fra1.cdn.digitaloceanspaces.com\/771\/sac-a-dos-militaire-65l-704_2000x.jpg\" width=\"1024\" height=\"1024\" \/><figcaption class=\"attachment__caption\"><\/figcaption><\/figure>\n<figure class=\"attachment attachment--preview\" data-trix-attachment=\"{&quot;contentType&quot;:&quot;image&quot;,&quot;height&quot;:1024,&quot;url&quot;:&quot;https:\/\/sawaqli.fra1.cdn.digitaloceanspaces.com\/772\/HTB1ACcFdUD.BuNjt_ioq6AKEFXa2.jpg&quot;,&quot;width&quot;:1024}\" data-trix-content-type=\"image\"><img decoding=\"async\" class=\"aligncenter\" src=\"https:\/\/sawaqli.fra1.cdn.digitaloceanspaces.com\/772\/HTB1ACcFdUD.BuNjt_ioq6AKEFXa2.jpg\" width=\"1024\" height=\"1024\" \/><figcaption class=\"attachment__caption\"><\/figcaption><\/figure>\n<figure class=\"attachment attachment--preview\" data-trix-attachment=\"{&quot;contentType&quot;:&quot;image&quot;,&quot;height&quot;:1024,&quot;url&quot;:&quot;https:\/\/sawaqli.fra1.cdn.digitaloceanspaces.com\/773\/HTB10ycDc56guuRjy0Fmq6y0DXXaS.jpg&quot;,&quot;width&quot;:1024}\" data-trix-content-type=\"image\"><img decoding=\"async\" class=\"aligncenter\" src=\"https:\/\/sawaqli.fra1.cdn.digitaloceanspaces.com\/773\/HTB10ycDc56guuRjy0Fmq6y0DXXaS.jpg\" width=\"1024\" height=\"1024\" \/><figcaption class=\"attachment__caption\"><\/figcaption><\/figure>\n<figure class=\"attachment attachment--preview\" data-trix-attachment=\"{&quot;contentType&quot;:&quot;image&quot;,&quot;height&quot;:1024,&quot;url&quot;:&quot;https:\/\/sawaqli.fra1.cdn.digitaloceanspaces.com\/774\/HTB1vDOHKeuSBuNjSsplq6ze8pXa9.jpg&quot;,&quot;width&quot;:1024}\" data-trix-content-type=\"image\"><img decoding=\"async\" class=\"aligncenter\" src=\"https:\/\/sawaqli.fra1.cdn.digitaloceanspaces.com\/774\/HTB1vDOHKeuSBuNjSsplq6ze8pXa9.jpg\" width=\"1024\" height=\"1024\" \/><figcaption class=\"attachment__caption\"><\/figcaption><\/figure>\n<figure class=\"attachment attachment--preview\" data-trix-attachment=\"{&quot;contentType&quot;:&quot;image&quot;,&quot;height&quot;:1024,&quot;url&quot;:&quot;https:\/\/sawaqli.fra1.cdn.digitaloceanspaces.com\/775\/HTB1IPzJKeuSBuNjSsziq6zq8pXa1.jpg&quot;,&quot;width&quot;:1024}\" data-trix-content-type=\"image\"><img decoding=\"async\" class=\"aligncenter\" src=\"https:\/\/sawaqli.fra1.cdn.digitaloceanspaces.com\/775\/HTB1IPzJKeuSBuNjSsziq6zq8pXa1.jpg\" width=\"1024\" height=\"1024\" \/><figcaption class=\"attachment__caption\"><\/figcaption><\/figure>\n<p style=\"text-align: center;\">","protected":false},"excerpt":{"rendered":"<p>\u062d\u0642\u064a\u0628\u0629 \u0638\u0647\u0631 \u062a\u0643\u062a\u064a\u0643\u064a\u0629 \u0628\u0633\u0639\u0629 90 \u0644\u062a\u0631\u0645\u0635\u0646\u0648\u0639\u0629 \u0645\u0646 \u0646\u0627\u064a\u0644\u0648\u0646 800D \u0645\u0642\u0627\u0648\u0645 \u0644\u0644\u0645\u0627\u0621 \u0648\u0627\u0644\u062e\u062f\u0648\u0634 \u0648\u0627\u0644\u062a\u0645\u0632\u0642.\u0633\u0639\u0629 \u0643\u0628\u064a\u0631\u0629 (90 \u0644\u062a\u0631) \u0645\u0639 \u062c\u064a\u0648\u0628 \u0645\u062a\u0639\u062f\u062f\u0629 \u0648\u0641\u0627\u0635\u0644 \u062f\u0627\u062e\u0644\u064a \u0644\u0644\u062a\u0646\u0638\u064a\u0645.\u062d\u0632\u0627\u0645 \u0643\u062a\u0641 \u0648\u0646\u0638\u0627\u0645 MOLLE \u0644\u0625\u0636\u0627\u0641\u0629 \u062d\u0642\u0627\u0626\u0628 \u0635\u063a\u064a\u0631\u0629 \u0625\u0636\u0627\u0641\u064a\u0629.\u0628\u0637\u0627\u0646\u0629 \u0634\u0628\u0643\u064a\u0629 \u0645\u0647\u0648\u0627\u0629 \u0644\u0644\u0638\u0647\u0631 \u0648\u0627\u0644\u0623\u0643\u062a\u0627\u0641 \u0644\u062a\u0648\u0641\u064a\u0631 \u0627\u0644\u0631\u0627\u062d\u0629 \u0623\u062b\u0646\u0627\u0621 \u0627\u0644\u0627\u0633\u062a\u062e\u062f\u0627\u0645 \u0627\u0644\u0637\u0648\u064a\u0644.\u0634\u0627\u0645\u0644\u0629 \u063a\u0637\u0627\u0621 \u0636\u062f \u0627\u0644\u0645\u0637\u0631 \u0648\u062f\u0639\u0627\u0645\u0629 \u0623\u0644\u0648\u0645\u0646\u064a\u0648\u0645 \u0644\u062b\u0628\u0627\u062a \u0625\u0636\u0627\u0641\u064a.\u0627\u0644\u0623\u0628\u0639\u0627\u062f: 75 \u00d7 35 \u00d7 24 \u0633\u0645.<\/p>","protected":false},"featured_media":65251,"comment_status":"open","ping_status":"closed","template":"","meta":[],"product_brand":[],"product_cat":[2464],"product_tag":[],"class_list":{"0":"post-65252","1":"product","2":"type-product","3":"status-publish","4":"has-post-thumbnail","6":"product_cat-camping-et-randonnee","8":"first","9":"instock","10":"taxable","11":"shipping-taxable","12":"purchasable","13":"product-type-simple"},"jetpack_sharing_enabled":true,"_links":{"self":[{"href":"https:\/\/shoponlinedz.com\/en\/wp-json\/wp\/v2\/product\/65252","targetHints":{"allow":["GET"]}}],"collection":[{"href":"https:\/\/shoponlinedz.com\/en\/wp-json\/wp\/v2\/product"}],"about":[{"href":"https:\/\/shoponlinedz.com\/en\/wp-json\/wp\/v2\/types\/product"}],"replies":[{"embeddable":true,"href":"https:\/\/shoponlinedz.com\/en\/wp-json\/wp\/v2\/comments?post=65252"}],"version-history":[{"count":0,"href":"https:\/\/shoponlinedz.com\/en\/wp-json\/wp\/v2\/product\/65252\/revisions"}],"wp:featuredmedia":[{"embeddable":true,"href":"https:\/\/shoponlinedz.com\/en\/wp-json\/wp\/v2\/media\/65251"}],"wp:attachment":[{"href":"https:\/\/shoponlinedz.com\/en\/wp-json\/wp\/v2\/media?parent=65252"}],"wp:term":[{"taxonomy":"product_brand","embeddable":true,"href":"https:\/\/shoponlinedz.com\/en\/wp-json\/wp\/v2\/product_brand?post=65252"},{"taxonomy":"product_cat","embeddable":true,"href":"https:\/\/shoponlinedz.com\/en\/wp-json\/wp\/v2\/product_cat?post=65252"},{"taxonomy":"product_tag","embeddable":true,"href":"https:\/\/shoponlinedz.com\/en\/wp-json\/wp\/v2\/product_tag?post=65252"}],"curies":[{"name":"wp","href":"https:\/\/api.w.org\/{rel}","templated":true}]}}