{"id":65243,"date":"2026-01-07T11:48:29","date_gmt":"2026-01-07T11:48:29","guid":{"rendered":"https:\/\/shoponlinedz.com\/product\/pavillo-matelas-gonflable-avec-une-pompe-a-pied-integree-bestway-67224\/"},"modified":"2026-02-13T21:15:16","modified_gmt":"2026-02-13T20:15:16","slug":"pavillo-matelas-gonflable-avec-une-pompe-a-pied-integree-bestway-67224","status":"publish","type":"product","link":"https:\/\/shoponlinedz.com\/en\/product\/pavillo-matelas-gonflable-avec-une-pompe-a-pied-integree-bestway-67224\/","title":{"rendered":"Pavillo Matelas Gonflable avec une pompe \u00e0 pied int\u00e9gr\u00e9e Bestway 67224"},"content":{"rendered":"<figure class=\"attachment attachment--preview\" data-trix-attachment=\"{&quot;contentType&quot;:&quot;image&quot;,&quot;height&quot;:1024,&quot;url&quot;:&quot;https:\/\/sawaqli.fra1.cdn.digitaloceanspaces.com\/740\/Bestway-67224-17.jpg&quot;,&quot;width&quot;:1024}\" data-trix-content-type=\"image\"><img decoding=\"async\" class=\"aligncenter\" src=\"https:\/\/sawaqli.fra1.cdn.digitaloceanspaces.com\/740\/Bestway-67224-17.jpg\" width=\"1024\" height=\"1024\" \/><figcaption class=\"attachment__caption\"><\/figcaption><\/figure>\n<figure class=\"attachment attachment--preview\" data-trix-attachment=\"{&quot;contentType&quot;:&quot;image&quot;,&quot;height&quot;:1024,&quot;url&quot;:&quot;https:\/\/sawaqli.fra1.cdn.digitaloceanspaces.com\/741\/Bestway-67224-e1562704672607.jpg&quot;,&quot;width&quot;:1024}\" data-trix-content-type=\"image\"><img decoding=\"async\" class=\"aligncenter\" src=\"https:\/\/sawaqli.fra1.cdn.digitaloceanspaces.com\/741\/Bestway-67224-e1562704672607.jpg\" width=\"1024\" height=\"1024\" \/><figcaption class=\"attachment__caption\"><\/figcaption><\/figure>\n<figure class=\"attachment attachment--preview\" data-trix-attachment=\"{&quot;contentType&quot;:&quot;image&quot;,&quot;height&quot;:1024,&quot;url&quot;:&quot;https:\/\/sawaqli.fra1.cdn.digitaloceanspaces.com\/742\/Bestway-67224-1-e1562704890314.jpg&quot;,&quot;width&quot;:1024}\" data-trix-content-type=\"image\"><img decoding=\"async\" class=\"aligncenter\" src=\"https:\/\/sawaqli.fra1.cdn.digitaloceanspaces.com\/742\/Bestway-67224-1-e1562704890314.jpg\" width=\"1024\" height=\"1024\" \/><figcaption class=\"attachment__caption\"><\/figcaption><\/figure>\n<figure class=\"attachment attachment--preview\" data-trix-attachment=\"{&quot;contentType&quot;:&quot;image&quot;,&quot;height&quot;:1024,&quot;url&quot;:&quot;https:\/\/sawaqli.fra1.cdn.digitaloceanspaces.com\/743\/Bestway-67224-7-e1562704935683.jpg&quot;,&quot;width&quot;:1024}\" data-trix-content-type=\"image\"><img decoding=\"async\" class=\"aligncenter\" src=\"https:\/\/sawaqli.fra1.cdn.digitaloceanspaces.com\/743\/Bestway-67224-7-e1562704935683.jpg\" width=\"1024\" height=\"1024\" \/><figcaption class=\"attachment__caption\"><\/figcaption><\/figure>\n<figure class=\"attachment attachment--preview\" data-trix-attachment=\"{&quot;contentType&quot;:&quot;image&quot;,&quot;height&quot;:1024,&quot;url&quot;:&quot;https:\/\/sawaqli.fra1.cdn.digitaloceanspaces.com\/744\/Bestway-67224-9-e1562704496399.jpg&quot;,&quot;width&quot;:1024}\" data-trix-content-type=\"image\"><img decoding=\"async\" class=\"aligncenter\" src=\"https:\/\/sawaqli.fra1.cdn.digitaloceanspaces.com\/744\/Bestway-67224-9-e1562704496399.jpg\" width=\"1024\" height=\"1024\" \/><figcaption class=\"attachment__caption\"><\/figcaption><\/figure>\n<p style=\"text-align: center;\">","protected":false},"excerpt":{"rendered":"<p>\u0627\u0644\u0645\u0648\u0627\u0635\u0641\u0627\u062a\u0645\u0646\u0627\u0633\u0628 \u0644\u0644\u0627\u0633\u062a\u062e\u062f\u0627\u0645 \u0627\u0644\u062f\u0627\u062e\u0644\u064a \u0648\u0627\u0644\u062e\u0627\u0631\u062c\u064a.\u0644\u0627 \u062d\u0627\u062c\u0629 \u0644\u0645\u0636\u062e\u0629 \u0647\u0648\u0627\u0621 \u0644\u0623\u0646\u0647 \u0645\u0632\u0648\u062f \u0628\u0645\u0636\u062e\u0629 \u0642\u062f\u0645 \u0645\u062f\u0645\u062c\u0629.\u0645\u063a\u0637\u0649 \u0628\u0627\u0644\u0641\u064a\u0646\u064a\u0644 \u0639\u0627\u0644\u064a \u0627\u0644\u062c\u0648\u062f\u0629 \u0645\u0645\u0627 \u064a\u0645\u0646\u062d\u0647 \u0645\u0632\u064a\u062f\u0627\u064b \u0645\u0646 \u0627\u0644\u0631\u0627\u062d\u0629 \u0648\u0627\u0644\u0646\u0639\u0648\u0645\u0629 \u0648\u0627\u0644\u062a\u0648\u0627\u0632\u0646.\u0644\u0631\u0627\u062d\u0629 \u0625\u0636\u0627\u0641\u064a\u0629\u060c \u064a\u062d\u062a\u0648\u064a \u0639\u0644\u0649 \u0648\u0633\u0627\u062f\u0629 \u0645\u062f\u0645\u062c\u0629 \u0645\u0631\u064a\u062d\u0629 \u0644\u0644\u063a\u0627\u064a\u0629.\u0645\u0642\u0627\u0648\u0645 \u0644\u0644\u0645\u0627\u0621.\u064a\u062a\u062d\u0645\u0644 \u0648\u0632\u0646\u0627\u064b \u064a\u0635\u0644 \u0625\u0644\u0649: 150 \u0643\u063a.\u0627\u0644\u0623\u0628\u0639\u0627\u062f: 185 \u00d7 99 \u00d7 28 \u0633\u0645.\u0627\u0644\u0644\u0648\u0646: \u0623\u0632\u0631\u0642.\u0627\u0644\u0648\u0632\u0646: 2.28 \u0643\u063a..<\/p>","protected":false},"featured_media":65242,"comment_status":"open","ping_status":"closed","template":"","meta":[],"product_brand":[],"product_cat":[2464],"product_tag":[],"class_list":{"0":"post-65243","1":"product","2":"type-product","3":"status-publish","4":"has-post-thumbnail","6":"product_cat-camping-et-randonnee","8":"first","9":"instock","10":"taxable","11":"shipping-taxable","12":"purchasable","13":"product-type-simple"},"jetpack_sharing_enabled":true,"_links":{"self":[{"href":"https:\/\/shoponlinedz.com\/en\/wp-json\/wp\/v2\/product\/65243","targetHints":{"allow":["GET"]}}],"collection":[{"href":"https:\/\/shoponlinedz.com\/en\/wp-json\/wp\/v2\/product"}],"about":[{"href":"https:\/\/shoponlinedz.com\/en\/wp-json\/wp\/v2\/types\/product"}],"replies":[{"embeddable":true,"href":"https:\/\/shoponlinedz.com\/en\/wp-json\/wp\/v2\/comments?post=65243"}],"version-history":[{"count":0,"href":"https:\/\/shoponlinedz.com\/en\/wp-json\/wp\/v2\/product\/65243\/revisions"}],"wp:featuredmedia":[{"embeddable":true,"href":"https:\/\/shoponlinedz.com\/en\/wp-json\/wp\/v2\/media\/65242"}],"wp:attachment":[{"href":"https:\/\/shoponlinedz.com\/en\/wp-json\/wp\/v2\/media?parent=65243"}],"wp:term":[{"taxonomy":"product_brand","embeddable":true,"href":"https:\/\/shoponlinedz.com\/en\/wp-json\/wp\/v2\/product_brand?post=65243"},{"taxonomy":"product_cat","embeddable":true,"href":"https:\/\/shoponlinedz.com\/en\/wp-json\/wp\/v2\/product_cat?post=65243"},{"taxonomy":"product_tag","embeddable":true,"href":"https:\/\/shoponlinedz.com\/en\/wp-json\/wp\/v2\/product_tag?post=65243"}],"curies":[{"name":"wp","href":"https:\/\/api.w.org\/{rel}","templated":true}]}}