{"id":65193,"date":"2026-01-07T11:46:03","date_gmt":"2026-01-07T11:46:03","guid":{"rendered":"https:\/\/shoponlinedz.com\/product\/lit-de-camping-confortable-pliant-190-x-64-x-42-cm-bestway-pavillo-68065\/"},"modified":"2026-02-13T21:15:19","modified_gmt":"2026-02-13T20:15:19","slug":"lit-de-camping-confortable-pliant-190-x-64-x-42-cm-bestway-pavillo-68065","status":"publish","type":"product","link":"https:\/\/shoponlinedz.com\/en\/product\/lit-de-camping-confortable-pliant-190-x-64-x-42-cm-bestway-pavillo-68065\/","title":{"rendered":"Lit De Camping Confortable Pliant 190 x 64 x 42 cm Bestway Pavillo 68065"},"content":{"rendered":"<figure class=\"attachment attachment--preview\" data-trix-attachment=\"{&quot;contentType&quot;:&quot;image&quot;,&quot;height&quot;:1024,&quot;url&quot;:&quot;https:\/\/sawaqli.fra1.cdn.digitaloceanspaces.com\/807\/bestway-68065-CNC.jpg&quot;,&quot;width&quot;:1024}\" data-trix-content-type=\"image\"><img decoding=\"async\" class=\"aligncenter\" src=\"https:\/\/sawaqli.fra1.cdn.digitaloceanspaces.com\/807\/bestway-68065-CNC.jpg\" width=\"1024\" height=\"1024\" \/><figcaption class=\"attachment__caption\"><\/figcaption><\/figure>\n<figure class=\"attachment attachment--preview\" data-trix-attachment=\"{&quot;contentType&quot;:&quot;image&quot;,&quot;height&quot;:1024,&quot;url&quot;:&quot;https:\/\/sawaqli.fra1.cdn.digitaloceanspaces.com\/808\/bestway-68065-1.jpg&quot;,&quot;width&quot;:1024}\" data-trix-content-type=\"image\"><img decoding=\"async\" class=\"aligncenter\" src=\"https:\/\/sawaqli.fra1.cdn.digitaloceanspaces.com\/808\/bestway-68065-1.jpg\" width=\"1024\" height=\"1024\" \/><figcaption class=\"attachment__caption\"><\/figcaption><\/figure>\n<figure class=\"attachment attachment--preview\" data-trix-attachment=\"{&quot;contentType&quot;:&quot;image&quot;,&quot;height&quot;:1024,&quot;url&quot;:&quot;https:\/\/sawaqli.fra1.cdn.digitaloceanspaces.com\/809\/bestway-68065-dt.jpg&quot;,&quot;width&quot;:1024}\" data-trix-content-type=\"image\"><img decoding=\"async\" class=\"aligncenter\" src=\"https:\/\/sawaqli.fra1.cdn.digitaloceanspaces.com\/809\/bestway-68065-dt.jpg\" width=\"1024\" height=\"1024\" \/><figcaption class=\"attachment__caption\"><\/figcaption><\/figure>\n<figure class=\"attachment attachment--preview\" data-trix-attachment=\"{&quot;contentType&quot;:&quot;image&quot;,&quot;height&quot;:1024,&quot;url&quot;:&quot;https:\/\/sawaqli.fra1.cdn.digitaloceanspaces.com\/810\/bestway-68065-2.jpg&quot;,&quot;width&quot;:1024}\" data-trix-content-type=\"image\"><img decoding=\"async\" class=\"aligncenter\" src=\"https:\/\/sawaqli.fra1.cdn.digitaloceanspaces.com\/810\/bestway-68065-2.jpg\" width=\"1024\" height=\"1024\" \/><figcaption class=\"attachment__caption\"><\/figcaption><\/figure>\n<p style=\"text-align: center;\">","protected":false},"excerpt":{"rendered":"<p>\u0633\u0631\u064a\u0631 \u062a\u062e\u064a\u064a\u0645 \u0642\u0627\u0628\u0644 \u0644\u0644\u0637\u064a\u0627\u0644\u0625\u0637\u0627\u0631: \u0645\u0635\u0646\u0648\u0639 \u0645\u0646 \u0627\u0644\u0641\u0648\u0644\u0627\u0630 \u0639\u0627\u0644\u064a \u0627\u0644\u062c\u0648\u062f\u0629\u0627\u0644\u0623\u0628\u0639\u0627\u062f: 190 \u00d7 64 \u00d7 42 \u0633\u0645\u0642\u0627\u0628\u0644 \u0644\u0644\u0637\u064a \u0648\u0627\u0644\u062a\u062e\u0632\u064a\u0646 \u0628\u0633\u0647\u0648\u0644\u0629 \u0645\u0639 \u062d\u0642\u064a\u0628\u0629 \u062d\u0645\u0644 \u0645\u0631\u0641\u0642\u0629\u0642\u062f\u0631\u0629 \u0627\u0644\u062a\u062d\u0645\u0644: \u062d\u062a\u0649 110 \u0643\u063a\u0627\u0644\u0627\u0633\u062a\u062e\u062f\u0627\u0645: \u0627\u0644\u062a\u062e\u064a\u064a\u0645\u060c \u0627\u0644\u0634\u0627\u0637\u0626\u060c \u0627\u0644\u062d\u062f\u064a\u0642\u0629 \u0623\u0648 \u0627\u0644\u0631\u062d\u0644\u0627\u062a \u0627\u0644\u062e\u0627\u0631\u062c\u064a\u0629Caract\u00e9ristiques techniques :TYPE | Lit de campingMARQUE | BestwayR\u00c9F\u00c9RENCE | 68065COULEUR | Noir, BlancCHARGE MAXIMALE | 110 kgDIMENSIONS | 190 \u00d7 64 \u00d7 42 cmDIMENSIONS DU COLIS | 99 x 20 x 10 cmGARANTIE | 1.5 kg<\/p>","protected":false},"featured_media":65192,"comment_status":"open","ping_status":"closed","template":"","meta":[],"product_brand":[],"product_cat":[2464],"product_tag":[],"class_list":{"0":"post-65193","1":"product","2":"type-product","3":"status-publish","4":"has-post-thumbnail","6":"product_cat-camping-et-randonnee","8":"first","9":"instock","10":"taxable","11":"shipping-taxable","12":"purchasable","13":"product-type-simple"},"jetpack_sharing_enabled":true,"_links":{"self":[{"href":"https:\/\/shoponlinedz.com\/en\/wp-json\/wp\/v2\/product\/65193","targetHints":{"allow":["GET"]}}],"collection":[{"href":"https:\/\/shoponlinedz.com\/en\/wp-json\/wp\/v2\/product"}],"about":[{"href":"https:\/\/shoponlinedz.com\/en\/wp-json\/wp\/v2\/types\/product"}],"replies":[{"embeddable":true,"href":"https:\/\/shoponlinedz.com\/en\/wp-json\/wp\/v2\/comments?post=65193"}],"version-history":[{"count":0,"href":"https:\/\/shoponlinedz.com\/en\/wp-json\/wp\/v2\/product\/65193\/revisions"}],"wp:featuredmedia":[{"embeddable":true,"href":"https:\/\/shoponlinedz.com\/en\/wp-json\/wp\/v2\/media\/65192"}],"wp:attachment":[{"href":"https:\/\/shoponlinedz.com\/en\/wp-json\/wp\/v2\/media?parent=65193"}],"wp:term":[{"taxonomy":"product_brand","embeddable":true,"href":"https:\/\/shoponlinedz.com\/en\/wp-json\/wp\/v2\/product_brand?post=65193"},{"taxonomy":"product_cat","embeddable":true,"href":"https:\/\/shoponlinedz.com\/en\/wp-json\/wp\/v2\/product_cat?post=65193"},{"taxonomy":"product_tag","embeddable":true,"href":"https:\/\/shoponlinedz.com\/en\/wp-json\/wp\/v2\/product_tag?post=65193"}],"curies":[{"name":"wp","href":"https:\/\/api.w.org\/{rel}","templated":true}]}}