{"id":65186,"date":"2026-01-07T11:45:39","date_gmt":"2026-01-07T11:45:39","guid":{"rendered":"https:\/\/shoponlinedz.com\/product\/pavillo-sac-de-couchage-confortable-711c-180-x-75cm-bestway68099\/"},"modified":"2026-02-13T21:15:20","modified_gmt":"2026-02-13T20:15:20","slug":"pavillo-sac-de-couchage-confortable-711c-180-x-75cm-bestway68099","status":"publish","type":"product","link":"https:\/\/shoponlinedz.com\/en\/product\/pavillo-sac-de-couchage-confortable-711c-180-x-75cm-bestway68099\/","title":{"rendered":"Pavillo Sac de Couchage Confortable 7~11\u00b0C 180 x 75cm Bestway#68099"},"content":{"rendered":"<figure class=\"attachment attachment--preview\" data-trix-attachment=\"{&quot;contentType&quot;:&quot;image&quot;,&quot;height&quot;:1024,&quot;url&quot;:&quot;https:\/\/sawaqli.fra1.cdn.digitaloceanspaces.com\/811\/38-cm-61.jpg&quot;,&quot;width&quot;:1024}\" data-trix-content-type=\"image\"><img decoding=\"async\" class=\"aligncenter\" src=\"https:\/\/sawaqli.fra1.cdn.digitaloceanspaces.com\/811\/38-cm-61.jpg\" width=\"1024\" height=\"1024\" \/><figcaption class=\"attachment__caption\"><\/figcaption><\/figure>\n<figure class=\"attachment attachment--preview\" data-trix-attachment=\"{&quot;contentType&quot;:&quot;image&quot;,&quot;height&quot;:1024,&quot;url&quot;:&quot;https:\/\/sawaqli.fra1.cdn.digitaloceanspaces.com\/812\/Bestway-sac-de-couchage-68099-1-1.jpg&quot;,&quot;width&quot;:1024}\" data-trix-content-type=\"image\"><img decoding=\"async\" class=\"aligncenter\" src=\"https:\/\/sawaqli.fra1.cdn.digitaloceanspaces.com\/812\/Bestway-sac-de-couchage-68099-1-1.jpg\" width=\"1024\" height=\"1024\" \/><figcaption class=\"attachment__caption\"><\/figcaption><\/figure>\n<figure class=\"attachment attachment--preview\" data-trix-attachment=\"{&quot;contentType&quot;:&quot;image&quot;,&quot;height&quot;:1024,&quot;url&quot;:&quot;https:\/\/sawaqli.fra1.cdn.digitaloceanspaces.com\/813\/Bestway-sac-de-couchage-68099-1.jpg&quot;,&quot;width&quot;:1024}\" data-trix-content-type=\"image\"><img decoding=\"async\" class=\"aligncenter\" src=\"https:\/\/sawaqli.fra1.cdn.digitaloceanspaces.com\/813\/Bestway-sac-de-couchage-68099-1.jpg\" width=\"1024\" height=\"1024\" \/><figcaption class=\"attachment__caption\"><\/figcaption><\/figure>\n<figure class=\"attachment attachment--preview\" data-trix-attachment=\"{&quot;contentType&quot;:&quot;image&quot;,&quot;height&quot;:1024,&quot;url&quot;:&quot;https:\/\/sawaqli.fra1.cdn.digitaloceanspaces.com\/814\/Bestway-sac-de-couchage-68099-2.jpg&quot;,&quot;width&quot;:1024}\" data-trix-content-type=\"image\"><img decoding=\"async\" class=\"aligncenter\" src=\"https:\/\/sawaqli.fra1.cdn.digitaloceanspaces.com\/814\/Bestway-sac-de-couchage-68099-2.jpg\" width=\"1024\" height=\"1024\" \/><figcaption class=\"attachment__caption\"><\/figcaption><\/figure>\n<figure class=\"attachment attachment--preview\" data-trix-attachment=\"{&quot;contentType&quot;:&quot;image&quot;,&quot;height&quot;:1024,&quot;url&quot;:&quot;https:\/\/sawaqli.fra1.cdn.digitaloceanspaces.com\/815\/Bestway-sac-de-couchage-68099-6.jpg&quot;,&quot;width&quot;:1024}\" data-trix-content-type=\"image\"><img decoding=\"async\" class=\"aligncenter\" src=\"https:\/\/sawaqli.fra1.cdn.digitaloceanspaces.com\/815\/Bestway-sac-de-couchage-68099-6.jpg\" width=\"1024\" height=\"1024\" \/><figcaption class=\"attachment__caption\"><\/figcaption><\/figure>\n<p style=\"text-align: center;\">","protected":false},"excerpt":{"rendered":"<p>\u0643\u064a\u0633 \u0646\u0648\u0645 \u0645\u0633\u062a\u0637\u064a\u0644\u0627\u0644\u0623\u0628\u0639\u0627\u062f: 1.80 \u0645 \u00d7 75 \u0633\u0645\u062f\u0631\u062c\u0629 \u0627\u0644\u062d\u0631\u0627\u0631\u0629 \u0627\u0644\u0645\u0646\u0627\u0633\u0628\u0629: \u0645\u0646 7\u00b0 \u0645 \u0625\u0644\u0649 11\u00b0 \u0645\u0627\u0644\u0645\u0627\u062f\u0629: \u0628\u0648\u0644\u064a\u0633\u062a\u0631 170T \u0645\u0639 \u062d\u0634\u0648 \u0623\u0644\u064a\u0627\u0641 \u0645\u062c\u0648\u0641\u0629\u062a\u0635\u0645\u064a\u0645: \u0628\u062f\u0648\u0646 \u063a\u0637\u0627\u0621 \u0644\u0644\u0631\u0623\u0633 (\u0634\u0643\u0644 \u0645\u0631\u0628\u0639 \u0645\u0631\u064a\u062d).Sac De Couchage Pavillo Bestway 68099Vous pouvez dormir paisiblement et confortablement dans le sac de couchage Pavillo, que vous dormiez dans une tente, \u00e0 la belle \u00e9toile ou dans le confort de la maison, ce sac de couchage est confortable et isol\u00e9 pour vous garder au chaud toute la nuit gr\u00e2ce \u00e0 la housse en polyester distinctive qui prot\u00e8ge vous prot\u00e8ge des \u00e9l\u00e9ments et du froid jusqu\u2019\u00e0 7-11 degr\u00e9s Celsius, le design carr\u00e9 simple est compact et l\u00e9ger pour que vous puissiez profiter de vos voyages dans la nature.Caract\u00e9ristiques techniques :TYPE | Sac De CouchageMARQUE | BestwayR\u00c9F\u00c9RENCE | 68099DIMENSIONS | 180 x 75 cmMATI\u00c8RE | 170T polyesterPOIDS | 708 g<\/p>","protected":false},"featured_media":65185,"comment_status":"open","ping_status":"closed","template":"","meta":[],"product_brand":[],"product_cat":[2464],"product_tag":[],"class_list":{"0":"post-65186","1":"product","2":"type-product","3":"status-publish","4":"has-post-thumbnail","6":"product_cat-camping-et-randonnee","8":"first","9":"instock","10":"taxable","11":"shipping-taxable","12":"purchasable","13":"product-type-simple"},"jetpack_sharing_enabled":true,"_links":{"self":[{"href":"https:\/\/shoponlinedz.com\/en\/wp-json\/wp\/v2\/product\/65186","targetHints":{"allow":["GET"]}}],"collection":[{"href":"https:\/\/shoponlinedz.com\/en\/wp-json\/wp\/v2\/product"}],"about":[{"href":"https:\/\/shoponlinedz.com\/en\/wp-json\/wp\/v2\/types\/product"}],"replies":[{"embeddable":true,"href":"https:\/\/shoponlinedz.com\/en\/wp-json\/wp\/v2\/comments?post=65186"}],"version-history":[{"count":0,"href":"https:\/\/shoponlinedz.com\/en\/wp-json\/wp\/v2\/product\/65186\/revisions"}],"wp:featuredmedia":[{"embeddable":true,"href":"https:\/\/shoponlinedz.com\/en\/wp-json\/wp\/v2\/media\/65185"}],"wp:attachment":[{"href":"https:\/\/shoponlinedz.com\/en\/wp-json\/wp\/v2\/media?parent=65186"}],"wp:term":[{"taxonomy":"product_brand","embeddable":true,"href":"https:\/\/shoponlinedz.com\/en\/wp-json\/wp\/v2\/product_brand?post=65186"},{"taxonomy":"product_cat","embeddable":true,"href":"https:\/\/shoponlinedz.com\/en\/wp-json\/wp\/v2\/product_cat?post=65186"},{"taxonomy":"product_tag","embeddable":true,"href":"https:\/\/shoponlinedz.com\/en\/wp-json\/wp\/v2\/product_tag?post=65186"}],"curies":[{"name":"wp","href":"https:\/\/api.w.org\/{rel}","templated":true}]}}