{"id":65165,"date":"2026-01-07T11:44:40","date_gmt":"2026-01-07T11:44:40","guid":{"rendered":"https:\/\/shoponlinedz.com\/product\/baton-de-randonnee-telescopique-en-alliage-daluminium-ultraleger-antiderapant\/"},"modified":"2026-02-13T21:15:20","modified_gmt":"2026-02-13T20:15:20","slug":"baton-de-randonnee-telescopique-en-alliage-daluminium-ultraleger-antiderapant","status":"publish","type":"product","link":"https:\/\/shoponlinedz.com\/en\/product\/baton-de-randonnee-telescopique-en-alliage-daluminium-ultraleger-antiderapant\/","title":{"rendered":"B\u00e2ton de randonn\u00e9e t\u00e9lescopique en alliage d&#8217;aluminium ultral\u00e9ger antid\u00e9rapant"},"content":{"rendered":"<figure class=\"attachment attachment--preview\" data-trix-attachment=\"{&quot;contentType&quot;:&quot;image&quot;,&quot;height&quot;:1024,&quot;url&quot;:&quot;https:\/\/sawaqli.fra1.cdn.digitaloceanspaces.com\/840\/WhatsApp-Image-2022-11-06-at-12.20.41-PM.jpeg&quot;,&quot;width&quot;:1024}\" data-trix-content-type=\"image\"><img decoding=\"async\" class=\"aligncenter\" src=\"https:\/\/sawaqli.fra1.cdn.digitaloceanspaces.com\/840\/WhatsApp-Image-2022-11-06-at-12.20.41-PM.jpeg\" width=\"1024\" height=\"1024\" \/><figcaption class=\"attachment__caption\"><\/figcaption><\/figure>\n<figure class=\"attachment attachment--preview\" data-trix-attachment=\"{&quot;contentType&quot;:&quot;image&quot;,&quot;height&quot;:1024,&quot;url&quot;:&quot;https:\/\/sawaqli.fra1.cdn.digitaloceanspaces.com\/841\/WhatsApp-Image-2022-11-03-at-7.18.38-PM-1.jpeg&quot;,&quot;width&quot;:1024}\" data-trix-content-type=\"image\"><img decoding=\"async\" class=\"aligncenter\" src=\"https:\/\/sawaqli.fra1.cdn.digitaloceanspaces.com\/841\/WhatsApp-Image-2022-11-03-at-7.18.38-PM-1.jpeg\" width=\"1024\" height=\"1024\" \/><figcaption class=\"attachment__caption\"><\/figcaption><\/figure>\n<figure class=\"attachment attachment--preview\" data-trix-attachment=\"{&quot;contentType&quot;:&quot;image&quot;,&quot;height&quot;:1024,&quot;url&quot;:&quot;https:\/\/sawaqli.fra1.cdn.digitaloceanspaces.com\/842\/WhatsApp-Image-2022-11-03-at-7.18.39-PM.jpeg&quot;,&quot;width&quot;:1024}\" data-trix-content-type=\"image\"><img decoding=\"async\" class=\"aligncenter\" src=\"https:\/\/sawaqli.fra1.cdn.digitaloceanspaces.com\/842\/WhatsApp-Image-2022-11-03-at-7.18.39-PM.jpeg\" width=\"1024\" height=\"1024\" \/><figcaption class=\"attachment__caption\"><\/figcaption><\/figure>\n<figure class=\"attachment attachment--preview\" data-trix-attachment=\"{&quot;contentType&quot;:&quot;image&quot;,&quot;height&quot;:1024,&quot;url&quot;:&quot;https:\/\/sawaqli.fra1.cdn.digitaloceanspaces.com\/843\/WhatsApp-Image-2022-11-03-at-7.18.39-PM-5.jpeg&quot;,&quot;width&quot;:1024}\" data-trix-content-type=\"image\"><img decoding=\"async\" class=\"aligncenter\" src=\"https:\/\/sawaqli.fra1.cdn.digitaloceanspaces.com\/843\/WhatsApp-Image-2022-11-03-at-7.18.39-PM-5.jpeg\" width=\"1024\" height=\"1024\" \/><figcaption class=\"attachment__caption\"><\/figcaption><\/figure>\n<figure class=\"attachment attachment--preview\" data-trix-attachment=\"{&quot;contentType&quot;:&quot;image&quot;,&quot;height&quot;:1024,&quot;url&quot;:&quot;https:\/\/sawaqli.fra1.cdn.digitaloceanspaces.com\/844\/WhatsApp-Image-2022-11-03-at-7.18.38-PM.jpeg&quot;,&quot;width&quot;:1024}\" data-trix-content-type=\"image\"><img decoding=\"async\" class=\"aligncenter\" src=\"https:\/\/sawaqli.fra1.cdn.digitaloceanspaces.com\/844\/WhatsApp-Image-2022-11-03-at-7.18.38-PM.jpeg\" width=\"1024\" height=\"1024\" \/><figcaption class=\"attachment__caption\"><\/figcaption><\/figure>\n<p style=\"text-align: center;\">","protected":false},"excerpt":{"rendered":"<p>\u0639\u0635\u0627 \u0627\u0644\u0645\u0634\u064a \u0627\u0644\u0642\u0627\u0628\u0644\u0629 \u0644\u0644\u062a\u0639\u062f\u064a\u0644\u0627\u0644\u0639\u0644\u0627\u0645\u0629 \u0627\u0644\u062a\u062c\u0627\u0631\u064a\u0629: Qiangsheng\u0627\u0644\u0645\u0648\u062f\u064a\u0644: DS8002 \/ DS8004\u0645\u0627\u062f\u0629 \u0627\u0644\u0639\u0635\u0627: \u0633\u0628\u0627\u0626\u0643 \u0627\u0644\u0623\u0644\u0648\u0645\u0646\u064a\u0648\u0645\u0627\u0644\u0644\u0648\u0646: \u0623\u062d\u0645\u0631 \/ \u0623\u0632\u0631\u0642\u0645\u0627\u062f\u0629 \u0627\u0644\u0645\u0642\u0628\u0636: \u0645\u0637\u0627\u0637\u0627\u0644\u0648\u0632\u0646: \u062d\u0648\u0627\u0644\u064a 315 \u063a\u0631\u0627\u0645\u0645\u0627\u062f\u0629 \u0637\u0631\u0641 \u0627\u0644\u0639\u0635\u0627: \u0641\u0648\u0644\u0627\u0630 \u0627\u0644\u062a\u0646\u063a\u0633\u062a\u0646\u0627\u0644\u0637\u0648\u0644:\u0642\u0635\u064a\u0631: \u0645\u0646 53 \u0625\u0644\u0649 110 \u0633\u0645\u0637\u0648\u064a\u0644: \u0645\u0646 63 \u0625\u0644\u0649 135 \u0633\u0645\u0627\u0644\u0627\u0633\u062a\u062e\u062f\u0627\u0645: \u0645\u0646\u0627\u0633\u0628 \u0644\u0644\u0645\u0634\u064a\u060c \u0627\u0644\u062a\u0633\u0644\u0642\u060c \u0627\u0644\u062a\u0632\u0644\u062c<\/p>","protected":false},"featured_media":65164,"comment_status":"open","ping_status":"closed","template":"","meta":[],"product_brand":[],"product_cat":[2464],"product_tag":[],"class_list":{"0":"post-65165","1":"product","2":"type-product","3":"status-publish","4":"has-post-thumbnail","6":"product_cat-camping-et-randonnee","8":"first","9":"instock","10":"taxable","11":"shipping-taxable","12":"purchasable","13":"product-type-simple"},"jetpack_sharing_enabled":true,"_links":{"self":[{"href":"https:\/\/shoponlinedz.com\/en\/wp-json\/wp\/v2\/product\/65165","targetHints":{"allow":["GET"]}}],"collection":[{"href":"https:\/\/shoponlinedz.com\/en\/wp-json\/wp\/v2\/product"}],"about":[{"href":"https:\/\/shoponlinedz.com\/en\/wp-json\/wp\/v2\/types\/product"}],"replies":[{"embeddable":true,"href":"https:\/\/shoponlinedz.com\/en\/wp-json\/wp\/v2\/comments?post=65165"}],"version-history":[{"count":0,"href":"https:\/\/shoponlinedz.com\/en\/wp-json\/wp\/v2\/product\/65165\/revisions"}],"wp:featuredmedia":[{"embeddable":true,"href":"https:\/\/shoponlinedz.com\/en\/wp-json\/wp\/v2\/media\/65164"}],"wp:attachment":[{"href":"https:\/\/shoponlinedz.com\/en\/wp-json\/wp\/v2\/media?parent=65165"}],"wp:term":[{"taxonomy":"product_brand","embeddable":true,"href":"https:\/\/shoponlinedz.com\/en\/wp-json\/wp\/v2\/product_brand?post=65165"},{"taxonomy":"product_cat","embeddable":true,"href":"https:\/\/shoponlinedz.com\/en\/wp-json\/wp\/v2\/product_cat?post=65165"},{"taxonomy":"product_tag","embeddable":true,"href":"https:\/\/shoponlinedz.com\/en\/wp-json\/wp\/v2\/product_tag?post=65165"}],"curies":[{"name":"wp","href":"https:\/\/api.w.org\/{rel}","templated":true}]}}