{"id":65144,"date":"2026-01-07T11:43:49","date_gmt":"2026-01-07T11:43:49","guid":{"rendered":"https:\/\/shoponlinedz.com\/product\/sac-a-dos-randonnee-professionnel-en-toile-de-camouflage-etanche-a-double-epaule-90-l-noir\/"},"modified":"2026-02-13T21:15:21","modified_gmt":"2026-02-13T20:15:21","slug":"sac-a-dos-randonnee-professionnel-en-toile-de-camouflage-etanche-a-double-epaule-90-l-noir","status":"publish","type":"product","link":"https:\/\/shoponlinedz.com\/en\/product\/sac-a-dos-randonnee-professionnel-en-toile-de-camouflage-etanche-a-double-epaule-90-l-noir\/","title":{"rendered":"Sac \u00e0 dos Randonn\u00e9e professionnel en toile de Camouflage \u00e9tanche \u00e0 double \u00e9paule 90 L &#8211; Noir"},"content":{"rendered":"<figure class=\"attachment attachment--preview\" data-trix-attachment=\"{&quot;contentType&quot;:&quot;image&quot;,&quot;height&quot;:1024,&quot;url&quot;:&quot;https:\/\/sawaqli.fra1.cdn.digitaloceanspaces.com\/882\/HTB1EA6DKb1YBuNjSszhq6AUsFXaj.jpg&quot;,&quot;width&quot;:1024}\" data-trix-content-type=\"image\"><img decoding=\"async\" class=\"aligncenter\" src=\"https:\/\/sawaqli.fra1.cdn.digitaloceanspaces.com\/882\/HTB1EA6DKb1YBuNjSszhq6AUsFXaj.jpg\" width=\"1024\" height=\"1024\" \/><figcaption class=\"attachment__caption\"><\/figcaption><\/figure>\n<figure class=\"attachment attachment--preview\" data-trix-attachment=\"{&quot;contentType&quot;:&quot;image&quot;,&quot;height&quot;:1024,&quot;url&quot;:&quot;https:\/\/sawaqli.fra1.cdn.digitaloceanspaces.com\/883\/WhatsApp-Image-2022-09-15-at-4.28.45-PM-3.jpeg&quot;,&quot;width&quot;:1024}\" data-trix-content-type=\"image\"><img decoding=\"async\" class=\"aligncenter\" src=\"https:\/\/sawaqli.fra1.cdn.digitaloceanspaces.com\/883\/WhatsApp-Image-2022-09-15-at-4.28.45-PM-3.jpeg\" width=\"1024\" height=\"1024\" \/><figcaption class=\"attachment__caption\"><\/figcaption><\/figure>\n<figure class=\"attachment attachment--preview\" data-trix-attachment=\"{&quot;contentType&quot;:&quot;image&quot;,&quot;height&quot;:1024,&quot;url&quot;:&quot;https:\/\/sawaqli.fra1.cdn.digitaloceanspaces.com\/884\/s-l500.jpg&quot;,&quot;width&quot;:1024}\" data-trix-content-type=\"image\"><img decoding=\"async\" class=\"aligncenter\" src=\"https:\/\/sawaqli.fra1.cdn.digitaloceanspaces.com\/884\/s-l500.jpg\" width=\"1024\" height=\"1024\" \/><figcaption class=\"attachment__caption\"><\/figcaption><\/figure>\n<p style=\"text-align: center;\">","protected":false},"excerpt":{"rendered":"<p>Description:Mat\u00e9riau en nylon renforc\u00e9 avec fermeture \u00e9clair lisse, imperm\u00e9able, respirant, r\u00e9sistant, r\u00e9sistant \u00e0 la d\u00e9chirure, r\u00e9sistant aux rayures et durableStockage profond de grande capacit\u00e9 de 90l avec un compartiment s\u00e9par\u00e9 et plusieurs poches pour suffisamment d\u2019espaceRembourrage en maille ventil\u00e9e sur le dos et les bretelles pour vous garder au frais et confortableSyst\u00e8me Molle dans tout le sac et bandouli\u00e8re tr\u00e8s pratique pour ajouter des pochettes suppl\u00e9mentairesLarge application: id\u00e9al pour la randonn\u00e9e, le camping, l\u2019escalade et d\u2019autres activit\u00e9s de plein airsupport en aluminiumSp\u00e9cification:Taille: 75x35x24 cmCapacit\u00e9: 90LMat\u00e9riel: \u00c9tanche 800D Nylon aluminiumDoublure: NylonLe forfait Comprend:1 pi\u00e8ce Sac \u00c0 Dos1 rain cover<\/p>","protected":false},"featured_media":65143,"comment_status":"open","ping_status":"closed","template":"","meta":[],"product_brand":[],"product_cat":[2464],"product_tag":[],"class_list":{"0":"post-65144","1":"product","2":"type-product","3":"status-publish","4":"has-post-thumbnail","6":"product_cat-camping-et-randonnee","8":"first","9":"instock","10":"taxable","11":"shipping-taxable","12":"purchasable","13":"product-type-simple"},"jetpack_sharing_enabled":true,"_links":{"self":[{"href":"https:\/\/shoponlinedz.com\/en\/wp-json\/wp\/v2\/product\/65144","targetHints":{"allow":["GET"]}}],"collection":[{"href":"https:\/\/shoponlinedz.com\/en\/wp-json\/wp\/v2\/product"}],"about":[{"href":"https:\/\/shoponlinedz.com\/en\/wp-json\/wp\/v2\/types\/product"}],"replies":[{"embeddable":true,"href":"https:\/\/shoponlinedz.com\/en\/wp-json\/wp\/v2\/comments?post=65144"}],"version-history":[{"count":0,"href":"https:\/\/shoponlinedz.com\/en\/wp-json\/wp\/v2\/product\/65144\/revisions"}],"wp:featuredmedia":[{"embeddable":true,"href":"https:\/\/shoponlinedz.com\/en\/wp-json\/wp\/v2\/media\/65143"}],"wp:attachment":[{"href":"https:\/\/shoponlinedz.com\/en\/wp-json\/wp\/v2\/media?parent=65144"}],"wp:term":[{"taxonomy":"product_brand","embeddable":true,"href":"https:\/\/shoponlinedz.com\/en\/wp-json\/wp\/v2\/product_brand?post=65144"},{"taxonomy":"product_cat","embeddable":true,"href":"https:\/\/shoponlinedz.com\/en\/wp-json\/wp\/v2\/product_cat?post=65144"},{"taxonomy":"product_tag","embeddable":true,"href":"https:\/\/shoponlinedz.com\/en\/wp-json\/wp\/v2\/product_tag?post=65144"}],"curies":[{"name":"wp","href":"https:\/\/api.w.org\/{rel}","templated":true}]}}