{"id":65088,"date":"2026-01-07T11:41:12","date_gmt":"2026-01-07T11:41:12","guid":{"rendered":"https:\/\/shoponlinedz.com\/product\/lot-de-3-etageres-murales-decorative-bois-hexagonale\/"},"modified":"2026-02-13T21:15:25","modified_gmt":"2026-02-13T20:15:25","slug":"lot-de-3-etageres-murales-decorative-bois-hexagonale","status":"publish","type":"product","link":"https:\/\/shoponlinedz.com\/en\/product\/lot-de-3-etageres-murales-decorative-bois-hexagonale\/","title":{"rendered":"Lot de 3 \u00c9tag\u00e8res Murales D\u00e9corative &#8211; Bois &#8211; Hexagonale"},"content":{"rendered":"<figure class=\"attachment attachment--preview\" data-trix-attachment=\"{&quot;contentType&quot;:&quot;image&quot;,&quot;height&quot;:1024,&quot;url&quot;:&quot;https:\/\/sawaqli.fra1.cdn.digitaloceanspaces.com\/1028\/38-cm-86.jpg&quot;,&quot;width&quot;:1024}\" data-trix-content-type=\"image\"><img decoding=\"async\" class=\"aligncenter\" src=\"https:\/\/sawaqli.fra1.cdn.digitaloceanspaces.com\/1028\/38-cm-86.jpg\" width=\"1024\" height=\"1024\" \/><figcaption class=\"attachment__caption\"><\/figcaption><\/figure>\n<figure class=\"attachment attachment--preview\" data-trix-attachment=\"{&quot;contentType&quot;:&quot;image&quot;,&quot;height&quot;:1024,&quot;url&quot;:&quot;https:\/\/sawaqli.fra1.cdn.digitaloceanspaces.com\/1029\/4-8.jpg&quot;,&quot;width&quot;:1024}\" data-trix-content-type=\"image\"><img decoding=\"async\" class=\"aligncenter\" src=\"https:\/\/sawaqli.fra1.cdn.digitaloceanspaces.com\/1029\/4-8.jpg\" width=\"1024\" height=\"1024\" \/><figcaption class=\"attachment__caption\"><\/figcaption><\/figure>\n<figure class=\"attachment attachment--preview\" data-trix-attachment=\"{&quot;contentType&quot;:&quot;image&quot;,&quot;height&quot;:1024,&quot;url&quot;:&quot;https:\/\/sawaqli.fra1.cdn.digitaloceanspaces.com\/1030\/1-41.jpg&quot;,&quot;width&quot;:1024}\" data-trix-content-type=\"image\"><img decoding=\"async\" class=\"aligncenter\" src=\"https:\/\/sawaqli.fra1.cdn.digitaloceanspaces.com\/1030\/1-41.jpg\" width=\"1024\" height=\"1024\" \/><figcaption class=\"attachment__caption\"><\/figcaption><\/figure>\n<figure class=\"attachment attachment--preview\" data-trix-attachment=\"{&quot;contentType&quot;:&quot;image&quot;,&quot;height&quot;:1024,&quot;url&quot;:&quot;https:\/\/sawaqli.fra1.cdn.digitaloceanspaces.com\/1031\/etagere-flottante-suspendue-lot-de-3-etageres-hexa-1.jpg&quot;,&quot;width&quot;:1024}\" data-trix-content-type=\"image\"><img decoding=\"async\" class=\"aligncenter\" src=\"https:\/\/sawaqli.fra1.cdn.digitaloceanspaces.com\/1031\/etagere-flottante-suspendue-lot-de-3-etageres-hexa-1.jpg\" width=\"1024\" height=\"1024\" \/><figcaption class=\"attachment__caption\"><\/figcaption><\/figure>\n<figure class=\"attachment attachment--preview\" data-trix-attachment=\"{&quot;contentType&quot;:&quot;image&quot;,&quot;height&quot;:1024,&quot;url&quot;:&quot;https:\/\/sawaqli.fra1.cdn.digitaloceanspaces.com\/42877\/SOS22.jpg&quot;,&quot;width&quot;:1024}\" data-trix-content-type=\"image\"><img decoding=\"async\" class=\"aligncenter\" src=\"https:\/\/sawaqli.fra1.cdn.digitaloceanspaces.com\/42877\/SOS22.jpg\" width=\"1024\" height=\"1024\" \/><figcaption class=\"attachment__caption\"><\/figcaption><\/figure>\n<p style=\"text-align: center;\">","protected":false},"excerpt":{"rendered":"<p>\u0627\u0644\u0644\u0648\u0646: \u0623\u0628\u064a\u0636 \u0648\u0631\u0645\u0627\u062f\u064a \u0627\u0644\u0634\u0643\u0644: \u0633\u062f\u0627\u0633\u064a \u0627\u0644\u0643\u0645\u064a\u0629: 3 \u0642\u0637\u0639\u0627\u0644\u0648\u0635\u0641:\u0631\u0641\u0648\u0641 \u062d\u0627\u0626\u0637\u064a\u0629 \u0633\u062f\u0627\u0633\u064a\u0629 \u0627\u0644\u0634\u0643\u0644 \u0644\u062a\u0632\u064a\u064a\u0646 \u0623\u064a \u063a\u0631\u0641\u0629 \u0628\u0634\u0643\u0644 \u0623\u0646\u064a\u0642 \u0645\u0639 \u0625\u0636\u0627\u0641\u0629 \u0645\u0633\u0627\u062d\u0629 \u062a\u062e\u0632\u064a\u0646 \u0639\u0645\u0644\u064a\u0629.\u0645\u062a\u0639\u062f\u062f\u0629 \u0627\u0644\u0627\u0633\u062a\u062e\u062f\u0627\u0645\u0627\u062a \u0644\u0639\u0631\u0636 \u0627\u0644\u0635\u0648\u0631\u060c \u0627\u0644\u062a\u062d\u0641\u060c \u0627\u0644\u0623\u0639\u0645\u0627\u0644 \u0627\u0644\u0641\u0646\u064a\u0629 \u0648\u0627\u0644\u0643\u062a\u0628.\u0633\u0647\u0644\u0629 \u0627\u0644\u062a\u0631\u0643\u064a\u0628 \u0645\u0639 \u0623\u062f\u0648\u0627\u062a \u062a\u062b\u0628\u064a\u062a \u0639\u0627\u0644\u064a\u0629 \u0627\u0644\u062c\u0648\u062f\u0629 \u0645\u0636\u0645\u0646\u0629 \u0641\u064a \u0627\u0644\u0639\u0628\u0648\u0629.\u0645\u0635\u0646\u0648\u0639\u0629 \u0645\u0646 MDF \u0639\u0627\u0644\u064a \u0627\u0644\u062c\u0648\u062f\u0629 \u0644\u0636\u0645\u0627\u0646 \u0627\u0644\u0645\u062a\u0627\u0646\u0629 \u0648\u0637\u0648\u0644 \u0627\u0644\u0639\u0645\u0631.\u0645\u0646\u0627\u0633\u0628\u0629 \u0644\u0623\u064a \u062f\u064a\u0643\u0648\u0631 \u062d\u062f\u064a\u062b \u0623\u0648 \u0631\u064a\u0641\u064a \u0648\u064a\u0645\u0643\u0646 \u062a\u0642\u062f\u064a\u0645\u0647\u0627 \u0643\u0647\u062f\u064a\u0629 \u0645\u062b\u0627\u0644\u064a\u0629.<\/p>","protected":false},"featured_media":65087,"comment_status":"open","ping_status":"closed","template":"","meta":[],"product_brand":[],"product_cat":[2460],"product_tag":[],"class_list":{"0":"post-65088","1":"product","2":"type-product","3":"status-publish","4":"has-post-thumbnail","6":"product_cat-decoration","8":"first","9":"instock","10":"taxable","11":"shipping-taxable","12":"purchasable","13":"product-type-simple"},"jetpack_sharing_enabled":true,"_links":{"self":[{"href":"https:\/\/shoponlinedz.com\/en\/wp-json\/wp\/v2\/product\/65088","targetHints":{"allow":["GET"]}}],"collection":[{"href":"https:\/\/shoponlinedz.com\/en\/wp-json\/wp\/v2\/product"}],"about":[{"href":"https:\/\/shoponlinedz.com\/en\/wp-json\/wp\/v2\/types\/product"}],"replies":[{"embeddable":true,"href":"https:\/\/shoponlinedz.com\/en\/wp-json\/wp\/v2\/comments?post=65088"}],"version-history":[{"count":0,"href":"https:\/\/shoponlinedz.com\/en\/wp-json\/wp\/v2\/product\/65088\/revisions"}],"wp:featuredmedia":[{"embeddable":true,"href":"https:\/\/shoponlinedz.com\/en\/wp-json\/wp\/v2\/media\/65087"}],"wp:attachment":[{"href":"https:\/\/shoponlinedz.com\/en\/wp-json\/wp\/v2\/media?parent=65088"}],"wp:term":[{"taxonomy":"product_brand","embeddable":true,"href":"https:\/\/shoponlinedz.com\/en\/wp-json\/wp\/v2\/product_brand?post=65088"},{"taxonomy":"product_cat","embeddable":true,"href":"https:\/\/shoponlinedz.com\/en\/wp-json\/wp\/v2\/product_cat?post=65088"},{"taxonomy":"product_tag","embeddable":true,"href":"https:\/\/shoponlinedz.com\/en\/wp-json\/wp\/v2\/product_tag?post=65088"}],"curies":[{"name":"wp","href":"https:\/\/api.w.org\/{rel}","templated":true}]}}