{"id":65036,"date":"2026-01-07T11:38:36","date_gmt":"2026-01-07T11:38:36","guid":{"rendered":"https:\/\/shoponlinedz.com\/product\/balance-a-bagages-numerique-portable-avec-ecran-lcd-50kg-10g-wh-a08\/"},"modified":"2026-02-13T21:15:29","modified_gmt":"2026-02-13T20:15:29","slug":"balance-a-bagages-numerique-portable-avec-ecran-lcd-50kg-10g-wh-a08","status":"publish","type":"product","link":"https:\/\/shoponlinedz.com\/en\/product\/balance-a-bagages-numerique-portable-avec-ecran-lcd-50kg-10g-wh-a08\/","title":{"rendered":"Balance \u00e0 bagages num\u00e9rique portable avec \u00e9cran LCD 50KG\/10G WH-A08"},"content":{"rendered":"<figure class=\"attachment attachment--preview\" data-trix-attachment=\"{&quot;contentType&quot;:&quot;image&quot;,&quot;height&quot;:1024,&quot;url&quot;:&quot;https:\/\/sawaqli.fra1.cdn.digitaloceanspaces.com\/11405\/b5af560facff351104d0446225f2069b-1.png&quot;,&quot;width&quot;:1024}\" data-trix-content-type=\"image\"><img decoding=\"async\" class=\"aligncenter\" src=\"https:\/\/sawaqli.fra1.cdn.digitaloceanspaces.com\/11405\/b5af560facff351104d0446225f2069b-1.png\" width=\"1024\" height=\"1024\" \/><figcaption class=\"attachment__caption\"><\/figcaption><\/figure>\n<figure class=\"attachment attachment--preview\" data-trix-attachment=\"{&quot;contentType&quot;:&quot;image&quot;,&quot;height&quot;:1024,&quot;url&quot;:&quot;https:\/\/sawaqli.fra1.cdn.digitaloceanspaces.com\/11406\/1pc-50kg-110lb-Digital-Portable-Luggage-Scale-Hand-Scale-Kitchen-Tool-Scale-Electronic-S3q1.png&quot;,&quot;width&quot;:1024}\" data-trix-content-type=\"image\"><img decoding=\"async\" class=\"aligncenter\" src=\"https:\/\/sawaqli.fra1.cdn.digitaloceanspaces.com\/11406\/1pc-50kg-110lb-Digital-Portable-Luggage-Scale-Hand-Scale-Kitchen-Tool-Scale-Electronic-S3q1.png\" width=\"1024\" height=\"1024\" \/><figcaption class=\"attachment__caption\"><\/figcaption><\/figure>\n<figure class=\"attachment attachment--preview\" data-trix-attachment=\"{&quot;contentType&quot;:&quot;image&quot;,&quot;height&quot;:1024,&quot;url&quot;:&quot;https:\/\/sawaqli.fra1.cdn.digitaloceanspaces.com\/11407\/5f9254e6d9f5d6501dbe41cce44c1125.png&quot;,&quot;width&quot;:1024}\" data-trix-content-type=\"image\"><img decoding=\"async\" class=\"aligncenter\" src=\"https:\/\/sawaqli.fra1.cdn.digitaloceanspaces.com\/11407\/5f9254e6d9f5d6501dbe41cce44c1125.png\" width=\"1024\" height=\"1024\" \/><figcaption class=\"attachment__caption\"><\/figcaption><\/figure>\n<figure class=\"attachment attachment--preview\" data-trix-attachment=\"{&quot;contentType&quot;:&quot;image&quot;,&quot;height&quot;:1024,&quot;url&quot;:&quot;https:\/\/sawaqli.fra1.cdn.digitaloceanspaces.com\/11408\/H7ce05824dab84f1a922acad35a728645E.png&quot;,&quot;width&quot;:1024}\" data-trix-content-type=\"image\"><img decoding=\"async\" class=\"aligncenter\" src=\"https:\/\/sawaqli.fra1.cdn.digitaloceanspaces.com\/11408\/H7ce05824dab84f1a922acad35a728645E.png\" width=\"1024\" height=\"1024\" \/><figcaption class=\"attachment__caption\"><\/figcaption><\/figure>\n<figure class=\"attachment attachment--preview\" data-trix-attachment=\"{&quot;contentType&quot;:&quot;image&quot;,&quot;height&quot;:1024,&quot;url&quot;:&quot;https:\/\/sawaqli.fra1.cdn.digitaloceanspaces.com\/11409\/381c35daf3151e76cb5a1ca2f5c1e01a.png&quot;,&quot;width&quot;:1024}\" data-trix-content-type=\"image\"><img decoding=\"async\" class=\"aligncenter\" src=\"https:\/\/sawaqli.fra1.cdn.digitaloceanspaces.com\/11409\/381c35daf3151e76cb5a1ca2f5c1e01a.png\" width=\"1024\" height=\"1024\" \/><figcaption class=\"attachment__caption\"><\/figcaption><\/figure>\n<p style=\"text-align: center;\">","protected":false},"excerpt":{"rendered":"<p>\u0645\u064a\u0632\u0627\u0646 \u0631\u0642\u0645\u064a \u0645\u062d\u0645\u0648\u0644 \u062d\u062a\u0649 50 \u0643\u062c\u0645\u0634\u0627\u0634\u0629 LCD \u0628\u0625\u0636\u0627\u0621\u0629 \u062e\u0644\u0641\u064a\u0629 \u0632\u0631\u0642\u0627\u0621 \u0644\u0642\u0631\u0627\u0621\u0629 \u0648\u0627\u0636\u062d\u0629.\u062f\u0642\u0629 \u0639\u0627\u0644\u064a\u0629: 0-10 \u0643\u062c\u0645 (5 \u062c\u0645) \/ 10-50 \u0643\u062c\u0645 (10 \u062c\u0645).\u0625\u064a\u0642\u0627\u0641 \u062a\u0644\u0642\u0627\u0626\u064a \u0628\u0639\u062f 120 \u062b\u0627\u0646\u064a\u0629 \u0644\u062a\u0648\u0641\u064a\u0631 \u0627\u0644\u0637\u0627\u0642\u0629.\u0648\u0638\u064a\u0641\u0629 \u0627\u0644\u0648\u0632\u0646 \u0627\u0644\u0641\u0627\u0631\u063a (Tare) \u0648\u0642\u064a\u0627\u0633 \u062f\u0631\u062c\u0629 \u0627\u0644\u062d\u0631\u0627\u0631\u0629 (\u00b12 \u2103).4 \u0648\u062d\u062f\u0627\u062a \u0642\u064a\u0627\u0633: \u0643\u062c\u0645 \/ \u0631\u0637\u0644 \/ \u062c\u064a\u0646 \/ \u0623\u0648\u0646\u0635\u0629.\u062a\u0635\u0645\u064a\u0645 \u0635\u063a\u064a\u0631 \u0648\u062e\u0641\u064a\u0641 \u0648\u0633\u0647\u0644 \u0627\u0644\u062d\u0645\u0644.\u0627\u0644\u062e\u0627\u0645\u0629: ABS \u0645\u0642\u0627\u0648\u0645 \u0644\u0644\u062a\u0622\u0643\u0644.\u064a\u0639\u0645\u0644 \u0628\u0628\u0637\u0627\u0631\u064a\u062a\u064a\u0646 AAA (\u063a\u064a\u0631 \u0645\u0634\u0645\u0648\u0644\u0629).\u0645\u062b\u0627\u0644\u064a \u0644\u0644\u0627\u0633\u062a\u062e\u062f\u0627\u0645 \u0627\u0644\u0645\u0646\u0632\u0644\u064a \u0623\u0648 \u0627\u0644\u062a\u0633\u0648\u0642 \u0623\u0648 \u0627\u0644\u0623\u0646\u0634\u0637\u0629 \u0627\u0644\u062e\u0627\u0631\u062c\u064a\u0629.<\/p>","protected":false},"featured_media":65035,"comment_status":"open","ping_status":"closed","template":"","meta":[],"product_brand":[],"product_cat":[2463],"product_tag":[],"class_list":{"0":"post-65036","1":"product","2":"type-product","3":"status-publish","4":"has-post-thumbnail","6":"product_cat-electronique","8":"first","9":"instock","10":"taxable","11":"shipping-taxable","12":"purchasable","13":"product-type-simple"},"jetpack_sharing_enabled":true,"_links":{"self":[{"href":"https:\/\/shoponlinedz.com\/en\/wp-json\/wp\/v2\/product\/65036","targetHints":{"allow":["GET"]}}],"collection":[{"href":"https:\/\/shoponlinedz.com\/en\/wp-json\/wp\/v2\/product"}],"about":[{"href":"https:\/\/shoponlinedz.com\/en\/wp-json\/wp\/v2\/types\/product"}],"replies":[{"embeddable":true,"href":"https:\/\/shoponlinedz.com\/en\/wp-json\/wp\/v2\/comments?post=65036"}],"version-history":[{"count":0,"href":"https:\/\/shoponlinedz.com\/en\/wp-json\/wp\/v2\/product\/65036\/revisions"}],"wp:featuredmedia":[{"embeddable":true,"href":"https:\/\/shoponlinedz.com\/en\/wp-json\/wp\/v2\/media\/65035"}],"wp:attachment":[{"href":"https:\/\/shoponlinedz.com\/en\/wp-json\/wp\/v2\/media?parent=65036"}],"wp:term":[{"taxonomy":"product_brand","embeddable":true,"href":"https:\/\/shoponlinedz.com\/en\/wp-json\/wp\/v2\/product_brand?post=65036"},{"taxonomy":"product_cat","embeddable":true,"href":"https:\/\/shoponlinedz.com\/en\/wp-json\/wp\/v2\/product_cat?post=65036"},{"taxonomy":"product_tag","embeddable":true,"href":"https:\/\/shoponlinedz.com\/en\/wp-json\/wp\/v2\/product_tag?post=65036"}],"curies":[{"name":"wp","href":"https:\/\/api.w.org\/{rel}","templated":true}]}}