{"id":64936,"date":"2026-01-07T11:34:15","date_gmt":"2026-01-07T11:34:15","guid":{"rendered":"https:\/\/shoponlinedz.com\/product\/lampe-de-poche-rechargeable-a-led-avec-brise-vitre-integre-300-lumens\/"},"modified":"2026-02-13T21:15:33","modified_gmt":"2026-02-13T20:15:33","slug":"lampe-de-poche-rechargeable-a-led-avec-brise-vitre-integre-300-lumens","status":"publish","type":"product","link":"https:\/\/shoponlinedz.com\/en\/product\/lampe-de-poche-rechargeable-a-led-avec-brise-vitre-integre-300-lumens\/","title":{"rendered":"Lampe de poche rechargeable \u00e0 LED avec brise vitre int\u00e9gr\u00e9 &#8211; 300 Lumens"},"content":{"rendered":"<figure class=\"attachment attachment--preview\" data-trix-attachment=\"{&quot;contentType&quot;:&quot;image&quot;,&quot;height&quot;:1024,&quot;url&quot;:&quot;https:\/\/sawaqli.fra1.cdn.digitaloceanspaces.com\/27464\/T6-28-6.jpg&quot;,&quot;width&quot;:1024}\" data-trix-content-type=\"image\"><img decoding=\"async\" class=\"aligncenter\" src=\"https:\/\/sawaqli.fra1.cdn.digitaloceanspaces.com\/27464\/T6-28-6.jpg\" width=\"1024\" height=\"1024\" \/><figcaption class=\"attachment__caption\"><\/figcaption><\/figure>\n<figure class=\"attachment attachment--preview\" data-trix-attachment=\"{&quot;contentType&quot;:&quot;image&quot;,&quot;height&quot;:1024,&quot;url&quot;:&quot;https:\/\/sawaqli.fra1.cdn.digitaloceanspaces.com\/27465\/T6-28-4.jpg&quot;,&quot;width&quot;:1024}\" data-trix-content-type=\"image\"><img decoding=\"async\" class=\"aligncenter\" src=\"https:\/\/sawaqli.fra1.cdn.digitaloceanspaces.com\/27465\/T6-28-4.jpg\" width=\"1024\" height=\"1024\" \/><figcaption class=\"attachment__caption\"><\/figcaption><\/figure>\n<figure class=\"attachment attachment--preview\" data-trix-attachment=\"{&quot;contentType&quot;:&quot;image&quot;,&quot;height&quot;:1024,&quot;url&quot;:&quot;https:\/\/sawaqli.fra1.cdn.digitaloceanspaces.com\/27466\/T6-28-5.jpg&quot;,&quot;width&quot;:1024}\" data-trix-content-type=\"image\"><img decoding=\"async\" class=\"aligncenter\" src=\"https:\/\/sawaqli.fra1.cdn.digitaloceanspaces.com\/27466\/T6-28-5.jpg\" width=\"1024\" height=\"1024\" \/><figcaption class=\"attachment__caption\"><\/figcaption><\/figure>\n<figure class=\"attachment attachment--preview\" data-trix-attachment=\"{&quot;contentType&quot;:&quot;image&quot;,&quot;height&quot;:1024,&quot;url&quot;:&quot;https:\/\/sawaqli.fra1.cdn.digitaloceanspaces.com\/27467\/T6-28-3.jpg&quot;,&quot;width&quot;:1024}\" data-trix-content-type=\"image\"><img decoding=\"async\" class=\"aligncenter\" src=\"https:\/\/sawaqli.fra1.cdn.digitaloceanspaces.com\/27467\/T6-28-3.jpg\" width=\"1024\" height=\"1024\" \/><figcaption class=\"attachment__caption\"><\/figcaption><\/figure>\n<figure class=\"attachment attachment--preview\" data-trix-attachment=\"{&quot;contentType&quot;:&quot;image&quot;,&quot;height&quot;:1024,&quot;url&quot;:&quot;https:\/\/sawaqli.fra1.cdn.digitaloceanspaces.com\/27468\/T6-28-2.jpg&quot;,&quot;width&quot;:1024}\" data-trix-content-type=\"image\"><img decoding=\"async\" class=\"aligncenter\" src=\"https:\/\/sawaqli.fra1.cdn.digitaloceanspaces.com\/27468\/T6-28-2.jpg\" width=\"1024\" height=\"1024\" \/><figcaption class=\"attachment__caption\"><\/figcaption><\/figure>\n<p style=\"text-align: center;\">","protected":false},"excerpt":{"rendered":"<p>\u0645\u0635\u0628\u0627\u062d \u064a\u062f\u0648\u064a LED \u0642\u0627\u0628\u0644 \u0644\u0625\u0639\u0627\u062f\u0629 \u0627\u0644\u0634\u062d\u0646 \u0645\u0639 \u0642\u0627\u0637\u0639 \u0632\u062c\u0627\u062c \u0645\u062f\u0645\u062c \u2013 \u0623\u062f\u0627\u0621 \u0648\u0645\u0631\u0648\u0646\u0629 \u0639\u0627\u0644\u064a\u0629 \u064a\u062a\u0645\u064a\u0632 \u0647\u0630\u0627 \u0627\u0644\u0645\u0635\u0628\u0627\u062d \u0627\u0644\u064a\u062f\u0648\u064a \u0627\u0644\u0642\u0627\u0628\u0644 \u0644\u0625\u0639\u0627\u062f\u0629 \u0627\u0644\u0634\u062d\u0646 \u0628\u0625\u0636\u0627\u0621\u0629 \u0642\u0648\u064a\u0629 \u062a\u0635\u0644 \u0625\u0644\u0649 300 \u0644\u0648\u0645\u0646 \u0645\u0639 \u0632\u0627\u0648\u064a\u0629 \u0625\u0636\u0627\u0621\u0629 180 \u062f\u0631\u062c\u0629 \u0644\u062a\u0648\u0632\u064a\u0639 \u0627\u0644\u0636\u0648\u0621 \u0628\u0634\u0643\u0644 \u0648\u0627\u0633\u0639 \u0648\u0645\u062a\u062c\u0627\u0646\u0633. \u0645\u0635\u0646\u0648\u0639 \u0645\u0646 \u0633\u0628\u0627\u0626\u0643 \u0627\u0644\u0623\u0644\u0645\u0646\u064a\u0648\u0645 \u0644\u0636\u0645\u0627\u0646 \u0627\u0644\u0645\u062a\u0627\u0646\u0629\u060c \u0648\u064a\u064f\u0634\u062d\u0646 \u0628\u0633\u0647\u0648\u0644\u0629 \u0639\u0628\u0631 \u0645\u0646\u0641\u0630 USB \u0628\u0628\u0637\u0627\u0631\u064a\u0629 500 \u0645\u0644\u0644\u064a \u0623\u0645\u0628\u064a\u0631 \u062a\u0648\u0641\u0631 \u0627\u0633\u062a\u062e\u062f\u0627\u0645\u064b\u0627 \u0637\u0648\u064a\u0644 \u0627\u0644\u0623\u0645\u062f. \u0648\u0632\u0646\u0647 170 \u062c\u0631\u0627\u0645 \u0641\u0642\u0637 \u0645\u0645\u0627 \u064a\u062c\u0639\u0644\u0647 \u062e\u0641\u064a\u0641\u064b\u0627 \u0648\u0633\u0647\u0644 \u0627\u0644\u062d\u0645\u0644 \u0641\u064a \u0623\u064a \u0645\u0643\u0627\u0646.\u0648\u0638\u0627\u0626\u0641 \u0645\u0628\u062a\u0643\u0631\u0629 \u0648\u062a\u062d\u0645\u0644 \u0645\u0645\u062a\u0627\u0632 \u064a\u062d\u062a\u0648\u064a \u0639\u0644\u0649 \u0641\u0631\u0627\u0645\u0644 \u0630\u0643\u064a\u0629 \u0628\u0627\u0644\u0625\u062d\u0633\u0627\u0633\u060c \u0634\u062d\u0646 \u0645\u0628\u0627\u0634\u0631 \u0639\u0628\u0631 USB\u060c \u0648\u0645\u0633\u062a\u0634\u0639\u0631 \u0644\u0644\u0633\u0637\u0648\u0639. \u064a\u0648\u0641\u0631 \u0632\u0645\u0646 \u062a\u0634\u063a\u064a\u0644 \u064a\u0635\u0644 \u0625\u0644\u0649 24 \u0633\u0627\u0639\u0629\u060c \u0648\u0645\u0639 \u0634\u0647\u0627\u062f\u0629 IPX6 \u0641\u0647\u0648 \u0645\u0642\u0627\u0648\u0645 \u0644\u0644\u0645\u0627\u0621 \u0648\u064a\u0639\u0645\u0644 \u0628\u0643\u0641\u0627\u0621\u0629 \u062d\u062a\u0649 \u0641\u064a \u0627\u0644\u0638\u0631\u0648\u0641 \u0627\u0644\u062c\u0648\u064a\u0629 \u0627\u0644\u0642\u0627\u0633\u064a\u0629. \u0627\u0644\u062a\u0635\u0645\u064a\u0645 \u0627\u0644\u0645\u0644\u0648\u0644\u0628 \u064a\u0633\u0647\u0644 \u0639\u0645\u0644\u064a\u0629 \u0627\u0644\u0634\u062d\u0646 \u0648\u0627\u0644\u0627\u0633\u062a\u062e\u062f\u0627\u0645 \u0627\u0644\u064a\u0648\u0645\u064a.\u0633\u0647\u0648\u0644\u0629 \u0627\u0644\u0627\u0633\u062a\u062e\u062f\u0627\u0645 \u0648\u062a\u062d\u0633\u064a\u0646 \u0627\u0644\u0623\u0645\u0627\u0646 \u0645\u0632\u0648\u062f \u0628\u0648\u0636\u0639\u064a\u0627\u062a \u0625\u0636\u0627\u0621\u0629 \u0645\u062a\u0639\u062f\u062f\u0629: \u0645\u0633\u062a\u0645\u0631\u060c \u0642\u0648\u064a\u060c \u0648\u0648\u0645\u064a\u0636. \u0645\u0624\u0634\u0631 \u0634\u062d\u0646 LED \u064a\u0636\u064a\u0621 \u0628\u0627\u0644\u0644\u0648\u0646 \u0627\u0644\u0623\u062e\u0636\u0631 \u0639\u0646\u062f \u0627\u0643\u062a\u0645\u0627\u0644 \u0627\u0644\u0634\u062d\u0646. \u064a\u0648\u0641\u0631 \u0625\u0636\u0627\u0621\u0629 \u0645\u062b\u0627\u0644\u064a\u0629 \u0628\u0632\u0627\u0648\u064a\u0629 180 \u062f\u0631\u062c\u0629 \u0645\u0639 \u062a\u0642\u0646\u064a\u0629 \u0627\u0644\u0645\u0631\u0622\u0629. \u0632\u0631 \u0627\u0644\u062a\u0634\u063a\u064a\u0644 \u064a\u0633\u0645\u062d \u0628\u0627\u0644\u062a\u062d\u0643\u0645 \u0627\u0644\u0633\u0631\u064a\u0639\u060c \u0648\u0627\u0644\u0636\u063a\u0637 \u0627\u0644\u0645\u0637\u0648\u0644 \u064a\u064f\u0641\u0639\u0651\u0644 \u0627\u0644\u0648\u0636\u0639 \u0627\u0644\u064a\u062f\u0648\u064a. \u062a\u0635\u0645\u064a\u0645\u0647 \u0627\u0644\u0645\u062f\u0645\u062c \u064a\u062c\u0639\u0644\u0647 \u0645\u062b\u0627\u0644\u064a\u064b\u0627 \u0644\u0644\u0623\u0646\u0634\u0637\u0629 \u0627\u0644\u062e\u0627\u0631\u062c\u064a\u0629 \u0648\u0627\u0644\u0637\u0648\u0627\u0631\u0626.<\/p>","protected":false},"featured_media":64935,"comment_status":"open","ping_status":"closed","template":"","meta":[],"product_brand":[],"product_cat":[2458],"product_tag":[],"class_list":{"0":"post-64936","1":"product","2":"type-product","3":"status-publish","4":"has-post-thumbnail","6":"product_cat-accessoires-auto-moto","8":"first","9":"instock","10":"taxable","11":"shipping-taxable","12":"purchasable","13":"product-type-simple"},"jetpack_sharing_enabled":true,"_links":{"self":[{"href":"https:\/\/shoponlinedz.com\/en\/wp-json\/wp\/v2\/product\/64936","targetHints":{"allow":["GET"]}}],"collection":[{"href":"https:\/\/shoponlinedz.com\/en\/wp-json\/wp\/v2\/product"}],"about":[{"href":"https:\/\/shoponlinedz.com\/en\/wp-json\/wp\/v2\/types\/product"}],"replies":[{"embeddable":true,"href":"https:\/\/shoponlinedz.com\/en\/wp-json\/wp\/v2\/comments?post=64936"}],"version-history":[{"count":0,"href":"https:\/\/shoponlinedz.com\/en\/wp-json\/wp\/v2\/product\/64936\/revisions"}],"wp:featuredmedia":[{"embeddable":true,"href":"https:\/\/shoponlinedz.com\/en\/wp-json\/wp\/v2\/media\/64935"}],"wp:attachment":[{"href":"https:\/\/shoponlinedz.com\/en\/wp-json\/wp\/v2\/media?parent=64936"}],"wp:term":[{"taxonomy":"product_brand","embeddable":true,"href":"https:\/\/shoponlinedz.com\/en\/wp-json\/wp\/v2\/product_brand?post=64936"},{"taxonomy":"product_cat","embeddable":true,"href":"https:\/\/shoponlinedz.com\/en\/wp-json\/wp\/v2\/product_cat?post=64936"},{"taxonomy":"product_tag","embeddable":true,"href":"https:\/\/shoponlinedz.com\/en\/wp-json\/wp\/v2\/product_tag?post=64936"}],"curies":[{"name":"wp","href":"https:\/\/api.w.org\/{rel}","templated":true}]}}