{"id":64901,"date":"2026-01-07T11:32:39","date_gmt":"2026-01-07T11:32:39","guid":{"rendered":"https:\/\/shoponlinedz.com\/product\/sound-atmosphere-lamp-48-led-pour-voiture\/"},"modified":"2026-02-13T21:15:34","modified_gmt":"2026-02-13T20:15:34","slug":"sound-atmosphere-lamp-48-led-pour-voiture","status":"publish","type":"product","link":"https:\/\/shoponlinedz.com\/en\/product\/sound-atmosphere-lamp-48-led-pour-voiture\/","title":{"rendered":"Sound atmosphere lamp 48 LED pour voiture"},"content":{"rendered":"<figure class=\"attachment attachment--preview\" data-trix-attachment=\"{&quot;contentType&quot;:&quot;image&quot;,&quot;height&quot;:1024,&quot;url&quot;:&quot;https:\/\/sawaqli.fra1.cdn.digitaloceanspaces.com\/200\/81EhlOL2qiL.jpg&quot;,&quot;width&quot;:1024}\" data-trix-content-type=\"image\"><img decoding=\"async\" class=\"aligncenter\" src=\"https:\/\/sawaqli.fra1.cdn.digitaloceanspaces.com\/200\/81EhlOL2qiL.jpg\" width=\"1024\" height=\"1024\" \/><figcaption class=\"attachment__caption\"><\/figcaption><\/figure>\n<figure class=\"attachment attachment--preview\" data-trix-attachment=\"{&quot;contentType&quot;:&quot;image&quot;,&quot;height&quot;:1024,&quot;url&quot;:&quot;https:\/\/sawaqli.fra1.cdn.digitaloceanspaces.com\/201\/51FPPpFfDRL.jpg&quot;,&quot;width&quot;:1024}\" data-trix-content-type=\"image\"><img decoding=\"async\" class=\"aligncenter\" src=\"https:\/\/sawaqli.fra1.cdn.digitaloceanspaces.com\/201\/51FPPpFfDRL.jpg\" width=\"1024\" height=\"1024\" \/><figcaption class=\"attachment__caption\"><\/figcaption><\/figure>\n<figure class=\"attachment attachment--preview\" data-trix-attachment=\"{&quot;contentType&quot;:&quot;image&quot;,&quot;height&quot;:1024,&quot;url&quot;:&quot;https:\/\/sawaqli.fra1.cdn.digitaloceanspaces.com\/202\/cover-1312530-Interiorlight-1.1-1.jpg&quot;,&quot;width&quot;:1024}\" data-trix-content-type=\"image\"><img decoding=\"async\" class=\"aligncenter\" src=\"https:\/\/sawaqli.fra1.cdn.digitaloceanspaces.com\/202\/cover-1312530-Interiorlight-1.1-1.jpg\" width=\"1024\" height=\"1024\" \/><figcaption class=\"attachment__caption\"><\/figcaption><\/figure>\n<figure class=\"attachment attachment--preview\" data-trix-attachment=\"{&quot;contentType&quot;:&quot;image&quot;,&quot;height&quot;:1024,&quot;url&quot;:&quot;https:\/\/sawaqli.fra1.cdn.digitaloceanspaces.com\/203\/a33e954c9bcf7c174c1f5dcf95fccde879c95fea.png&quot;,&quot;width&quot;:1024}\" data-trix-content-type=\"image\"><img decoding=\"async\" class=\"aligncenter\" src=\"https:\/\/sawaqli.fra1.cdn.digitaloceanspaces.com\/203\/a33e954c9bcf7c174c1f5dcf95fccde879c95fea.png\" width=\"1024\" height=\"1024\" \/><figcaption class=\"attachment__caption\"><\/figcaption><\/figure>\n<figure class=\"attachment attachment--preview\" data-trix-attachment=\"{&quot;contentType&quot;:&quot;image&quot;,&quot;height&quot;:1024,&quot;url&quot;:&quot;https:\/\/sawaqli.fra1.cdn.digitaloceanspaces.com\/204\/71rtwBRH-bL._SL1000_.jpg&quot;,&quot;width&quot;:1024}\" data-trix-content-type=\"image\"><img decoding=\"async\" class=\"aligncenter\" src=\"https:\/\/sawaqli.fra1.cdn.digitaloceanspaces.com\/204\/71rtwBRH-bL._SL1000_.jpg\" width=\"1024\" height=\"1024\" \/><figcaption class=\"attachment__caption\"><\/figcaption><\/figure>\n<p style=\"text-align: center;\">","protected":false},"excerpt":{"rendered":"<p>4 \u0644\u0648\u062d\u0627\u062a \u0625\u0636\u0627\u0621\u0629 LED 4 \u0644\u0648\u062d\u0627\u062a \u0645\u0636\u064a\u0626\u0629 \u0645\u0632\u0648\u062f\u0629 \u0628\u0640 12 \u0645\u0635\u0628\u0627\u062d LED \u0645\u0639 \u0637\u0628\u0642\u0627\u062a \u0636\u0648\u0626\u064a\u0629 \u0645\u062a\u0639\u062f\u062f\u0629 \u0627\u0644\u0623\u0644\u0648\u0627\u0646. \u062a\u0632\u0627\u0645\u0646 \u0627\u0644\u0625\u0636\u0627\u0621\u0629 \u0645\u0639 \u0627\u0644\u0645\u0648\u0633\u064a\u0642\u0649. \u0645\u0632\u0648\u062f\u0629 \u0628\u0634\u0631\u0627\u0626\u0637 \u0644\u0627\u0635\u0642\u0629 \u0644\u062a\u062b\u0628\u064a\u062a\u0647\u0627 \u0628\u0633\u0647\u0648\u0644\u0629 \u0641\u064a \u0627\u0644\u0633\u064a\u0627\u0631\u0629. \u062a\u0635\u0645\u064a\u0645 \u0628\u0633\u064a\u0637 \u0645\u0639 \u062a\u0623\u062b\u064a\u0631\u0627\u062a \u0636\u0648\u0626\u064a\u0629 \u0646\u0627\u0639\u0645\u0629 \u0648\u062c\u0630\u0627\u0628\u0629. \u0623\u0644\u0648\u0627\u062d \u0634\u0645\u0633\u064a\u0629 \u0645\u062a\u064a\u0646\u0629 \u0645\u0642\u0627\u0648\u0645\u0629 \u0644\u0644\u0645\u0627\u0621\u060c \u0648\u0627\u0644\u0635\u062f\u0645\u0627\u062a\u060c \u0648\u0627\u0644\u062a\u0622\u0643\u0644. \u062a\u062d\u0643\u0645 \u0639\u0646 \u0628\u0639\u062f \u0644\u062a\u063a\u064a\u064a\u0631 \u0627\u0644\u0623\u0644\u0648\u0627\u0646 \u0648\u0636\u0628\u0637 \u0645\u0633\u062a\u0648\u0649 \u0627\u0644\u0633\u0637\u0648\u0639. 4 bandes LED &#8211; Longueur : environ 112 mm \/ 5.2 pouces4 c\u00e2bles LED Longueur : environ 190 cm \/ 75 poucesInstallation:Directement \u00e0 la configuration du produit dans la prise allume-cigare prise allume-cigare peut \u00eatre, sans aucune modification de fils.Facile \u00e0 installer et \u00e0 utiliser: assemblez simplement les bandes lumineuses, puis d\u00e9collez le ruban adh\u00e9sif double face arri\u00e8re, utilisez la t\u00e9l\u00e9commande pour changer la couleur et la luminosit\u00e9 que vous souhaitez; Il peut \u00eatre facilement install\u00e9 dans l\u2019espace et pratiquement invisiblecaractrestique Mat\u00e9riel de haute qualit\u00e9: La lumi\u00e8res int\u00e9rieures de la voiture adopte du caoutchouc PVC de haute qualit\u00e9, flexible, \u00e9tanche, anti-collision, anti-corrosion Plusieurs effets d\u2019\u00e9clairage et modes de musique: en utilisant le mode musique, vous pouvez changer la couleur en fonction du rythme de la musique st\u00e9r\u00e9o de la voiture ou d\u2019une autre voix avec une fonction active sonore; 8 modes monochromes: rouge, vert, bleu, blanc, orange, jaune, cyan et violet; 4 modes de changement d\u2019effet d\u2019\u00e9clairage: 2 modes de saut, 2 modes de fondu; 4 modes de contr\u00f4le de la musique Param\u00e8tre: Tension: Entr\u00e9e: 12V; Sortie: DC 5V; Puissance: 10W; Quantit\u00e9 d\u2019ampoule: 4pcs 48 LED, 12 LED\/lumi\u00e8re; Convient \u00e0 toutes les voitures camions camions SUV avec alimentation DC 12VDimensions 22cm pour chaque pi\u00e8ce<\/p>","protected":false},"featured_media":64900,"comment_status":"open","ping_status":"closed","template":"","meta":[],"product_brand":[],"product_cat":[2458],"product_tag":[],"class_list":{"0":"post-64901","1":"product","2":"type-product","3":"status-publish","4":"has-post-thumbnail","6":"product_cat-accessoires-auto-moto","8":"first","9":"instock","10":"taxable","11":"shipping-taxable","12":"purchasable","13":"product-type-simple"},"jetpack_sharing_enabled":true,"_links":{"self":[{"href":"https:\/\/shoponlinedz.com\/en\/wp-json\/wp\/v2\/product\/64901","targetHints":{"allow":["GET"]}}],"collection":[{"href":"https:\/\/shoponlinedz.com\/en\/wp-json\/wp\/v2\/product"}],"about":[{"href":"https:\/\/shoponlinedz.com\/en\/wp-json\/wp\/v2\/types\/product"}],"replies":[{"embeddable":true,"href":"https:\/\/shoponlinedz.com\/en\/wp-json\/wp\/v2\/comments?post=64901"}],"version-history":[{"count":0,"href":"https:\/\/shoponlinedz.com\/en\/wp-json\/wp\/v2\/product\/64901\/revisions"}],"wp:featuredmedia":[{"embeddable":true,"href":"https:\/\/shoponlinedz.com\/en\/wp-json\/wp\/v2\/media\/64900"}],"wp:attachment":[{"href":"https:\/\/shoponlinedz.com\/en\/wp-json\/wp\/v2\/media?parent=64901"}],"wp:term":[{"taxonomy":"product_brand","embeddable":true,"href":"https:\/\/shoponlinedz.com\/en\/wp-json\/wp\/v2\/product_brand?post=64901"},{"taxonomy":"product_cat","embeddable":true,"href":"https:\/\/shoponlinedz.com\/en\/wp-json\/wp\/v2\/product_cat?post=64901"},{"taxonomy":"product_tag","embeddable":true,"href":"https:\/\/shoponlinedz.com\/en\/wp-json\/wp\/v2\/product_tag?post=64901"}],"curies":[{"name":"wp","href":"https:\/\/api.w.org\/{rel}","templated":true}]}}