{"id":64792,"date":"2026-01-07T11:27:03","date_gmt":"2026-01-07T11:27:03","guid":{"rendered":"https:\/\/shoponlinedz.com\/product\/etagere-en-bambou-decorative-pour-salle-de-bain-livres\/"},"modified":"2026-02-13T21:15:39","modified_gmt":"2026-02-13T20:15:39","slug":"etagere-en-bambou-decorative-pour-salle-de-bain-livres","status":"publish","type":"product","link":"https:\/\/shoponlinedz.com\/en\/product\/etagere-en-bambou-decorative-pour-salle-de-bain-livres\/","title":{"rendered":"\u00e9tag\u00e8re en Bambou D\u00e9corative pour Salle de Bain, Livres"},"content":{"rendered":"<figure class=\"attachment attachment--preview\" data-trix-attachment=\"{&quot;contentType&quot;:&quot;image&quot;,&quot;height&quot;:1024,&quot;url&quot;:&quot;https:\/\/sawaqli.fra1.cdn.digitaloceanspaces.com\/941\/photo_5812372524804193116_y.jpg&quot;,&quot;width&quot;:1024}\" data-trix-content-type=\"image\"><img decoding=\"async\" class=\"aligncenter\" src=\"https:\/\/sawaqli.fra1.cdn.digitaloceanspaces.com\/941\/photo_5812372524804193116_y.jpg\" width=\"1024\" height=\"1024\" \/><figcaption class=\"attachment__caption\"><\/figcaption><\/figure>\n<figure class=\"attachment attachment--preview\" data-trix-attachment=\"{&quot;contentType&quot;:&quot;image&quot;,&quot;height&quot;:1024,&quot;url&quot;:&quot;https:\/\/sawaqli.fra1.cdn.digitaloceanspaces.com\/942\/photo_5812372524804193113_y.jpg&quot;,&quot;width&quot;:1024}\" data-trix-content-type=\"image\"><img decoding=\"async\" class=\"aligncenter\" src=\"https:\/\/sawaqli.fra1.cdn.digitaloceanspaces.com\/942\/photo_5812372524804193113_y.jpg\" width=\"1024\" height=\"1024\" \/><figcaption class=\"attachment__caption\"><\/figcaption><\/figure>\n<figure class=\"attachment attachment--preview\" data-trix-attachment=\"{&quot;contentType&quot;:&quot;image&quot;,&quot;height&quot;:1024,&quot;url&quot;:&quot;https:\/\/sawaqli.fra1.cdn.digitaloceanspaces.com\/943\/photo_5812372524804193114_y.jpg&quot;,&quot;width&quot;:1024}\" data-trix-content-type=\"image\"><img decoding=\"async\" class=\"aligncenter\" src=\"https:\/\/sawaqli.fra1.cdn.digitaloceanspaces.com\/943\/photo_5812372524804193114_y.jpg\" width=\"1024\" height=\"1024\" \/><figcaption class=\"attachment__caption\"><\/figcaption><\/figure>\n<figure class=\"attachment attachment--preview\" data-trix-attachment=\"{&quot;contentType&quot;:&quot;image&quot;,&quot;height&quot;:1024,&quot;url&quot;:&quot;https:\/\/sawaqli.fra1.cdn.digitaloceanspaces.com\/944\/photo_5812372524804193115_y.jpg&quot;,&quot;width&quot;:1024}\" data-trix-content-type=\"image\"><img decoding=\"async\" class=\"aligncenter\" src=\"https:\/\/sawaqli.fra1.cdn.digitaloceanspaces.com\/944\/photo_5812372524804193115_y.jpg\" width=\"1024\" height=\"1024\" \/><figcaption class=\"attachment__caption\"><\/figcaption><\/figure>\n<figure class=\"attachment attachment--preview\" data-trix-attachment=\"{&quot;contentType&quot;:&quot;image&quot;,&quot;height&quot;:1024,&quot;url&quot;:&quot;https:\/\/sawaqli.fra1.cdn.digitaloceanspaces.com\/945\/WhatsApp-Image-20ddddd23-06-14-at-6.28.55-PM.jpg&quot;,&quot;width&quot;:1024}\" data-trix-content-type=\"image\"><img decoding=\"async\" class=\"aligncenter\" src=\"https:\/\/sawaqli.fra1.cdn.digitaloceanspaces.com\/945\/WhatsApp-Image-20ddddd23-06-14-at-6.28.55-PM.jpg\" width=\"1024\" height=\"1024\" \/><figcaption class=\"attachment__caption\"><\/figcaption><\/figure>\n<p style=\"text-align: center;\">","protected":false},"excerpt":{"rendered":"<p>\u0631\u0641 \u062e\u0634\u0628\u064a \u0645\u062a\u0639\u062f\u062f \u0627\u0644\u0627\u0633\u062a\u062e\u062f\u0627\u0645\u0627\u062a\u0627\u0644\u0645\u0648\u0627\u062f: \u0623\u0644\u0648\u0627\u062d MDF \u0639\u0627\u0644\u064a\u0629 \u0627\u0644\u062c\u0648\u062f\u0629 \u0628\u0645\u0639\u064a\u0627\u0631 E1 + \u0625\u0637\u0627\u0631 \u0645\u0646 \u0627\u0644\u062e\u064a\u0632\u0631\u0627\u0646.\u0627\u0644\u0623\u0628\u0639\u0627\u062f: (\u062a\u0642\u0631\u064a\u0628\u0627\u064b) \u0627\u0644\u0637\u0648\u0644 34.5 \u0633\u0645 \u00d7 \u0627\u0644\u0639\u0631\u0636 12 \u0633\u0645 \u00d7 \u0627\u0644\u0627\u0631\u062a\u0641\u0627\u0639 37 \u0633\u0645.\u0633\u0647\u0648\u0644\u0629 \u0627\u0644\u062a\u0631\u0643\u064a\u0628: \u064a\u062a\u0636\u0645\u0646 \u062a\u0639\u0644\u064a\u0645\u0627\u062a \u0648\u0623\u062f\u0648\u0627\u062a \u062a\u0631\u0643\u064a\u0628 \u0643\u0627\u0645\u0644\u0629.\u0642\u062f\u0631\u0629 \u0627\u0644\u062a\u062d\u0645\u0644: \u0645\u0646 5 \u0625\u0644\u0649 10 \u0643\u063a \u0645\u0648\u0632\u0639\u0629 \u0628\u0627\u0644\u062a\u0633\u0627\u0648\u064a\u060c \u062b\u0627\u0628\u062a \u0639\u0644\u0649 \u0627\u0644\u0623\u0633\u0637\u062d \u0627\u0644\u0645\u0633\u062a\u0648\u064a\u0629 \u0648\u0645\u062a\u0640\u064a\u0646.\u0627\u0644\u0627\u0633\u062a\u062e\u062f\u0627\u0645\u0627\u062a: \u0645\u0643\u062a\u0628\u0629 \u0635\u063a\u064a\u0631\u0629\u060c \u0631\u0641\u0648\u0641 \u062a\u062e\u0632\u064a\u0646\u060c \u0623\u0648 \u062d\u062a\u0649 \u0631\u0641 \u0639\u0631\u0636 \u0644\u0644\u062f\u064a\u0643\u0648\u0631.<\/p>","protected":false},"featured_media":64791,"comment_status":"open","ping_status":"closed","template":"","meta":[],"product_brand":[],"product_cat":[2460],"product_tag":[],"class_list":{"0":"post-64792","1":"product","2":"type-product","3":"status-publish","4":"has-post-thumbnail","6":"product_cat-decoration","8":"first","9":"instock","10":"taxable","11":"shipping-taxable","12":"purchasable","13":"product-type-simple"},"jetpack_sharing_enabled":true,"_links":{"self":[{"href":"https:\/\/shoponlinedz.com\/en\/wp-json\/wp\/v2\/product\/64792","targetHints":{"allow":["GET"]}}],"collection":[{"href":"https:\/\/shoponlinedz.com\/en\/wp-json\/wp\/v2\/product"}],"about":[{"href":"https:\/\/shoponlinedz.com\/en\/wp-json\/wp\/v2\/types\/product"}],"replies":[{"embeddable":true,"href":"https:\/\/shoponlinedz.com\/en\/wp-json\/wp\/v2\/comments?post=64792"}],"version-history":[{"count":0,"href":"https:\/\/shoponlinedz.com\/en\/wp-json\/wp\/v2\/product\/64792\/revisions"}],"wp:featuredmedia":[{"embeddable":true,"href":"https:\/\/shoponlinedz.com\/en\/wp-json\/wp\/v2\/media\/64791"}],"wp:attachment":[{"href":"https:\/\/shoponlinedz.com\/en\/wp-json\/wp\/v2\/media?parent=64792"}],"wp:term":[{"taxonomy":"product_brand","embeddable":true,"href":"https:\/\/shoponlinedz.com\/en\/wp-json\/wp\/v2\/product_brand?post=64792"},{"taxonomy":"product_cat","embeddable":true,"href":"https:\/\/shoponlinedz.com\/en\/wp-json\/wp\/v2\/product_cat?post=64792"},{"taxonomy":"product_tag","embeddable":true,"href":"https:\/\/shoponlinedz.com\/en\/wp-json\/wp\/v2\/product_tag?post=64792"}],"curies":[{"name":"wp","href":"https:\/\/api.w.org\/{rel}","templated":true}]}}