{"id":64726,"date":"2026-01-07T11:23:49","date_gmt":"2026-01-07T11:23:49","guid":{"rendered":"https:\/\/shoponlinedz.com\/product\/radio-fm-portable-bleutooth-numerique-rechargeable\/"},"modified":"2026-04-08T07:50:34","modified_gmt":"2026-04-08T06:50:34","slug":"radio-fm-portable-bleutooth-numerique-rechargeable","status":"publish","type":"product","link":"https:\/\/shoponlinedz.com\/en\/product\/radio-fm-portable-bleutooth-numerique-rechargeable\/","title":{"rendered":"Radio FM Portable bleutooth num\u00e9rique Rechargeable"},"content":{"rendered":"<figure class=\"attachment attachment--preview\" data-trix-attachment=\"{&quot;contentType&quot;:&quot;image&quot;,&quot;height&quot;:1024,&quot;url&quot;:&quot;https:\/\/sawaqli.fra1.cdn.digitaloceanspaces.com\/1559\/71mtpw1CwCL._AC_SL1500_-1.jpg&quot;,&quot;width&quot;:1024}\" data-trix-content-type=\"image\"><img decoding=\"async\" class=\"aligncenter\" src=\"https:\/\/sawaqli.fra1.cdn.digitaloceanspaces.com\/1559\/71mtpw1CwCL._AC_SL1500_-1.jpg\" width=\"1024\" height=\"1024\" \/><figcaption class=\"attachment__caption\"><\/figcaption><\/figure>\n<figure class=\"attachment attachment--preview\" data-trix-attachment=\"{&quot;contentType&quot;:&quot;image&quot;,&quot;height&quot;:1024,&quot;url&quot;:&quot;https:\/\/sawaqli.fra1.cdn.digitaloceanspaces.com\/1560\/716yiIt5oyL._AC_SL1500_.jpg&quot;,&quot;width&quot;:1024}\" data-trix-content-type=\"image\"><img decoding=\"async\" class=\"aligncenter\" src=\"https:\/\/sawaqli.fra1.cdn.digitaloceanspaces.com\/1560\/716yiIt5oyL._AC_SL1500_.jpg\" width=\"1024\" height=\"1024\" \/><figcaption class=\"attachment__caption\"><\/figcaption><\/figure>\n<figure class=\"attachment attachment--preview\" data-trix-attachment=\"{&quot;contentType&quot;:&quot;image&quot;,&quot;height&quot;:1024,&quot;url&quot;:&quot;https:\/\/sawaqli.fra1.cdn.digitaloceanspaces.com\/1561\/71mtpw1CwCL._AC_SL1500_.jpg&quot;,&quot;width&quot;:1024}\" data-trix-content-type=\"image\"><img decoding=\"async\" class=\"aligncenter\" src=\"https:\/\/sawaqli.fra1.cdn.digitaloceanspaces.com\/1561\/71mtpw1CwCL._AC_SL1500_.jpg\" width=\"1024\" height=\"1024\" \/><figcaption class=\"attachment__caption\"><\/figcaption><\/figure>\n<figure class=\"attachment attachment--preview\" data-trix-attachment=\"{&quot;contentType&quot;:&quot;image&quot;,&quot;height&quot;:1024,&quot;url&quot;:&quot;https:\/\/sawaqli.fra1.cdn.digitaloceanspaces.com\/1562\/410WCXBwzTL._AC_.jpg&quot;,&quot;width&quot;:1024}\" data-trix-content-type=\"image\"><img decoding=\"async\" class=\"aligncenter\" src=\"https:\/\/sawaqli.fra1.cdn.digitaloceanspaces.com\/1562\/410WCXBwzTL._AC_.jpg\" width=\"1024\" height=\"1024\" \/><figcaption class=\"attachment__caption\"><\/figcaption><\/figure>\n<figure class=\"attachment attachment--preview\" data-trix-attachment=\"{&quot;contentType&quot;:&quot;image&quot;,&quot;height&quot;:1024,&quot;url&quot;:&quot;https:\/\/sawaqli.fra1.cdn.digitaloceanspaces.com\/1563\/81A7czpNAHS._AC_SL1500_.jpg&quot;,&quot;width&quot;:1024}\" data-trix-content-type=\"image\"><img decoding=\"async\" class=\"aligncenter\" src=\"https:\/\/sawaqli.fra1.cdn.digitaloceanspaces.com\/1563\/81A7czpNAHS._AC_SL1500_.jpg\" width=\"1024\" height=\"1024\" \/><figcaption class=\"attachment__caption\"><\/figcaption><\/figure>\n<p style=\"text-align: center;\">","protected":false},"excerpt":{"rendered":"<p>Description:Bien que la radio soit petite, elle est tr\u00e8s dense, convient aux personnes \u00e2g\u00e9es.La radio caN lit jusqu\u2019\u00e0 8000 chansons au format mp3.Facile \u00e0 utiliser, appuyez pour changer la source entre MP3(USB\/SD) et FM. En mode FM, appuyez et maintenez pour rechercher automatiquement et pr\u00e9r\u00e9gler la fr\u00e9quence de la station.Vous pouvez ins\u00e9rer une cl\u00e9 usb microSD (carte tf) pour lire la piste musicale.Vous pouvez \u00e9galement ins\u00e9rer un casque si vous ne voulez pas d\u00e9ranger les autres lors de l\u2019\u00e9coute.Couleur: Rouge. Noire Puissance de sortie: 3W. THD: \u2264 5%. Haut-parleur: 57mm 3\u03a9. Freq. R\u00e9ponse: 240Hz-15KHz. Fr\u00e9quence FM: 70MHz-108MHz. Puissance d\u2019entr\u00e9e: DC 5V 0,5a. Batterie: 3.7V\/1200mAH.Emballage inclus: 1 * radio Portable. 1 * batterie. 1 * c\u00e2ble de chargement USB.<\/p>","protected":false},"featured_media":64725,"comment_status":"open","ping_status":"closed","template":"","meta":[],"product_brand":[],"product_cat":[2463],"product_tag":[],"class_list":{"0":"post-64726","1":"product","2":"type-product","3":"status-publish","4":"has-post-thumbnail","6":"product_cat-electronique","8":"first","9":"outofstock","10":"taxable","11":"shipping-taxable","12":"purchasable","13":"product-type-simple"},"jetpack_sharing_enabled":true,"_links":{"self":[{"href":"https:\/\/shoponlinedz.com\/en\/wp-json\/wp\/v2\/product\/64726","targetHints":{"allow":["GET"]}}],"collection":[{"href":"https:\/\/shoponlinedz.com\/en\/wp-json\/wp\/v2\/product"}],"about":[{"href":"https:\/\/shoponlinedz.com\/en\/wp-json\/wp\/v2\/types\/product"}],"replies":[{"embeddable":true,"href":"https:\/\/shoponlinedz.com\/en\/wp-json\/wp\/v2\/comments?post=64726"}],"version-history":[{"count":0,"href":"https:\/\/shoponlinedz.com\/en\/wp-json\/wp\/v2\/product\/64726\/revisions"}],"wp:featuredmedia":[{"embeddable":true,"href":"https:\/\/shoponlinedz.com\/en\/wp-json\/wp\/v2\/media\/64725"}],"wp:attachment":[{"href":"https:\/\/shoponlinedz.com\/en\/wp-json\/wp\/v2\/media?parent=64726"}],"wp:term":[{"taxonomy":"product_brand","embeddable":true,"href":"https:\/\/shoponlinedz.com\/en\/wp-json\/wp\/v2\/product_brand?post=64726"},{"taxonomy":"product_cat","embeddable":true,"href":"https:\/\/shoponlinedz.com\/en\/wp-json\/wp\/v2\/product_cat?post=64726"},{"taxonomy":"product_tag","embeddable":true,"href":"https:\/\/shoponlinedz.com\/en\/wp-json\/wp\/v2\/product_tag?post=64726"}],"curies":[{"name":"wp","href":"https:\/\/api.w.org\/{rel}","templated":true}]}}